{"id":5925,"date":"2021-08-20T00:02:38","date_gmt":"2021-08-19T22:02:38","guid":{"rendered":"https:\/\/digitalhistory.unite.it\/a-spasso-con-il-vicere\/"},"modified":"2021-11-23T15:27:29","modified_gmt":"2021-11-23T14:27:29","slug":"a-spasso-con-il-vicere","status":"publish","type":"page","link":"https:\/\/digitalhistory.unite.it\/es\/territori\/percorsi-urbani\/la-sicilia-spagnola-e-la-palermo-dei-vicere\/a-spasso-con-il-vicere\/","title":{"rendered":"A spasso con il vicer\u00e9"},"content":{"rendered":"<h1>A spasso con il vicer\u00e9 <\/h1>\n<div class=\"testo\">\n<p style=\"text-align: justify\"><img loading=\"lazy\" decoding=\"async\" src=\"https:\/\/digitalhistory.unite.it\/wp-content\/uploads\/2021\/08\/figura_1_342x243.jpg\" width=\"342\" height=\"243\" alt=\"Cartina Palermo\" align=\"left\">L&#8217;itinerario che presentiamo in queste pagine si snoda attraverso le strade di <a href=\"\/temi\/feste-e-rituali\/i-misteri\/palermo\/\" title=\"Palermo\">Palermo<\/a>, una citt\u00e0 che assai meglio di altre ha conservato l&#8217;impianto urbanistico barocco. Al lato potete osservare una delle tante mappe che vengono consegnate ai turisti in arrivo in citt\u00e0: vi si vede l&#8217;abitato affacciato sulle coste, frastagliate dalla piccola Cala. Come si pu\u00f2 notare, e come \u00e8 stato fatto dai grafici che hanno realizzato questo volantino utilizzando diversi colori, \u00e8 possibile evidenziare con chiarezza la &#8220;citt\u00e0 storica&#8221;, il cui impianto risale a secoli fa. A differenza, per\u00f2, dei molti turisti che percorrono oggi le strade di Palermo, noi avremo una guida d&#8217;eccezione, anche se inconsapevole: un ipotetico vicer\u00e9 di Sicilia, la persona che detiene i massimi poteri politici e militari nel <a href=\"\/territori\/percorsi-trans-nazionali\/statue-equestri-di-sovrani-spagnoli\/le-statue-equestri-e-la-monarchia-spagnola\/regno-di-sicilia\/\" title=\"Regno di Sicilia\">Regno<\/a>, l&#8217;<em>alter ego<\/em> del sovrano lontano, che vive a <a href=\"\/territori\/percorsi-regionali\/le-plazas-mayores-spagnole-e-il-barocco\/la-plaza-mayor-di-madrid\/madrid\/\" title=\"Madrid\">Madrid<\/a> e che lo nomina, sostituendolo generalmente ogni tre anni.<\/p>\n<p style=\"text-align: justify\">Seguiremo il vicer\u00e9 dal momento del suo arrivo in citt\u00e0 fino alla cosiddetta presa di possesso del governo; tenteremo di spiarlo all&#8217;opera nel palazzo regio e faremo poi parte del suo corteggio nel momento in cui vorr\u00e0 scendere fra le strade della citt\u00e0, in occasione di una delle tante giostre cavalleresche che allietavano la vita dei palermitani. Infine lo accompagneremo mentre lascia Palermo. Seguendo il vicer\u00e9 nelle varie tappe del suo percorso potremo scoprire quanto le cerimonie fossero non solo eventi mondani, ma anche occasioni di concreto confronto politico.<\/p>\n<p style=\"text-align: justify\"><a href=\"\/territori\/percorsi-urbani\/\" title=\"Percorsi urbani\">&lt;&lt;&lt;&#8212;torna all&#8217;indice<\/a> &nbsp; <a href=\"\/territori\/percorsi-urbani\/la-sicilia-spagnola-e-la-palermo-dei-vicere\/lingresso-in-citta-il-cassaro-e-porta-felice\/\" title=\"L'ingresso in citt\u00e0: il Cassaro e Porta Felice\">pagina seguente&#8212;&gt;&gt;&gt;<\/a><\/p>\n<\/div>\n<p><\/p>\n","protected":false},"excerpt":{"rendered":"<p>A spasso con il vicer\u00e9 L&#8217;itinerario che presentiamo in queste pagine si snoda attraverso le strade di Palermo, una citt\u00e0 che assai meglio di altre ha conservato l&#8217;impianto urbanistico barocco. Al lato potete osservare una delle tante mappe che vengono consegnate ai turisti in arrivo&hellip;<\/p>\n","protected":false},"author":1,"featured_media":0,"parent":6801,"menu_order":0,"comment_status":"closed","ping_status":"closed","template":"","meta":{"footnotes":""},"class_list":["post-5925","page","type-page","status-publish","hentry"],"_links":{"self":[{"href":"https:\/\/digitalhistory.unite.it\/es\/wp-json\/wp\/v2\/pages\/5925","targetHints":{"allow":["GET"]}}],"collection":[{"href":"https:\/\/digitalhistory.unite.it\/es\/wp-json\/wp\/v2\/pages"}],"about":[{"href":"https:\/\/digitalhistory.unite.it\/es\/wp-json\/wp\/v2\/types\/page"}],"author":[{"embeddable":true,"href":"https:\/\/digitalhistory.unite.it\/es\/wp-json\/wp\/v2\/users\/1"}],"replies":[{"embeddable":true,"href":"https:\/\/digitalhistory.unite.it\/es\/wp-json\/wp\/v2\/comments?post=5925"}],"version-history":[{"count":3,"href":"https:\/\/digitalhistory.unite.it\/es\/wp-json\/wp\/v2\/pages\/5925\/revisions"}],"predecessor-version":[{"id":11030,"href":"https:\/\/digitalhistory.unite.it\/es\/wp-json\/wp\/v2\/pages\/5925\/revisions\/11030"}],"up":[{"embeddable":true,"href":"https:\/\/digitalhistory.unite.it\/es\/wp-json\/wp\/v2\/pages\/6801"}],"wp:attachment":[{"href":"https:\/\/digitalhistory.unite.it\/es\/wp-json\/wp\/v2\/media?parent=5925"}],"curies":[{"name":"wp","href":"https:\/\/api.w.org\/{rel}","templated":true}]}}