{"id":5930,"date":"2021-08-20T00:02:38","date_gmt":"2021-08-19T22:02:38","guid":{"rendered":"https:\/\/digitalhistory.unite.it\/piazza-marina-e-la-partenza-del-vicere\/"},"modified":"2021-11-23T15:27:29","modified_gmt":"2021-11-23T14:27:29","slug":"piazza-marina-e-la-partenza-del-vicere","status":"publish","type":"page","link":"https:\/\/digitalhistory.unite.it\/es\/territori\/percorsi-urbani\/la-sicilia-spagnola-e-la-palermo-dei-vicere\/piazza-marina-e-la-partenza-del-vicere\/","title":{"rendered":"Piazza Marina e la partenza del vicer\u00e9"},"content":{"rendered":"<h1>Piazza Marina e la partenza del vicer\u00e9 <\/h1>\n<div class=\"testo\">\n<p style=\"text-align: justify\"><img loading=\"lazy\" decoding=\"async\" src=\"https:\/\/digitalhistory.unite.it\/wp-content\/uploads\/2021\/08\/figura_45_228x310.jpg\" width=\"228\" height=\"310\" alt=\"Cavalieri 2\" align=\"left\">Superato l&#8217;Ottangolo, il cammino riprende lungo il <a href=\"#\" class=\"tooltip yellow-tooltip\">Cassaro<span>La strada \u00e8 il frutto di fatiche decennali. Viene iniziata, proprio al lato opposto da quello dello sbarco del nostro vicer\u00e9, dove sorgono il Palazzo reale e la Cattedrale, nel 1567. Si prosegue a tappe, con una certa lentezza, perch\u00e9 si tratta di demolire gran parte delle costruzioni che sorgono sulla direttrice. I lavori si concludono solo nei primi anni Ottanta del Cinquecento.<\/span><\/a> fino alla piazza Marina, un ampio slargo oggi occupato dal verde di Villa Garibaldi. Qui, quale che sia l&#8217;avvenimento da festeggiare, un matrimonio reale, o la nascita di un erede al trono, o la nomina di nuovi magistrati cittadini, si svolge lo spettacolo pi\u00f9 amato dai palermitani di et\u00e0 barocca, la giostra cavalleresca. Esercizio di chiara origine medievale, importato probabilmente dagli Angioini, svago esclusivo della nobilt\u00e0, la giostra cavalleresca attrae sempre un enorme pubblico, che si stipa sopra gli spalti innalzati per l&#8217;occasione per ammirare i volteggi dei titolati e per assistere alla premiazione dei pi\u00f9 bravi e dei pi\u00f9 eleganti. Gli spettatori sono entusiasti non solo dell&#8217;abilit\u00e0 dei concorrenti e della loro destrezza nell&#8217;esercizio fisico. Spesso, durante gli scontri, i cavalieri rappresentano avvenimenti storici o mitici, episodi di letteratura cavalleresca, tratti dai versi di Boiardo o di Ariosto.<\/p>\n<p style=\"text-align: justify\">&nbsp;<\/p>\n<p style=\"text-align: justify\"><img loading=\"lazy\" decoding=\"async\" src=\"https:\/\/digitalhistory.unite.it\/wp-content\/uploads\/2021\/08\/palazzo_aiutamicristo_252x189.jpg\" width=\"252\" height=\"189\" alt=\"Palazzo Aiutamicristo\" align=\"left\">Cos\u00ec, oggi, dal vicino palazzo di Aiutamjcristo (foto), dal 1567 sede dell&#8217;Accademia dei cavalieri, avanzano i concorrenti. Per assicurare successo alle giostre, nel 1566, sotto il patrocinio del vicer\u00e9 Garc\u00eda de Toledo, viene fondata la Congregazione dei cavalieri d&#8217;armi, un&#8217;accademia cavalleresca che sostituisce ufficialmente le scuole di scherma, nate in precedenza in maniera spontanea a <a href=\"\/temi\/feste-e-rituali\/i-misteri\/palermo\/\" title=\"Palermo\">Palermo<\/a> per l&#8217;educazione dei nobili. La Congregazione dei cavalieri d&#8217;armi, teoricamente, ha fini bellici, in realt\u00e0 l&#8217;accademia educa i suoi membri non solamente all&#8217;uso delle armi, ma anche alle maniere <a href=\"\/territori\/percorsi-regionali\/le-plazas-mayores-spagnole-e-il-barocco\/la-plaza-mayor-di-madrid\/corte\/\" title=\"Corte\">cortigiane<\/a>. La Congregazione dei cavalieri d&#8217;armi diviene, cos\u00ec, molto presto non solo responsabile del successo dei giochi cavallereschi promossi dal vicer\u00e9 e dalle autorit\u00e0 cittadine, ma a sua volta promotrice di feste, cavalcate e giostre sontuose. Un torneo per\u00f2 non \u00e8 solo un&#8217;occasione di svago.<\/p>\n<p style=\"text-align: justify\"><img loading=\"lazy\" decoding=\"async\" src=\"https:\/\/digitalhistory.unite.it\/wp-content\/uploads\/2021\/08\/figura_46_227x306.jpg\" width=\"227\" height=\"306\" alt=\"Cavalieri 1\" align=\"left\">In occasione di una giostra cavalleresca, il vicer\u00e9 di Sicilia &#8211; generalmente chiamato a giudicare fra i concorrenti &#8211; pu\u00f2 esprimere un discorso politico complesso, premiando almeno cinque cavalieri, come sottolinea uno dei teorici dell&#8217;arte cavalleresca in Sicilia, Antonio Anzalone, autore nel 1629 del trattato <em>Il cavaliere<\/em>. Il vicer\u00e9 deve premiare non solo \u00abquel Cavaliere, che romper\u00e0 pi\u00f9 lance, e far\u00e0 il meglio nell&#8217;incontrare\u00bb, ossia il miglior cavaliere dal punto di vista atletico, ma anche colui che \u00abprima di tutti comparir\u00e0 in campo\u00bb, il \u00abpi\u00f9 galante di persona e di cavallo\u00bb, il protagonista del combattimento pi\u00f9 spettacolare, il \u00abcavaliere che porter\u00e0 nel cimiero pi\u00f9 bella e nuova invenzione\u00bb (immagine), l&#8217;impresa pi\u00f9 elegante e curiosa. Gli spettatori ammirano particolarmente i copricapi originali, come narra lo scrittore palermitano Vincenzo Auria:<\/p>\n<p style=\"text-align: justify\">\u00abOltre il lustro di quest&#8217;armi, entra in gran parte la bellezza del Cimiero, che spogliando di pretiose penne i pi\u00f9 singolari augelli, hor del Pavone, dello Struzzo del Cigno, ed altri; anzi togliendo al mare le perle, i coralli, ne forma una grande, e maestosa Cresta, e spesso al costume pi\u00f9 moderno nel quale \u00e8 cresciuta la pompa, e la ricchezza, s&#8217;intrecciano in varie, e dilettose maniere d&#8217;inventioni, che s&#8217;alzano in certe quasi dissi capricciose, e superbe machine, che si drizzano, e sollevano in aria\u00bb (V. Auria, <em>La giostra. Discorso historico del dottor D. Vincenzo Auria Palermitano sopra l&#8217;Origine della Giostra in varie parti dell&#8217;Europa, e della sua Introduttione, ed uso antico, e moderno nella Felice, e Fedelissima Citt\u00e0 di Palermo, Reggia di Sicilia, fino a quest&#8217;Anno presente MDCLXXXX<\/em>, Palermo, 1690).<\/p>\n<p style=\"text-align: justify\"><img loading=\"lazy\" decoding=\"async\" src=\"https:\/\/digitalhistory.unite.it\/wp-content\/uploads\/2021\/08\/figura_47_228x319.jpg\" width=\"228\" height=\"319\" alt=\"Giostra cavalleresca\" align=\"left\">Piazza Marina diventa un variopinto campo di battaglia. E la festa si trasforma autenticamente in occasione politica: il popolo viene affascinato dallo splendore dell&#8217;intrattenimento, i nobili cavalieri guadagnano nella competizione quei premi che ne smusseranno eventuali spigoli in altre sedi, segnatamente durante le sessioni parlamentari o quando il vicer\u00e9 prender\u00e0 provvedimenti particolarmente problematici per il quieto vivere palermitano. A notte inoltrata in molti torneranno a casa soddisfatti.<\/p>\n<p style=\"text-align: justify\">Da piazza Marina il molo \u00e8 poco lontano. \u00c8 qui che i vicer\u00e9 sbarcano, ed \u00e8 da qui che si imbarcano, spesso alle prime luci dell&#8217;alba, spesso senza alcuna cerimonia, quando sono in partenza da Palermo. In ogni caso non si tratta di figure amate; e spesso, nel silenzio della nobilt\u00e0 locale, hanno utilizzato il tempo del loro mandato di governo per arricchirsi con le speculazioni sul grano che la Sicilia produce. Cos\u00ec lasciano l&#8217;isola nella solitudine pi\u00f9 grande, mentre navi cariche di argento e monete li aspettano per salpare: non \u00e8 un caso che un vicer\u00e9 del tardo Seicento, Francesco Caetani duca di Sermoneta, fosse pi\u00f9 noto a Palermo con il soprannome di &#8220;duca di far moneta&#8221;. Ma le maestranze sono gi\u00e0 all&#8217;opera per costruire nuovi apparati di legno, stucco e cartapesta per festeggiare il nuovo vicer\u00e9 la cui capitana si sta gi\u00e0 avvicinando alla costa.<\/p>\n<p style=\"text-align: justify\"><a href=\"\/territori\/percorsi-urbani\/la-sicilia-spagnola-e-la-palermo-dei-vicere\/porta-nuova-il-palazzo-dei-normanni-e-i-quattro-canti\/\" title=\"Porta Nuova, il Palazzo dei Normanni e i Quattro canti\">&lt;&lt;&lt;&#8212;pagina precedente<\/a> &nbsp; <a href=\"\/territori\/percorsi-urbani\/\" title=\"Percorsi urbani\">torna all&#8217;indice&#8212;&gt;&gt;&gt;<\/a><\/p>\n<\/div>\n<p><\/p>\n","protected":false},"excerpt":{"rendered":"<p>Piazza Marina e la partenza del vicer\u00e9 Superato l&#8217;Ottangolo, il cammino riprende lungo il CassaroLa strada \u00e8 il frutto di fatiche decennali. Viene iniziata, proprio al lato opposto da quello dello sbarco del nostro vicer\u00e9, dove sorgono il Palazzo reale e la Cattedrale, nel 1567.&hellip;<\/p>\n","protected":false},"author":1,"featured_media":0,"parent":6801,"menu_order":0,"comment_status":"closed","ping_status":"closed","template":"","meta":{"footnotes":""},"class_list":["post-5930","page","type-page","status-publish","hentry"],"_links":{"self":[{"href":"https:\/\/digitalhistory.unite.it\/es\/wp-json\/wp\/v2\/pages\/5930","targetHints":{"allow":["GET"]}}],"collection":[{"href":"https:\/\/digitalhistory.unite.it\/es\/wp-json\/wp\/v2\/pages"}],"about":[{"href":"https:\/\/digitalhistory.unite.it\/es\/wp-json\/wp\/v2\/types\/page"}],"author":[{"embeddable":true,"href":"https:\/\/digitalhistory.unite.it\/es\/wp-json\/wp\/v2\/users\/1"}],"replies":[{"embeddable":true,"href":"https:\/\/digitalhistory.unite.it\/es\/wp-json\/wp\/v2\/comments?post=5930"}],"version-history":[{"count":3,"href":"https:\/\/digitalhistory.unite.it\/es\/wp-json\/wp\/v2\/pages\/5930\/revisions"}],"predecessor-version":[{"id":11034,"href":"https:\/\/digitalhistory.unite.it\/es\/wp-json\/wp\/v2\/pages\/5930\/revisions\/11034"}],"up":[{"embeddable":true,"href":"https:\/\/digitalhistory.unite.it\/es\/wp-json\/wp\/v2\/pages\/6801"}],"wp:attachment":[{"href":"https:\/\/digitalhistory.unite.it\/es\/wp-json\/wp\/v2\/media?parent=5930"}],"curies":[{"name":"wp","href":"https:\/\/api.w.org\/{rel}","templated":true}]}}