{"id":5949,"date":"2021-08-20T00:02:41","date_gmt":"2021-08-19T22:02:41","guid":{"rendered":"https:\/\/digitalhistory.unite.it\/le-indagini-inquisitoriali-e-il-ruolo-dei-familiari\/"},"modified":"2021-11-23T15:27:27","modified_gmt":"2021-11-23T14:27:27","slug":"le-indagini-inquisitoriali-e-il-ruolo-dei-familiari","status":"publish","type":"page","link":"https:\/\/digitalhistory.unite.it\/es\/territori\/percorsi-urbani\/linquisizione-a-palermo\/le-indagini-inquisitoriali-e-il-ruolo-dei-familiari\/","title":{"rendered":"Le indagini inquisitoriali e il ruolo dei &#8220;familiari&#8221;"},"content":{"rendered":"<h1>Le indagini inquisitoriali e il ruolo dei &#8220;familiari&#8221; <\/h1>\n<div class=\"testo\">\n<p style=\"text-align: justify\"><img loading=\"lazy\" decoding=\"async\" src=\"https:\/\/digitalhistory.unite.it\/wp-content\/uploads\/2021\/08\/18_227x366.jpg\" width=\"227\" height=\"366\" alt=\"Vestiti condannati\" align=\"left\">Il primo avvenimento verso l&#8217;incarcerazione dell&#8217;inquisito \u00e8 la pubblica proclamazione del Sermone generale o <em>Edictum fidei<\/em>. Con cadenza pi\u00f9 o meno annuale, gli inquisitori in accordo con il vescovo di <a href=\"\/temi\/feste-e-rituali\/i-misteri\/palermo\/\" title=\"Palermo\">Palermo<\/a> propagandano per tutta l&#8217;isola un bando che invita chiunque sia a conoscenza o abbia anche solo un sospetto di eresia nei confronti di qualcuno a denunciarlo al tribunale. Nel corso del Seicento, tuttavia, il bando raggruppa come pratiche ereticali anche peccati comuni che poco hanno a vedere con le disquisizioni teologiche. Vengono perseguiti dunque, oltre gli apostati &#8211; coloro che hanno rinunciato alla fede cattolica per abbracciarne un&#8217;altra &#8211; presunte streghe e presunti maghi, guaritori, levatrici, bigami, sodomiti, ma anche bestemmiatori, spergiuri e cos\u00ec via. I peccati di costoro potrebbero essere giudicati e perdonati, previa penitenza, da qualsiasi sacerdote. Invano si solleva anche pubblicamente la questione dell&#8217;indebita ingerenza dell&#8217;Inquisizione nella tradizionale azione ecclesiastica: forti del loro potere e desiderosi di ampliarne il raggio, gli inquisitori si arrogano il diritto di giudicare anche quanto non sembra immediatamente ricadere nell&#8217;ambito dell&#8217;eresia.<\/p>\n<p style=\"text-align: justify\">Generalmente, il bando fissa a sei giorni dalla sua promulgazione il termine ultimo per le denunce, intimando come \u00abcoloro che non denunceranno non sono scusabili e saranno puniti duramente\u00bb. I delatori possono usufruire di entrate laterali dello Steri, in modo da non farsi vedere e contribuire a mantenere il segreto sulla loro identit\u00e0 che non sar\u00e0 mai rivelata a nessuno, tanto meno all&#8217;accusato.<\/p>\n<p style=\"text-align: justify\">Attraverso le prime denunce gli inquisitori formano quindi una lista di persone sospette; procedono quindi a individuare i testimoni, anche se per processare una persona ne basta uno solo. Parenti, amici, vicini di casa, datori di lavoro vengono quindi avvicinati da persone discrete che li interrogano con circospezione sull&#8217;indagato. Tali persone discrete sono i cosiddetti &#8220;familiari&#8221;, uomini e donne segretamente al servizio del tribunale che li utilizza per raccogliere informazioni. Fino al 1546 si tratta generalmente di persone di bassa condizione, dato che nobili e patrizi siciliani si oppongono all&#8217;insediamento del tribunale sull&#8217;isola e partecipano alle rivolte contro di esso. Dopo il 1543, per\u00f2, matura in un nutrito settore dei ceti dirigenti siciliani una disposizione diversa nei confronti dell&#8217;istituzione. Se in precedenza avevano condiviso gli argomenti dei baroni napoletani nel tentativo di respingere il radicamento dell&#8217;Inquisizione nel regno, all&#8217;indomani del rinnovo dei privilegi del tribunale si affrettano ad ingrossarne le file come ufficiali e familiari, sottraendosi cos\u00ec alla condizione ordinaria di sudditi dell&#8217;autorit\u00e0 politica secolare per acquisire quella di sudditi dell&#8217;Inquisizione. Essi tentano di piegare ai propri fini un&#8217;istituzione che non solo comincia ad avere un preciso controllo sull&#8217;intero territorio isolano ma rappresenta, in virt\u00f9 della sua struttura verticistica, anche un valido collegamento con la <a href=\"\/territori\/percorsi-regionali\/le-plazas-mayores-spagnole-e-il-barocco\/la-plaza-mayor-di-madrid\/corte\/\" title=\"Corte\">corte<\/a> <a href=\"\/territori\/percorsi-regionali\/le-plazas-mayores-spagnole-e-il-barocco\/la-plaza-mayor-di-madrid\/madrid\/\" title=\"Madrid\">madrilena<\/a>. Ma sono soprattutto le condizioni privilegiate, che l&#8217;affiliazione al tribunale come ufficiali o familiari offre, a costituire una meta ambita. I familiari, che svolgono compiti di vigilanza del territorio e di informazione, che consentono con delazioni e denuncie il funzionamento dell&#8217;ingranaggio inquisitoriale, pur non essendo remunerati per compiti che possono risultare anche gravosi, godono infatti di numerose prerogative e privilegi: esenzioni fiscali, diritto al porto d&#8217;arma, facolt\u00e0, estensibile (ed estesa) a congiunti e servitori, di essere giudicati dal tribunale inquisitoriale anche per reati comuni. In una societ\u00e0 dove la legge \u00e8 disuguale per tutti e dove ciascuno, a seconda della sua posizione sociale, pu\u00f2 essere giudicato da un foro diverso &#8211; solo in Sicilia se ne contano pi\u00f9 di cinquanta &#8211; , l&#8217;Inquisizione assicura ai familiari, che le consentono di funzionare al meglio, di poder godere di un foro privilegiato, che assicura nella forma e nella sostanza una posizione particolare.<\/p>\n<p><a href=\"\/territori\/percorsi-urbani\/linquisizione-a-palermo\/la-sede-del-tribunale-palazzo-steri\/\" title=\"La sede del tribunale: Palazzo Steri\">&lt;&lt;&lt;&#8212;pagina precedente<\/a> &nbsp; <a href=\"\/territori\/percorsi-urbani\/linquisizione-a-palermo\/dentro-lo-steri\/\" title=\"Dentro lo Steri\">pagina seguente&#8212;&gt;&gt;&gt;<\/a><\/p>\n<\/div>\n<p><\/p>\n","protected":false},"excerpt":{"rendered":"<p>Le indagini inquisitoriali e il ruolo dei &#8220;familiari&#8221; Il primo avvenimento verso l&#8217;incarcerazione dell&#8217;inquisito \u00e8 la pubblica proclamazione del Sermone generale o Edictum fidei. Con cadenza pi\u00f9 o meno annuale, gli inquisitori in accordo con il vescovo di Palermo propagandano per tutta l&#8217;isola un bando&hellip;<\/p>\n","protected":false},"author":1,"featured_media":0,"parent":6851,"menu_order":0,"comment_status":"closed","ping_status":"closed","template":"","meta":{"footnotes":""},"class_list":["post-5949","page","type-page","status-publish","hentry"],"_links":{"self":[{"href":"https:\/\/digitalhistory.unite.it\/es\/wp-json\/wp\/v2\/pages\/5949","targetHints":{"allow":["GET"]}}],"collection":[{"href":"https:\/\/digitalhistory.unite.it\/es\/wp-json\/wp\/v2\/pages"}],"about":[{"href":"https:\/\/digitalhistory.unite.it\/es\/wp-json\/wp\/v2\/types\/page"}],"author":[{"embeddable":true,"href":"https:\/\/digitalhistory.unite.it\/es\/wp-json\/wp\/v2\/users\/1"}],"replies":[{"embeddable":true,"href":"https:\/\/digitalhistory.unite.it\/es\/wp-json\/wp\/v2\/comments?post=5949"}],"version-history":[{"count":3,"href":"https:\/\/digitalhistory.unite.it\/es\/wp-json\/wp\/v2\/pages\/5949\/revisions"}],"predecessor-version":[{"id":11007,"href":"https:\/\/digitalhistory.unite.it\/es\/wp-json\/wp\/v2\/pages\/5949\/revisions\/11007"}],"up":[{"embeddable":true,"href":"https:\/\/digitalhistory.unite.it\/es\/wp-json\/wp\/v2\/pages\/6851"}],"wp:attachment":[{"href":"https:\/\/digitalhistory.unite.it\/es\/wp-json\/wp\/v2\/media?parent=5949"}],"curies":[{"name":"wp","href":"https:\/\/api.w.org\/{rel}","templated":true}]}}