{"id":5950,"date":"2021-08-20T00:02:41","date_gmt":"2021-08-19T22:02:41","guid":{"rendered":"https:\/\/digitalhistory.unite.it\/dentro-lo-steri\/"},"modified":"2021-11-23T15:27:26","modified_gmt":"2021-11-23T14:27:26","slug":"dentro-lo-steri","status":"publish","type":"page","link":"https:\/\/digitalhistory.unite.it\/es\/territori\/percorsi-urbani\/linquisizione-a-palermo\/dentro-lo-steri\/","title":{"rendered":"Dentro lo Steri: le Carceri filippine, la Sala Magna e l&#8217;interrogatorio"},"content":{"rendered":"<h1>Dentro lo Steri: le Carceri filippine, la Sala Magna e l&#8217;interrogatorio <\/h1>\n<div class=\"testo\">\n<p style=\"text-align: justify\">I principali casati siciliani risultano legati all&#8217;Inquisizione: principale motivo per cui tutti i materiali sensibili del Tribunale vengono bruciati alla sua abolizione. In pieno Settecento illuminista, anche in <a href=\"\/territori\/percorsi-trans-nazionali\/statue-equestri-di-sovrani-spagnoli\/le-statue-equestri-e-la-monarchia-spagnola\/regno-di-sicilia\/\" title=\"Regno di Sicilia\">Sicilia<\/a>, nessuna famiglia gentilizia voleva essere in qualche modo apparentata a quella che risultava una retrograda macchina repressiva. Con il rogo si riesce per decenni a cancellare memoria dell&#8217;appartenenza a un&#8217;organizzazione che alla sensibilit\u00e0 nobiliare settecentesca, nutrita di pensieri illuminati, appariva ripugnante. Per quasi tre secoli, invece, la nobilt\u00e0 ha barattato gli ulteriori privilegi che vengono dalla famigliatura con la delazione. E forse \u00e8 per l&#8217;accusa di qualcuno di loro che oggi ci troviamo dinanzi al portone dello Steri, alle spalle dell&#8217;inquisito che ci guider\u00e0 in questo nostro percorso.<\/p>\n<p style=\"text-align: justify\"><img loading=\"lazy\" decoding=\"async\" src=\"https:\/\/digitalhistory.unite.it\/wp-content\/uploads\/2021\/08\/img_1124_252x168.jpg\" width=\"252\" height=\"168\" alt=\"Sedia\" align=\"left\">\u00c8 notte, perch\u00e9 gli algozini effettuano la cattura dei prigionieri con il favore delle tenebre, in numero ragguardevole per evitare che &#8211; come ci dicono i documenti &#8211; scappi dalla via dell&#8217;orto. Li accompagna un notaio che, mentre l&#8217;inquisito in catene si avvia verso il tribunale, conteggia attentamente tutto quanto egli possieda: beni, titoli di credito, oggetti preziosi, ma anche utensili comuni. A partire da questo momento, infatti, malgrado egli si trovi nelle mani degli inquisitori, dovr\u00e0 pagare ogni cosa necessaria al suo mantenimento fino al processo: il cibo, il pagliericcio se ne vorr\u00e0 uno, la sedia se si vorr\u00e0 sedere (foto), il medico che lo visiter\u00e0 prima della tortura e quello che lo visiter\u00e0 dopo, la stoffa e la manifattura per la confezione del sambenito, l&#8217;abito della vergogna che dovr\u00e0 portare pubblicamente. Se poi al processo risulter\u00e0 colpevole la requisizione temporanea fatta al momento dell&#8217;arresto diverr\u00e0 definitiva.<\/p>\n<p style=\"text-align: justify\"><img loading=\"lazy\" decoding=\"async\" src=\"https:\/\/digitalhistory.unite.it\/wp-content\/uploads\/2021\/08\/img_1040_251x167.jpg\" width=\"251\" height=\"167\" alt=\"Filippine\" align=\"left\">Il primo luogo dove il prigioniero o la prigioniera \u00e8 condotto si trova al piano terra dello Steri. Si tratta dell&#8217;antica Sala delle Armi dei tempi chiaramontani. Nel Seicento quest&#8217;ambiente si trasforma nelle cosiddette carceri filippine, in onore del re <a href=\"\/territori\/percorsi-regionali\/le-plazas-mayores-spagnole-e-il-barocco\/la-plaza-mayor-di-madrid\/filippo-iii-dasburgo\/\" title=\"Filippo III d'Asburgo\">Filippo III<\/a>: una grande sala affrescata con soggetti devozionali, probabilmente commissionati dagli stessi inquisitori per indurre al pentimento. In questa stanza l&#8217;inquisito ha tempo di riflettere sulle sue colpe che, per\u00f2, non gli sono state ancora comunicate.<\/p>\n<p style=\"text-align: justify\">Viene poi portato dinanzi all&#8217;inquisitore per l&#8217;interrogatorio, che si svolge nella sala pi\u00f9 bella dello Steri: la Sala Magna, un enorme ambiente dal soffitto a cassettoni con pi\u00f9 di cento storie dipinte. Si tratta di episodi tratti dalla letteratura classica conosciuta in epoca medievale e dalla letteratura cortese: li accomuna il fatto che al centro della narrazione vi \u00e8 sempre una figura femminile. Sotto la direzione del Primo inquisitore, coadiuvato da altri due, alla presenza di un notaio che annota scrupolosamente domande e risposte, talvolta dinanzi all&#8217;alcalde, il capitano di polizia, si effettua l&#8217;interrogatorio. Il rituale prevede che il Primo inquisitore ammonisca il prigioniero per tre volte: a questo punto, gli vengono formulate le accuse, ma le testimonianze addotte sono prive dei pi\u00f9 elementari punti di orientamento per l&#8217;accusato (nomi di eventuali testimoni, luoghi e cos\u00ec via, in modo da tutelare i delatori). Per ottenere una confessione si giunge cos\u00ec a utilizzare la tortura, il supplizio della corda, che consiste nell&#8217;appendere lo sventurato a una puleggia per poi lasciarlo cadere violentemente verso il basso causandogli slogature alle articolazioni. Con la tortura si ottiene la confessione, prova piena della colpa. La tortura non pu\u00f2 durare pi\u00f9 di mezz&#8217;ora, ma in questo tempo ridotto \u00e8 possibile slogare completamente un individuo e lasciarlo dolorante se non storpio, fino alla fine dei suoi giorni. La tortura viene somministrata ogni quarantotto ore fino alla confessione; a questo punto viene emessa la sentenza. Caratteristica della giustizia inquisitoriale \u00e8 quella di non rispettare la procedura seguita in tutti i tribunali europei e che deriva dal diritto romano, che impone la pubblicit\u00e0 delle norme. Norme e forme del giudizio inquisitoriale rimangono segrete: per cui non \u00e8 facile stabilire a priori la lievit\u00e0 o la gravit\u00e0 della pena. Oltretutto durante l&#8217;interrogatorio l&#8217;imputato pu\u00f2 fare affermazioni che risultano fastidiose alle orecchie degli inquisitori e la sua situazione aggravarsi.<\/p>\n<p style=\"text-align: justify\">L&#8217;inquisito pu\u00f2 essere assolto, riconciliato ossia riammesso al novero dei credenti con una lieve penitenza, con la cosiddetta <em>abiura de levi<\/em> (un&#8217;ammissione pubblica delle proprie colpe, seguita da una richiesta di perdono), con la cosiddetta <em>abiura de vehementi<\/em> (una sorta di secondo battesimo, che pu\u00f2 essere fatto una volta sola nella vita) e una penitenza pi\u00f9 dura, il carcere per un determinato tempo o il servizio nelle galere. Quest&#8217;ultima pena, data la durezza della vita dei rematori, equivale alla pena di morte. Infine, nel caso di colpe particolarmente gravi, gli inquisitori possono rilasciare l&#8217;inquisito al braccio secolare. Essendo sacerdoti non possono condannare a morte; \u00e8 la giustizia secolare che si occupa di eseguire la sentenza, generalmente con il rogo. Le condanne sono rese pubbliche durante una solenne processione, l&#8217;<em>autodaf\u00e8<\/em>.<\/p>\n<p><a href=\"\/territori\/percorsi-urbani\/linquisizione-a-palermo\/le-indagini-inquisitoriali-e-il-ruolo-dei-familiari\/\" title=\"Le indagini inquisitoriali e il ruolo dei &quot;familiari&quot;\"> &lt;&lt;&lt;&#8212;pagina precedente<\/a> &nbsp; <a href=\"\/territori\/percorsi-urbani\/linquisizione-a-palermo\/il-carcere-dei-penitenziati\/\" title=\"Il Carcere dei Penitenziati\">pagina seguente&#8212;&gt;&gt;&gt;<\/a><\/p>\n<\/div>\n<p><\/p>\n","protected":false},"excerpt":{"rendered":"<p>Dentro lo Steri: le Carceri filippine, la Sala Magna e l&#8217;interrogatorio I principali casati siciliani risultano legati all&#8217;Inquisizione: principale motivo per cui tutti i materiali sensibili del Tribunale vengono bruciati alla sua abolizione. In pieno Settecento illuminista, anche in Sicilia, nessuna famiglia gentilizia voleva essere&hellip;<\/p>\n","protected":false},"author":1,"featured_media":0,"parent":6851,"menu_order":0,"comment_status":"closed","ping_status":"closed","template":"","meta":{"footnotes":""},"class_list":["post-5950","page","type-page","status-publish","hentry"],"_links":{"self":[{"href":"https:\/\/digitalhistory.unite.it\/es\/wp-json\/wp\/v2\/pages\/5950","targetHints":{"allow":["GET"]}}],"collection":[{"href":"https:\/\/digitalhistory.unite.it\/es\/wp-json\/wp\/v2\/pages"}],"about":[{"href":"https:\/\/digitalhistory.unite.it\/es\/wp-json\/wp\/v2\/types\/page"}],"author":[{"embeddable":true,"href":"https:\/\/digitalhistory.unite.it\/es\/wp-json\/wp\/v2\/users\/1"}],"replies":[{"embeddable":true,"href":"https:\/\/digitalhistory.unite.it\/es\/wp-json\/wp\/v2\/comments?post=5950"}],"version-history":[{"count":3,"href":"https:\/\/digitalhistory.unite.it\/es\/wp-json\/wp\/v2\/pages\/5950\/revisions"}],"predecessor-version":[{"id":11001,"href":"https:\/\/digitalhistory.unite.it\/es\/wp-json\/wp\/v2\/pages\/5950\/revisions\/11001"}],"up":[{"embeddable":true,"href":"https:\/\/digitalhistory.unite.it\/es\/wp-json\/wp\/v2\/pages\/6851"}],"wp:attachment":[{"href":"https:\/\/digitalhistory.unite.it\/es\/wp-json\/wp\/v2\/media?parent=5950"}],"curies":[{"name":"wp","href":"https:\/\/api.w.org\/{rel}","templated":true}]}}