{"id":5968,"date":"2021-08-20T00:02:43","date_gmt":"2021-08-19T22:02:43","guid":{"rendered":"https:\/\/digitalhistory.unite.it\/il-palazzo-del-senato-e-la-fontana-dellelefante\/"},"modified":"2021-11-23T15:27:23","modified_gmt":"2021-11-23T14:27:23","slug":"il-palazzo-del-senato-e-la-fontana-dellelefante","status":"publish","type":"page","link":"https:\/\/digitalhistory.unite.it\/es\/territori\/percorsi-urbani\/catania-e-la-ricostruzione-post-1693\/il-palazzo-del-senato-e-la-fontana-dellelefante\/","title":{"rendered":"Il Palazzo del Senato e la Fontana dell&#8217;Elefante"},"content":{"rendered":"<h1>Il Palazzo del Senato e la Fontana dell&#8217;Elefante <\/h1>\n<div class=\"testo\">\n<p style=\"text-align: justify\"><img loading=\"lazy\" decoding=\"async\" src=\"https:\/\/digitalhistory.unite.it\/wp-content\/uploads\/2021\/08\/catania_palazzo_elefanti__fileminimizer__251x188.jpg\" width=\"251\" height=\"188\" alt=\"Palazzo degli Elefanti\" align=\"left\">Piazza del Duomo presenta altri due esempi della maestria di <a href=\"\/territori\/percorsi-urbani\/catania-e-la-ricostruzione-post-1693\/la-badia-di-santagata\/giovan-battista-vaccarini\/\" title=\"Giovan Battista Vaccarini\">Vaccarini<\/a>. Oltre alla chiesa della Badia di Sant&#8217;Agata, l&#8217;illustre architetto lavor\u00f2 anche alla riedificazione del Palazzo del Senato, oggi sede del Comune di <a href=\"\/territori\/percorsi-regionali\/guerra-di-santi\/vizzini\/catania\/\" title=\"Catania\">Catania<\/a> e noto anche come Palazzo degli Elefanti. Vaccarini intervenne sull&#8217;iniziale progetto di Giovan Battista Longobardo, modificando il prospetto: sopra il piano terra in bugne diamantate fece erigere una facciata divisa da lesene piatte. A lui si devono inoltre i prospetti ovest, est e sud, mentre la facciata settentrionale venne realizzata nella seconda met\u00e0 del XVIII secolo da <a href=\"#\" class=\"tooltip yellow-tooltip\">Carmelo Battaglia Santangelo<span>Architetto catanese, Carmelo Battaglia Santangelo visse e lavor\u00f2 quasi esclusivamente a Catania, specie durante la ricostruzione successiva al terremoto del 1693. Il suo lavoro pi\u00f9 celebre \u00e8 la facciata settentrionale del Palazzo degli Elefanti. Suo zio era Francesco Battaglia, altro importante architetto catanese.<\/span><\/a>.<\/p>\n<p style=\"text-align: justify\"><img loading=\"lazy\" decoding=\"async\" src=\"https:\/\/digitalhistory.unite.it\/wp-content\/uploads\/2021\/08\/fontana_elefante_251x188.jpg\" width=\"251\" height=\"188\" alt=\"Fontana dell'Elefante\" align=\"left\">Vaccarini \u00e8 inoltre l&#8217;autore di un altro monumento simbolo della citt\u00e0 di Catania. La Fontana dell&#8217;Elefante venne realizzata tra il 1735 e il 1737 ed \u00e8 ubicata al centro di Piazza Duomo. L&#8217;elefante, simbolo della citt\u00e0 da tempi antichissimi, probabilmente dal periodo di dominazione cartaginese, venne raffigurato in una statua, in pietra lavica, attestata all&#8217;interno delle mura della citt\u00e0 sin dal XII secolo. Tale statua, le cui zampe posteriori e la proboscide erano andate distrutte durante il terremoto del 1693, venne restaurata e posta dal Vaccarini sopra un piedistallo di marmo bianco. Da questo fuoriescono i getti d&#8217;acqua che cadono nella vasca, anch&#8217;essa di marmo, in cui \u00e8 situato lo stesso piedistallo. Sopra la statua dell&#8217;elefante, cui Vaccarini aggiunse gli occhi e le zanne in pietra calcarea, c&#8217;\u00e8 una gualdrappa di marmo su cui sono incisi gli stemmi di Sant&#8217;Agata. Sulla schiena dell&#8217;elefante, che \u00e8 rivolto con la proboscide verso la cattedrale di Sant&#8217;Agata, \u00e8 posizionato un obelisco di granito alto 3,66 metri: probabilmente portato a Catania durante le crociate, proveniente da Syene, presenta figure di stile egizio che tuttavia non danno vita ad una scrittura geroglifica di senso compiuto. In cima all&#8217;obelisco fu in seguito montato un globo, coronato da una foglia di palma, simbolo del martirio, e da un ramo di gigli, simbolo della purezza. Sopra il globo, una tavola di metallo reca l&#8217;iscrizione dedicata a Sant&#8217;Agata con il gi\u00e0 incontrato acronimo MSSHDPL, ed \u00e8 a sua volta sormontata da una croce.<\/p>\n<p style=\"text-align: justify\"><a href=\"\/territori\/percorsi-urbani\/catania-e-la-ricostruzione-post-1693\/il-duomo\/\" title=\"Il Duomo\">&lt;&lt;&lt;&#8212;pagina precedente<\/a> &nbsp; <a href=\"\/territori\/percorsi-urbani\/catania-e-la-ricostruzione-post-1693\/chiesa-di-san-giuliano-palazzo-valle-palazzo-biscari\/\" title=\"Chiesa di San Giuliano, Palazzo Valle, Palazzo Biscari\">pagina seguente&#8212;&gt;&gt;&gt;<\/a><\/p>\n<\/div>\n<p><\/p>\n","protected":false},"excerpt":{"rendered":"<p>Il Palazzo del Senato e la Fontana dell&#8217;Elefante Piazza del Duomo presenta altri due esempi della maestria di Vaccarini. Oltre alla chiesa della Badia di Sant&#8217;Agata, l&#8217;illustre architetto lavor\u00f2 anche alla riedificazione del Palazzo del Senato, oggi sede del Comune di Catania e noto anche&hellip;<\/p>\n","protected":false},"author":1,"featured_media":0,"parent":6867,"menu_order":0,"comment_status":"closed","ping_status":"closed","template":"","meta":{"footnotes":""},"class_list":["post-5968","page","type-page","status-publish","hentry"],"_links":{"self":[{"href":"https:\/\/digitalhistory.unite.it\/es\/wp-json\/wp\/v2\/pages\/5968","targetHints":{"allow":["GET"]}}],"collection":[{"href":"https:\/\/digitalhistory.unite.it\/es\/wp-json\/wp\/v2\/pages"}],"about":[{"href":"https:\/\/digitalhistory.unite.it\/es\/wp-json\/wp\/v2\/types\/page"}],"author":[{"embeddable":true,"href":"https:\/\/digitalhistory.unite.it\/es\/wp-json\/wp\/v2\/users\/1"}],"replies":[{"embeddable":true,"href":"https:\/\/digitalhistory.unite.it\/es\/wp-json\/wp\/v2\/comments?post=5968"}],"version-history":[{"count":4,"href":"https:\/\/digitalhistory.unite.it\/es\/wp-json\/wp\/v2\/pages\/5968\/revisions"}],"predecessor-version":[{"id":10973,"href":"https:\/\/digitalhistory.unite.it\/es\/wp-json\/wp\/v2\/pages\/5968\/revisions\/10973"}],"up":[{"embeddable":true,"href":"https:\/\/digitalhistory.unite.it\/es\/wp-json\/wp\/v2\/pages\/6867"}],"wp:attachment":[{"href":"https:\/\/digitalhistory.unite.it\/es\/wp-json\/wp\/v2\/media?parent=5968"}],"curies":[{"name":"wp","href":"https:\/\/api.w.org\/{rel}","templated":true}]}}