{"id":5969,"date":"2021-08-20T00:02:44","date_gmt":"2021-08-19T22:02:44","guid":{"rendered":"https:\/\/digitalhistory.unite.it\/chiesa-di-san-giuliano-palazzo-valle-palazzo-biscari\/"},"modified":"2021-11-23T15:27:23","modified_gmt":"2021-11-23T14:27:23","slug":"chiesa-di-san-giuliano-palazzo-valle-palazzo-biscari","status":"publish","type":"page","link":"https:\/\/digitalhistory.unite.it\/es\/territori\/percorsi-urbani\/catania-e-la-ricostruzione-post-1693\/chiesa-di-san-giuliano-palazzo-valle-palazzo-biscari\/","title":{"rendered":"Chiesa di San Giuliano, Palazzo Valle, Palazzo Biscari"},"content":{"rendered":"<h1>Chiesa di San Giuliano, Palazzo Valle, Palazzo Biscari <\/h1>\n<div class=\"testo\">\n<p style=\"text-align: justify\"><img loading=\"lazy\" decoding=\"async\" src=\"https:\/\/digitalhistory.unite.it\/wp-content\/uploads\/2021\/08\/ct_via_crociferi.0090-0-__fileminimizer__252x168.jpg\" width=\"252\" height=\"168\" alt=\"Via dei Crociferi 2\" align=\"left\">L&#8217;impronta di <a href=\"\/territori\/percorsi-urbani\/catania-e-la-ricostruzione-post-1693\/la-badia-di-santagata\/giovan-battista-vaccarini\/\" title=\"Giovan Battista Vaccarini\">Vaccarini<\/a> \u00e8 inoltre visibile in altri luoghi di <a href=\"\/territori\/percorsi-regionali\/guerra-di-santi\/vizzini\/catania\/\" title=\"Catania\">Catania<\/a>. La chiesa di San Giuliano, situata in via dei Crociferi davanti al collegio dei <a href=\"\/territori\/percorsi-urbani\/lecce-la-citta-simbolo-del-barocco\/seminario\/compagnia-di-gesu\/\" title=\"Compagnia di Ges\u00f9\">Gesuiti<\/a>, \u00e8 circondata da una pregevole cancellata in ferro battuto e presenta una facciata concava al centro, di grande semplicit\u00e0 ed eleganza. Il primo ordine \u00e8 dominato dal portale d&#8217;ingresso, sovrastato da due statue femminili allegoriche, mentre nel secondo ordine una loggia corona l&#8217;intero prospetto. La cupola, che illumina con i suoi finestroni l&#8217;interno della chiesa, venne affrescata da <a href=\"#\" class=\"tooltip yellow-tooltip\">Giuseppe Rapisardi<span>Giuseppe Rapisardi (1799-1853) fu un pittore catanese. Fu attivo soprattutto nella citt\u00e0 natale e nel circondario. Fu autore di ritratti e di affreschi di soggetto storico e sacro.<\/span><\/a>. L&#8217;edificio ha pianta ottagonale, dentro le mura spiccano il notevole altare maggiore, realizzato in marmi policromi e bronzi dorati, e altre opere d&#8217;arte, come un Crocifisso del XIV secolo e una tela di <a href=\"#\" class=\"tooltip yellow-tooltip\">Olivio Sozzi<span>Olivio Sozzi (1690-1765) \u00e8 stato un pittore catanese. Dopo un periodo di formazione a Roma, torn\u00f2 in Sicilia nel 1732. La sua opera pi\u00f9 celebre \u00e8 costituita dai 26 affreschi con i quali decor\u00f2 la Basilica di Santa Maria Maggiore di Ispica. Mor\u00ec proprio a Ispica in seguito alla caduta da un&#8217;impalcatura.<\/span><\/a>.<\/p>\n<p style=\"text-align: justify\"><img loading=\"lazy\" decoding=\"async\" src=\"https:\/\/digitalhistory.unite.it\/wp-content\/uploads\/2021\/08\/palazzo_valle_catania_251x188.jpg\" width=\"251\" height=\"188\" alt=\"Palazzo Valle\" align=\"left\">Palazzo Valle, situato in via Vittorio Emanuele II, \u00e8 un altro simbolo dell&#8217;operato di Vaccarini nell&#8217;ambito della ricostruzione di Catania dopo il terremoto del 1693. Presenta una facciata molto ricca, in cui il portale d&#8217;ingresso \u00e8 sormontato dal timpano che regge la mensola aggettante del balcone centrale del palazzo. Altri balconi dall&#8217;andamento curvilineo arricchiscono il prospetto, costituito dal piano botteghe e dal piano nobile, residenza del proprietario. Vaccarini ebbe inoltre un ruolo importante nell&#8217;edificazione del convitto &#8220;Mario Cutelli&#8221;, portata a termine attorno al 1760. Se infatti \u00e8 opera di <a href=\"#\" class=\"tooltip yellow-tooltip\">Francesco Battaglia<span>Francesco Battaglia (1701-1788) \u00e8 stato uno dei pi\u00f9 importanti architetti del Barocco siciliano. Era zio di Carmelo Battaglia Santangelo.<\/span><\/a> la facciata neoclassica che si affaccia su via Vittorio Emanuele, Vaccarini realizz\u00f2 il monumentale cortile circolare posto all&#8217;interno dell&#8217;edificio.<\/p>\n<p style=\"text-align: justify\"><img loading=\"lazy\" decoding=\"async\" src=\"https:\/\/digitalhistory.unite.it\/wp-content\/uploads\/2021\/08\/ct_palazzo_biscari.0060-0-__fileminimizer__225x338.jpg\" width=\"225\" height=\"338\" alt=\"Palazzo Biscari\" align=\"left\">Al di l\u00e0 dell&#8217;opera di Vaccarini, altrettanto celebre e significativo della fervente ricostruzione della citt\u00e0 tra la fine del Seicento e i primi decenni del secolo successivo, \u00e8 l&#8217;esempio di Palazzo Biscari. Edificato per volere dei Patern\u00f2 Castello, principi di Biscari, sulle mure di Catania costruite da <a href=\"\/territori\/percorsi-regionali\/le-plazas-mayores-spagnole-e-il-barocco\/la-plaza-de-la-corredera-di-cordoba\/carlo-v-dasburgo\/\" title=\"Carlo V d'Asburgo\">Carlo V<\/a> nel XVI secolo (e che in parte avevano resistito al terremoto), il palazzo venne modellato seguendo il progetto di vari architetti succedutisi nel corso degli anni. I lavori di costruzione terminarono solo nel 1763. Dello scultore <a href=\"\/temi\/feste-e-rituali\/i-giganti-tra-sicilia-e-calabria\/messina\/\" title=\"Messina\">messinese<\/a> Antonino Amato sono le decorazioni dei sette finestroni affacciati sulla marina, uno dei tratti pi\u00f9 caratteristici della struttura (foto). All&#8217;interno, cui si accede attraverso un grande portale che immette nel cortile centrale, degne di note sono alcune sale ricche di storia, decorazioni e opere d&#8217;arte, come il &#8220;salone delle feste&#8221;, la &#8220;sala dei Feudi&#8221;, la &#8220;galleria degli Uccelli&#8221;, gli &#8220;appartamenti della principessa&#8221; e il Museo.<\/p>\n<p>&nbsp;<\/p>\n<p>&nbsp;<\/p>\n<p><a href=\"\/territori\/percorsi-urbani\/catania-e-la-ricostruzione-post-1693\/il-palazzo-del-senato-e-la-fontana-dellelefante\/\" title=\"Il Palazzo del Senato e la Fontana dell'Elefante\">&lt;&lt;&lt;&#8212;pagina precedente<\/a> &nbsp; <a href=\"\/territori\/percorsi-urbani\/\" title=\"Percorsi urbani\">torna all&#8217;indice&#8212;&gt;&gt;&gt;<\/a><\/p>\n<\/div>\n<p><\/p>\n","protected":false},"excerpt":{"rendered":"<p>Chiesa di San Giuliano, Palazzo Valle, Palazzo Biscari L&#8217;impronta di Vaccarini \u00e8 inoltre visibile in altri luoghi di Catania. La chiesa di San Giuliano, situata in via dei Crociferi davanti al collegio dei Gesuiti, \u00e8 circondata da una pregevole cancellata in ferro battuto e presenta&hellip;<\/p>\n","protected":false},"author":1,"featured_media":0,"parent":6867,"menu_order":0,"comment_status":"closed","ping_status":"closed","template":"","meta":{"footnotes":""},"class_list":["post-5969","page","type-page","status-publish","hentry"],"_links":{"self":[{"href":"https:\/\/digitalhistory.unite.it\/es\/wp-json\/wp\/v2\/pages\/5969","targetHints":{"allow":["GET"]}}],"collection":[{"href":"https:\/\/digitalhistory.unite.it\/es\/wp-json\/wp\/v2\/pages"}],"about":[{"href":"https:\/\/digitalhistory.unite.it\/es\/wp-json\/wp\/v2\/types\/page"}],"author":[{"embeddable":true,"href":"https:\/\/digitalhistory.unite.it\/es\/wp-json\/wp\/v2\/users\/1"}],"replies":[{"embeddable":true,"href":"https:\/\/digitalhistory.unite.it\/es\/wp-json\/wp\/v2\/comments?post=5969"}],"version-history":[{"count":3,"href":"https:\/\/digitalhistory.unite.it\/es\/wp-json\/wp\/v2\/pages\/5969\/revisions"}],"predecessor-version":[{"id":10971,"href":"https:\/\/digitalhistory.unite.it\/es\/wp-json\/wp\/v2\/pages\/5969\/revisions\/10971"}],"up":[{"embeddable":true,"href":"https:\/\/digitalhistory.unite.it\/es\/wp-json\/wp\/v2\/pages\/6867"}],"wp:attachment":[{"href":"https:\/\/digitalhistory.unite.it\/es\/wp-json\/wp\/v2\/media?parent=5969"}],"curies":[{"name":"wp","href":"https:\/\/api.w.org\/{rel}","templated":true}]}}