{"id":5979,"date":"2021-08-20T00:02:45","date_gmt":"2021-08-19T22:02:45","guid":{"rendered":"https:\/\/digitalhistory.unite.it\/noto\/"},"modified":"2021-11-23T15:26:59","modified_gmt":"2021-11-23T14:26:59","slug":"noto","status":"publish","type":"page","link":"https:\/\/digitalhistory.unite.it\/es\/territori\/percorsi-regionali\/sicilia-sud-orientale\/noto\/","title":{"rendered":"Noto"},"content":{"rendered":"<h1>Noto <\/h1>\n<div class=\"testo\">\n<p style=\"text-align: justify\">Ancor pi\u00f9 di <a href=\"\/territori\/percorsi-regionali\/guerra-di-santi\/vizzini\/catania\/\" title=\"Catania\">Catania<\/a>, <a href=\"\/territori\/percorsi-regionali\/guerra-di-santi\/prima-pagina\/siracusa\/\" title=\"Siracusa\">Siracusa<\/a> o <a href=\"\/territori\/percorsi-regionali\/sicilia-sud-orientale\/modica\/modica\/\" title=\"Modica\">Modica<\/a>, Noto \u00e8 il comune siciliano che pi\u00f9 di ogni altro deve la propria fama alla ricostruzione barocca successiva al terremoto del 1693. Anch&#8217;essa dichiarata Patrimonio dell&#8217;Umanit\u00e0 dell&#8217;UNESCO, l&#8217;attuale Noto sorge in realt\u00e0 8 chilometri pi\u00f9 a sud della Noto antica, la cui antichissima storia fu spazzata via proprio dal sisma di fine Seicento. Il <a href=\"#\" class=\"tooltip yellow-tooltip\">duca di Camastra<span>Palermitano di nascita, Giuseppe Lanza, duca di Camastra (1630-1708) fu un magistrato e un personaggio molto vicino al potere spagnolo. Proprio il vicer\u00e9 duca di Uceda lo incaric\u00f2 di organizzare e dirigere la fase di ricostruzione di Catania e di tutta la Sicilia sud-orientale dopo il devastante terremoto del 1693.<\/span><\/a>, responsabile della ricostruzione, decise allora di spostare il nucleo urbano pi\u00f9 a valle, e nel nuovo sito si alternarono nei decenni successivi vari architetti, ingegneri ed artisti fino alla creazione dell&#8217;attuale straordinario centro urbano.<\/p>\n<p style=\"text-align: justify\"><img loading=\"lazy\" decoding=\"async\" src=\"https:\/\/digitalhistory.unite.it\/wp-content\/uploads\/2021\/08\/cattedrale_di_san_nicol__a_noto__rg__-_sicilia__fileminimizer__251x188.jpg\" width=\"251\" height=\"188\" alt=\"Cattedrale Noto\" align=\"left\">Moltissime sono dunque le testimonianze del Barocco di Noto risalenti a quegli anni di fervente ricostruzione. Tra di esse, non possiamo non ricordare la Cattedrale di San Nicol\u00f2, sede della diocesi di Noto. I lavori di costruzione iniziarono nel 1694 e terminarono appena nove anni dopo, nel 1703, anche se numerose modifiche sono state aggiunte nel corso dei secoli successivi. La facciata \u00e8 in pietra calcarea ed \u00e8 un classico esempio di stile tardo-barocco siciliano che presenta per\u00f2 indubbie influenze francesi e neoclassiche. Sulla sommit\u00e0 della scalinata a tre rampe si innalza una facciata a torri laterali, con tre portali compresi tra colonne corinzie e, nel secondo ordine, quattro statue che rappresentano gli evangelisti e un finestrone centrale. L&#8217;interno, a tre navate, conserva varie opere d&#8217;arte, alcune proveniente dall&#8217;antica Noto, e l&#8217;urna che conserva i resti di <a href=\"#\" class=\"tooltip yellow-tooltip\">Corrado Confalonieri<span>Corrado Confalonieri (1290-1351) fu un terziario francescano, pellegrino, penitente ed eremita. La Chiesa cattolica ne celebra la memoria il 19 febbraio.<\/span><\/a>. Nel marzo 1996, alcuni difetti di costruzione causarono il crollo della cupola, della navata destra, della navata centrale e del transetto destro. La cattedrale \u00e8 stata interamente ricostruita, seguendo il modello originale, e riaperta al pubblico nel 2007, con l&#8217;aggiunta di alcune pregevoli opere d&#8217;arte contemporanea.<\/p>\n<p style=\"text-align: justify\"><img loading=\"lazy\" decoding=\"async\" src=\"https:\/\/digitalhistory.unite.it\/wp-content\/uploads\/2021\/08\/noto_balcone_via_nicolaci.020-0-__fileminimizer__249x166.jpg\" width=\"249\" height=\"166\" alt=\"Noto, balcone2\" align=\"left\">Come esempio di architettura civile, spicca Palazzo Nicolaci di Villadorata, sito nella stessa via, via Nicolaci, dove ogni anno si svolge <a href=\"#\" class=\"tooltip yellow-tooltip\"><em>l&#8217;infiorata<\/em><span>Ogni anno la citt\u00e0 di Noto celebra l&#8217;evento dell&#8217;infiorata nella terza domenica di maggio. La festa si tiene in via Nicolaci, ricoperta da un tappeto di fiori disposti in modo da creare meravigliosi disegni, secondo la differente tematica scelta ogni anno. Per l&#8217;evento accorrono in citt\u00e0 artisti locali ma anche, soprattutto negli ultimi anni, artisti internazionali.<\/span><\/a>. I lavori di costruzione iniziarono attorno al 1720 e si protrassero fino al 1765. La facciata barocca presenta un grande portale con due grandi colonne ioniche ai lati. Al di sopra del portale spicca uno spettacolare balcone, fiancheggiato da altri sei balconi pi\u00f9 piccoli, tre per lato, che sono tra le pi\u00f9 celebri immagini del Barocco siciliano: tutti i balconi presentano ringhiere ricurve in ferro battuto e sono sorretti da mensoloni tutti diversi gli uni dagli altri, con le sembianze di bambini, animali ed esseri mitologici come centauri e sirene. L&#8217;edicifio, nato come residenza urbana della famiglia nobiliare Nicolaci (che \u00e8 tuttora proprietaria di un&#8217;ala del palazzo, mentre il resto \u00e8 stato donato al Comune di Noto), ha al suo interno 90 stanze, distribuite su quattro piani. Tra di esse, riccamente decorati sono il Salone Giallo, dove la famiglia Nicolaci era solita ascoltare musica e concerti privati, il Salone Verde, dove si ricevevano gli ospiti, e il Salone delle feste, in cui domina l&#8217;affresco del Dio Apollo che trascina il carro del sole. Un&#8217;ala del palazzo \u00e8 inoltre sede della Biblioteca Comunale &#8220;Principe di Villadorata&#8221;.<\/p>\n<p><a href=\"\/territori\/percorsi-regionali\/sicilia-sud-orientale\/modica\/\" title=\"Modica\">&lt;&lt;&lt;&#8212;pagina precedente<\/a> &nbsp; <a href=\"\/territori\/percorsi-regionali\/sicilia-sud-orientale\/caltagirone-ferla-ispica-ragusa\/\" title=\"Caltagirone, Ferla, Ispica, Ragusa\">pagina seguente&#8212;&gt;&gt;&gt;<\/a><\/p>\n<\/div>\n<p><\/p>\n","protected":false},"excerpt":{"rendered":"<p>Noto Ancor pi\u00f9 di Catania, Siracusa o Modica, Noto \u00e8 il comune siciliano che pi\u00f9 di ogni altro deve la propria fama alla ricostruzione barocca successiva al terremoto del 1693. Anch&#8217;essa dichiarata Patrimonio dell&#8217;Umanit\u00e0 dell&#8217;UNESCO, l&#8217;attuale Noto sorge in realt\u00e0 8 chilometri pi\u00f9 a sud&hellip;<\/p>\n","protected":false},"author":1,"featured_media":0,"parent":6878,"menu_order":0,"comment_status":"closed","ping_status":"closed","template":"","meta":{"footnotes":""},"class_list":["post-5979","page","type-page","status-publish","hentry"],"_links":{"self":[{"href":"https:\/\/digitalhistory.unite.it\/es\/wp-json\/wp\/v2\/pages\/5979","targetHints":{"allow":["GET"]}}],"collection":[{"href":"https:\/\/digitalhistory.unite.it\/es\/wp-json\/wp\/v2\/pages"}],"about":[{"href":"https:\/\/digitalhistory.unite.it\/es\/wp-json\/wp\/v2\/types\/page"}],"author":[{"embeddable":true,"href":"https:\/\/digitalhistory.unite.it\/es\/wp-json\/wp\/v2\/users\/1"}],"replies":[{"embeddable":true,"href":"https:\/\/digitalhistory.unite.it\/es\/wp-json\/wp\/v2\/comments?post=5979"}],"version-history":[{"count":5,"href":"https:\/\/digitalhistory.unite.it\/es\/wp-json\/wp\/v2\/pages\/5979\/revisions"}],"predecessor-version":[{"id":10712,"href":"https:\/\/digitalhistory.unite.it\/es\/wp-json\/wp\/v2\/pages\/5979\/revisions\/10712"}],"up":[{"embeddable":true,"href":"https:\/\/digitalhistory.unite.it\/es\/wp-json\/wp\/v2\/pages\/6878"}],"wp:attachment":[{"href":"https:\/\/digitalhistory.unite.it\/es\/wp-json\/wp\/v2\/media?parent=5979"}],"curies":[{"name":"wp","href":"https:\/\/api.w.org\/{rel}","templated":true}]}}