{"id":5994,"date":"2021-08-20T00:02:47","date_gmt":"2021-08-19T22:02:47","guid":{"rendered":"https:\/\/digitalhistory.unite.it\/palazzo-arese-borromeo-a-cesano-maderno\/"},"modified":"2021-11-23T15:27:11","modified_gmt":"2021-11-23T14:27:11","slug":"palazzo-arese-borromeo-a-cesano-maderno","status":"publish","type":"page","link":"https:\/\/digitalhistory.unite.it\/es\/territori\/percorsi-regionali\/ville-e-giardini-nella-lombardia-barocca\/isola-bella-borromeo-e-il-suo-palazzo\/palazzo-arese-borromeo-a-cesano-maderno\/","title":{"rendered":"Palazzo Arese Borromeo a Cesano Maderno"},"content":{"rendered":"<h1>Palazzo Arese Borromeo a Cesano Maderno <\/h1>\n<div class=\"testo\">\n<p style=\"text-align: justify\"><img loading=\"lazy\" decoding=\"async\" src=\"https:\/\/digitalhistory.unite.it\/wp-content\/uploads\/2021\/08\/cesano_maderno_252x197.jpg\" width=\"252\" height=\"197\" alt=\"Villa Cesano Maderno\" align=\"left\">Una delle famiglie pi\u00f9 importanti nella storia del <a href=\"\/territori\/percorsi-trans-nazionali\/statue-equestri-di-sovrani-spagnoli\/le-statue-equestri-e-la-monarchia-spagnola\/ducato-di-milano\/\" title=\"Ducato di Milano\">ducato di Milano<\/a> in et\u00e0 barocca fu senz&#8217;altro la famiglia <a href=\"#\" class=\"tooltip yellow-tooltip\">Arese<span>La famiglia Arese \u00e8 una delle pi\u00f9 importanti famiglie della storia di Milano. Originari dell&#8217;omonimo borgo alle porte della citt\u00e0, iniziarono la loro scalata economico-sociale gi\u00e0 sotto i Visconti e gli Sforza, ma raggiunsero il culmine del potere nel XVI e nel XVII secolo, quando furono capaci di costruire un forte legame con i rappresentanti del potere spagnolo nel ducato. Gran parte degli Arese furono &#8220;nobili togati&#8221;, ben inseriti nell&#8217;amministrazione statale e nella giustizia.<\/span><\/a>. Al conte <a href=\"#\" class=\"tooltip yellow-tooltip\">Bartolomeo III Arese<span>Primogenito di Giulio I, il conte Bartolomeo III Arese (1610-1674) port\u00f2 a compimento, a partire dal 1654, il palazzo di Cesano Maderno iniziato dal padre. Come quest&#8217;ultimo, Bartolomeo III fu eletto, nel 1660, Presidente del Senato, la pi\u00f9 alta carica amministrativa cui un nativo del ducato poteva aspirare. Reggente onorario del Consiglio d&#8217;Italia, fu abile politico e grande uomo di cultura. Grazie al matrimonio con Lucrezia Omodei, si leg\u00f2 ad una delle pi\u00f9 ricche famiglie di Milano.<\/span><\/a>, potente benefattore e mecenate nonch\u00e9 protagonista di primo piano della politica e dell&#8217;amministrazione milanese, si deve la costruzione, terminata tra il 1660 e il 1670, del Palazzo Arese Borromeo di <a href=\"#\" class=\"tooltip yellow-tooltip\">Cesano Maderno<span>\u00c8 un comune dell&#8217;attuale provincia di Monza e della Brianza. In et\u00e0 moderna era feudo degli Arese e poi dei Borromeo Arese.<\/span><\/a>. Anche se il progetto era stato avviato decenni prima dal padre, <a href=\"#\" class=\"tooltip yellow-tooltip\">Giulio Arese<span>Giulio I Arese (1575-1627) era figlio di Marco Antonio e padre di Bartolomeo III. Nel 1619 divenne presidente del Senato di Milano e acquist\u00f2 il titolo di conte di Castel Lambro. Avvi\u00f2 il progetto di costruzione del palazzo di famiglia a Cesano Maderno.<\/span><\/a>, Bartolomeo III modell\u00f2 secondo il suo gusto la struttura, rendendola un magnifico esempio di villa di campagna e dotandola anche di uno splendido giardino all&#8217;italiana.<\/p>\n<p style=\"text-align: justify\">Il palazzo \u00e8 in <a href=\"#\" class=\"tooltip yellow-tooltip\">stile tardo-barocco lombardo<span>Stile pittorico e architettonico, conosciuto anche come &#8220;Barocchetto lombardo&#8221;, vicino al rococ\u00f2 e fiorito in Lombardia tra la fine del Seicento e la prima met\u00e0 del secolo successivo.<\/span><\/a>, di forma quadrangolare, semplice ed elegante. Al centro vi \u00e8 un cortile interno, con una <a href=\"#\" class=\"tooltip yellow-tooltip\">loggia<span>Elemento architettonico, parte di edificio aperto, sostenuta da colonne e pilastri e generalmente munita di balaustra. Pu\u00f2 essere percorribile o avere mera funzione decorativa.<\/span><\/a> sul lato opposto all&#8217;ingresso. La facciata principale (foto 1) \u00e8 sobria, il portale centrale \u00e8 compreso tra lesene doriche e sormontato da un balcone settecentesco in ferro battuto. Davanti a questa facciata c&#8217;\u00e8 la Piazza ad <a href=\"#\" class=\"tooltip yellow-tooltip\">esedra<span>Spazio architettonico semicircolare e scoperto, spesso delimitato da portici o colonne.<\/span><\/a>, in passato teatro di feste, spettacoli e rappresentazioni, alla quale si accede percorrendo un lungo viale rettilineo, ora Corso Libert\u00e0. Elementi caratteristici della struttura sono la Cappella, situata nell&#8217;ala nord, e la Torre esagonale (eretta sui resti di una torre d&#8217;et\u00e0 medievale) nell&#8217;ala sud.<\/p>\n<p style=\"text-align: justify\"><img loading=\"lazy\" decoding=\"async\" src=\"https:\/\/digitalhistory.unite.it\/wp-content\/uploads\/2021\/08\/cesano_maderno2_251x188.jpg\" width=\"251\" height=\"188\" alt=\"Villa Cesano Maderno2\" align=\"left\">La facciata orientale del palazzo \u00e8 sicuramente la pi\u00f9 famosa e la pi\u00f9 caratteristica dell&#8217;intera struttura. Le nicchie che ospitano i busti dei Cesari e le decorazioni attorno a porte e finestre contraddistinguono questa facciata. A dominarla \u00e8 comunque la gi\u00e0 citata loggia a tre doppie campate, che da un lato si affaccia sul cortile interno e dall&#8217;altro sul magnifico giardino all&#8217;italiana. Caratteristica \u00e8 anche l&#8217;evidente inclinazione su un lato dell&#8217;intera struttura, peraltro tutt&#8217;altro che rara nei palazzi dell&#8217;epoca.<\/p>\n<p style=\"text-align: justify\">L&#8217;interno del Palazzo \u00e8 diviso in quartieri. Se il piano terra era riservato ai locali di servizio, nei restanti settori trovavano spazio i saloni di ricevimento e di rappresentanza, gli ambienti destinati allo studio e alla biblioteca, le stanze della servit\u00f9, nonch\u00e9 naturalmente gli appartamenti privati del conte Arese e della sua famiglia. Ricco di una notevole collezione artistica e libraria, il Palazzo conserva affreschi di vari esponenti del classicismo milanese, in cui spiccano le cosiddette Boscherecce, immagini di ambienti naturali, selvaggi, spesso di carattere mitologico. Nel Salone d&#8217;Onore, o Salone dei Fasti Romani, la ricca decorazione ritrae un pubblico di varie estrazioni sociali (dame e signori, ma anche camerieri e mendicanti) che da una balaustra, anch&#8217;essa dipinta, osservava le feste e i banchetti organizzati nel salone. La parte pi\u00f9 bassa delle pareti \u00e8 invece abbellita con scene tratte dalla storia di Roma e con immagini di statue di re e imperatori.<\/p>\n<p style=\"text-align: justify\"><a href=\"\/territori\/percorsi-regionali\/ville-e-giardini-nella-lombardia-barocca\/isola-bella-borromeo-e-i-suoi-giardini\/\" title=\"Isola Bella Borromeo e i suoi giardini\">&lt;&lt;&lt;&#8212;pagina precedente<\/a>&nbsp;&nbsp; <a href=\"\/territori\/percorsi-regionali\/ville-e-giardini-nella-lombardia-barocca\/villa-visconti-borromeo-arese-litta-a-lainate\/\" title=\"Villa Visconti Borromeo Arese Litta a Lainate\">pagina seguente&#8212;&gt;&gt;&gt;<\/a><\/p>\n<\/div>\n<p><\/p>\n","protected":false},"excerpt":{"rendered":"<p>Palazzo Arese Borromeo a Cesano Maderno Una delle famiglie pi\u00f9 importanti nella storia del ducato di Milano in et\u00e0 barocca fu senz&#8217;altro la famiglia AreseLa famiglia Arese \u00e8 una delle pi\u00f9 importanti famiglie della storia di Milano. Originari dell&#8217;omonimo borgo alle porte della citt\u00e0, iniziarono&hellip;<\/p>\n","protected":false},"author":1,"featured_media":0,"parent":5992,"menu_order":0,"comment_status":"closed","ping_status":"closed","template":"","meta":{"footnotes":""},"class_list":["post-5994","page","type-page","status-publish","hentry"],"_links":{"self":[{"href":"https:\/\/digitalhistory.unite.it\/es\/wp-json\/wp\/v2\/pages\/5994","targetHints":{"allow":["GET"]}}],"collection":[{"href":"https:\/\/digitalhistory.unite.it\/es\/wp-json\/wp\/v2\/pages"}],"about":[{"href":"https:\/\/digitalhistory.unite.it\/es\/wp-json\/wp\/v2\/types\/page"}],"author":[{"embeddable":true,"href":"https:\/\/digitalhistory.unite.it\/es\/wp-json\/wp\/v2\/users\/1"}],"replies":[{"embeddable":true,"href":"https:\/\/digitalhistory.unite.it\/es\/wp-json\/wp\/v2\/comments?post=5994"}],"version-history":[{"count":3,"href":"https:\/\/digitalhistory.unite.it\/es\/wp-json\/wp\/v2\/pages\/5994\/revisions"}],"predecessor-version":[{"id":10849,"href":"https:\/\/digitalhistory.unite.it\/es\/wp-json\/wp\/v2\/pages\/5994\/revisions\/10849"}],"up":[{"embeddable":true,"href":"https:\/\/digitalhistory.unite.it\/es\/wp-json\/wp\/v2\/pages\/5992"}],"wp:attachment":[{"href":"https:\/\/digitalhistory.unite.it\/es\/wp-json\/wp\/v2\/media?parent=5994"}],"curies":[{"name":"wp","href":"https:\/\/api.w.org\/{rel}","templated":true}]}}