{"id":6003,"date":"2021-08-20T00:02:48","date_gmt":"2021-08-19T22:02:48","guid":{"rendered":"https:\/\/digitalhistory.unite.it\/ostuni\/"},"modified":"2021-11-23T15:27:04","modified_gmt":"2021-11-23T14:27:04","slug":"ostuni","status":"publish","type":"page","link":"https:\/\/digitalhistory.unite.it\/es\/territori\/percorsi-regionali\/salento\/ostuni\/","title":{"rendered":"Ostuni"},"content":{"rendered":"<h1>Ostuni <\/h1>\n<div class=\"testo\">\n<p style=\"text-align: justify\"><img loading=\"lazy\" decoding=\"async\" src=\"https:\/\/digitalhistory.unite.it\/wp-content\/uploads\/2021\/08\/ostuni2_251x141.jpg\" width=\"251\" height=\"141\" alt=\"Ostuni vie\" align=\"left\">Citt\u00e0 ricca di storia e di monumenti e opere d&#8217;arte riconducibili a diversi stili artistici e a differenti periodi del suo passato, <a href=\"\/territori\/percorsi-regionali\/salento\/ostuni\/ostuni\/\" title=\"Ostuni\">Ostuni<\/a> \u00e8 un altro dei luoghi simbolo del Barocco nel Salento. Mescolato al Romanico, al Gotico fiorito (ad esempio quello della Concattedrale di Santa Maria dell&#8217;Assunzione) e al Neoclassicismo ottocentesco, il Barocco risalta nell&#8217;insieme labirintico delle piccole vie del centro storico, che si snodano sotto gli archi (immagine 1) e passano ai lati di illustri palazzi signorili decorati da stemmi gentilizi e balconcini&nbsp; barocchi. Da segnalare, in particolare, sono il palazzo ducale Zevallos e i portali, scolpiti nella pietra locale e inseriti nel bianco delle pareti, di Palazzo Falgheri, di Palazzo Ghionda-Pomes e della casa Molendino e di palazzo Bisantizzi.<\/p>\n<p style=\"text-align: justify\"><img loading=\"lazy\" decoding=\"async\" src=\"https:\/\/digitalhistory.unite.it\/wp-content\/uploads\/2021\/08\/chiesa_san_vito_martire_ostuni_218x284.jpg\" width=\"218\" height=\"284\" alt=\"Chiesa San Vito Ostuni\" align=\"left\">Tipico esempio di arte barocca \u00e8 il complesso formato dal monastero delle Carmelitane e dalla chiesa di San Vito Martire, risalente agli anni 1750-1752. La chiesa, in particolare, presenta una fastosa facciata ondulata (immagine 2), caratterizzata da fastigio spezzato, finestrone centrale e cupola a mattonelle policrome. All&#8217;interno, spiccano i magnifici altari barocchi di Francesco Morgese e il pulpito ligneo seicentesco. Anche la chiesa dell&#8217;Annunziata, pur eretta sul finire del XII secolo, presenta elementi barocchi introdotti dai frati Minori Osservanti Riformati nel corso del XVII secolo. Al suo interno, degni di nota sono gli altari, tra cui uno in legno di Giuseppe Morgese, diverse statue lignee e pitree e alcune tele, tra cui la <em>Deposizione<\/em> di <a href=\"#\" class=\"tooltip yellow-tooltip\">Paolo Veronese<span>Paolo Caliari, meglio noto come Paolo Veronese (1528-1588) fu un pittore rinascimentale. Nato a Verona (da cui l&#8217;appellativo <em>Il Veronese<\/em>) visse per un periodo presso la corte dei Gonzaga di Mantova e si trasfer\u00ec poi a Venezia nel 1556. Coadiuvato nell&#8217;attivit\u00e0 di bottega dai figli Carlo e Gabriele, Caliari sub\u00ec solo in parte l&#8217;influenza dell&#8217;ambiente veneziano, mantenendo sempre il suo peculiare stile manierista.<\/span><\/a>.<\/p>\n<p style=\"text-align: justify\">&nbsp;<\/p>\n<p style=\"text-align: justify\">&nbsp;<\/p>\n<p style=\"text-align: justify\"><img loading=\"lazy\" decoding=\"async\" src=\"https:\/\/digitalhistory.unite.it\/wp-content\/uploads\/2021\/08\/guglia_sant_oronzo_218x323.jpg\" width=\"218\" height=\"323\" alt=\"Guglia Sant'Oronzo\" align=\"left\">Il monumento pi\u00f9 rappresentativo di Ostuni resta comunque la Guglia di Sant&#8217;Oronzo (immagine 3), alta pi\u00f9 di venti metri, posta nel cuore della citt\u00e0, nei pressi di piazza Libert\u00e0. Venne costruita nel 1771 dall&#8217;architetto <a href=\"#\" class=\"tooltip yellow-tooltip\">Giuseppe Greco<span>Giuseppe Greco (1740-1807) era un architetto nativo di Ostuni.<\/span><\/a> come ex-voto voluto dai fedeli per ringraziare il santo della protezione garantita alla citt\u00e0 contro la peste e la carestia: tale atto di devozione \u00e8 testimoniato dalle epigrafi, sorrette dagli angeli e poste al primo ordine su ognuna delle quattro facce. La ricca decorazione barocca prevede nell&#8217;ordine successivo una balaustra con colonnine sagomate, su cui poggiano, ai quattro angoli, le statue dei santi patroni minori della citt\u00e0: San Biagio, Sant&#8217;Antonio da Padova, Sant&#8217;Irene e San Gregorio Armeno. Mano a mano che si procede verso l&#8217;alto, gli ordini tendono a rastremarsi, decorati da putti, cherubini e cartigli. In alto, domina la statua di Sant&#8217;Oronzo, rappresentato mentre benedice la popolazione.<\/p>\n<p style=\"text-align: justify\">&nbsp;<\/p>\n<p style=\"text-align: justify\"><a href=\"\/territori\/percorsi-regionali\/salento\/martina-franca\/\" title=\"Martina Franca\">&lt;&lt;&lt;&#8212;pagina precedente<\/a>&nbsp;&nbsp; <a href=\"\/territori\/percorsi-regionali\/salento\/mesagne\/\" title=\"Mesagne\">pagina seguente&#8212;&gt;&gt;&gt;<\/a><\/p>\n<\/div>\n<p><\/p>\n","protected":false},"excerpt":{"rendered":"<p>Ostuni Citt\u00e0 ricca di storia e di monumenti e opere d&#8217;arte riconducibili a diversi stili artistici e a differenti periodi del suo passato, Ostuni \u00e8 un altro dei luoghi simbolo del Barocco nel Salento. Mescolato al Romanico, al Gotico fiorito (ad esempio quello della Concattedrale&hellip;<\/p>\n","protected":false},"author":1,"featured_media":0,"parent":6796,"menu_order":0,"comment_status":"closed","ping_status":"closed","template":"","meta":{"footnotes":""},"class_list":["post-6003","page","type-page","status-publish","hentry"],"_links":{"self":[{"href":"https:\/\/digitalhistory.unite.it\/es\/wp-json\/wp\/v2\/pages\/6003","targetHints":{"allow":["GET"]}}],"collection":[{"href":"https:\/\/digitalhistory.unite.it\/es\/wp-json\/wp\/v2\/pages"}],"about":[{"href":"https:\/\/digitalhistory.unite.it\/es\/wp-json\/wp\/v2\/types\/page"}],"author":[{"embeddable":true,"href":"https:\/\/digitalhistory.unite.it\/es\/wp-json\/wp\/v2\/users\/1"}],"replies":[{"embeddable":true,"href":"https:\/\/digitalhistory.unite.it\/es\/wp-json\/wp\/v2\/comments?post=6003"}],"version-history":[{"count":3,"href":"https:\/\/digitalhistory.unite.it\/es\/wp-json\/wp\/v2\/pages\/6003\/revisions"}],"predecessor-version":[{"id":10770,"href":"https:\/\/digitalhistory.unite.it\/es\/wp-json\/wp\/v2\/pages\/6003\/revisions\/10770"}],"up":[{"embeddable":true,"href":"https:\/\/digitalhistory.unite.it\/es\/wp-json\/wp\/v2\/pages\/6796"}],"wp:attachment":[{"href":"https:\/\/digitalhistory.unite.it\/es\/wp-json\/wp\/v2\/media?parent=6003"}],"curies":[{"name":"wp","href":"https:\/\/api.w.org\/{rel}","templated":true}]}}