{"id":6015,"date":"2021-08-20T00:02:49","date_gmt":"2021-08-19T22:02:49","guid":{"rendered":"https:\/\/digitalhistory.unite.it\/caratteristiche-e-funzioni\/"},"modified":"2021-11-23T15:27:06","modified_gmt":"2021-11-23T14:27:06","slug":"caratteristiche-e-funzioni","status":"publish","type":"page","link":"https:\/\/digitalhistory.unite.it\/es\/territori\/percorsi-regionali\/plazas-de-toros\/caratteristiche-e-funzioni\/","title":{"rendered":"Caratteristiche e funzioni delle Plazas de toros"},"content":{"rendered":"<h1>Caratteristiche e funzioni delle Plazas de toros <\/h1>\n<div class=\"testo\">\n<p style=\"text-align: justify\"><img loading=\"lazy\" decoding=\"async\" src=\"https:\/\/digitalhistory.unite.it\/wp-content\/uploads\/2021\/08\/clip_image002_553x305.jpg\" width=\"553\" height=\"305\" alt=\"Almad\u00e9n\" align=\"left\"><\/p>\n<p style=\"text-align: justify\">&nbsp;<\/p>\n<p style=\"text-align: justify\">Parlando di Spagna, niente risulta pi\u00f9 caratteristico che gli elementi che ne segnano il paesaggio urbano, <em>topoi<\/em> che si ripetono di citt\u00e0 in citt\u00e0: la <em>iglesia<\/em>, la <em><a href=\"\/territori\/percorsi-regionali\/le-plazas-mayores-spagnole-e-il-barocco\/\" title=\"Le Plazas Mayores spagnole e il Barocco\">plaza mayor<\/a><\/em>, la <em>plaza de toros<\/em>. In particolare, in questa sede ci concentreremo sulla genesi e il primo sviluppo dei luoghi che sono stati testimoni della moderna tauromachia, senza per questo voler entrare nel dibattito etico conseguente e fortemente sentito nella Penisola. Per uno storico tali spazi non smettono di essere tra le pi\u00f9 importanti testimonianze di luoghi costruiti (o adattati) per ospitare pubblici spettacoli rinati proprio a partire dal&nbsp; XVII secolo.<\/p>\n<p style=\"text-align: justify\">E&#8217; fuori d&#8217;ogni dubbio che lo spettacolo taurino sia un lascito romano mutuato da un&#8217;ancestrale cultura mediterranea ma, contrariamente a quello che si possa credere, nella Penisola iberica non furono le regioni affacciate sul Mediterraneo a tramandare e a mantenere viva detta tradizione ludica, ma le regioni del centro-nord. Fu difatti nelle terre cristiane che si continu\u00f2 a godere dello spettacolo taurino, spettacolo assente nella cultura musulmana del sud e dell&#8217;est. Gli spettacoli taurini, quindi, hanno segnato tutta la storia di queste terre, e man mano che la <em><a href=\"\/territori\/percorsi-regionali\/il-quijote-e-la-mancha\/el-toboso-di-dulcinea\/reconquista\/\" title=\"Reconquista\">Reconquista<\/a><\/em> avanzava verso le regioni meridionali, le armate cristiane portarono con s\u00e8 la loro cultura e tradizioni.&nbsp;<\/p>\n<p style=\"text-align: justify\">Per tutto il Medioevo e la prima parte dell&#8217;et\u00e0 moderna tali &#8220;spettacoli ludici&#8221; non erano codificati da regole specifiche, probabilmente per questo motivo non si trovano luoghi specificamente destinati a ci\u00f2, per lo meno fino al XVI-XVII secolo. \u00c8 proprio in coincidenza con il periodo del Barocco che si inizieranno ad uniformare i differenti spettacoli taurini. Con la progressiva standardizzazione arriveranno anche a destinarsi luoghi specifici nel tessuto urbano dedicati alle corride, ma fino alla met\u00e0 del XIX secolo ancora troviamo una forte variet\u00e0 di spazi stabili per tali atti ludici. I pi\u00f9 comuni sono le <em>plazas provisionales<\/em>, le <em>plazas mayores<\/em> e le <em>plazas de toros<\/em> propriamente dette. Poco si pu\u00f2 dire delle piazze provvisorie, erano (e, a tutt&#8217;oggi, ancora lo sono) in legno, montate e smontate per le feste, nulla rimane delle pi\u00f9 antiche se non documenti scritti sui luoghi dove venivamo allestite e per quali celebrazioni. Altro discorso si deve fare per le <em>plazas mayores<\/em>, la cui origine e diffusione risalgono ai regni cristiani. Dirette discendenti dei fori romani, esse erano il centro vitale dei commerci e delle istituzioni; infatti, come in altri luoghi del continente europeo, le <em>plazas mayores<\/em> svolgevano funzioni di mercato e di incontro per la cittadinanza, e spesso vi erano presenti i due poteri dell&#8217;epoca medievale e moderna: la Chiesa e l&#8217;<em>Ayuntamento<\/em> (o un palazzo nobiliare), ossia il potere ecclesiastico e quello politico-civile. Scrive il Covarrubias nel 1611 che tale spazio era: &#8220;&#8230;un lugar p\u00fablico ancho y espacioso dentro del poblado, donde se venden los mantenimientos y se tiene el trato com\u00fan de los vecinos y comarcanos, y donde se celebran ferias, mercados y fiestas pubblicas&#8221; (S. Covarrubias Orozco, <em>Tesoro de la lengua castellana o espa\u00f1ola<\/em>, Luis S\u00e1nchez, <a href=\"\/territori\/percorsi-regionali\/le-plazas-mayores-spagnole-e-il-barocco\/la-plaza-mayor-di-madrid\/madrid\/\" title=\"Madrid\">Madrid<\/a> 1611).<\/p>\n<p style=\"text-align: justify\">A partire dal XVI secolo, da <a href=\"\/territori\/percorsi-regionali\/le-plazas-mayores-spagnole-e-il-barocco\/lorigine-e-le-funzioni-delle-plazas-mayores\/filippo-ii-dasburgo\/\" title=\"Filippo II d'Asburgo\">Filippo II<\/a> in poi, si inizi\u00f2 a considerare la creazione di tali spazi in tutte le citt\u00e0 di antica e nuova fondazione e a standardizzarne progressivamente le caratteristiche. Il modello prevedeva una pianta quadrata o rettangolare (vedremo in seguito che sono presenti eccezioni), con edifici balconati che la chiudevano su tutti i lati. Come centro nevralgico della vita cittadina le piazze furono protagoniste anche dei vari festeggiamenti per lo pi\u00f9 a carattere religioso. In tali feste erano spesso rappresentati spettacoli taurini, non solo corride ma anche <em>encierros.<\/em>&nbsp;L&#8217;<em>encierro<\/em> (trad. recinto) nacque come operazione preliminare alla manifestazione taurina vera e propria, ossia il trasferimento dei tori fino al luogo deputato per la corrida. Con il passar del tempo divenne esso stesso uno spettacolo quando i cittadini, in una prova di coraggio, iniziarono a correre davanti o in mezzo agli animali. L&#8217;esempio pi\u00f9 famoso \u00e8 quello che si celebra tuttora in onore di San Ferm\u00edn&nbsp;a Pamplona.<\/p>\n<p style=\"text-align: justify\"><a href=\"\/territori\/percorsi-regionali\/\" title=\"Percorsi regionali\">&lt;&lt;&lt;&#8212;torna all&#8217;indice<\/a> &nbsp; <a href=\"\/territori\/percorsi-regionali\/plazas-de-toros\/bejar-e-campofrio\/\" title=\"B\u00e9jar e Campofr\u00edo\">pagina seguente&#8212;&gt;&gt;&gt;<\/a><\/p>\n<\/div>\n<p><\/p>\n","protected":false},"excerpt":{"rendered":"<p>Caratteristiche e funzioni delle Plazas de toros &nbsp; Parlando di Spagna, niente risulta pi\u00f9 caratteristico che gli elementi che ne segnano il paesaggio urbano, topoi che si ripetono di citt\u00e0 in citt\u00e0: la iglesia, la plaza mayor, la plaza de toros. In particolare, in questa&hellip;<\/p>\n","protected":false},"author":1,"featured_media":0,"parent":6920,"menu_order":0,"comment_status":"closed","ping_status":"closed","template":"","meta":{"footnotes":""},"class_list":["post-6015","page","type-page","status-publish","hentry"],"_links":{"self":[{"href":"https:\/\/digitalhistory.unite.it\/es\/wp-json\/wp\/v2\/pages\/6015","targetHints":{"allow":["GET"]}}],"collection":[{"href":"https:\/\/digitalhistory.unite.it\/es\/wp-json\/wp\/v2\/pages"}],"about":[{"href":"https:\/\/digitalhistory.unite.it\/es\/wp-json\/wp\/v2\/types\/page"}],"author":[{"embeddable":true,"href":"https:\/\/digitalhistory.unite.it\/es\/wp-json\/wp\/v2\/users\/1"}],"replies":[{"embeddable":true,"href":"https:\/\/digitalhistory.unite.it\/es\/wp-json\/wp\/v2\/comments?post=6015"}],"version-history":[{"count":3,"href":"https:\/\/digitalhistory.unite.it\/es\/wp-json\/wp\/v2\/pages\/6015\/revisions"}],"predecessor-version":[{"id":10791,"href":"https:\/\/digitalhistory.unite.it\/es\/wp-json\/wp\/v2\/pages\/6015\/revisions\/10791"}],"up":[{"embeddable":true,"href":"https:\/\/digitalhistory.unite.it\/es\/wp-json\/wp\/v2\/pages\/6920"}],"wp:attachment":[{"href":"https:\/\/digitalhistory.unite.it\/es\/wp-json\/wp\/v2\/media?parent=6015"}],"curies":[{"name":"wp","href":"https:\/\/api.w.org\/{rel}","templated":true}]}}