{"id":6018,"date":"2021-08-20T00:02:50","date_gmt":"2021-08-19T22:02:50","guid":{"rendered":"https:\/\/digitalhistory.unite.it\/plazas-e-ermitas-trucios-puebla-de-sancho-perez-e-medinilla\/"},"modified":"2021-11-23T15:27:06","modified_gmt":"2021-11-23T14:27:06","slug":"plazas-e-ermitas-trucios-puebla-de-sancho-perez-e-medinilla","status":"publish","type":"page","link":"https:\/\/digitalhistory.unite.it\/es\/territori\/percorsi-regionali\/plazas-de-toros\/plazas-e-ermitas-trucios-puebla-de-sancho-perez-e-medinilla\/","title":{"rendered":"Plazas e Ermitas: Trucios, Puebla de Sancho P\u00e9rez e Medinilla"},"content":{"rendered":"<h1>Plazas e Ermitas: Trucios, Puebla de Sancho P\u00e9rez e Medinilla <\/h1>\n<div class=\"testo\">\n<p style=\"text-align: justify\"><img loading=\"lazy\" decoding=\"async\" src=\"https:\/\/digitalhistory.unite.it\/wp-content\/uploads\/2021\/08\/clip_image002_342x181.jpg\" width=\"342\" height=\"181\" alt=\"Trucios\" align=\"left\">Trucios (in euskera Turtzioz) \u00e8 un muncipio Vizcayno (Bilbao) di poco pi\u00f9 di 500 anime &nbsp;che stupisce per la quantit\u00e0 di <em>plazas de toros<\/em> presenti nel suo territorio: ogni quartiere \u00e8 dotato di una propria struttura prospicente alla relativa chiesa. Sia le <em>plazas<\/em> che gli eremi sono databili intorno alla met\u00e0 del XVIII secolo. Gli spettacoli taurini, come in altre zone della Spagna, erano legati alle festivit\u00e0 religiose in onore dei santi protettori. Le strutture sono di semplice fattura, di forma circolare o quadrata, sono dotate di mura laterali e barriere lignee di protezione. Ricordiamo la <em>Ermita de la Trinidad<\/em> (quartiere del Gord\u00f3n,&nbsp;XVIII sec.) e la coeva <em>Ermita de San Roque<\/em> (XVIII sec.): quest&#8217;ultima \u00e8 dotata di una <em>plaza<\/em> che data 1692, in origine era di forma irregolare, dopo un restauro nel 1983 fu dotata dell&#8217;attuale forma circolare.&nbsp;Da segnalare anche la <em>Ermita de la Caridad<\/em>, conosciuta anche come di Santa Isabel; tale <em>ermita<\/em> fu costruita nella seconda met\u00e0 del XVII secolo in stile barocco severo, o classicista. La <em>plaza de toros<\/em> \u00e8 circolare con muri laterali in pietra, cos\u00ec come le barriere. Conta una tribuna a scalini e fu costruita intorno al 1755. Nelle vicinanze di Trucios, ad Artzentales, si trova la chiesa di San Antol\u00edn, anch&#8217;essa risalente agli inizi del XVIII secolo (probabilmente 1705), di fronte alla quale \u00e8 presente uno spazio di forma irregolare destinato ai festeggiamenti taurini.<\/p>\n<p style=\"text-align: justify\"><img loading=\"lazy\" decoding=\"async\" src=\"https:\/\/digitalhistory.unite.it\/wp-content\/uploads\/2021\/08\/clip_image002_252x183.jpg\" width=\"252\" height=\"183\" alt=\"Puebla de Sancho P\u00e9rez\" align=\"left\">Anche nel caso della Puebla de Sancho P\u00e9rez (foto), la <em>plaza<\/em> \u00e8 addossata ad una struttura religiosa, la <em>Ermita de Nuestra Se\u00f1ora de Bel\u00e9n<\/em>: si tratta di un edificio religioso risalente al XIV-XV secolo e ricostruito nel XVIII. Secondo alcune fonti, la <em>plaza<\/em> risalirebbe all&#8217;impianto originale, il che la convertirebbe nella pi\u00f9 antica della penisola; \u00e8 di forma sostanzialmente quadrata.<\/p>\n<p style=\"text-align: justify\">Anche a Medinilla, antico feudo dei <a href=\"\/territori\/percorsi-urbani\/il-giardino-dei-duchi-di-bejar\/la-nobilta-spagnola-e-i-giardini\/duchi-di-bejar\/\" title=\"Duchi di B\u00e9jar\">duchi di B\u00e9jar<\/a>, il recinto taurino \u00e8 addossato ad un eremo, quello della Fuente Santa. Di forma quadrangolare, risale secondo alcuni documenti alla fine del XVII secolo, gi\u00e0 in uso nel 1685 come recinto stabile si utilizz\u00f2 perlomeno fino al 1784. Il vincolo tra chiesa e cultura taurina si pu\u00f2 rintracciare nella leggenda popolare che accompagna l&#8217;edificazione dell&#8217;eremo: al tempo della <em><a href=\"\/territori\/percorsi-regionali\/il-quijote-e-la-mancha\/el-toboso-di-dulcinea\/reconquista\/\" title=\"Reconquista\">Reconquista<\/a><\/em> un cavaliere cavalcava dietro a un toro e, arrivati su questo luogo, sia il bovino che il cavallo si fermarono, l&#8217;uomo scese a terra e trov\u00f2 nascosta tra l&#8217;erba un&#8217;immagine. La chiesa sarebbe stata edificata vicino al posto dove sorgeva anticamente una fonte.<\/p>\n<p style=\"text-align: justify\"><a href=\"\/territori\/percorsi-regionali\/plazas-de-toros\/plazas-e-ermitas-la-parra-e-almagro\/\" title=\"Plazas e Ermitas: La Parra e Almagro\">&lt;&lt;&lt;&#8212;pagina precedente<\/a> &nbsp; <a href=\"\/territori\/percorsi-regionali\/plazas-de-toros\/almaden-e-ronda\/\" title=\"Almad\u00e9n e Ronda\">pagina seguente&#8212;&gt;&gt;&gt;<\/a><\/p>\n<\/div>\n<p><\/p>\n","protected":false},"excerpt":{"rendered":"<p>Plazas e Ermitas: Trucios, Puebla de Sancho P\u00e9rez e Medinilla Trucios (in euskera Turtzioz) \u00e8 un muncipio Vizcayno (Bilbao) di poco pi\u00f9 di 500 anime &nbsp;che stupisce per la quantit\u00e0 di plazas de toros presenti nel suo territorio: ogni quartiere \u00e8 dotato di una propria&hellip;<\/p>\n","protected":false},"author":1,"featured_media":0,"parent":6920,"menu_order":0,"comment_status":"closed","ping_status":"closed","template":"","meta":{"footnotes":""},"class_list":["post-6018","page","type-page","status-publish","hentry"],"_links":{"self":[{"href":"https:\/\/digitalhistory.unite.it\/es\/wp-json\/wp\/v2\/pages\/6018","targetHints":{"allow":["GET"]}}],"collection":[{"href":"https:\/\/digitalhistory.unite.it\/es\/wp-json\/wp\/v2\/pages"}],"about":[{"href":"https:\/\/digitalhistory.unite.it\/es\/wp-json\/wp\/v2\/types\/page"}],"author":[{"embeddable":true,"href":"https:\/\/digitalhistory.unite.it\/es\/wp-json\/wp\/v2\/users\/1"}],"replies":[{"embeddable":true,"href":"https:\/\/digitalhistory.unite.it\/es\/wp-json\/wp\/v2\/comments?post=6018"}],"version-history":[{"count":3,"href":"https:\/\/digitalhistory.unite.it\/es\/wp-json\/wp\/v2\/pages\/6018\/revisions"}],"predecessor-version":[{"id":10793,"href":"https:\/\/digitalhistory.unite.it\/es\/wp-json\/wp\/v2\/pages\/6018\/revisions\/10793"}],"up":[{"embeddable":true,"href":"https:\/\/digitalhistory.unite.it\/es\/wp-json\/wp\/v2\/pages\/6920"}],"wp:attachment":[{"href":"https:\/\/digitalhistory.unite.it\/es\/wp-json\/wp\/v2\/media?parent=6018"}],"curies":[{"name":"wp","href":"https:\/\/api.w.org\/{rel}","templated":true}]}}