{"id":6020,"date":"2021-08-20T00:02:50","date_gmt":"2021-08-19T22:02:50","guid":{"rendered":"https:\/\/digitalhistory.unite.it\/il-fiume-guadalete-e-arcos-de-la-frontera\/"},"modified":"2021-11-23T15:27:10","modified_gmt":"2021-11-23T14:27:10","slug":"il-fiume-guadalete-e-arcos-de-la-frontera","status":"publish","type":"page","link":"https:\/\/digitalhistory.unite.it\/es\/territori\/percorsi-regionali\/storia-araba-e-gusto-barocco\/il-fiume-guadalete-e-arcos-de-la-frontera\/","title":{"rendered":"Il fiume Guadalete e Arcos de la Frontera"},"content":{"rendered":"<h1>Il fiume Guadalete e Arcos de la Frontera <\/h1>\n<div class=\"testo\">\n<p style=\"text-align: justify\"><img loading=\"lazy\" decoding=\"async\" src=\"https:\/\/digitalhistory.unite.it\/wp-content\/uploads\/2021\/08\/arcos_de_la_frontera_251x188.jpg\" width=\"251\" height=\"188\" alt=\"Arcos de la Frontera\" align=\"left\">Il plurisecolare dominio arabo sulla penisola iberica ha lasciato tracce evidenti nella cultura e nel patrimonio artistico della Spagna. L&#8217;arte e il gusto barocco si sono spesso innestati sulle basi lasciate dalla fiorente cultura degli invasori mussulmani, o anche in luoghi-simbolo della storia e della civilt\u00e0 di questi ultimi. Fra i tanti esempi possibili c&#8217;\u00e8 la citt\u00e0 di Arcos dela Frontera (foto), che sorge nelle vicinanze del fiume Guadalete, sulle cui rive si combatt\u00e8 la celebre battaglia (19 luglio 711) che diede inizio al dominio mussulmano della penisola iberica. Arcos, il cui attuale nome deriva dall&#8217;antico nome arabo <em>Medina Ar-kosch<\/em>, \u00e8 caratterizzata, come la gran parte delle citt\u00e0 andaluse, dalla compresenza di vari stili artistici al suo interno, specchio delle diverse fasi della sua storia. Dopo la conquista castigliana nel XIII secolo, la citt\u00e0 leg\u00f2 ben presto il suo destino alla famiglia dei <a href=\"#\" class=\"tooltip yellow-tooltip\">Ponce de Leon, duchi di Arcos<span>Il primo duca di Arcos della storia fu Rodrigo Ponce de Le\u00f3n, insignito del titolo nel 1493 dalla regina Isabella la Cattolica. I Ponce de Le\u00f3n mantennero il titolo per tutta l&#8217;et\u00e0 moderna, fino alla morte senza figli di Antonio Ponce de Le\u00f3n y Sp\u00ednola nel 1780: da allora il titolo \u00e8 unito al ducato di Osuna. Tra i duchi di Arcos, celebre \u00e8 la figura di Rodrigo Ponce de Le\u00f3n y \u00c1lvarez de Toledo (1602-1658), vicer\u00e8 di Napoli al momento dell&#8217;esplosione della cosiddetta rivolta di Masaniello.<\/span><\/a> a partire dal XV secolo, e nel Cinque-Seicento visse un periodo di benessere e di ampliamento urbanistico. La chiesa di <em>Santa Mar\u00eda de la Asunci\u00f3n<\/em> costituisce un esempio ideale: l&#8217;originario <a href=\"#\" class=\"tooltip yellow-tooltip\">stile <em>mudejar<\/em><span>L&#8217;arte <em>mud\u00e9jar<\/em> si diffuse nella penisola iberica subito dopo la fine del dominio mussulmano di <em>al-Andalus<\/em>. Essa consiste nell&#8217;incorporazione di elementi di ispirazione araba nel nuovo stile cristiano. Il pi\u00f9 celebre esempio di arte <em>mud\u00e9jar<\/em> e l&#8217;<em>Alc\u00e1zar<\/em> di Siviglia.<\/span><\/a>, risalente al XIV e XV secolo, lasci\u00f2 spazio infatti ad una splendida chiesa gotica, nella prima met\u00e0 del XVI secolo, al cui esterno, tuttavia, convivono elementi rinascimentali e barocchi, specie per quanto riguarda il lato della chiesa che si affaccia sulla piazza del Cabildo e la enorme torre che lo sovrasta. Un discorso molto simile pu\u00f2 essere fatto per la chiesa di <em>San Pedro<\/em>, mentre la chiesa di <em>San Francisco<\/em> conserva tracce di arte barocca pur essendo stata costruita agli inizi del XVI secolo su una antecedente cappella dedicata a Sant&#8217;Antonio di Padova. Risale invece al XVII secolo l&#8217;edificazione del <em>Palacio Mayorazgo<\/em>, al cui interno si pu\u00f2 ammirare il <em>Jard\u00edn Andalus\u00ed<\/em>, modellato sull&#8217;esempio degli antichi giardini arabi.<\/p>\n<p style=\"text-align: justify\"><a href=\"\/territori\/percorsi-regionali\/\" title=\"Percorsi regionali\">&lt;&lt;&lt;&#8212;torna all&#8217;indice<\/a>&nbsp;&nbsp; <a href=\"\/territori\/percorsi-trans-nazionali\/storia-araba-e-gusto-barocco\/santiago-de-compostela\/\"> <\/a><a href=\"\/territori\/percorsi-regionali\/storia-araba-e-gusto-barocco\/santiago-de-compostela\/\" title=\"Santiago de Compostela\">pagina seguente&#8212;&gt;&gt;&gt;<\/a><\/p>\n<\/div>\n<p><\/p>\n","protected":false},"excerpt":{"rendered":"<p>Il fiume Guadalete e Arcos de la Frontera Il plurisecolare dominio arabo sulla penisola iberica ha lasciato tracce evidenti nella cultura e nel patrimonio artistico della Spagna. L&#8217;arte e il gusto barocco si sono spesso innestati sulle basi lasciate dalla fiorente cultura degli invasori mussulmani,&hellip;<\/p>\n","protected":false},"author":1,"featured_media":0,"parent":6923,"menu_order":0,"comment_status":"closed","ping_status":"closed","template":"","meta":{"footnotes":""},"class_list":["post-6020","page","type-page","status-publish","hentry"],"_links":{"self":[{"href":"https:\/\/digitalhistory.unite.it\/es\/wp-json\/wp\/v2\/pages\/6020","targetHints":{"allow":["GET"]}}],"collection":[{"href":"https:\/\/digitalhistory.unite.it\/es\/wp-json\/wp\/v2\/pages"}],"about":[{"href":"https:\/\/digitalhistory.unite.it\/es\/wp-json\/wp\/v2\/types\/page"}],"author":[{"embeddable":true,"href":"https:\/\/digitalhistory.unite.it\/es\/wp-json\/wp\/v2\/users\/1"}],"replies":[{"embeddable":true,"href":"https:\/\/digitalhistory.unite.it\/es\/wp-json\/wp\/v2\/comments?post=6020"}],"version-history":[{"count":3,"href":"https:\/\/digitalhistory.unite.it\/es\/wp-json\/wp\/v2\/pages\/6020\/revisions"}],"predecessor-version":[{"id":10832,"href":"https:\/\/digitalhistory.unite.it\/es\/wp-json\/wp\/v2\/pages\/6020\/revisions\/10832"}],"up":[{"embeddable":true,"href":"https:\/\/digitalhistory.unite.it\/es\/wp-json\/wp\/v2\/pages\/6923"}],"wp:attachment":[{"href":"https:\/\/digitalhistory.unite.it\/es\/wp-json\/wp\/v2\/media?parent=6020"}],"curies":[{"name":"wp","href":"https:\/\/api.w.org\/{rel}","templated":true}]}}