{"id":6021,"date":"2021-08-20T00:02:50","date_gmt":"2021-08-19T22:02:50","guid":{"rendered":"https:\/\/digitalhistory.unite.it\/santiago-de-compostela\/"},"modified":"2021-11-23T15:27:11","modified_gmt":"2021-11-23T14:27:11","slug":"santiago-de-compostela","status":"publish","type":"page","link":"https:\/\/digitalhistory.unite.it\/es\/territori\/percorsi-regionali\/storia-araba-e-gusto-barocco\/santiago-de-compostela\/","title":{"rendered":"Santiago de Compostela"},"content":{"rendered":"<h1>Santiago de Compostela <\/h1>\n<div class=\"testo\">\n<p style=\"text-align: justify\"><img loading=\"lazy\" decoding=\"async\" src=\"https:\/\/digitalhistory.unite.it\/wp-content\/uploads\/2021\/08\/cathedral_santiago_de_compostela_250x170.jpg\" width=\"250\" height=\"170\" alt=\"Cattedrale Santiago\" align=\"left\">Sotto il dominio mussulmano, che si sarebbe protratto per secoli, il culto cristiano nella penisola iberica non fu mai completamente scardinato. Risale infatti al IX secolo l&#8217;inizio della lunga storia di una delle chiese e dei luoghi di pellegrinaggio pi\u00f9 famosi e visitati dell&#8217;intera cristianit\u00e0. A Santiago de Compostela, oggi parte della provincia di <a href=\"\/territori\/percorsi-regionali\/storia-araba-e-gusto-barocco\/santiago-de-compostela\/la-coruna\/\" title=\"La Coru\u00f1a\">La Coru\u00f1a<\/a>, in Galizia, vennero infatti rinvenuti durante il IX secolo i resti mortali attribuiti all&#8217;apostolo Giacomo il Maggiore (<em>Santiago<\/em> in spagnolo), tradizionalmente considerato come il primo propagatore della fede cristiana nella penisola iberica. Sotto la protezione di Alfonso II <em>el Casto<\/em>, re delle Asturie, tali reliquie cominciarono a diventare meta di pellegrinaggio da tutta Europa, dando vita al celebre <em>cammino di Santiago<\/em>. La costruzione dell&#8217;<a href=\"\/temi\/chiese\/cattedrale-di-santiago-de-compostela\/\" title=\"Cattedrale di Santiago de Compostela\">attuale cattedrale<\/a> (foto) venne avviata nel 1075, ma solo nel 1211 vennero ultimati i lavori. Le pi\u00f9 sostanziose opere di restauro, ampliamento e modifica della cattedrale si registrarono tra il XVI e il XVIII secolo. La cattedrale \u00e8 costruita in pietra da taglio granitica e presenta una pianta a croce latina che occupa una superficie di oltre 8.000 metri quadrati, suddivisa in tre navate. Pur essendo uno dei pi\u00f9 mirabili esempi di arte romanica, l&#8217;interno della cattedrale presenta alcune tracce dello stile barocco, grazie all&#8217;operato di celebri artisti quali <a href=\"#\" class=\"tooltip yellow-tooltip\">Domingo Antonio de Andrade<span>Domingo Antonio de Andrade (1639-1712) fu l&#8217;architetto che pi\u00f9 di ogni altro contribu\u00ec a diffondere l&#8217;arte barocca in Galizia tra XVII e XVIII secolo. Nominato <em>Maestro de Obras<\/em> della cattedrale di Santiago de Compostela nel 1676, Andrade dedic\u00f2 ad essa gli ultimi quarant&#8217;anni della sua vita, e in essa venne sepolto. Fu anche autore di un&#8217;opera erudita, pubblicata a Santiago nel 1695: <em>Excelencias de la Arquitectura<\/em>.<\/span><\/a> e <a href=\"#\" class=\"tooltip yellow-tooltip\">Fernando de Casas Novoa<span>Fernando de Casas Novoa (1670 ca.-1750) \u00e8 uno dei massimi esponenti dell&#8217;architettura barocca spagnola. Successore di Domingo Antonio de Andrade come <em>Maestro de Obras<\/em> della cattedrale di Santiago de Compostela, ne continu\u00f2 l&#8217;opera, seguendone l&#8217;esempio artistico. Oltre che a Santiago, lavor\u00f2 in altri importanti centri della Galizia. Si deve al suo genio la <em>Capilla de la Virgen de los Ojos Grandes<\/em> nella cattedrale di Lugo.<\/span><\/a>. L&#8217;esterno della cattedrale presenta meravigliose facciate, ognuna delle quali si riferisce ad epoche e stili differenti. La facciata dell&#8217;<em>Obradoiro<\/em> (foto) \u00e8 considerata uno dei pi\u00f9 mirabili esempi di arte barocca in Spagna e uno dei simboli non solo della citt\u00e0 di Santiago de Compostela, ma dell&#8217;intera nazione. Da ricordare, infine, la <em>Berenguela<\/em>, nota anche come <em>Torre del Reloj<\/em> o <em>de la Trinidad<\/em>, che venne innalzata di due piani da Domingo Antonio de Andrade tra 1676 e 1680.<\/p>\n<p style=\"text-align: justify\"><a href=\"\/territori\/percorsi-trans-nazionali\/storia-araba-e-gusto-barocco\/il-fiume-guadalete-e-arcos-de-la-frontera\/\"> <\/a><a href=\"\/territori\/percorsi-regionali\/storia-araba-e-gusto-barocco\/il-fiume-guadalete-e-arcos-de-la-frontera\/\" title=\"Il fiume Guadalete e Arcos de la Frontera\">&lt;&lt;&lt;&#8212;pagina precedente<\/a>&nbsp;&nbsp; <a href=\"\/territori\/percorsi-trans-nazionali\/storia-araba-e-gusto-barocco\/cordoba\/\"> <\/a><a href=\"\/territori\/percorsi-regionali\/storia-araba-e-gusto-barocco\/cordoba\/\" title=\"Cordoba\">pagina seguente&#8212;&gt;&gt;&gt;<\/a><\/p>\n<\/div>\n<p><\/p>\n","protected":false},"excerpt":{"rendered":"<p>Santiago de Compostela Sotto il dominio mussulmano, che si sarebbe protratto per secoli, il culto cristiano nella penisola iberica non fu mai completamente scardinato. Risale infatti al IX secolo l&#8217;inizio della lunga storia di una delle chiese e dei luoghi di pellegrinaggio pi\u00f9 famosi e&hellip;<\/p>\n","protected":false},"author":1,"featured_media":0,"parent":6923,"menu_order":0,"comment_status":"closed","ping_status":"closed","template":"","meta":{"footnotes":""},"class_list":["post-6021","page","type-page","status-publish","hentry"],"_links":{"self":[{"href":"https:\/\/digitalhistory.unite.it\/es\/wp-json\/wp\/v2\/pages\/6021","targetHints":{"allow":["GET"]}}],"collection":[{"href":"https:\/\/digitalhistory.unite.it\/es\/wp-json\/wp\/v2\/pages"}],"about":[{"href":"https:\/\/digitalhistory.unite.it\/es\/wp-json\/wp\/v2\/types\/page"}],"author":[{"embeddable":true,"href":"https:\/\/digitalhistory.unite.it\/es\/wp-json\/wp\/v2\/users\/1"}],"replies":[{"embeddable":true,"href":"https:\/\/digitalhistory.unite.it\/es\/wp-json\/wp\/v2\/comments?post=6021"}],"version-history":[{"count":3,"href":"https:\/\/digitalhistory.unite.it\/es\/wp-json\/wp\/v2\/pages\/6021\/revisions"}],"predecessor-version":[{"id":10839,"href":"https:\/\/digitalhistory.unite.it\/es\/wp-json\/wp\/v2\/pages\/6021\/revisions\/10839"}],"up":[{"embeddable":true,"href":"https:\/\/digitalhistory.unite.it\/es\/wp-json\/wp\/v2\/pages\/6923"}],"wp:attachment":[{"href":"https:\/\/digitalhistory.unite.it\/es\/wp-json\/wp\/v2\/media?parent=6021"}],"curies":[{"name":"wp","href":"https:\/\/api.w.org\/{rel}","templated":true}]}}