{"id":6024,"date":"2021-08-20T00:02:50","date_gmt":"2021-08-19T22:02:50","guid":{"rendered":"https:\/\/digitalhistory.unite.it\/murcia\/"},"modified":"2021-11-23T15:27:10","modified_gmt":"2021-11-23T14:27:10","slug":"murcia","status":"publish","type":"page","link":"https:\/\/digitalhistory.unite.it\/es\/territori\/percorsi-regionali\/storia-araba-e-gusto-barocco\/murcia\/","title":{"rendered":"Murcia"},"content":{"rendered":"<h1>Murcia<\/h1>\n<div class=\"testo\">\n<p style=\"text-align: justify\"><img loading=\"lazy\" decoding=\"async\" src=\"https:\/\/digitalhistory.unite.it\/wp-content\/uploads\/2021\/08\/cattedrale_murcia__fileminimizer__251x167.jpg\" alt=\"Catedral Murcia\" width=\"251\" height=\"167\" align=\"left\" \/>Un discorso simile pu\u00f2 essere fatto anche per la citt\u00e0 di <a title=\"Murcia\" href=\"\/territori\/percorsi-regionali\/storia-araba-e-gusto-barocco\/murcia\/murcia\/\">Murcia<\/a> e per la sua cattedrale (foto). Bench\u00e8 la <em>reconquista<\/em> di Murcia fosse stata ultimata gi\u00e0 nel XIII secolo, la costruzione della cattedrale non inizi\u00f2 che oltre un secolo dopo. Inizialmente, come accadde in molte altre citt\u00e0, era stata semplicemente riadattata al culto cristiano l&#8217;antica moschea araba. I lavori di edificazione della nuova chiesa iniziarono nel 1394, sotto il vescovo Fernando de Pedrosa. Consacrata nel 1465 ma effettivamente terminata nel 1467, la chiesa conobbe varie modifiche e aggiunte nei secoli successivi, a volte conseguenza di eventi fortuiti come il grande incendio che nel 1854 distrusse l&#8217;altare maggiore e la postazione del coro. Le origini medievali dell&#8217;edificio sono ben visibili nell&#8217;interno, perfetto esempio di stile gotico. La struttura a tre navate, ognuna di differente altezza e con abside finale, custodisce le spoglie di molti illustri murciani del passato, come lo scrittore del XVII secolo <a class=\"tooltip yellow-tooltip\" href=\"#\">Diego de Saavedra FajardoDiego de Saavedra Fajardo (1584-1648) fu uno scrittore e diplomatico spagnolo. La sua opera pi\u00f9 celebre \u00e8 il trattato <em>Empresas pol\u00edticas o Idea de un pr\u00edncipe pol\u00edtico cristiano representada en cien empresas<\/em>, pubblicato nel 1640. Fu segretario del cardinale Gaspare Borgia e svolse importanti missioni diplomatiche. Era uno dei rappresentanti della Spagna al congresso di pace di M\u00fcnster (1648).<\/a>. Ci\u00f2 che rende la cattedrale di Murcia uno dei pi\u00f9 maestosi esempi di architettura barocca \u00e8 l&#8217;esterno, ed in particolar modo la monumentale facciata in pietra. La precedente facciata, risalente al XVI secolo, venne demolita in seguito ai danni causati dai ripetuti terremoti e inondazioni. L&#8217;architetto <a class=\"tooltip yellow-tooltip\" href=\"#\">Jaime BortJaime Bort y Meli\u00e1 (?-1754) fu un architetto e scultore barocco. La sua opera pi\u00f9 celebre \u00e8 senz&#8217;altro la facciata della cattedrale di Murcia, ricostruita a partire dal 1737 a causa dei ripetuti danni causati da agenti atmosferici e eventi naturali straordinari. Mor\u00ec nel 1754.<\/a> progett\u00f2 una nuova facciata simile ad un grande <em>retablo<\/em> rivolto verso la piazza. I lavori, che si protrassero dal 1737 al 1754, diedero vita ad un perfetto esempio di estetica barocca. Il grande campanile \u00e8 il vero e proprio simbolo, non solo della cattedrale, ma dell&#8217;intera citt\u00e0 di Murcia. Alto 98 metri, la sua costruzione dur\u00f2 quasi tre secoli. Il terzo piano, in stile barocco, venne innalzato a partire dal 1765 dall&#8217;architetto Jos\u00e9 L\u00f3pez.<\/p>\n<p style=\"text-align: justify\"><a title=\"Granada e Jaen\" href=\"\/territori\/percorsi-regionali\/storia-araba-e-gusto-barocco\/granada-e-jaen\/\">&lt;&lt;&lt;&#8212;pagina precedente<\/a>\u00a0\u00a0 <a title=\"Le Alpujarras e la difficile permanenza dei Moriscos\" href=\"\/territori\/percorsi-regionali\/storia-araba-e-gusto-barocco\/le-alpujarras-e-la-difficile-permanenza-dei-moriscos\/\">pagina seguente&#8212;&gt;&gt;&gt;<\/a><\/p>\n<\/div>\n","protected":false},"excerpt":{"rendered":"<p>Murcia Un discorso simile pu\u00f2 essere fatto anche per la citt\u00e0 di Murcia e per la sua cattedrale (foto). Bench\u00e8 la reconquista di Murcia fosse stata ultimata gi\u00e0 nel XIII secolo, la costruzione della cattedrale non inizi\u00f2 che oltre un secolo dopo. Inizialmente, come accadde&hellip;<\/p>\n","protected":false},"author":1,"featured_media":0,"parent":6923,"menu_order":0,"comment_status":"closed","ping_status":"closed","template":"","meta":{"footnotes":""},"class_list":["post-6024","page","type-page","status-publish","hentry"],"_links":{"self":[{"href":"https:\/\/digitalhistory.unite.it\/es\/wp-json\/wp\/v2\/pages\/6024","targetHints":{"allow":["GET"]}}],"collection":[{"href":"https:\/\/digitalhistory.unite.it\/es\/wp-json\/wp\/v2\/pages"}],"about":[{"href":"https:\/\/digitalhistory.unite.it\/es\/wp-json\/wp\/v2\/types\/page"}],"author":[{"embeddable":true,"href":"https:\/\/digitalhistory.unite.it\/es\/wp-json\/wp\/v2\/users\/1"}],"replies":[{"embeddable":true,"href":"https:\/\/digitalhistory.unite.it\/es\/wp-json\/wp\/v2\/comments?post=6024"}],"version-history":[{"count":3,"href":"https:\/\/digitalhistory.unite.it\/es\/wp-json\/wp\/v2\/pages\/6024\/revisions"}],"predecessor-version":[{"id":10837,"href":"https:\/\/digitalhistory.unite.it\/es\/wp-json\/wp\/v2\/pages\/6024\/revisions\/10837"}],"up":[{"embeddable":true,"href":"https:\/\/digitalhistory.unite.it\/es\/wp-json\/wp\/v2\/pages\/6923"}],"wp:attachment":[{"href":"https:\/\/digitalhistory.unite.it\/es\/wp-json\/wp\/v2\/media?parent=6024"}],"curies":[{"name":"wp","href":"https:\/\/api.w.org\/{rel}","templated":true}]}}