{"id":6025,"date":"2021-08-20T00:02:50","date_gmt":"2021-08-19T22:02:50","guid":{"rendered":"https:\/\/digitalhistory.unite.it\/le-alpujarras-e-la-difficile-permanenza-dei-moriscos\/"},"modified":"2021-11-23T15:27:10","modified_gmt":"2021-11-23T14:27:10","slug":"le-alpujarras-e-la-difficile-permanenza-dei-moriscos","status":"publish","type":"page","link":"https:\/\/digitalhistory.unite.it\/es\/territori\/percorsi-regionali\/storia-araba-e-gusto-barocco\/le-alpujarras-e-la-difficile-permanenza-dei-moriscos\/","title":{"rendered":"Le Alpujarras e la difficile permanenza dei Moriscos"},"content":{"rendered":"<h1>Le Alpujarras e la difficile permanenza dei Moriscos <\/h1>\n<div class=\"testo\">\n<p style=\"text-align: justify\"><img loading=\"lazy\" decoding=\"async\" src=\"https:\/\/digitalhistory.unite.it\/wp-content\/uploads\/2021\/08\/alpujarras__fileminimizer__251x167.jpg\" width=\"251\" height=\"167\" alt=\"Alpujarras\" align=\"left\">Una volta assoggettati al dominio castigliano, ebrei e mussulmani conobbero un destino diverso. Gli ebrei che rifiutarono di convertirsi vennero espulsi nel 1492, ma anche coloro che rimasero perch\u00e9 formalmente convertiti al cristianesimo, i cosiddetti <em>Conversos<\/em>, non ebbero vita facile nel corso dei decenni e dei secoli successivi. Gli statuti della <em>Limpieza de Sangre<\/em> imponevano infatti il divieto di occupare posti e incarichi pubblici per tutti coloro che non avessero potuto vantare un &#8220;sangue puro&#8221;, immune da qualsiasi contaminazione con sangue ebraico. Diverso invece il discorso per i mussulmani che ormai da secoli vivevano a <a href=\"\/territori\/percorsi-trans-nazionali\/storia-araba-e-gusto-barocco\/granada-e-jaen\/granada\/\"> <\/a><a href=\"\/territori\/percorsi-regionali\/storia-araba-e-gusto-barocco\/granada-e-jaen\/granada\/\" title=\"Granada\">Granada<\/a> e in tutta l&#8217;Andalusia. Essi si videro inizialmente riconosciuto il diritto di continuare a professare liberamente la propria religione, mantendendo usi e costumi della loro tradizione. Tali pacifiche condizioni di resa vennero per\u00f2 ben presto disattese dalle autorit\u00e0 politiche e religiose castigliane, che imposero una lunga serie di conversioni di massa, dando altrimenti la possibilit\u00e0 ai mussulmani di emigrare verso il Nord Africa. Tale situazione, che port\u00f2 allo scoppio di una prima rivolta delle <a href=\"#\" class=\"tooltip yellow-tooltip\">Alpujarras<span>La regione delle Alpujarras \u00e8 una zona montuosa dell&#8217;Andalusia, attualmente corrispondente a parti delle province di Granada e di Almer\u00eda. In questa impervia regione si rifugi\u00f2 la popolazione mora che in due occasioni (1499-1500 e 1568-1570), dopo la caduta del regno nasride di Granada, si ribell\u00f2 contro il dominio cristiano. In entrambe le occasioni la rivolta fu domata, e dopo la seconda ribellione i <em>Moriscos<\/em> di Granada vennero allontanati dalle loro terre e sparpagliati per tutta la penisola iberica.<\/span><\/a> (foto) nel 1499, si protrasse per alcuni decenni nel corso del Cinquecento, mantendosi stabile grazie alla permissivit\u00e0 con cui, nonostante i formali divieti, le autorit\u00e0 tolleravano che i <a href=\"#\" class=\"tooltip yellow-tooltip\"><em>Moriscos<\/em><span>Con il termine <em>Moriscos<\/em> si designavano i discendenti dei Mori che, dopo la <em>Reconquista<\/em> cristiana, avevano formalmente accettato di convertirsi e di abbandonare l&#8217;Islam. In realt\u00e0, la popolazione <em>morisca<\/em> continu\u00f2 a mantenere i propri usi e costumi tradizionali e a praticare in segreto la religione mussulmana. Dal 1609 fino al 1614, su ordine di Filippo III vennero espulsi dalla penisola iberica tutti i <em>Moriscos<\/em>, all&#8217;incirca 300.000 persone.<\/span><\/a> continuassero a seguire in segreto i dettami della loro religione e tradizione. Nel 1568, in seguito ad un&#8217;ordinanza firmata dal re <a href=\"\/territori\/percorsi-trans-nazionali\/le-plazas-mayores-spagnole-e-il-barocco\/lorigine-e-le-funzioni-delle-plazas-mayores\/filippo-ii-dasburgo\/\"> <\/a><a href=\"\/territori\/percorsi-regionali\/le-plazas-mayores-spagnole-e-il-barocco\/lorigine-e-le-funzioni-delle-plazas-mayores\/filippo-ii-dasburgo\/\" title=\"Filippo II d'Asburgo\">Filippo II<\/a> che riaffermava l&#8217;obbligo per i <em>Moriscos<\/em> di abbandonare usi e costumi tradizionali e di integrarsi a pieno nella societ\u00e0 castigliana, il risentimento della popolazione di origine mussulmana torn\u00f2 a manifestarsi nella secondo rivolta delle Alpujarras, definitivamente domata solo nel 1570. Dopo tale episodio, il re Filippo II prese la decisione di dividere e sparpagliare per tutto il territorio iberico la comunit\u00e0 dei <em>Moriscos<\/em>, ripopolando al contempo il vecchio regno di Granada con coloni cristiani portati da altre regioni.<\/p>\n<p style=\"text-align: justify\"><a href=\"\/territori\/percorsi-trans-nazionali\/storia-araba-e-gusto-barocco\/murcia\/\"> <\/a><a href=\"\/territori\/percorsi-regionali\/storia-araba-e-gusto-barocco\/murcia\/\" title=\"Murcia\">&lt;&lt;&lt;&#8212;pagina precedente<\/a>&nbsp;&nbsp; <a href=\"\/territori\/percorsi-trans-nazionali\/storia-araba-e-gusto-barocco\/lespulsione-dei-moriscos\/\"> <\/a><a href=\"\/territori\/percorsi-regionali\/storia-araba-e-gusto-barocco\/lespulsione-dei-moriscos\/\" title=\"L'espulsione dei Moriscos\">pagina seguente&#8212;&gt;&gt;&gt;<\/a><\/p>\n<\/div>\n<p><\/p>\n","protected":false},"excerpt":{"rendered":"<p>Le Alpujarras e la difficile permanenza dei Moriscos Una volta assoggettati al dominio castigliano, ebrei e mussulmani conobbero un destino diverso. Gli ebrei che rifiutarono di convertirsi vennero espulsi nel 1492, ma anche coloro che rimasero perch\u00e9 formalmente convertiti al cristianesimo, i cosiddetti Conversos, non&hellip;<\/p>\n","protected":false},"author":1,"featured_media":0,"parent":6923,"menu_order":0,"comment_status":"closed","ping_status":"closed","template":"","meta":{"footnotes":""},"class_list":["post-6025","page","type-page","status-publish","hentry"],"_links":{"self":[{"href":"https:\/\/digitalhistory.unite.it\/es\/wp-json\/wp\/v2\/pages\/6025","targetHints":{"allow":["GET"]}}],"collection":[{"href":"https:\/\/digitalhistory.unite.it\/es\/wp-json\/wp\/v2\/pages"}],"about":[{"href":"https:\/\/digitalhistory.unite.it\/es\/wp-json\/wp\/v2\/types\/page"}],"author":[{"embeddable":true,"href":"https:\/\/digitalhistory.unite.it\/es\/wp-json\/wp\/v2\/users\/1"}],"replies":[{"embeddable":true,"href":"https:\/\/digitalhistory.unite.it\/es\/wp-json\/wp\/v2\/comments?post=6025"}],"version-history":[{"count":3,"href":"https:\/\/digitalhistory.unite.it\/es\/wp-json\/wp\/v2\/pages\/6025\/revisions"}],"predecessor-version":[{"id":10836,"href":"https:\/\/digitalhistory.unite.it\/es\/wp-json\/wp\/v2\/pages\/6025\/revisions\/10836"}],"up":[{"embeddable":true,"href":"https:\/\/digitalhistory.unite.it\/es\/wp-json\/wp\/v2\/pages\/6923"}],"wp:attachment":[{"href":"https:\/\/digitalhistory.unite.it\/es\/wp-json\/wp\/v2\/media?parent=6025"}],"curies":[{"name":"wp","href":"https:\/\/api.w.org\/{rel}","templated":true}]}}