{"id":6030,"date":"2021-08-20T00:02:51","date_gmt":"2021-08-19T22:02:51","guid":{"rendered":"https:\/\/digitalhistory.unite.it\/bugnara\/"},"modified":"2021-11-23T15:26:59","modified_gmt":"2021-11-23T14:26:59","slug":"bugnara","status":"publish","type":"page","link":"https:\/\/digitalhistory.unite.it\/es\/territori\/percorsi-regionali\/il-barocco-in-provincia-de-laquila\/bugnara\/","title":{"rendered":"Bugnara"},"content":{"rendered":"<h1>Bugnara <\/h1>\n<div class=\"testo\">\n<p style=\"text-align: justify\"><img loading=\"lazy\" decoding=\"async\" src=\"https:\/\/digitalhistory.unite.it\/wp-content\/uploads\/2021\/08\/bugnara_buono__fileminimizer__226x302.jpg\" width=\"226\" height=\"302\" alt=\"Bugnara\" align=\"left\">Confinante con il comune di Sulmona, Bugnara \u00e8 un centro abitato con poco pi\u00f9 di mille abitanti, inserito nella lista dei <em>borghi pi\u00f9 belli d&#8217;Italia<\/em>. Come nel caso di Sulmona, il volto del paese \u00e8 stato duramente colpito dai ripetuti eventi sismici, ma nonostante ci\u00f2 esso conserva tuttora tracce evidenti di quell&#8217;arte barocca che \u00e8 invece quasi del tutto scomparsa nelle altre zone della regione Abruzzo. La chiesa della Madonna del Rosario (foto) \u00e8 stata riaperta al culto nel dicembre 2000 dopo una lunga fase di lavori di restauro che le hanno restituito molti aspetti e caratteristiche che erano andati perduti nel corso dei secoli. In particolare, sono stati recuperati gli apparati decorativi realizzati tra la fine del XVII e gli inizi del XVIII secolo, restituendo in tal modo alla chiesa la sua apparenza barocca. Essa costituisce inoltre un&#8217;ulteriore prova della presenza, nell&#8217;Abruzzo d&#8217;et\u00e0 moderna, di artisti e maestranze provenienti da altre zone d&#8217;Italia, in particolare <a href=\"\/territori\/percorsi-regionali\/il-barocco-in-provincia-de-laquila\/bugnara\/napoli\/\"> Napoli<\/a>, Roma e la Lombardia. L&#8217;apparato decorativo \u00e8 caratterizzato da questa compresenza di apporti e di influenze, cui va aggiunto il merito di essere uno dei pochi complessi realizzati nei primi anni del Settecento e sopravvissuti ai fattori naturali, principalmente terremoti, e ai numerosi tentativi di sovrapposizione di differenti stili artistici in voga nei secoli successivi. Particolarmente significativo in questo discorso \u00e8 l&#8217;altare maggiore, esempio lampante di arte barocca in cui \u00e8 evidente l&#8217;influenza di <a href=\"\/territori\/percorsi-regionali\/il-barocco-in-provincia-de-laquila\/bugnara\/gian-lorenzo-bernini\/\"> Bernini<\/a>, del Seicento romano, ma anche di <a href=\"\/territori\/percorsi-urbani\/cosimo-fanzago-e-la-napoli-barocca\/\" title=\"Cosimo Fanzago e la Napoli barocca\">Cosimo Fanzago<\/a>, presente, come si vedr\u00e0, nel contesto di Pescocostanzo. Il tocco dei maestri lombardi \u00e8 invece visibile in altri particolari, ad esempio nelle figure in rilievo, rare in Abruzzo ma abituali in contesti mitteleuropei, sui pilastri e nei piedritti degli altari.<\/p>\n<p style=\"text-align: justify\"><a href=\"\/territori\/percorsi-regionali\/il-barocco-in-provincia-de-laquila\/sulmona-2\/\"> &lt;&lt;&lt;&#8212;pagina precedente<\/a>&nbsp;&nbsp; <a href=\"\/territori\/percorsi-regionali\/il-barocco-in-provincia-de-laquila\/scanno\/\"> pagina seguente&#8212;&gt;&gt;&gt;<\/a><\/p>\n<\/div>\n<p><\/p>\n","protected":false},"excerpt":{"rendered":"<p>Bugnara Confinante con il comune di Sulmona, Bugnara \u00e8 un centro abitato con poco pi\u00f9 di mille abitanti, inserito nella lista dei borghi pi\u00f9 belli d&#8217;Italia. Come nel caso di Sulmona, il volto del paese \u00e8 stato duramente colpito dai ripetuti eventi sismici, ma nonostante&hellip;<\/p>\n","protected":false},"author":1,"featured_media":0,"parent":6929,"menu_order":0,"comment_status":"closed","ping_status":"closed","template":"","meta":{"footnotes":""},"class_list":["post-6030","page","type-page","status-publish","hentry"],"_links":{"self":[{"href":"https:\/\/digitalhistory.unite.it\/es\/wp-json\/wp\/v2\/pages\/6030","targetHints":{"allow":["GET"]}}],"collection":[{"href":"https:\/\/digitalhistory.unite.it\/es\/wp-json\/wp\/v2\/pages"}],"about":[{"href":"https:\/\/digitalhistory.unite.it\/es\/wp-json\/wp\/v2\/types\/page"}],"author":[{"embeddable":true,"href":"https:\/\/digitalhistory.unite.it\/es\/wp-json\/wp\/v2\/users\/1"}],"replies":[{"embeddable":true,"href":"https:\/\/digitalhistory.unite.it\/es\/wp-json\/wp\/v2\/comments?post=6030"}],"version-history":[{"count":3,"href":"https:\/\/digitalhistory.unite.it\/es\/wp-json\/wp\/v2\/pages\/6030\/revisions"}],"predecessor-version":[{"id":10716,"href":"https:\/\/digitalhistory.unite.it\/es\/wp-json\/wp\/v2\/pages\/6030\/revisions\/10716"}],"up":[{"embeddable":true,"href":"https:\/\/digitalhistory.unite.it\/es\/wp-json\/wp\/v2\/pages\/6929"}],"wp:attachment":[{"href":"https:\/\/digitalhistory.unite.it\/es\/wp-json\/wp\/v2\/media?parent=6030"}],"curies":[{"name":"wp","href":"https:\/\/api.w.org\/{rel}","templated":true}]}}