{"id":6033,"date":"2021-08-20T00:02:51","date_gmt":"2021-08-19T22:02:51","guid":{"rendered":"https:\/\/digitalhistory.unite.it\/castel-di-sangro\/"},"modified":"2021-11-23T15:26:59","modified_gmt":"2021-11-23T14:26:59","slug":"castel-di-sangro","status":"publish","type":"page","link":"https:\/\/digitalhistory.unite.it\/es\/territori\/percorsi-regionali\/il-barocco-in-provincia-de-laquila\/castel-di-sangro\/","title":{"rendered":"Castel di Sangro"},"content":{"rendered":"<h1>Castel di Sangro <\/h1>\n<div class=\"testo\">\n<p style=\"text-align: justify\"><img loading=\"lazy\" decoding=\"async\" src=\"https:\/\/digitalhistory.unite.it\/wp-content\/uploads\/2021\/08\/castel_di_sangro_251x192.jpg\" width=\"251\" height=\"192\" alt=\"Castel di Sangro\" align=\"left\">Castel di Sangro, l&#8217;antica Aufidena dei Sanniti, vanta anch&#8217;essa un passato di benessere economico e di importanza politica. La ricchezza della citt\u00e0 si basava principalmente sulla florida produzione di lana e ferro, su un&#8217;attivit\u00e0 pastorizia tra le pi\u00f9 fiorenti dell&#8217;intero <a href=\"\/territori\/percorsi-regionali\/il-barocco-in-provincia-de-laquila\/castel-di-sangro\/regno-di-napoli\/\"> regno di Napoli<\/a> e sulla rilevanza delle numerose fiere mercantili. Testimonianza del ruolo riconosciuto a Castel di Sangro fu il conferimento del titolo di Citt\u00e0 concesso, il 20 ottobre 1744, dal re <a href=\"\/territori\/percorsi-trans-nazionali\/le-plazas-mayores-spagnole-e-il-barocco\/altri-esempi-burgos-e-plasencia\/carlo-iii-di-borbone\/\"> <\/a><a href=\"\/territori\/percorsi-regionali\/le-plazas-mayores-spagnole-e-il-barocco\/altri-esempi-burgos-e-plasencia\/carlo-iii-di-borbone\/\" title=\"Carlo III di Borbone\">Carlo III di Borbone<\/a>. All&#8217;interno del tessuto urbano risalta, come significativo esempio di gusto barocco, la Basilica di Santa Maria Assunta (foto). Intarsi marmorei di grande eleganza, pregevoli sculture lignee e imponenti tele caratterizzano l&#8217;interno della chiesa. I dipinti, in particolare, testimoniano la presenza in Abruzzo, nel corso del Settecento, di numerosi artisti di scuola napoletana. <a href=\"\/territori\/percorsi-regionali\/il-barocco-in-provincia-de-laquila\/castel-di-sangro\/domenico-antonio-vaccaro\/\"> Domenico Antonio Vaccaro<\/a> \u00e8 l&#8217;autore della <em>Nativit\u00e0<\/em> e del <em>Ges\u00f9 tra i dottori<\/em>, ma accanto a lui figurano anche le tele di <a href=\"\/territori\/percorsi-regionali\/il-barocco-in-provincia-de-laquila\/castel-di-sangro\/paolo-de-matteis\/\"> Paolo De Matteis<\/a> (l&#8217;<em>Ultima<\/em> <em>Cena<\/em> e la <em>Madonna col Bambino e Santi<\/em>), <a href=\"#\" class=\"tooltip yellow-tooltip\">Santolo Cirillo<span>Santolo Cirillo (1689-1755) \u00e8 uno fra i pi\u00f9 originali fra i pittori cosiddetti minori attivi a Napoli e nel resto dell&#8217;Italia meridionale durante il XVIII secolo. Il suo talento \u00e8 ben visibile nella Basilica di San Tammaro di Grumo Nevano, il suo paese natale, ma suoi affreschi sono anche conservati nel duomo di Napoli e nella cattedrale di Capua. Figura ancora da studiare in profondit\u00e0, sono state individuate sue opere anche al di fuori della Campania, ad esempio a Fermo e a Castel di Sangro.<\/span><\/a> (il <em>Serpente di Bronzo<\/em> e il <em>Miracolo della manna<\/em>) e <a href=\"#\" class=\"tooltip yellow-tooltip\">Francesco de Mura<span>Largamente influenzato dall&#8217;arte e dalla tecnica di Francesco Solimena e di Luca Giordano, Francesco de Mura (1696-1782) \u00e8 comunque uno dei massimi esponenti del barocco napoletano settecentesco. Tra le sue opere, gli affreschi dei palazzi reali di Torino (dove soggiorn\u00f2 dal 1741 al 1743) e di Napoli, l&#8217;<em>Epifania<\/em> nella Nunziatella a Napoli, la decorazione della Chiesa di Santa Chiara a Napoli e la <em>Moltiplicazione dei pani<\/em> nella cattedrale di Foggia.<\/span><\/a> (<em>Ges\u00f9 dinanzi a Pilato<\/em> e la <em>Salita al calvario<\/em>). Alla scuola napoletana sono riconducibili anche le numerose sculture lignee conservate nella basilica, attribuite a Giacomo Colombo e Paolo Saverio di Zinno. Colombo, attivo a cavallo tra XVII e XVIII secolo, fu allievo di Francesco Solimena, anche se nella sua opera sono evidenti le influenze di Vaccaro e Fanzago. I prodotti della sua maestria sono oggi visibili in tutte le province dell&#8217;antico regno di Napoli. Paolo Saverio di Zinno, nativo di Campobasso, fu allievo di Colombo e oper\u00f2, soprattutto in Abruzzo e Molise, per tutto il corso del Settecento.<\/p>\n<p style=\"text-align: justify\"><a href=\"\/territori\/percorsi-regionali\/il-barocco-in-provincia-de-laquila\/pescocostanzo\/\"> &lt;&lt;&lt;&#8212;pagina precedente<\/a>&nbsp;&nbsp; <a href=\"\/territori\/percorsi-regionali\/\">torna all&#8217;indice&#8212;&gt;&gt;&gt;<\/a><\/p>\n<\/div>\n<p><\/p>\n","protected":false},"excerpt":{"rendered":"<p>Castel di Sangro Castel di Sangro, l&#8217;antica Aufidena dei Sanniti, vanta anch&#8217;essa un passato di benessere economico e di importanza politica. La ricchezza della citt\u00e0 si basava principalmente sulla florida produzione di lana e ferro, su un&#8217;attivit\u00e0 pastorizia tra le pi\u00f9 fiorenti dell&#8217;intero regno di&hellip;<\/p>\n","protected":false},"author":1,"featured_media":0,"parent":6929,"menu_order":0,"comment_status":"closed","ping_status":"closed","template":"","meta":{"footnotes":""},"class_list":["post-6033","page","type-page","status-publish","hentry"],"_links":{"self":[{"href":"https:\/\/digitalhistory.unite.it\/es\/wp-json\/wp\/v2\/pages\/6033","targetHints":{"allow":["GET"]}}],"collection":[{"href":"https:\/\/digitalhistory.unite.it\/es\/wp-json\/wp\/v2\/pages"}],"about":[{"href":"https:\/\/digitalhistory.unite.it\/es\/wp-json\/wp\/v2\/types\/page"}],"author":[{"embeddable":true,"href":"https:\/\/digitalhistory.unite.it\/es\/wp-json\/wp\/v2\/users\/1"}],"replies":[{"embeddable":true,"href":"https:\/\/digitalhistory.unite.it\/es\/wp-json\/wp\/v2\/comments?post=6033"}],"version-history":[{"count":3,"href":"https:\/\/digitalhistory.unite.it\/es\/wp-json\/wp\/v2\/pages\/6033\/revisions"}],"predecessor-version":[{"id":10719,"href":"https:\/\/digitalhistory.unite.it\/es\/wp-json\/wp\/v2\/pages\/6033\/revisions\/10719"}],"up":[{"embeddable":true,"href":"https:\/\/digitalhistory.unite.it\/es\/wp-json\/wp\/v2\/pages\/6929"}],"wp:attachment":[{"href":"https:\/\/digitalhistory.unite.it\/es\/wp-json\/wp\/v2\/media?parent=6033"}],"curies":[{"name":"wp","href":"https:\/\/api.w.org\/{rel}","templated":true}]}}