{"id":6044,"date":"2021-08-20T00:02:53","date_gmt":"2021-08-19T22:02:53","guid":{"rendered":"https:\/\/digitalhistory.unite.it\/stilo\/"},"modified":"2021-11-23T15:27:05","modified_gmt":"2021-11-23T14:27:05","slug":"stilo","status":"publish","type":"page","link":"https:\/\/digitalhistory.unite.it\/es\/territori\/percorsi-regionali\/calabria\/stilo\/","title":{"rendered":"Stilo"},"content":{"rendered":"<h1>Stilo <\/h1>\n<div class=\"testo\">\n<p style=\"text-align: justify\"><img loading=\"lazy\" decoding=\"async\" src=\"https:\/\/digitalhistory.unite.it\/wp-content\/uploads\/2021\/08\/stilo_dal_consolino__fileminimizer__252x189.jpg\" width=\"252\" height=\"189\" alt=\"Stilo\" align=\"left\">Tra i pi\u00f9 celebri calabresi di et\u00e0 moderna, Tommaso Campanella nacque a Stilo il 5 settembre 1568. Entrato ancora bambino nell&#8217;<a href=\"\/territori\/percorsi-urbani\/lecce-la-citta-simbolo-del-barocco\/zimbalo\/domenicani\/\" title=\"Domenicani\">Ordine domenicano<\/a>, condusse i suoi studi in terra calabrese, tra <a href=\"#\" class=\"tooltip yellow-tooltip\">San Giorgio Morgeto<span>Situato nell&#8217;attuale provincia di Reggio Calabria, San Giorgio Morgeto \u00e8 un piccolo centro di fondazione bizantina, feudo della famiglia Milano a partire dal 1560. Il locale convento dei Domenicani, fondato nel XV secolo, era luogo di insegnamento per discipline teologiche e filosofiche, dove si form\u00f2 anche Tommaso Campanella. Gravemente danneggiata dal terremoto del 1783, San Giorgio Morgeto perse alcuni dei suoi luoghi pi\u00f9 rappresentativi. Lo stesso convento dei Domenicani venne ricostruito in forme barocche.<\/span><\/a>, <a href=\"#\" class=\"tooltip yellow-tooltip\">Nicastro<span>Nicastro \u00e8 stato un comune autonomo fino al 1968, quando si \u00e8 fuso con Sambiase e Sant&#8217;Eufemia Lamezia dando vita al comune di Lamezia Terme, di cui \u00e8 ora il quartiere pi\u00f9 popoloso. Di fondazione bizantina, Nicastro \u00e8 celebre in et\u00e0 moderna soprattutto per essere stata teatro per alcuni anni degli studi di Tommaso Campanella, che da parte sua ricord\u00f2 con affetto Nicastro in alcuni passi del <em>De sensu rerum et magia<\/em>.<\/span><\/a> e <a href=\"\/territori\/percorsi-regionali\/calabria\/montalto-uffugo\/cosenza\/\" title=\"Cosenza\">Cosenza<\/a>. Campanella tuttavia trov\u00f2 la sua strada soprattutto nello studio personale di particolari autori classici (come Platone, Galeno, Democrito e Plinio) e del filosofo cosentino <a href=\"#\" class=\"tooltip yellow-tooltip\">Bernardino Telesio<span>Bernardino Telesio (1509-88) nacque e mor\u00ec a Cosenza. Filosofo, il suo naturalismo influenz\u00f2 pensatori quali Tommaso Campanella, Giordano Bruno, Cartesio e Francis Bacon. Nel suo pensiero, le forze della natura sono all&#8217;origine di tutti i fenomeni e anche della conoscenza e della vita etica dell&#8217;uomo. La sua opera principale \u00e8 il <em>De rerum natura iuxta propria principia<\/em> (1565-1586).<\/span><\/a>. Partendo dal naturalismo e dal sensismo di Telesio, Campanella arriv\u00f2 ad una peculiare sintesi con il neoplatonismo, espressa in opere come la <em>Philosophia sensibus demonstrata<\/em> (1591) e il <em>De sensu rerum et magia<\/em> (1620). Tuttavia, la fama del frate domenicano \u00e8 legata soprattutto alla <em>Citt\u00e0 del Sole<\/em> (1602), opera di carattere utopico che descrive una citt\u00e0 ideale, comunista e teocratica, guidata da un re-sacerdote dedito al culto del dio Sole. La vicenda personale di Campanella \u00e8 inoltre specchio della condizione della Calabria in et\u00e0 barocca per due aspetti: la costante attenzione di cui furono oggetto le sue idee da parte delle autorit\u00e0 ecclesiastiche, attente ad ogni forma di eresia nel clima della <a href=\"\/temi\/feste-e-rituali\/la-settimana-santa-di-siviglia\/la-storia-antica-della-settimana-santa-di-siviglia\/controriforma\/\" title=\"Controriforma\">Controriforma<\/a>, e il tentativo di porsi a capo di una congiura, nel 1599, contro il potere spagnolo, gli abusi della nobilt\u00e0 e la gerarchia ecclesiastica. Pi\u00f9 volte arrestato, torturato e processato (si finse pazzo per sfuggire alla condanna a morte), Campanella trascorse 27 anni di carcere a <a href=\"\/territori\/percorsi-regionali\/il-barocco-in-provincia-de-laquila\/bugnara\/napoli\/\" title=\"Napoli\">Napoli<\/a>, poi altri tre a Roma presso il Sant&#8217;Uffizio. Dopo aver vissuto per cinque anni a Roma grazie al favore di <a href=\"\/temi\/conservatori\/quarantore\/urbano-viii\/\" title=\"Urbano VIII\">Urbano VIII<\/a>, a partire dal 1633 si stabil\u00ec a Parigi, sotto la protezione di <a href=\"\/territori\/percorsi-regionali\/calabria\/stilo\/luigi-xiii-di-borbone\/\" title=\"Luigi XIII di Borbone\">Luigi XIII<\/a> e del <a href=\"\/territori\/percorsi-regionali\/calabria\/stilo\/richelieu\/\" title=\"Richelieu\">cardinal Richelieu<\/a>, sino alla morte, il 21 maggio 1639.<\/p>\n<p style=\"text-align: justify\">Stilo, citt\u00e0 natale di Campanella, ha perso gran parte del suo aspetto barocco in seguito al terremoto del 1783. Rimangono la Chiesa di San Biagio al Borgo (dove il filosofo venne battezzato), di San Domenico (dove Campanella visse e scrisse alcune delle sue opere) e di San Francesco, la cui facciata \u00e8 un efficace esempio di arte barocca e di fronte al quale \u00e8 stata posto un monumento in onore di Campanella. A testimonianza della capillare presenza degli <a href=\"\/territori\/percorsi-urbani\/lecce-la-citta-simbolo-del-barocco\/piazza-santoronzo\/ordini-religiosi\/\" title=\"Ordini religiosi\">Ordini religiosi<\/a> nella Calabria d&#8217;et\u00e0 barocca, si segnalano la chiesa dei Cappuccini e quella di Santa Chiara, con annesso convento delle Clarisse.<\/p>\n<p style=\"text-align: justify\"><a href=\"\/territori\/percorsi-regionali\/calabria\/serra-san-bruno\/\" title=\"Serra San Bruno\">&lt;&lt;&lt;&#8212;pagina precedente<\/a>&nbsp;&nbsp; <a href=\"\/territori\/percorsi-regionali\/calabria\/paola\/\" title=\"Paola\">pagina seguente&#8212;&gt;&gt;&gt;<\/a><\/p>\n<\/div>\n<p><\/p>\n","protected":false},"excerpt":{"rendered":"<p>Stilo Tra i pi\u00f9 celebri calabresi di et\u00e0 moderna, Tommaso Campanella nacque a Stilo il 5 settembre 1568. Entrato ancora bambino nell&#8217;Ordine domenicano, condusse i suoi studi in terra calabrese, tra San Giorgio MorgetoSituato nell&#8217;attuale provincia di Reggio Calabria, San Giorgio Morgeto \u00e8 un piccolo&hellip;<\/p>\n","protected":false},"author":1,"featured_media":0,"parent":6940,"menu_order":0,"comment_status":"closed","ping_status":"closed","template":"","meta":{"footnotes":""},"class_list":["post-6044","page","type-page","status-publish","hentry"],"_links":{"self":[{"href":"https:\/\/digitalhistory.unite.it\/es\/wp-json\/wp\/v2\/pages\/6044","targetHints":{"allow":["GET"]}}],"collection":[{"href":"https:\/\/digitalhistory.unite.it\/es\/wp-json\/wp\/v2\/pages"}],"about":[{"href":"https:\/\/digitalhistory.unite.it\/es\/wp-json\/wp\/v2\/types\/page"}],"author":[{"embeddable":true,"href":"https:\/\/digitalhistory.unite.it\/es\/wp-json\/wp\/v2\/users\/1"}],"replies":[{"embeddable":true,"href":"https:\/\/digitalhistory.unite.it\/es\/wp-json\/wp\/v2\/comments?post=6044"}],"version-history":[{"count":3,"href":"https:\/\/digitalhistory.unite.it\/es\/wp-json\/wp\/v2\/pages\/6044\/revisions"}],"predecessor-version":[{"id":10782,"href":"https:\/\/digitalhistory.unite.it\/es\/wp-json\/wp\/v2\/pages\/6044\/revisions\/10782"}],"up":[{"embeddable":true,"href":"https:\/\/digitalhistory.unite.it\/es\/wp-json\/wp\/v2\/pages\/6940"}],"wp:attachment":[{"href":"https:\/\/digitalhistory.unite.it\/es\/wp-json\/wp\/v2\/media?parent=6044"}],"curies":[{"name":"wp","href":"https:\/\/api.w.org\/{rel}","templated":true}]}}