{"id":6046,"date":"2021-08-20T00:02:53","date_gmt":"2021-08-19T22:02:53","guid":{"rendered":"https:\/\/digitalhistory.unite.it\/catanzaro\/"},"modified":"2021-11-23T15:27:04","modified_gmt":"2021-11-23T14:27:04","slug":"catanzaro","status":"publish","type":"page","link":"https:\/\/digitalhistory.unite.it\/es\/territori\/percorsi-regionali\/calabria\/catanzaro\/","title":{"rendered":"Cittanova e Catanzaro"},"content":{"rendered":"<h1>Cittanova e Catanzaro <\/h1>\n<div class=\"testo\">\n<p style=\"text-align: justify\"><img loading=\"lazy\" decoding=\"async\" src=\"https:\/\/digitalhistory.unite.it\/wp-content\/uploads\/2021\/08\/catanzaro_251x169.jpg\" width=\"251\" height=\"169\" alt=\"Catanzaro\" align=\"left\">Durante l&#8217;et\u00e0 barocca vennero fondate alcune citt\u00e0 che ancora oggi permangono sulla cartina politico-amministrativa della Calabria. Palmi (fondata con il nome Carlopoli), Isola, Pianopoli (fondata come Feroleto Inferiore), Giffone, Carlopoli e Piminoro costituiscono alcuni esempi, assieme al centro abitato di Cittanova. Casalenuovo (questo era il suo nome originario, cambiato nella seconda met\u00e0 del XIX secolo) venne costruita a partire dal 1616 su ordine del feudatario Girolamo Grimaldi, obbligato a garantire un nuovo abitato ai contadini alle sue dipendenze, fuggiti dal precedente villaggio a seguito di terremoti e pestilenze. Cittanova crebbe in estensione e in popolazione lungo il corso del Settecento, ma gli eventi sismici di fine secolo obbligarono a ricostruire in gran parte la citt\u00e0. I centri gi\u00e0 esistenti subirono comunque importanti modifiche nel periodo barocco, dovute agli eventi naturali, alle necessit\u00e0 di difesa (soprattutto le citt\u00e0 costiere sottoposte agli attacchi dei pirati), all&#8217;espansione degli <a href=\"\/territori\/percorsi-urbani\/lecce-la-citta-simbolo-del-barocco\/piazza-santoronzo\/ordini-religiosi\/\" title=\"Ordini religiosi\">Ordini religiosi<\/a> in seguito al <a href=\"\/territori\/percorsi-urbani\/lecce-la-citta-simbolo-del-barocco\/piazza-santoronzo\/concilio-di-trento\/\" title=\"Concilio di Trento\">Concilio di Trento<\/a>, o anche a famiglie di recente nobilitazione che fecero erigere palazzi e edifici religiosi nei loro nuovi feudi (di ci\u00f2 rimane traccia soprattutto nei centri pi\u00f9 piccoli). Catanzaro (foto), ad esempio, fu per tutta l&#8217;et\u00e0 moderna un fiorente centro di produzione della seta, che godeva per questo di privilegi e statuti: in particolare, nel marzo 1519, <a href=\"\/territori\/percorsi-regionali\/le-plazas-mayores-spagnole-e-il-barocco\/la-plaza-de-la-corredera-di-cordoba\/carlo-v-dasburgo\/\" title=\"Carlo V d'Asburgo\">Carlo V<\/a> autorizz\u00f2 la creazione del Consolato dell&#8217;Arte della Seta. Lo stesso imperatore concesse alla citt\u00e0 il diritto di fregiarsi dell&#8217;aquila e del motto <em>Sanguinis effusione<\/em> per l&#8217;eroica resistenza mostrata contro le truppe franco-venete guidate dal <a href=\"\/territori\/percorsi-regionali\/calabria\/catanzaro\/lautrec\/\" title=\"Lautrec\">Lautrec<\/a> nel 1528. Protagonista anche della <a href=\"\/territori\/percorsi-urbani\/cosimo-fanzago-e-la-napoli-barocca\/fanzago-e-la-rivolta-di-masaniello\/\" title=\"Fanzago e la rivolta di Masaniello\">stagione rivoluzionaria del 1647-48<\/a>, quando il popolo minuto insorse al grido di <em>Fuori le gabelle<\/em>, Catanzaro cambi\u00f2 il suo aspetto soprattutto in seguito all&#8217;insediamento, tra XVI e XVII secolo, di molti Ordini religiosi. I <a href=\"\/territori\/percorsi-urbani\/lecce-la-citta-simbolo-del-barocco\/seminario\/compagnia-di-gesu\/\" title=\"Compagnia di Ges\u00f9\">Gesuiti<\/a> arrivarono in citt\u00e0 nel 1560, ma del loro passaggio non resta molto: il collegio di Catanzaro venne infatti abbattuto nella seconda met\u00e0 del XIX secolo.<\/p>\n<p style=\"text-align: justify\"><a href=\"\/territori\/percorsi-regionali\/calabria\/paola\/\" title=\"Paola\">&lt;&lt;&lt;&#8212;pagina precedente<\/a>&nbsp;&nbsp; <a href=\"\/territori\/percorsi-regionali\/\" title=\"Percorsi regionali\">torna all&#8217;indice&#8212;&gt;&gt;&gt;<\/a><\/p>\n<\/div>\n<p><\/p>\n","protected":false},"excerpt":{"rendered":"<p>Cittanova e Catanzaro Durante l&#8217;et\u00e0 barocca vennero fondate alcune citt\u00e0 che ancora oggi permangono sulla cartina politico-amministrativa della Calabria. Palmi (fondata con il nome Carlopoli), Isola, Pianopoli (fondata come Feroleto Inferiore), Giffone, Carlopoli e Piminoro costituiscono alcuni esempi, assieme al centro abitato di Cittanova. Casalenuovo&hellip;<\/p>\n","protected":false},"author":1,"featured_media":0,"parent":6940,"menu_order":0,"comment_status":"closed","ping_status":"closed","template":"","meta":{"footnotes":""},"class_list":["post-6046","page","type-page","status-publish","hentry"],"_links":{"self":[{"href":"https:\/\/digitalhistory.unite.it\/es\/wp-json\/wp\/v2\/pages\/6046","targetHints":{"allow":["GET"]}}],"collection":[{"href":"https:\/\/digitalhistory.unite.it\/es\/wp-json\/wp\/v2\/pages"}],"about":[{"href":"https:\/\/digitalhistory.unite.it\/es\/wp-json\/wp\/v2\/types\/page"}],"author":[{"embeddable":true,"href":"https:\/\/digitalhistory.unite.it\/es\/wp-json\/wp\/v2\/users\/1"}],"replies":[{"embeddable":true,"href":"https:\/\/digitalhistory.unite.it\/es\/wp-json\/wp\/v2\/comments?post=6046"}],"version-history":[{"count":3,"href":"https:\/\/digitalhistory.unite.it\/es\/wp-json\/wp\/v2\/pages\/6046\/revisions"}],"predecessor-version":[{"id":10773,"href":"https:\/\/digitalhistory.unite.it\/es\/wp-json\/wp\/v2\/pages\/6046\/revisions\/10773"}],"up":[{"embeddable":true,"href":"https:\/\/digitalhistory.unite.it\/es\/wp-json\/wp\/v2\/pages\/6940"}],"wp:attachment":[{"href":"https:\/\/digitalhistory.unite.it\/es\/wp-json\/wp\/v2\/media?parent=6046"}],"curies":[{"name":"wp","href":"https:\/\/api.w.org\/{rel}","templated":true}]}}