{"id":6071,"date":"2021-08-20T00:02:56","date_gmt":"2021-08-19T22:02:56","guid":{"rendered":"https:\/\/digitalhistory.unite.it\/fratelli-carducho\/"},"modified":"2021-11-23T15:27:16","modified_gmt":"2021-11-23T14:27:16","slug":"fratelli-carducho","status":"publish","type":"page","link":"https:\/\/digitalhistory.unite.it\/es\/territori\/percorsi-trans-nazionali\/pittura-barocca\/fratelli-carducho\/","title":{"rendered":"Alle origini della pittura del Siglo de Oro: cultura italiana e primo naturalismo spagnolo. I fratelli Bartolom\u00e9 e Vicente Carducho"},"content":{"rendered":"<h1>Alle origini della pittura del Siglo de Oro: cultura italiana e primo naturalismo spagnolo. I fratelli Bartolom\u00e9 e Vicente Carducho <\/h1>\n<div class=\"testo\">\n<p style=\"text-align: justify\"><img loading=\"lazy\" decoding=\"async\" src=\"https:\/\/digitalhistory.unite.it\/wp-content\/uploads\/2021\/08\/vicente_carducho_001_342x492.jpg\" width=\"342\" height=\"492\" alt=\"Vicente Carducho\" align=\"left\">Negli ultimi decenni del Cinquecento <a href=\"\/territori\/percorsi-regionali\/le-plazas-mayores-spagnole-e-il-barocco\/lorigine-e-le-funzioni-delle-plazas-mayores\/filippo-ii-dasburgo\/\" title=\"Filippo II d'Asburgo\">Filippo II<\/a> tent\u00f2 di dare vita a un&#8217;arte austera, ricca di&nbsp; fervore devozionale, che traducesse i dettami della <a href=\"\/temi\/feste-e-rituali\/la-settimana-santa-di-siviglia\/la-storia-antica-della-settimana-santa-di-siviglia\/controriforma\/\" title=\"Controriforma\">Riforma Cattolica<\/a>. La sincera religiosit\u00e0 del sovrano spagnolo, che si fondava su un profondo amore per la concretezza, favor\u00ec la nascita di una pittura realista, emozionante e talvolta profondamente visionaria. Il soggetto religioso venne tradotto dagli artisti con un&#8217;immediatezza e un&#8217;attenzione per il quotidiano che rispettavano pienamente i precetti della Chiesa. L&#8217;arte spagnola del periodo&nbsp;\u00e8 dunque caratterizzata da tratti fortemente realistici, desunti dal naturalismo tenebrista italiano. Al monastero dell&#8217;Escorial Filippo II, cosciente dell&#8217;importanza di proporre un&#8217;arte dogmatica e pedagogica, fece convergere pittori italiani e spagnoli che, aderendo a severi programmi di verosimiglianza, compostezza e decoro, determinarono la creazione di uno stile realistico e di stretta osservanza che viene indicato come primo naturalismo. Alla nascita di questo stile contribuirono in misura consistente sia la tradizione veneta (i Bassano soprattutto) conosciuta dagli artisti spagnoli del secondo Cinquecento e nota attraverso i capolavori veneti che arricchivano la collezione reale, sia gli artisti italiani che soggiornarono a corte, tra questi Federico Zuccari e Luca Cambiaso, che con la sua luce particolare e la semplicit\u00e0 dei volumi puri influenz\u00f2 fortemente la pittura locale. L&#8217;apporto italiano fu dunque fondamentale per la nuova pittura spagnola basata su verit\u00e0, concretezza degli accessori e dei tipi umani e su intensi contrasti di luce e ombra. I fratelli Bartolom\u00e9 (1560 ca. &#8211; 1608) e Vicente Carducho (1578 ca. &#8211; 1638), discendenti da famiglia fiorentina, incarnano l&#8217;apice di questo primo stile naturalistico. Dopo aver svolto il tirocinio a Firenze presso Bartolomeo Ammanati, il giovane Bartolomeo Carducci si rec\u00f2 in Spagna con il maestro Federico Zuccari e una volta giunto all&#8217;Escorial decise di rimanervi. Unendo al rigore per il dettaglio della pittura zuccaresca elementi di derivazione michelangiolesca e spunti tratti dalla tradizione veneziana, realizz\u00f2 capolavori di grande realismo come la <em>Morte di San Francesco<\/em> (1593, Lisbona, Museu Nacional de Arte Antiga) e la <em>Deposizione<\/em> (1595, <a href=\"\/territori\/percorsi-regionali\/le-plazas-mayores-spagnole-e-il-barocco\/la-plaza-mayor-di-madrid\/madrid\/\" title=\"Madrid\">Madrid<\/a>, Museo del Prado), dove la sensibilit\u00e0 del colore rivela l&#8217;attento studio dei veneti. Nel 1598 la fama crescente di Bartolom\u00e9 fu coronata dalla nomina a pittore di corte da parte di <a href=\"\/territori\/percorsi-regionali\/le-plazas-mayores-spagnole-e-il-barocco\/la-plaza-mayor-di-madrid\/filippo-iii-dasburgo\/\" title=\"Filippo III d'Asburgo\">Filippo III<\/a>. Il fratello Vincenzo (Vicente), suo diretto allievo che si ciment\u00f2 anche nella scrittura (suoi i <em>Dialoghi della pittura<\/em>, 1633), fu figura di spicco a <a href=\"\/territori\/percorsi-regionali\/le-plazas-mayores-spagnole-e-il-barocco\/la-plaza-mayor-di-madrid\/corte\/\" title=\"Corte\">corte<\/a> prima dell&#8217;arrivo di <a href=\"\/territori\/percorsi-trans-nazionali\/statue-equestri-di-sovrani-spagnoli\/filippo-iv-e-la-plaza-de-oriente-a-madrid\/diego-velazquez\/\" title=\"Diego Velazquez\">Vel\u00e1zquez<\/a>. Autore dei pi\u00f9 complessi cicli monastici del tempo, oggi purtroppo dispersi, e di tele come l&#8217;elegante <em>Annunciazione<\/em> (1610, Madrid, Prado), nella sua produzione il tono nobile e misurato si fonde con il colore veneziano e la preziosit\u00e0 delle vesti di ricordo toscano, in un perfetto adattamento dei modelli italiani alle esigenze spagnole. Negli anni Trenta Vicente realizza diverse pale d&#8217;altare, come quella solenne e ricca di fervore devozionale che raffigura <em>San Francesco d&#8217;Assisi davanti all&#8217;Immacolata<\/em> (1632, oggi a&nbsp; Budapest, Magyar Sz\u00e9pm\u00fcv\u00e9szeti M\u00fazeum, nell&#8217;immagine).<\/p>\n<p style=\"text-align: justify\"><a href=\"\/territori\/percorsi-trans-nazionali\/pittura-barocca\/tiziano\/\" title=\"Tiziano\">&lt;&lt;&lt;&#8212;pagina precedente<\/a>&nbsp;&nbsp; <a href=\"\/territori\/percorsi-trans-nazionali\/pittura-barocca\/rubens\/\" title=\"Rubens\">pagina seguente&#8212;&gt;&gt;&gt;<\/a><\/p>\n<\/div>\n<p><\/p>\n","protected":false},"excerpt":{"rendered":"<p>Alle origini della pittura del Siglo de Oro: cultura italiana e primo naturalismo spagnolo. I fratelli Bartolom\u00e9 e Vicente Carducho Negli ultimi decenni del Cinquecento Filippo II tent\u00f2 di dare vita a un&#8217;arte austera, ricca di&nbsp; fervore devozionale, che traducesse i dettami della Riforma Cattolica.&hellip;<\/p>\n","protected":false},"author":1,"featured_media":0,"parent":6979,"menu_order":0,"comment_status":"closed","ping_status":"closed","template":"","meta":{"footnotes":""},"class_list":["post-6071","page","type-page","status-publish","hentry"],"_links":{"self":[{"href":"https:\/\/digitalhistory.unite.it\/es\/wp-json\/wp\/v2\/pages\/6071","targetHints":{"allow":["GET"]}}],"collection":[{"href":"https:\/\/digitalhistory.unite.it\/es\/wp-json\/wp\/v2\/pages"}],"about":[{"href":"https:\/\/digitalhistory.unite.it\/es\/wp-json\/wp\/v2\/types\/page"}],"author":[{"embeddable":true,"href":"https:\/\/digitalhistory.unite.it\/es\/wp-json\/wp\/v2\/users\/1"}],"replies":[{"embeddable":true,"href":"https:\/\/digitalhistory.unite.it\/es\/wp-json\/wp\/v2\/comments?post=6071"}],"version-history":[{"count":3,"href":"https:\/\/digitalhistory.unite.it\/es\/wp-json\/wp\/v2\/pages\/6071\/revisions"}],"predecessor-version":[{"id":10896,"href":"https:\/\/digitalhistory.unite.it\/es\/wp-json\/wp\/v2\/pages\/6071\/revisions\/10896"}],"up":[{"embeddable":true,"href":"https:\/\/digitalhistory.unite.it\/es\/wp-json\/wp\/v2\/pages\/6979"}],"wp:attachment":[{"href":"https:\/\/digitalhistory.unite.it\/es\/wp-json\/wp\/v2\/media?parent=6071"}],"curies":[{"name":"wp","href":"https:\/\/api.w.org\/{rel}","templated":true}]}}