{"id":6072,"date":"2021-08-20T00:02:56","date_gmt":"2021-08-19T22:02:56","guid":{"rendered":"https:\/\/digitalhistory.unite.it\/rubens\/"},"modified":"2021-11-23T15:27:17","modified_gmt":"2021-11-23T14:27:17","slug":"rubens","status":"publish","type":"page","link":"https:\/\/digitalhistory.unite.it\/es\/territori\/percorsi-trans-nazionali\/pittura-barocca\/rubens\/","title":{"rendered":"Rubens tra Mantova e Madrid"},"content":{"rendered":"<h1>Rubens tra Mantova e Madrid <\/h1>\n<div class=\"testo\">\n<p style=\"text-align: justify\"><img loading=\"lazy\" decoding=\"async\" src=\"https:\/\/digitalhistory.unite.it\/wp-content\/uploads\/2021\/08\/retrato_ecuestre_del_duque_de_lerma__rubens___fileminimizer__343x480.jpg\" width=\"343\" height=\"480\" alt=\"Lerma - Rubens\" align=\"left\">I conoscitori-artisti e i politici-diplomatici che si rincorsero tra Spagna, Italia e <a href=\"\/territori\/percorsi-urbani\/il-giardino-dei-duchi-di-bejar\/la-nobilta-spagnola-e-i-giardini\/fiandre\/\" title=\"Fiandre\">Fiandre<\/a> per tre decenni, a partire dai primi anni del Seicento, incapparono nella forza simbolica della collezione Gonzaga. Il regista di questo <em>network<\/em> culturale europeo fu colui che trasform\u00f2 ed esport\u00f2 il messaggio della raccolta: <a href=\"\/territori\/percorsi-trans-nazionali\/pittura-barocca\/velazquez-in-italia\/rubens\/\" title=\"Rubens\">Pieter Paul Rubens<\/a>. Gli incarichi che, a partire dal 1600, gli vennero affidati da <a href=\"#\" class=\"tooltip yellow-tooltip\">Vincenzo Gonzaga<span>Vincenzo I Gonzaga (1562-1612) fu duca di Mantova e del Monferrato dal 1587 fino alla morte. Fu uno dei grandi principi del Rinascimento italiano, amante del lusso e delle feste ma anche potente protettore di artisti e letterati. Tra gli altri, liber\u00f2 dalla prigionia Torquato Tasso, ospit\u00f2 a corte il compositore Claudio Monteverdi e assunse come pittore e diplomatico l&#8217;artista fiammingo Pieter Paul Rubens. Dopo il primo e mai consumato matrimonio con Margherita Farnese, figlia del duca di Parma, Vincenzo spos\u00f2 in seconde nozze Eleonora de&#8217;Medici, figlia del granduca di Toscana.<\/span><\/a> e dalla moglie Eleonora de Medici, dimostrano che l&#8217;artista era entrato nel cuore della famiglia, tanto da ritrarre, in forma privata e intima, tutti i suoi componenti. Per lui, gli otto anni seguenti furono un crescendo di incarichi, molti dei quali assai difformi dal ruolo di pittore di corte, per cui era stato delegato il pi\u00f9 quieto e obbediente Pourbus. Viaggiare, valutare opere d&#8217;arte, portare a termine missioni diplomatiche, tutto questo era preminente per Vincenzo rispetto al talento artistico di Rubens, tanto da concedergli enorme libert\u00e0 all&#8217;interno delle raccolte ducali. Durante i primi anni del Seicento, il viaggio di Rubens a <a href=\"\/territori\/percorsi-regionali\/le-plazas-mayores-spagnole-e-il-barocco\/la-ricostruzione-della-plaza-mayor-di-valladolid\/valladolid\/\" title=\"Valladolid\">Valladolid<\/a> e poi a <a href=\"\/territori\/percorsi-regionali\/le-plazas-mayores-spagnole-e-il-barocco\/la-plaza-mayor-di-madrid\/madrid\/\" title=\"Madrid\">Madrid<\/a> in qualit\u00e0 di servitore del duca di Mantova per portare doni a <a href=\"\/territori\/percorsi-regionali\/le-plazas-mayores-spagnole-e-il-barocco\/la-plaza-mayor-di-madrid\/filippo-iii-dasburgo\/\" title=\"Filippo III d'Asburgo\">Filippo III<\/a> e al <a href=\"\/territori\/percorsi-regionali\/storia-araba-e-gusto-barocco\/lespulsione-dei-moriscos\/francisco-gomez-de-sandoval-y-rojas-duca-di-lerma\/\" title=\"Francisco G\u00f3mez de Sandoval y Rojas, duca di Lerma\">duca di Lerma<\/a> furono fondamentali. Durante la traversata da Livorno a Valladolid l&#8217;artista, che si presentava come disegnatore e pittore del &#8220;Serenissimo Duca di Mantova&#8221;, aveva avuto dei problemi con gli imballaggi del suo carico e alcuni dei 50 quadri che portava in dono si erano guastati. Senza perdersi d&#8217;animo, ne aggiust\u00f2 alcuni, altri li ridipinse e la sua intraprendenza fu ripagata con la completa soddisfazione del duca di Lerma che glieli fece collocare alle pareti della sua residenza. In questo momento inizi\u00f2 la straordinaria carriera diplomatico-artistica di Rubens, che distribu\u00ec i quadri a suo piacimento nella Galleria del duca e li trasform\u00f2 in un <em>unicum<\/em>, tanto che ognuno perse il proprio valore attributivo, acquistando il senso dell&#8217;insieme. La relazione del 18 luglio 1603 stilata da Annibale Iberti, ambasciatore mantovano in Spagna, sulla riuscita della missione spagnola, \u00e8 un capolavoro di diplomazia. L&#8217;Iberti racconta del modo in cui il pittore aveva approntato i quadri nella Galleria, mettendo ad ognuno delle cornici per renderli pi\u00f9 grandi e di come il duca li avesse ritenuti tutti originali. La missione, oltre a rivelarsi un successo personale per il fiammingo, segn\u00f2 l&#8217;affermazione di Vincenzo I come collezionista e committente aggiornato e sempre alla moda in terra iberica. Nell&#8217;occasione, il duca spagnolo chiese a Rubens il suo ritratto equestre (Madrid, Museo del Prado, nell&#8217;immagine): qui, memore della sua esperienza italiana, il fiammingo si ispir\u00f2 al famoso <em>Ritratto a cavallo di <a href=\"\/territori\/percorsi-regionali\/le-plazas-mayores-spagnole-e-il-barocco\/la-plaza-de-la-corredera-di-cordoba\/carlo-v-dasburgo\/\" title=\"Carlo V d'Asburgo\">Carlo V<\/a><\/em> di <a href=\"\/territori\/percorsi-regionali\/ville-e-giardini-nella-lombardia-barocca\/isola-bella-borromeo-e-il-suo-palazzo\/tiziano\/\" title=\"Tiziano\">Tiziano<\/a> (Madrid, Museo del Prado), e lo riformul\u00f2 alla maniera barocca, conferendogli maggior dinamismo, tensione e monumentalit\u00e0. Dopo lo straordinario successo riscosso con quest&#8217;opera, la corte spagnola tent\u00f2 di convincerlo a trattenersi, ma pi\u00f9 allettante per lui era il ruolo che rivestiva in Italia presso i Gonzaga, dove sapeva con certezza di avere ancora molto da imparare.<\/p>\n<p style=\"text-align: justify\"><a href=\"\/territori\/percorsi-trans-nazionali\/pittura-barocca\/fratelli-carducho\/\" title=\"Fratelli Carducho\">&lt;&lt;&lt;&#8212;pagina precedente<\/a>&nbsp;&nbsp; <a href=\"\/territori\/percorsi-trans-nazionali\/pittura-barocca\/caravaggio-e-ribera\/\" title=\"Caravaggio e Ribera\">pagina seguente&#8212;&gt;&gt;&gt;<\/a><\/p>\n<\/div>\n<p><\/p>\n","protected":false},"excerpt":{"rendered":"<p>Rubens tra Mantova e Madrid I conoscitori-artisti e i politici-diplomatici che si rincorsero tra Spagna, Italia e Fiandre per tre decenni, a partire dai primi anni del Seicento, incapparono nella forza simbolica della collezione Gonzaga. Il regista di questo network culturale europeo fu colui che&hellip;<\/p>\n","protected":false},"author":1,"featured_media":0,"parent":6979,"menu_order":0,"comment_status":"closed","ping_status":"closed","template":"","meta":{"footnotes":""},"class_list":["post-6072","page","type-page","status-publish","hentry"],"_links":{"self":[{"href":"https:\/\/digitalhistory.unite.it\/es\/wp-json\/wp\/v2\/pages\/6072","targetHints":{"allow":["GET"]}}],"collection":[{"href":"https:\/\/digitalhistory.unite.it\/es\/wp-json\/wp\/v2\/pages"}],"about":[{"href":"https:\/\/digitalhistory.unite.it\/es\/wp-json\/wp\/v2\/types\/page"}],"author":[{"embeddable":true,"href":"https:\/\/digitalhistory.unite.it\/es\/wp-json\/wp\/v2\/users\/1"}],"replies":[{"embeddable":true,"href":"https:\/\/digitalhistory.unite.it\/es\/wp-json\/wp\/v2\/comments?post=6072"}],"version-history":[{"count":3,"href":"https:\/\/digitalhistory.unite.it\/es\/wp-json\/wp\/v2\/pages\/6072\/revisions"}],"predecessor-version":[{"id":10914,"href":"https:\/\/digitalhistory.unite.it\/es\/wp-json\/wp\/v2\/pages\/6072\/revisions\/10914"}],"up":[{"embeddable":true,"href":"https:\/\/digitalhistory.unite.it\/es\/wp-json\/wp\/v2\/pages\/6979"}],"wp:attachment":[{"href":"https:\/\/digitalhistory.unite.it\/es\/wp-json\/wp\/v2\/media?parent=6072"}],"curies":[{"name":"wp","href":"https:\/\/api.w.org\/{rel}","templated":true}]}}