{"id":6077,"date":"2021-08-20T00:02:57","date_gmt":"2021-08-19T22:02:57","guid":{"rendered":"https:\/\/digitalhistory.unite.it\/ritratto-francesco-i\/"},"modified":"2021-11-23T15:27:17","modified_gmt":"2021-11-23T14:27:17","slug":"ritratto-francesco-i","status":"publish","type":"page","link":"https:\/\/digitalhistory.unite.it\/es\/territori\/percorsi-trans-nazionali\/pittura-barocca\/ritratto-francesco-i\/","title":{"rendered":"Il ritratto di Francesco I duca di Modena"},"content":{"rendered":"<h1>Il ritratto di Francesco I duca di Modena <\/h1>\n<div class=\"testo\">\n<p style=\"text-align: justify\"><img loading=\"lazy\" decoding=\"async\" src=\"https:\/\/digitalhistory.unite.it\/wp-content\/uploads\/2021\/08\/retrato_de_francisco_ii_de_este__by_diego_vel_zquez_343x462.jpg\" width=\"343\" height=\"462\" alt=\"Ritratto Francesco I - Velazquez\" align=\"left\">Nella Galleria Estense di Modena si trova il <em>Ritratto del duca Francesco I d&#8217;Este<\/em>, eseguito dal maggior pittore spagnolo del <em>Siglo de Oro<\/em>: <a href=\"\/territori\/percorsi-trans-nazionali\/statue-equestri-di-sovrani-spagnoli\/filippo-iv-e-la-plaza-de-oriente-a-madrid\/diego-velazquez\/\" title=\"Diego Velazquez\">Diego Rodr\u00edguez de Silva y Vel\u00e1zquez<\/a>. Il sivigliano giunse a <a href=\"\/territori\/percorsi-regionali\/le-plazas-mayores-spagnole-e-il-barocco\/la-plaza-mayor-di-madrid\/madrid\/\" title=\"Madrid\">Madrid<\/a> nel 1622 divenendo il pittore di <a href=\"\/territori\/percorsi-regionali\/le-plazas-mayores-spagnole-e-il-barocco\/la-plaza-mayor-di-madrid\/corte\/\" title=\"Corte\">corte<\/a> di <a href=\"\/territori\/percorsi-regionali\/le-plazas-mayores-spagnole-e-il-barocco\/altri-esempi-burgos-e-plasencia\/filippo-iv-dasburgo\/\" title=\"Filippo IV d'Asburgo\">Filippo IV d&#8217;Asburgo<\/a>. Dimostr\u00f2, fin dalle prime prove, un sincero interesse per il naturalismo di ispirazione caravaggesca e per la natura morta, si pensi a <em>L&#8217;acquaiolo di <a href=\"\/temi\/feste-e-rituali\/i-giganti-in-spagna\/siviglia\/\" title=\"Siviglia\">Siviglia<\/a><\/em> (1620 ca., Londra, Wellington Museum). Anche i suoi primi quadri sono concepiti come scene di vita quotidiana, con un largo spazio accordato ai personaggi secondari e alla descrizione degli oggetti. Fu dietro suggerimento di <a href=\"\/territori\/percorsi-trans-nazionali\/pittura-barocca\/velazquez-in-italia\/rubens\/\" title=\"Rubens\">Pieter Paul Rubens<\/a>, in missione diplomatica presso la corte madrilena nel 1628, che Vel\u00e1zquez fece il suo primo viaggio di studio in Italia. Le sue effigi di sovrani, letterati e gente comune hanno sempre ricevuto un&#8217;accoglienza entusiastica: i ritratti di Filippo IV e del fratello <a href=\"#\" class=\"tooltip yellow-tooltip\">Carlo<span>Carlo d&#8217;Asburgo (1607-1632) era il quinto figlio del re di Spagna Filippo III (1578-1621) e di Margherita d&#8217;Austria-Stiria (1584-1611). Erede diretto del fratello maggiore Filippo IV (1605-1665) fino alla nascita dell&#8217;<em>infante<\/em> Baltasar Carlos (1629-1646), Carlo deve la sua fama principalmente al magnifico ritratto che di lui fece Diego Vel\u00e1zquez, oggi conservato nel Museo del Prado.<\/span><\/a> sono caratterizzati da un realismo e da un&#8217;eleganza che non ha pari nelle opere dei pittori contemporanei. Dopo il soggiorno italiano, il maestro prese a inserire nelle sue tele accenti di raffinatezza inediti, pur mantenendo intatta la vena realistica e la capacit\u00e0 di rendere l&#8217;anima del ritrattato.<\/p>\n<p style=\"text-align: justify\">Il ritratto di Modena venne eseguito a Madrid nel 1639, durante il soggiorno di <a href=\"#\" class=\"tooltip yellow-tooltip\">Francesco I<span>Francesco I d&#8217;Este (1610-1658) fu duca di Modena e Reggio dal 1629 fino alla morte. Figlio maggiore di Alfonso III d&#8217;Este, fu un abile condottiero, pronto ad approfittare dei contrasti tra Spagna e Francia. Riusc\u00ec ad annettere Correggio ai suoi possedimenti, ma fall\u00ec nel proposito di recuperare Ferrara e sottrarla al potere dei papi. Protettore di artisti e letterati, trasform\u00f2 la sua capitale, Modena, in una delle pi\u00f9 belle citt\u00e0 italiane. Di lui resta il celebre ritratto che gli fece Diego Vel\u00e1zquez.<\/span><\/a>. Il duca era accompagnato dal conte Fulvio Testi, letterato e uomo politico, che in una lettera celebrava la bravura di Vel\u00e1zquez e la bellezza dell&#8217;opera. Del conte esiste un <em>Ritratto<\/em> (Modena, Galleria Estense), eseguito da Ludovico Lana. L&#8217;opera coglie la qualit\u00e0 morale del personaggio, con lo sguardo penetrante e indagatore e una grande precisione nella descrizione dell&#8217;abito e degli accessori. Francesco I venne ricevuto con grandi onori e alloggiato nel palazzo del Buen Ritiro, magnificamente decorato di affreschi e dipinti. Nelle lettere indirizzate da Testi alla corte di Modena si apprende che il pittore &#8220;\u00e8 caro, ma fa bene&#8221;, e che probabilmente l&#8217;idea iniziale era quella di confezionare un imponente ritratto equestre. Il <em>Ritratto<\/em> che oggi si trova nella Galleria Estense doveva rappresentare il modello in piccolo, eseguito dal vivo, per il ritratto equestre, che per\u00f2 non fu mai portato a termine. Il pittore spagnolo riusc\u00ec a esprimere, nell&#8217;atteggiamento aristocratico del principe e nella bocca lievemente imbronciata, una certa tensione: c&#8217;\u00e8 quasi un&#8217;ombra di diffidenza nel suo sguardo, mentre la rigidit\u00e0 della posa lo rende un archetipo di atteggiamento umano, ancora valido ai nostri giorni. Rappresentandolo come un guerriero, Vel\u00e1zquez si rifece a modelli rinascimentali, soprattutto a <a href=\"\/territori\/percorsi-regionali\/ville-e-giardini-nella-lombardia-barocca\/isola-bella-borromeo-e-il-suo-palazzo\/tiziano\/\" title=\"Tiziano\">Tiziano<\/a>: il duca paludato nell&#8217;armatura sfoggia il Toson d&#8217;Oro, concessogli da Filippo IV. E&#8217; un ritratto rapido, con quel carattere di non finito delle opere mature che, nonostante sembrino abbozzi, riescono a rendere con grande intensit\u00e0 il carattere del protagonista.<\/p>\n<p style=\"text-align: justify\"><a href=\"\/territori\/percorsi-trans-nazionali\/pittura-barocca\/velazquez\/\" title=\"Velazquez\">&lt;&lt;&lt;&#8212;pagina precedente<\/a>&nbsp;&nbsp; <a href=\"\/territori\/percorsi-trans-nazionali\/pittura-barocca\/zurbaran\/\" title=\"Zurbar\u00e1n\">pagina seguente&#8212;&gt;&gt;&gt;<\/a><\/p>\n<\/div>\n<p><\/p>\n","protected":false},"excerpt":{"rendered":"<p>Il ritratto di Francesco I duca di Modena Nella Galleria Estense di Modena si trova il Ritratto del duca Francesco I d&#8217;Este, eseguito dal maggior pittore spagnolo del Siglo de Oro: Diego Rodr\u00edguez de Silva y Vel\u00e1zquez. Il sivigliano giunse a Madrid nel 1622 divenendo&hellip;<\/p>\n","protected":false},"author":1,"featured_media":0,"parent":6979,"menu_order":0,"comment_status":"closed","ping_status":"closed","template":"","meta":{"footnotes":""},"class_list":["post-6077","page","type-page","status-publish","hentry"],"_links":{"self":[{"href":"https:\/\/digitalhistory.unite.it\/es\/wp-json\/wp\/v2\/pages\/6077","targetHints":{"allow":["GET"]}}],"collection":[{"href":"https:\/\/digitalhistory.unite.it\/es\/wp-json\/wp\/v2\/pages"}],"about":[{"href":"https:\/\/digitalhistory.unite.it\/es\/wp-json\/wp\/v2\/types\/page"}],"author":[{"embeddable":true,"href":"https:\/\/digitalhistory.unite.it\/es\/wp-json\/wp\/v2\/users\/1"}],"replies":[{"embeddable":true,"href":"https:\/\/digitalhistory.unite.it\/es\/wp-json\/wp\/v2\/comments?post=6077"}],"version-history":[{"count":3,"href":"https:\/\/digitalhistory.unite.it\/es\/wp-json\/wp\/v2\/pages\/6077\/revisions"}],"predecessor-version":[{"id":10911,"href":"https:\/\/digitalhistory.unite.it\/es\/wp-json\/wp\/v2\/pages\/6077\/revisions\/10911"}],"up":[{"embeddable":true,"href":"https:\/\/digitalhistory.unite.it\/es\/wp-json\/wp\/v2\/pages\/6979"}],"wp:attachment":[{"href":"https:\/\/digitalhistory.unite.it\/es\/wp-json\/wp\/v2\/media?parent=6077"}],"curies":[{"name":"wp","href":"https:\/\/api.w.org\/{rel}","templated":true}]}}