{"id":6080,"date":"2021-08-20T00:02:58","date_gmt":"2021-08-19T22:02:58","guid":{"rendered":"https:\/\/digitalhistory.unite.it\/tiepolo\/"},"modified":"2021-11-23T15:27:17","modified_gmt":"2021-11-23T14:27:17","slug":"tiepolo","status":"publish","type":"page","link":"https:\/\/digitalhistory.unite.it\/es\/territori\/percorsi-trans-nazionali\/pittura-barocca\/tiepolo\/","title":{"rendered":"Gli anni madrileni di Giambattista Tiepolo"},"content":{"rendered":"<h1>Gli anni madrileni di Giambattista Tiepolo <\/h1>\n<div class=\"testo\">\n<p style=\"text-align: justify\"><img loading=\"lazy\" decoding=\"async\" src=\"https:\/\/digitalhistory.unite.it\/wp-content\/uploads\/2021\/08\/tiepolo_-_the_apotheosis_of_the_spanish_monarchy_341x521.jpg\" width=\"341\" height=\"521\" alt=\"Apoteosi Monarchia spagnola - Tiepolo\" align=\"left\">Il maggiore protagonista della pittura Rococ\u00f2 europea, il veneziano <a href=\"\/territori\/percorsi-trans-nazionali\/pittura-barocca\/tiepolo\/tiepolo\/\" title=\"Tiepolo\">Giambattista Tiepolo<\/a>, trascorse gli ultimi anni di vita a <a href=\"\/territori\/percorsi-regionali\/le-plazas-mayores-spagnole-e-il-barocco\/la-plaza-mayor-di-madrid\/madrid\/\" title=\"Madrid\">Madrid<\/a>, dove scomparve improvvisamente il 27 marzo del 1770 all&#8217;et\u00e0 di 74 anni. Era stato chiamato a <a href=\"\/territori\/percorsi-regionali\/le-plazas-mayores-spagnole-e-il-barocco\/la-plaza-mayor-di-madrid\/corte\/\" title=\"Corte\">corte<\/a> nel 1762 da <a href=\"\/territori\/percorsi-regionali\/le-plazas-mayores-spagnole-e-il-barocco\/altri-esempi-burgos-e-plasencia\/carlo-iii-di-borbone\/\" title=\"Carlo III di Borbone\">Carlo III<\/a> con il compito di affrescare il nuovo Palazzo Reale, edificato a partire dal 1735 su progetto di Filippo Juvara e terminato dal collaboratore Sacchetti. Tiepolo giunse in Spagna dopo tre sfiancanti mesi di viaggio, accompagnato dai figli Lorenzo e Giandomenico. Nelle immense sale del nuovo edificio esegu\u00ec tre soffitti: <em>l&#8217;Apoteosi della Spagna<\/em> (foto) nella Sala del Trono, eseguita con la collaborazione dei figli; <em>l&#8217;Apoteosi di Enea<\/em> nella Sala degli Alabardieri; infine, la <em>Grandezza della monarchia spagnola<\/em>, nell&#8217;anticamera della Regina. <em>L&#8217;Apoteosi della Spagna<\/em>, portata a termine nel 1764 (firmata e datata sul cornicione), glorificava la monarchia spagnola, circondata da diversi Stati e assistita dalla Virt\u00f9 dai tratti neo veronesiani. Le allegorie, che enfatizzano le qualit\u00e0 di Carlo III, sono accompagnate dall&#8217;inserimento di riferimenti storici, come i doni portati da Cristoforo Colombo. Grande ricchezza inventiva, ritmi ariosi e dilatati si ritrovano nell&#8217;<em>Apoteosi<\/em> <em>di Enea<\/em>, con il Tempo che permette all&#8217;eroe di conquistare l&#8217;immortalit\u00e0. Nell&#8217;anticamera della Regina o &#8220;Saleta&#8221; rifulge la potenza della monarchia spagnola, rappresentata da una matrona in veste bianca circondata da numerose figure allegoriche. Nel vasto ciclo decorativo, emerge la forza inesauribile della sua vena narrativa che gli consente di raggiungere esisti di altissima qualit\u00e0. L&#8217;affresco si presenta come una brillante ricapitolazione delle precedenti imprese, ma anche come una superba prova delle sue capacit\u00e0 di dominare la prospettiva e l&#8217;orchestrazione di simboli e allegorie, fuse in una mirabile armonia di luci e colori, storia e poesia, a esaltare la dinastia spagnola. Nonostante il largo intervento dei figli, gli affreschi presentano grande omogeneit\u00e0 di stile, per la capacit\u00e0 comune di Giandomenico e Lorenzo di mimetizzarsi nelle forme stilistiche del padre, traducendone la volont\u00e0 di perfezione formale.<\/p>\n<p style=\"text-align: justify\">Due anni pi\u00f9 tardi, tra il 1767 e il 1769, Tiepolo era impegnato nella realizzazione di ben sette pale d&#8217;altare per la chiesa reale di Aranjuez (oggi Madrid, Prado e Palazzo reale), con figure di santi collocati in paesaggi vuoti e realistici. Nello stesso momento il prolifico artista port\u00f2 a termine quelli che sono considerati i capolavori del suo periodo estremo, cio\u00e8 le quattro tele con la <em>Fuga in Egitto<\/em>, divise tra la Staatsgalerie di Stoccarda e il Museu Nacional de Arte Antiga di Lisbona. Caratterizzate da colori chiarissimi e da una grafia tremolante, fanno emergere la rassegnazione del vecchio artista. Tuttavia, egli ha ancora la forza di accettare un&#8217;ultima impegnativa impresa: la decorazione della volta della collegiata di Sant&#8217;Ildefonso a La Granja, di cui tuttavia fu in grado di approntare il solo bozzetto preparatorio con l&#8217;<em>Immacolata Concezione<\/em> (oggi Dublino, National Gallery).<\/p>\n<p style=\"text-align: justify\"><a href=\"\/territori\/percorsi-trans-nazionali\/pittura-barocca\/giordano\/\" title=\"Giordano\">&lt;&lt;&lt;&#8212;pagina precedente<\/a>&nbsp;&nbsp; <a href=\"\/territori\/percorsi-trans-nazionali\/\" title=\"Percorsi trans-nazionali\">torna all&#8217;indice&#8212;&gt;&gt;&gt;<\/a><\/p>\n<\/div>\n<p><\/p>\n","protected":false},"excerpt":{"rendered":"<p>Gli anni madrileni di Giambattista Tiepolo Il maggiore protagonista della pittura Rococ\u00f2 europea, il veneziano Giambattista Tiepolo, trascorse gli ultimi anni di vita a Madrid, dove scomparve improvvisamente il 27 marzo del 1770 all&#8217;et\u00e0 di 74 anni. Era stato chiamato a corte nel 1762 da&hellip;<\/p>\n","protected":false},"author":1,"featured_media":0,"parent":6979,"menu_order":0,"comment_status":"closed","ping_status":"closed","template":"","meta":{"footnotes":""},"class_list":["post-6080","page","type-page","status-publish","hentry"],"_links":{"self":[{"href":"https:\/\/digitalhistory.unite.it\/es\/wp-json\/wp\/v2\/pages\/6080","targetHints":{"allow":["GET"]}}],"collection":[{"href":"https:\/\/digitalhistory.unite.it\/es\/wp-json\/wp\/v2\/pages"}],"about":[{"href":"https:\/\/digitalhistory.unite.it\/es\/wp-json\/wp\/v2\/types\/page"}],"author":[{"embeddable":true,"href":"https:\/\/digitalhistory.unite.it\/es\/wp-json\/wp\/v2\/users\/1"}],"replies":[{"embeddable":true,"href":"https:\/\/digitalhistory.unite.it\/es\/wp-json\/wp\/v2\/comments?post=6080"}],"version-history":[{"count":3,"href":"https:\/\/digitalhistory.unite.it\/es\/wp-json\/wp\/v2\/pages\/6080\/revisions"}],"predecessor-version":[{"id":10905,"href":"https:\/\/digitalhistory.unite.it\/es\/wp-json\/wp\/v2\/pages\/6080\/revisions\/10905"}],"up":[{"embeddable":true,"href":"https:\/\/digitalhistory.unite.it\/es\/wp-json\/wp\/v2\/pages\/6979"}],"wp:attachment":[{"href":"https:\/\/digitalhistory.unite.it\/es\/wp-json\/wp\/v2\/media?parent=6080"}],"curies":[{"name":"wp","href":"https:\/\/api.w.org\/{rel}","templated":true}]}}