{"id":6087,"date":"2021-08-20T00:02:58","date_gmt":"2021-08-19T22:02:58","guid":{"rendered":"https:\/\/digitalhistory.unite.it\/lorigine-dei-sacri-monti\/"},"modified":"2021-11-23T15:27:16","modified_gmt":"2021-11-23T14:27:16","slug":"lorigine-dei-sacri-monti","status":"publish","type":"page","link":"https:\/\/digitalhistory.unite.it\/es\/territori\/percorsi-trans-nazionali\/sacri-monti\/lorigine-dei-sacri-monti\/","title":{"rendered":"L&#8217;origine dei Sacri Monti"},"content":{"rendered":"<h1>L&#8217;origine dei Sacri Monti <\/h1>\n<div class=\"testo\">\n<p style=\"text-align: justify\"><img loading=\"lazy\" decoding=\"async\" src=\"https:\/\/digitalhistory.unite.it\/wp-content\/uploads\/2021\/08\/sacri_monti_generale_varese_341x256.jpg\" width=\"341\" height=\"256\" alt=\"Sacri Monti generale Varese\" align=\"left\">Un Sacro Monte \u00e8 un complesso devozionale generalmente posizionato su un&#8217;altura, sul fianco di una montagna o comunque in contesti paesaggistici lontani dai centri abitati e raggiungibili attraverso un pellegrinaggio. Introdotti sul finire del Quattrocento e poi, con la <a href=\"\/temi\/feste-e-rituali\/la-settimana-santa-di-siviglia\/la-storia-antica-della-settimana-santa-di-siviglia\/controriforma\/\" title=\"Controriforma\">Controriforma<\/a>, diffusisi in Italia, in Europa e nel Nuovo Mondo nel corso del XVI e del XVII secolo, i Sacri Monti rappresentano luoghi significativi non solo per il visitatore mosso da spirito religioso, ma anche in virt\u00f9 del patrimonio artistico e del significato storico che essi conservano, oltre che per la bellezza dei paesaggi nei quali sono immersi. Attraverso una serie di cappelle o di edicole, sono raffigurate scene ed episodi della vita di Cristo, di Maria e dei Santi attraverso dipinti e sculture, spesso di pregevole fattura artistica. La motivazione storica della nascita dei Sacri Monti \u00e8 da rintracciarsi nella necessit\u00e0, alle soglie dell&#8217;et\u00e0 moderna, di fornire ai fedeli cristiani mete di pellegrinaggio che fossero pi\u00f9 vicine e pi\u00f9 facilmente raggiungibili rispetto alla Terra Santa (meta per antonomasia dei pellegrini durante il Medioevo) o a luoghi comunque lontani come <a href=\"\/temi\/chiese\/cattedrale-di-santiago-de-compostela\/\" title=\"Cattedrale di Santiago de Compostela\">Santiago de Compostela<\/a> o Roma. Evitare viaggi lunghi, costosi e potenzialmente pericolosi (in luoghi di cui la Cristianit\u00e0 aveva da tempo perso il controllo militare) ma allo stesso tempo espletare i propri doveri di cristiano alla ricerca della salvezza ultraterrena: seguendo questo duplice obiettivo nacquero i primi &#8220;Luoghi Santi&#8221; in Italia, generalmente in corrispondenza di santuari, di localit\u00e0 legate a pratiche di piet\u00e0 religiosa, di posti che conservassero reliquie o che potessero richiamare, magari attraverso l&#8217;architettura e le rappresentazioni artistiche, la Terra Santa. All&#8217;Ordine dei Minori di San Francesco, tornati dalla Palestina tra la fine del XV e l&#8217;inizio del XVI secolo, si deve la costruzione delle due strutture che fecero da modello per il periodo successivo: la Nuova Gerusalemme di Varallo Sesia in Piemonte (ma all&#8217;epoca parte del <a href=\"\/territori\/percorsi-trans-nazionali\/statue-equestri-di-sovrani-spagnoli\/le-statue-equestri-e-la-monarchia-spagnola\/ducato-di-milano\/\" title=\"Ducato di Milano\">ducato di Milano<\/a>) e la Nuova Gerusalemme di Montaione in Toscana (foto: Sacro Monte di Varese).<\/p>\n<p style=\"text-align: justify\"><a href=\"\/territori\/percorsi-trans-nazionali\/\" title=\"Percorsi trans-nazionali\">&lt;&lt;&lt;&#8212;torna all&#8217;indice<\/a> &nbsp; <a href=\"\/territori\/percorsi-trans-nazionali\/sacri-monti\/i-sacri-monti-tra-lombardia-e-piemonte\/\" title=\"I Sacri Monti tra Lombardia e Piemonte\">pagina seguente&#8212;&gt;&gt;&gt;<\/a><\/p>\n<\/div>\n<p><\/p>\n","protected":false},"excerpt":{"rendered":"<p>L&#8217;origine dei Sacri Monti Un Sacro Monte \u00e8 un complesso devozionale generalmente posizionato su un&#8217;altura, sul fianco di una montagna o comunque in contesti paesaggistici lontani dai centri abitati e raggiungibili attraverso un pellegrinaggio. Introdotti sul finire del Quattrocento e poi, con la Controriforma, diffusisi&hellip;<\/p>\n","protected":false},"author":1,"featured_media":0,"parent":6984,"menu_order":0,"comment_status":"closed","ping_status":"closed","template":"","meta":{"footnotes":""},"class_list":["post-6087","page","type-page","status-publish","hentry"],"_links":{"self":[{"href":"https:\/\/digitalhistory.unite.it\/es\/wp-json\/wp\/v2\/pages\/6087","targetHints":{"allow":["GET"]}}],"collection":[{"href":"https:\/\/digitalhistory.unite.it\/es\/wp-json\/wp\/v2\/pages"}],"about":[{"href":"https:\/\/digitalhistory.unite.it\/es\/wp-json\/wp\/v2\/types\/page"}],"author":[{"embeddable":true,"href":"https:\/\/digitalhistory.unite.it\/es\/wp-json\/wp\/v2\/users\/1"}],"replies":[{"embeddable":true,"href":"https:\/\/digitalhistory.unite.it\/es\/wp-json\/wp\/v2\/comments?post=6087"}],"version-history":[{"count":3,"href":"https:\/\/digitalhistory.unite.it\/es\/wp-json\/wp\/v2\/pages\/6087\/revisions"}],"predecessor-version":[{"id":10893,"href":"https:\/\/digitalhistory.unite.it\/es\/wp-json\/wp\/v2\/pages\/6087\/revisions\/10893"}],"up":[{"embeddable":true,"href":"https:\/\/digitalhistory.unite.it\/es\/wp-json\/wp\/v2\/pages\/6984"}],"wp:attachment":[{"href":"https:\/\/digitalhistory.unite.it\/es\/wp-json\/wp\/v2\/media?parent=6087"}],"curies":[{"name":"wp","href":"https:\/\/api.w.org\/{rel}","templated":true}]}}