{"id":6090,"date":"2021-08-20T00:02:58","date_gmt":"2021-08-19T22:02:58","guid":{"rendered":"https:\/\/digitalhistory.unite.it\/ghiffa-domodossola-e-ossuccio\/"},"modified":"2021-11-23T15:27:15","modified_gmt":"2021-11-23T14:27:15","slug":"ghiffa-domodossola-e-ossuccio","status":"publish","type":"page","link":"https:\/\/digitalhistory.unite.it\/es\/territori\/percorsi-trans-nazionali\/sacri-monti\/ghiffa-domodossola-e-ossuccio\/","title":{"rendered":"Ghiffa, Domodossola e Ossuccio"},"content":{"rendered":"<h1>Ghiffa, Domodossola e Ossuccio <\/h1>\n<div class=\"testo\">\n<p style=\"text-align: justify\"><img loading=\"lazy\" decoding=\"async\" src=\"https:\/\/digitalhistory.unite.it\/wp-content\/uploads\/2021\/08\/sacro_monte_ghiffa_porticato_via_crucis_342x256.jpg\" width=\"342\" height=\"256\" alt=\"Sacro Monte Ghiffa porticato via crucis\" align=\"left\">Il Sacro Monte di Ghiffa, o Sacro Monte della Santa Trinit\u00e0, sorge sul fianco boscoso del monte Carciago, a circa 360 metri sul livello del mare, al di sopra del centro abitato di Ronco. Sul sito, dal quale \u00e8 possibile godere di una splendida vista sul Lago Maggiore, era gi\u00e0 presente in et\u00e0 medievale un edifico di culto, un antico oratorio dedicato alla Santissima Trinit\u00e0. A partire dalla fine del XVI secolo venne avviato il piano di ampliamento dell&#8217;oratorio (concluso nel 1617) e di realizzazione del Sacro Monte attorno ad esso. Nel corso del Seicento e dei primi decenni del secolo successivo vennero ultimati i lavori, con la costruzione del campanile, delle tre cappelle (dedicate all&#8217;Incoronazione della Vergine, a San Giovanni Battista e ad Abramo) e del porticato della <em>Via Crucis<\/em> (foto).<\/p>\n<p style=\"text-align: justify\">Il colle Mattarella, che sovrasta Domodossola, fu invece scelto da due frati cappuccini, nel 1656, per la costruzione del locale Sacro Monte Calvario. I lavori, appoggiati con entusiasmo dalla comunit\u00e0 locale e dalla diocesi, avanzarono con rapidit\u00e0 negli anni successivi, anche grazie all&#8217;aiuto economico di importanti benefattori. Nel corso del XVIII secolo vennero completate le cappelle, poi pi\u00f9 volte restaurate e arricchite fino ai giorni nostri. Il complesso accrebbe la sua notoriet\u00e0 in seguito all&#8217;arrivo, nel 1828, del sacerdote e filosofo Antonio Rosmini, e ancora oggi il Sacro Monte di Domodossola \u00e8 sede del Postulato e del Noviziato internazionale dei padri rosminiani. La struttura attuale \u00e8 composta da 12 cappelle riccamente decorate con statue e affreschi, che rappresentano le stazioni della <em>Via Crucis<\/em>, pi\u00f9 altre tre che commemorano la <em>Deposizione dalla Croce<\/em>, il <em>Santo Sepolcro<\/em> e la <em>Resurrezione<\/em>. In cima al colle \u00e8 posto infine il Santuario del SS. Crocifisso, realizzato in stile barocco, a pianta ottagonale e ad aula unica.<\/p>\n<p style=\"text-align: justify\"><img loading=\"lazy\" decoding=\"async\" src=\"https:\/\/digitalhistory.unite.it\/wp-content\/uploads\/2021\/08\/sacro_monte_ossuccio_cappella_xiv_341x256.jpg\" width=\"341\" height=\"256\" alt=\"Sacro Monte Ossuccio cappella XIV\" align=\"left\">Il Sacro Monte di Ossuccio \u00e8 situato invece sulla riva occidentale del lago di Como, di fronte all&#8217;Isola Comacina, su un dirupo a oltre 400 metri sul livello del mare. Circondato da boschi e campi, lontano da qualsiasi altra costruzione, il luogo vanta una storia antichissima, in quanto sede di templi pagani dedicati in particolare al culto della dea Cerere. Il Sacro Monte \u00e8 composto da 14 cappelle barocche (foto: cappella XIV), costruite tra il 1635 e il 1710, che conservano 230 statue a grandezza naturale in stucco e terracotta, di pregevole fattura artistica. Le cappelle, che rappresentano i Misteri del Rosario, conducono alla quindicesima tappa, il Santuario della Beata Vergine del Soccorso.<\/p>\n<p><a href=\"\/territori\/percorsi-trans-nazionali\/sacri-monti\/varallo-e-varese\/\" title=\"Varallo e Varese\">&lt;&lt;&lt;&#8212;pagina precedente<\/a> &nbsp; <a href=\"\/territori\/percorsi-trans-nazionali\/sacri-monti\/i-sacri-monti-in-italia-e-in-europa\/\" title=\"I Sacri Monti in Italia e in Europa\">pagina seguente&#8212;&gt;&gt;&gt;<\/a><\/p>\n<\/div>\n<p><\/p>\n","protected":false},"excerpt":{"rendered":"<p>Ghiffa, Domodossola e Ossuccio Il Sacro Monte di Ghiffa, o Sacro Monte della Santa Trinit\u00e0, sorge sul fianco boscoso del monte Carciago, a circa 360 metri sul livello del mare, al di sopra del centro abitato di Ronco. Sul sito, dal quale \u00e8 possibile godere&hellip;<\/p>\n","protected":false},"author":1,"featured_media":0,"parent":6984,"menu_order":0,"comment_status":"closed","ping_status":"closed","template":"","meta":{"footnotes":""},"class_list":["post-6090","page","type-page","status-publish","hentry"],"_links":{"self":[{"href":"https:\/\/digitalhistory.unite.it\/es\/wp-json\/wp\/v2\/pages\/6090","targetHints":{"allow":["GET"]}}],"collection":[{"href":"https:\/\/digitalhistory.unite.it\/es\/wp-json\/wp\/v2\/pages"}],"about":[{"href":"https:\/\/digitalhistory.unite.it\/es\/wp-json\/wp\/v2\/types\/page"}],"author":[{"embeddable":true,"href":"https:\/\/digitalhistory.unite.it\/es\/wp-json\/wp\/v2\/users\/1"}],"replies":[{"embeddable":true,"href":"https:\/\/digitalhistory.unite.it\/es\/wp-json\/wp\/v2\/comments?post=6090"}],"version-history":[{"count":3,"href":"https:\/\/digitalhistory.unite.it\/es\/wp-json\/wp\/v2\/pages\/6090\/revisions"}],"predecessor-version":[{"id":10890,"href":"https:\/\/digitalhistory.unite.it\/es\/wp-json\/wp\/v2\/pages\/6090\/revisions\/10890"}],"up":[{"embeddable":true,"href":"https:\/\/digitalhistory.unite.it\/es\/wp-json\/wp\/v2\/pages\/6984"}],"wp:attachment":[{"href":"https:\/\/digitalhistory.unite.it\/es\/wp-json\/wp\/v2\/media?parent=6090"}],"curies":[{"name":"wp","href":"https:\/\/api.w.org\/{rel}","templated":true}]}}