{"id":6099,"date":"2021-08-19T22:02:59","date_gmt":"2021-08-19T20:02:59","guid":{"rendered":"https:\/\/digitalhistory.unite.it\/chiese-di-lecce\/"},"modified":"2021-11-23T15:26:28","modified_gmt":"2021-11-23T14:26:28","slug":"chiese-di-lecce","status":"publish","type":"page","link":"https:\/\/digitalhistory.unite.it\/es\/temi\/chiese\/chiese-di-lecce\/","title":{"rendered":"Lecce: la Basilica di Santa Croce, la Chiesa del Rosario, la Chiesa del Carmine e la Chiesa di Santa Chiara"},"content":{"rendered":"<h1>Lecce: la Basilica di Santa Croce, la Chiesa del Rosario, la Chiesa del Carmine e la Chiesa di Santa Chiara <\/h1>\n<div class=\"testo\">\n<p style=\"text-align: justify\">L&#8217;architetto e scultore Giuseppe Zimbalo (1620-1710) viene unanimemente considerato il maggior esponente dell&#8217;arte barocca a&nbsp;<a href=\"\/territori\/percorsi-urbani\/lecce-la-citta-simbolo-del-barocco\/piazza-santoronzo\/lecce\/\" title=\"Lecce\">Lecce<\/a>. Nipote di Francesco Antonio Zimbalo, altro celebre architetto della storia leccese, Giuseppe Zimbalo \u00e8 anche noto come lo Zingarello, traduzione in italiano del termine dialettale &#8220;Zimbarieddu&#8221;, ovvero, letteralmente, &#8220;il piccolo Zimbalo&#8221;, per distinguerlo dal padre e dal nonno, entrambi dediti al suo stesso lavoro.<\/p>\n<p style=\"text-align: justify\"><img loading=\"lazy\" decoding=\"async\" src=\"https:\/\/digitalhistory.unite.it\/wp-content\/uploads\/2021\/08\/basilica_di_santa_croce_1_251x251.jpg\" width=\"251\" height=\"251\" alt=\"Basilica di Santa Croce\" align=\"left\">Al terzo e pi\u00f9 celebre esponente della famiglia Zimbalo vengono attribuiti alcuni tra i pi\u00f9 importanti edifici di Lecce. Oltre alla ricostruzione del Duomo, al progetto del campanile e all&#8217;innalzamento della Colonna di Sant&#8217;Oronzo, Zimbalo contribu\u00ec anche alla costruzione, plurisecolare, della Basilica di Santa Croce che, assieme all&#8217;ex convento dei&nbsp;<a href=\"#\" class=\"tooltip yellow-tooltip\">Celestini<span>I Celestini, detti in origine fratelli di Santo Spirito o majellesi (dal monastero di Santo Spirito a Majella) e poi morronesi (dal monastero del Morrone), erano i monaci appartenenti alla Congregazione fondata da Pietro del Morrone nel XIII secolo. Assunto il nome di Celestini dopo il pontificato e la canonizzazione di Pietro del Morrone (papa Celestino V), si diffusero nei secoli successivi anche al di fuori dell&#8217;Italia. I monasteri dell&#8217;Ordine furono tutti soppressi a cavallo tra XVIII e XIX secolo.<\/span><\/a>, attuale sede della Provincia di Lecce, costituisce uno dei principali complessi architettonici della citt\u00e0. Il progetto venne iniziato nel 1549, su di un terreno ottenuto dalle confische a danno della comunit\u00e0 ebraica, espulsa dalla citt\u00e0 nel 1510. La prima fase dei lavori, durata fino al 1582, port\u00f2 alla costruzione della zona inferiore della facciata, fino alla balconata, e venne diretta dall&#8217;architetto Gabriele Riccardi. La seconda fase, a partire dal 1606, conobbe l&#8217;apporto del nonno dello Zimbalo, Francesco Antonio, che aggiunse i tre portali decorati. Alla terza ed ultima fase dei lavori si dedicarono lo Zingarello assieme a&nbsp;<a href=\"#\" class=\"tooltip yellow-tooltip\">Cesare Penna<span>Cesare Penna (1607-1680) fu uno scultore leccese, protagonista della grande stagione barocca vissuta dalla citt\u00e0 nel XVII secolo. Le sue opere pi\u00f9 celebri si possono ammirare nella Basilica di Santa Croce e nella chiesa di Santa Teresa, entrambe costruite dall&#8217;architetto Giuseppe Zimbalo. Al di fuori di Lecce, Penna fu attivo anche in altri centri della Puglia, quali Maglie e Martina Franca.<\/span><\/a>, altro illustre esponente dell&#8217;arte barocca a Lecce: alla loro maestria si attribuisce la parte superiore della facciata, il rosone e il fastigio alla sommit\u00e0 della struttura. Vicino al rosone \u00e8 scolpita la data 1646.<\/p>\n<p style=\"text-align: justify\"><img loading=\"lazy\" decoding=\"async\" src=\"https:\/\/digitalhistory.unite.it\/wp-content\/uploads\/2021\/08\/chiesa_del_rosario_250x333.jpg\" width=\"250\" height=\"333\" alt=\"Chiesa del Rosario\" align=\"left\">La costruzione della chiesa di San Giovanni Battista, o del Rosario, fu invece affidata dai&nbsp;<a href=\"\/territori\/percorsi-urbani\/lecce-la-citta-simbolo-del-barocco\/zimbalo\/domenicani\/\" title=\"Domenicani\">Domenicani<\/a>&nbsp;allo Zimbalo quando questi aveva gi\u00e0 passato i settant&#8217;anni. L&#8217;anziano architetto, che si dedic\u00f2 all&#8217;opera dal 1691 fino alla morte, nel 1710, contribu\u00ec personalmente al finanziamento dei lavori. Ancora incompleta alla scomparsa del suo creatore, la struttura venne ultimata nel 1728 da alcuni artisti locali, ed in essa Zimbalo aveva chiesto di essere sepolto.<\/p>\n<p style=\"text-align: justify\">Oltre che autore di&nbsp;<em>Memorie<\/em>, cronaca di fatti accaduti a&nbsp;<a href=\"\/territori\/percorsi-urbani\/lecce-la-citta-simbolo-del-barocco\/piazza-santoronzo\/lecce\/\" title=\"Lecce\">Lecce<\/a>&nbsp;tra il 1656 e il 1719, Giuseppe Cino (1645-1722) fu uno dei massimi esponenti del Barocco leccese. Architetto e scultore, la sua formazione professionale si svolse sotto la guida e l&#8217;influenza dei grandi maestri che operavano in quegli anni nella citt\u00e0 salentina, su tutti Giuseppe Zimbalo.<\/p>\n<p style=\"text-align: justify\">A Cino sono stati attribuiti molti dei monumenti pi\u00f9 rappresentativi dell&#8217;arte barocca a Lecce.&nbsp;<\/p>\n<p style=\"text-align: justify\"><img loading=\"lazy\" decoding=\"async\" src=\"https:\/\/digitalhistory.unite.it\/wp-content\/uploads\/2021\/08\/chiesa-del-carmine-lecce_201x268.jpg\" width=\"201\" height=\"268\" alt=\"Chiesa del Carmine\" align=\"left\">La chiesa del Carmine, adiacente al convento dei&nbsp;<a href=\"\/territori\/percorsi-urbani\/lecce-la-citta-simbolo-del-barocco\/cino\/carmelitani\/\" title=\"Carmelitani\">Carmelitani<\/a>, venne invece realizzata sul disegno di Cino, che vi lavor\u00f2 a partire dal 1711 e fino alla sua morte, nel 1722. L&#8217;opera, che anche in questo caso venne portata a termine da Mauro Manieri, o secondo altre fonti dal fratello di Cino, Donato, presenta una facciata divisa in tre ordini. Nel primo ordine, quattro nicchie poste simmetricamente ai lati del portale conservano le grandi statue dei profeti Elia ed Eliseo e dei carmelitani Sant&#8217;Angelo da Gerusalemme e Sant&#8217;Alberto degli Abati. La figura della Madonna del Carmine, cui la chiesa \u00e8 dedicata, compare sul timpano curvilineo del portale. Nel secondo ordine, un finestrone in posizione centrale divide le due nicchie occupate dalle statue di Santa Teresa d&#8217;Avila e Santa Maria Maddalena de&#8217; Pazzi. Il terzo ordine riunifica visivamente l&#8217;intera struttura compositiva della facciata e si conclude con un frontone di ispirazione classica. L&#8217;interno della chiesa riproduce invece la forma del piede umano, con sei cappelle, tre per lato, arricchite da splendidi altari barocchi.<\/p>\n<p style=\"text-align: justify\"><img loading=\"lazy\" decoding=\"async\" src=\"https:\/\/digitalhistory.unite.it\/wp-content\/uploads\/2021\/08\/santa_chiara_lecce_1163_203x271.jpg\" width=\"203\" height=\"271\" alt=\"Chiesa di Santa Chiara\" align=\"left\">Tra le opere di Cino va annoverata anche la ricostruzione della chiesa di Santa Chiara, tra il 1687 e il 1691. La facciata, divisa in due ordini, presenta anch&#8217;essa varie nicchie disposte simmetricamente ai lati del portale, nell&#8217;ordine inferiore, e del finestrone centrale, nell&#8217;ordine superiore. La chiesa ha una pianta di forma ottagonale allungata, con profondo presbiterio coperto con volta a stella.<\/p>\n<p style=\"text-align: justify\">Oltre che nelle vesti di architetto, Giuseppe Cino ha rappresentato l&#8217;arte barocca anche con alcune pregevoli opere scultoree, soprattutto altari. Gli sono attribuiti, ad esempio, gli altari di San Carlo Borromeo e di Sant&#8217;Andrea apostolo nel duomo di Lecce.<\/p>\n<p>&nbsp;<\/p>\n<p>&nbsp;<\/p>\n<p><a href=\"\/temi\/chiese\/il-duomo-di-lecce\/\" title=\"Il Duomo di Lecce\">&lt;&lt;&lt;&#8212;chiesa precedente<\/a> &nbsp; <a href=\"\/temi\/chiese\/la-basilica-del-carmine-maggiore-di-napoli\/\" title=\"La Basilica del Carmine Maggiore di Napoli\">chiesa seguente&#8212;&gt;&gt;&gt;<\/a><\/p>\n<\/div>\n<p><\/p>\n","protected":false},"excerpt":{"rendered":"<p>Lecce: la Basilica di Santa Croce, la Chiesa del Rosario, la Chiesa del Carmine e la Chiesa di Santa Chiara L&#8217;architetto e scultore Giuseppe Zimbalo (1620-1710) viene unanimemente considerato il maggior esponente dell&#8217;arte barocca a&nbsp;Lecce. Nipote di Francesco Antonio Zimbalo, altro celebre architetto della storia&hellip;<\/p>\n","protected":false},"author":1,"featured_media":0,"parent":5816,"menu_order":0,"comment_status":"closed","ping_status":"closed","template":"","meta":{"footnotes":""},"class_list":["post-6099","page","type-page","status-publish","hentry"],"_links":{"self":[{"href":"https:\/\/digitalhistory.unite.it\/es\/wp-json\/wp\/v2\/pages\/6099","targetHints":{"allow":["GET"]}}],"collection":[{"href":"https:\/\/digitalhistory.unite.it\/es\/wp-json\/wp\/v2\/pages"}],"about":[{"href":"https:\/\/digitalhistory.unite.it\/es\/wp-json\/wp\/v2\/types\/page"}],"author":[{"embeddable":true,"href":"https:\/\/digitalhistory.unite.it\/es\/wp-json\/wp\/v2\/users\/1"}],"replies":[{"embeddable":true,"href":"https:\/\/digitalhistory.unite.it\/es\/wp-json\/wp\/v2\/comments?post=6099"}],"version-history":[{"count":3,"href":"https:\/\/digitalhistory.unite.it\/es\/wp-json\/wp\/v2\/pages\/6099\/revisions"}],"predecessor-version":[{"id":10394,"href":"https:\/\/digitalhistory.unite.it\/es\/wp-json\/wp\/v2\/pages\/6099\/revisions\/10394"}],"up":[{"embeddable":true,"href":"https:\/\/digitalhistory.unite.it\/es\/wp-json\/wp\/v2\/pages\/5816"}],"wp:attachment":[{"href":"https:\/\/digitalhistory.unite.it\/es\/wp-json\/wp\/v2\/media?parent=6099"}],"curies":[{"name":"wp","href":"https:\/\/api.w.org\/{rel}","templated":true}]}}