{"id":6100,"date":"2021-08-19T22:02:59","date_gmt":"2021-08-19T20:02:59","guid":{"rendered":"https:\/\/digitalhistory.unite.it\/la-basilica-del-carmine-maggiore-di-napoli\/"},"modified":"2021-11-23T15:26:26","modified_gmt":"2021-11-23T14:26:26","slug":"la-basilica-del-carmine-maggiore-di-napoli","status":"publish","type":"page","link":"https:\/\/digitalhistory.unite.it\/es\/temi\/chiese\/la-basilica-del-carmine-maggiore-di-napoli\/","title":{"rendered":"La Basilica del Carmine Maggiore a Napoli"},"content":{"rendered":"<h1>La Basilica del Carmine Maggiore a Napoli <\/h1>\n<div class=\"testo\">\n<p style=\"text-align: justify\"><img loading=\"lazy\" decoding=\"async\" src=\"https:\/\/digitalhistory.unite.it\/wp-content\/uploads\/2021\/08\/napoli_-_chiesa_santa_maria_del_carmine_maggiore_225x300.jpg\" width=\"225\" height=\"300\" alt=\"chiesa del carmine\" align=\"left\">La Basilica del Carmine Maggiore \u00e8 un altro luogo fondamentale nella&nbsp;<a href=\"\/territori\/percorsi-regionali\/il-barocco-in-provincia-de-laquila\/bugnara\/napoli\/\" title=\"Napoli\">Napoli<\/a>&nbsp;di <a href=\"\/territori\/percorsi-urbani\/la-napoli-di-ascanio-filomarino\/\" title=\"La Napoli di Ascanio Filomarino\">Ascanio Filomarino<\/a>. Assieme all&#8217;antistante piazza Carmine, che in et\u00e0 moderna era tutt&#8217;uno con la piazza del Mercato, la Basilica \u00e8 stata teatro di alcuni degli eventi pi\u00f9 significativi della storia di Napoli ed \u00e8 oggi uno dei maggiori esempi di arte barocca della citt\u00e0. Secondo la tradizione, l&#8217;Icona della Vergine Bruna, venerata sul Monte Carmelo (luogo d&#8217;origine dell&#8217;<a href=\"\/territori\/percorsi-urbani\/lecce-la-citta-simbolo-del-barocco\/cino\/carmelitani\/\" title=\"Carmelitani\">Ordine carmelitano<\/a>) fu portata a Napoli da alcuni monaci in fuga dai Saraceni e dalla Palestina. Anche se le indagini storiche hanno smentito questo racconto (l&#8217;Icona risale al XIII secolo, cos\u00ec come l&#8217;arrivo dei Carmelitani a Napoli), il culto di questa immagine e i numerosi miracoli che le sono stati attribuiti nella storia sono entrati a far parte dell&#8217;identit\u00e0 collettiva napoletana. La storia della Basilica \u00e8 fortemente intrecciata con la rivolta del 1647-48. Fu infatti durante i preparativi per i festeggiamenti della Madonna del Carmine, il 7 luglio, che inizi\u00f2 la protesta popolare, e fu proprio il 16 luglio, giorno della festa, in cui&nbsp;<a href=\"\/territori\/percorsi-urbani\/cosimo-fanzago-e-la-napoli-barocca\/fanzago-e-la-rivolta-di-masaniello\/tommaso-aniello-detto-masaniello\/\" title=\"Tommaso Aniello detto Masaniello\">Masaniello<\/a>, forse in preda alla follia, si rifugi\u00f2 nella chiesa del Carmine, interruppe la messa, si spogli\u00f2 nudo e celebr\u00f2 il suo ultimo discorso al popolo napoletano. Convinto dai frati a spostarsi nell&#8217;adiacente convento, l\u00ec fu ucciso, quel 16 luglio, da quattro colpi di archibugio e la sua testa portata in giro per la citt\u00e0. Il giorno seguente, dinanzi al ritorno delle gabelle e alla diminuzione del peso del pane, i rivoltosi recuperarono il corpo di Masaniello, vi riattaccarono la testa e lo portarono in processione, seppellendolo proprio all&#8217;interno della Chiesa del Carmine, dove sarebbe rimasto&nbsp;<a href=\"#\" class=\"tooltip yellow-tooltip\">fino al 1799<span>Nel 1799, dopo essere tornato sul trono in seguito al fallimento della Repubblica Napoletana di ispirazione giacobina, Ferdinando IV di Borbone decise di far rimuovere il corpo di Masaniello dalla Basilica del Carmine Maggiore, per privare i rivoltosi di un simbolo e di un elemento identitario.<\/span><\/a>. Il volto della Basilica, che rimase per tutta la rivolta una sorta di &#8220;quartier generale&#8221; dei rivoltosi, fu duramente segnato dai fatti di quegli anni: la facciata fu colpita durante il bombardamento della citt\u00e0 nell&#8217;ottobre 1647 e poi ricostruita, fino all&#8217;attuale conformazione che risale alla seconda met\u00e0 del XVIII secolo. Il campanile, il pi\u00f9 alto della citt\u00e0, fu innalzato in varie fasi durante il Seicento, mentre risalgono al secolo successivo i lavori che cancellarono l&#8217;originale aspetto gotico della Basilica e le donarono quello attuale, rispondente ai canoni del Barocco. L&#8217;interno, a navata unica con splendide cappelle laterali e ricco di marmi policromi, presenta un soffitto moderno in sostituzione dell&#8217;originale seicentesco: l&#8217;onda d&#8217;urto creato dall&#8217;esplosione di una nave nel porto di Napoli ne caus\u00f2 il crollo durante la II guerra mondiale. Il ruolo della Basilica del Carmine Maggiore come luogo fortemente simbolico della storia di Napoli \u00e8 confermato anche dalla quantit\u00e0 di personaggi che in essa sono stati o sono tuttora sepolti: oltre a Masaniello, ricordiamo anche&nbsp;<a href=\"#\" class=\"tooltip yellow-tooltip\">Corradino di Svevia<span>Corradino di Svevia (1252-1268) fu l&#8217;ultimo discendente della casa di Svevia. Era il figlio di Corrado IV e, di conseguenza, nipote dell&#8217;imperatore Federico II. Perso il padre all&#8217;et\u00e0 di due anni, scese in Italia su invito dei ghibellini italiani dopo la sconfitta dello zio Manfredi di Sicilia a Benevento (1266). Corradino venne tuttavia sconfitto a Tagliacozzo (1268) da Carlo d&#8217;Angi\u00f2, che ne ordin\u00f2 la decapitazione.<\/span><\/a>&nbsp;e molti dei martiri della&nbsp;<a href=\"\/territori\/percorsi-urbani\/la-napoli-di-ascanio-filomarino\/un-ambizioso-prelato\/repubblica-1799\/\" title=\"Repubblica 1799\">Repubblica Napoletana del 1799<\/a>.<\/p>\n<p><a href=\"\/temi\/chiese\/chiese-di-lecce\/\" title=\"Chiese di Lecce\">&lt;&lt;&lt;&#8212;chiesa precedente<\/a> &nbsp; <a href=\"\/temi\/chiese\/la-chiesa-dei-santi-apostoli-a-napoli\/\" title=\"La Chiesa dei Santi Apostoli a Napoli\">chiesa seguente&#8212;&gt;&gt;&gt;<\/a><\/p>\n<\/div>\n<p><\/p>\n","protected":false},"excerpt":{"rendered":"<p>La Basilica del Carmine Maggiore a Napoli La Basilica del Carmine Maggiore \u00e8 un altro luogo fondamentale nella&nbsp;Napoli&nbsp;di Ascanio Filomarino. Assieme all&#8217;antistante piazza Carmine, che in et\u00e0 moderna era tutt&#8217;uno con la piazza del Mercato, la Basilica \u00e8 stata teatro di alcuni degli eventi pi\u00f9&hellip;<\/p>\n","protected":false},"author":1,"featured_media":0,"parent":5816,"menu_order":0,"comment_status":"closed","ping_status":"closed","template":"","meta":{"footnotes":""},"class_list":["post-6100","page","type-page","status-publish","hentry"],"_links":{"self":[{"href":"https:\/\/digitalhistory.unite.it\/es\/wp-json\/wp\/v2\/pages\/6100","targetHints":{"allow":["GET"]}}],"collection":[{"href":"https:\/\/digitalhistory.unite.it\/es\/wp-json\/wp\/v2\/pages"}],"about":[{"href":"https:\/\/digitalhistory.unite.it\/es\/wp-json\/wp\/v2\/types\/page"}],"author":[{"embeddable":true,"href":"https:\/\/digitalhistory.unite.it\/es\/wp-json\/wp\/v2\/users\/1"}],"replies":[{"embeddable":true,"href":"https:\/\/digitalhistory.unite.it\/es\/wp-json\/wp\/v2\/comments?post=6100"}],"version-history":[{"count":3,"href":"https:\/\/digitalhistory.unite.it\/es\/wp-json\/wp\/v2\/pages\/6100\/revisions"}],"predecessor-version":[{"id":10367,"href":"https:\/\/digitalhistory.unite.it\/es\/wp-json\/wp\/v2\/pages\/6100\/revisions\/10367"}],"up":[{"embeddable":true,"href":"https:\/\/digitalhistory.unite.it\/es\/wp-json\/wp\/v2\/pages\/5816"}],"wp:attachment":[{"href":"https:\/\/digitalhistory.unite.it\/es\/wp-json\/wp\/v2\/media?parent=6100"}],"curies":[{"name":"wp","href":"https:\/\/api.w.org\/{rel}","templated":true}]}}