{"id":6107,"date":"2021-08-19T22:03:00","date_gmt":"2021-08-19T20:03:00","guid":{"rendered":"https:\/\/digitalhistory.unite.it\/il-duomo-di-modica-e-la-cattedrale-di-noto\/"},"modified":"2021-11-23T15:26:26","modified_gmt":"2021-11-23T14:26:26","slug":"il-duomo-di-modica-e-la-cattedrale-di-noto","status":"publish","type":"page","link":"https:\/\/digitalhistory.unite.it\/es\/temi\/chiese\/il-duomo-di-modica-e-la-cattedrale-di-noto\/","title":{"rendered":"Il Duomo di Modica e la Cattedrale di Noto"},"content":{"rendered":"<h1>Il Duomo di Modica e la Cattedrale di Noto <\/h1>\n<div class=\"testo\">\n<div>\n<p style=\"text-align: justify\"><a href=\"\/territori\/percorsi-regionali\/sicilia-sud-orientale\/modica\/modica\/\" title=\"Modica\">Modica<\/a>, centro della provincia di&nbsp;<a href=\"\/territori\/percorsi-regionali\/sicilia-sud-orientale\/modica\/ragusa\/\" title=\"Ragusa\">Ragusa<\/a>, \u00e8 stata inserita, assieme all&#8217;intera Val di Noto, nella lista dei Patrimoni dell&#8217;Umanit\u00e0 dell&#8217;UNESCO, in considerazione soprattutto del suo centro storico e della splendida architettura barocca che la contraddistingue a partire dalla ricostruzione post terremoto del 1693.<\/p>\n<p style=\"text-align: justify\"><img loading=\"lazy\" decoding=\"async\" src=\"https:\/\/digitalhistory.unite.it\/wp-content\/uploads\/2021\/08\/modica-duomo-san-giorgio__fileminimizer__252x168.jpg\" width=\"252\" height=\"168\" alt=\"Duomo Modica\" align=\"left\">Il Duomo di San Giorgio, considerato tra i simboli del Barocco della Sicilia sud-orientale, si presenta oggi come il risultato delle ricostruzioni cui fu sottoposta l&#8217;originale struttura, risalente al XII secolo, a seguito dei terremoti del 1542, del 1613 e soprattutto del 1693 (anche se altri sismi nel corso del XVIII e del XIX secolo apportarono alcuni danni alla struttura). Vari architetti ed artisti si susseguirono nella ristrutturazione del complesso. L&#8217;imponente facciata a torre fu costruita a partire dal 1702 e completata solo nel secolo successivo. Essa raggiunge un&#8217;altezza complessiva di 62 metri, mentre la cupola si ferma a 36 metri. Una spettacolare scalinata composta da 164 gradini porta ai cinque portali, che introducono alle cinque navate in cui \u00e8 strutturato l&#8217;interno. Ai lati della scalinata, un giardino pensile su pi\u00f9 livelli, l&#8217;Orto del Piombo, contribuisce alla monumentalit\u00e0 dell&#8217;aspetto esterno del tempio.<\/p>\n<p style=\"text-align: justify\">L&#8217;interno \u00e8 a pianta basilicale e a croce latina. Presenta tre absidi dopo il transetto e 22 colonne con capitelli corinzi, oltre ad una serie di affreschi e di sculture di grande valore artistico (tra cui spicca il&nbsp;<em>Polittico<\/em>&nbsp;di Bernardino Nigro) e a un monumentale organo ottocentesco dotato di ben 3.000 canne.<\/p>\n<\/p><\/div>\n<p style=\"text-align: justify\">Ancor pi\u00f9 di&nbsp;<a href=\"\/territori\/percorsi-regionali\/guerra-di-santi\/vizzini\/catania\/\" title=\"Catania\">Catania<\/a>,&nbsp;<a href=\"\/territori\/percorsi-regionali\/guerra-di-santi\/prima-pagina\/siracusa\/\" title=\"Siracusa\">Siracusa<\/a>&nbsp;o&nbsp;Modica, Noto \u00e8 il comune siciliano che pi\u00f9 di ogni altro deve la propria fama alla ricostruzione barocca successiva al terremoto del 1693. Anch&#8217;essa dichiarata Patrimonio dell&#8217;Umanit\u00e0 dell&#8217;UNESCO, l&#8217;attuale Noto sorge in realt\u00e0 8 chilometri pi\u00f9 a sud della Noto antica, la cui antichissima storia fu spazzata via proprio dal sisma di fine Seicento. Il&nbsp;<a href=\"#\" class=\"tooltip yellow-tooltip\">duca di Camastra<span>Palermitano di nascita, Giuseppe Lanza, duca di Camastra (1630-1708) fu un magistrato e un personaggio molto vicino al potere spagnolo. Proprio il vicer\u00e9 duca di Uceda lo incaric\u00f2 di organizzare e dirigere la fase di ricostruzione di Catania e di tutta la Sicilia sud-orientale dopo il devastante terremoto del 1693.<\/span><\/a>, responsabile della ricostruzione, decise allora di spostare il nucleo urbano pi\u00f9 a valle, e nel nuovo sito si alternarono nei decenni successivi vari architetti, ingegneri ed artisti fino alla creazione dell&#8217;attuale straordinario centro urbano.<\/p>\n<p style=\"text-align: justify\"><img loading=\"lazy\" decoding=\"async\" src=\"https:\/\/digitalhistory.unite.it\/wp-content\/uploads\/2021\/08\/cattedrale_di_san_nicol__a_noto__rg__-_sicilia__fileminimizer__251x188.jpg\" width=\"251\" height=\"188\" alt=\"Cattedrale Noto\" align=\"left\">Moltissime sono dunque le testimonianze del Barocco di Noto risalenti a quegli anni di fervente ricostruzione. Tra di esse, non possiamo non ricordare la Cattedrale di San Nicol\u00f2, sede della diocesi di Noto. I lavori di costruzione iniziarono nel 1694 e terminarono appena nove anni dopo, nel 1703, anche se numerose modifiche sono state aggiunte nel corso dei secoli successivi. La facciata \u00e8 in pietra calcarea ed \u00e8 un classico esempio di stile tardo-barocco siciliano che presenta per\u00f2 indubbie influenze francesi e neoclassiche. Sulla sommit\u00e0 della scalinata a tre rampe si innalza una facciata a torri laterali, con tre portali compresi tra colonne corinzie e, nel secondo ordine, quattro statue che rappresentano gli evangelisti e un finestrone centrale. L&#8217;interno, a tre navate, conserva varie opere d&#8217;arte, alcune proveniente dall&#8217;antica Noto, e l&#8217;urna che conserva i resti di&nbsp;<a href=\"#\" class=\"tooltip yellow-tooltip\">Corrado Confalonieri<span>Corrado Confalonieri (1290-1351) fu un terziario francescano, pellegrino, penitente ed eremita. La Chiesa cattolica ne celebra la memoria il 19 febbraio.<\/span><\/a>. Nel marzo 1996, alcuni difetti di costruzione causarono il crollo della cupola, della navata destra, della navata centrale e del transetto destro. La cattedrale \u00e8 stata interamente ricostruita, seguendo il modello originale, e riaperta al pubblico nel 2007, con l&#8217;aggiunta di alcune pregevoli opere d&#8217;arte contemporanea.&nbsp;<\/p>\n<p style=\"text-align: justify\"><a href=\"\/temi\/chiese\/la-basilica-di-san-sebastiano-ad-acireale\/\" title=\"La Basilica di San Sebastiano ad Acireale\">&lt;&lt;&lt;&#8212;chiesa precedente<\/a> &nbsp; <a href=\"\/temi\/chiese\/chiese-della-sicilia-sud-orientale\/\" title=\"Chiese della Sicilia sud-orientale\">chiesa seguente&#8212;&gt;&gt;&gt;<\/a><\/p>\n<\/div>\n<p><\/p>\n","protected":false},"excerpt":{"rendered":"<p>Il Duomo di Modica e la Cattedrale di Noto Modica, centro della provincia di&nbsp;Ragusa, \u00e8 stata inserita, assieme all&#8217;intera Val di Noto, nella lista dei Patrimoni dell&#8217;Umanit\u00e0 dell&#8217;UNESCO, in considerazione soprattutto del suo centro storico e della splendida architettura barocca che la contraddistingue a partire&hellip;<\/p>\n","protected":false},"author":1,"featured_media":0,"parent":5816,"menu_order":0,"comment_status":"closed","ping_status":"closed","template":"","meta":{"footnotes":""},"class_list":["post-6107","page","type-page","status-publish","hentry"],"_links":{"self":[{"href":"https:\/\/digitalhistory.unite.it\/es\/wp-json\/wp\/v2\/pages\/6107","targetHints":{"allow":["GET"]}}],"collection":[{"href":"https:\/\/digitalhistory.unite.it\/es\/wp-json\/wp\/v2\/pages"}],"about":[{"href":"https:\/\/digitalhistory.unite.it\/es\/wp-json\/wp\/v2\/types\/page"}],"author":[{"embeddable":true,"href":"https:\/\/digitalhistory.unite.it\/es\/wp-json\/wp\/v2\/users\/1"}],"replies":[{"embeddable":true,"href":"https:\/\/digitalhistory.unite.it\/es\/wp-json\/wp\/v2\/comments?post=6107"}],"version-history":[{"count":2,"href":"https:\/\/digitalhistory.unite.it\/es\/wp-json\/wp\/v2\/pages\/6107\/revisions"}],"predecessor-version":[{"id":10364,"href":"https:\/\/digitalhistory.unite.it\/es\/wp-json\/wp\/v2\/pages\/6107\/revisions\/10364"}],"up":[{"embeddable":true,"href":"https:\/\/digitalhistory.unite.it\/es\/wp-json\/wp\/v2\/pages\/5816"}],"wp:attachment":[{"href":"https:\/\/digitalhistory.unite.it\/es\/wp-json\/wp\/v2\/media?parent=6107"}],"curies":[{"name":"wp","href":"https:\/\/api.w.org\/{rel}","templated":true}]}}