{"id":6112,"date":"2021-08-19T22:03:00","date_gmt":"2021-08-19T20:03:00","guid":{"rendered":"https:\/\/digitalhistory.unite.it\/le-chiese-barocche-di-pescocostanzo\/"},"modified":"2021-11-23T15:26:28","modified_gmt":"2021-11-23T14:26:28","slug":"le-chiese-barocche-di-pescocostanzo","status":"publish","type":"page","link":"https:\/\/digitalhistory.unite.it\/es\/temi\/chiese\/le-chiese-barocche-di-pescocostanzo\/","title":{"rendered":"Le chiese barocche di Pescocostanzo"},"content":{"rendered":"<h1>Le chiese barocche di Pescocostanzo <\/h1>\n<div class=\"testo\">\n<p style=\"text-align: justify\"><span>Pescocostanzo, altro membro del club dei&nbsp;<\/span> <em>borghi pi\u00f9 belli d&#8217;Italia<\/em><span>, pu\u00f2 essere considerato come il principale centro del barocco in Abruzzo. Infatti, al suo interno \u00e8 perfettamente conservato un ricco patrimonio di monumenti di epoca rinascimentale e barocca, inseriti in un assetto urbanistico rimasto pressoch\u00e8 immutato nel corso dei secoli. A Pescocostanzo, tra XV e XVIII secolo, operarono numerose maestranze lombarde, attirate dai ricchi esponenti della societ\u00e0 locale. Tra i grandi artisti che vi lavorarono, seppur per un breve periodo, figura anche l&#8217;architetto&nbsp;<\/span> <a href=\"\/territori\/percorsi-urbani\/cosimo-fanzago-e-la-napoli-barocca\/\" title=\"Cosimo Fanzago e la Napoli barocca\">Cosimo Fanzago<\/a><span>, la cui impronta \u00e8 evidente nella Chiesa di Ges\u00f9 e Maria. Palazzo Fanzago venne da lui progettato e costruito negli anni Venti del XVII secolo e utilizzato come convento di clausura per le religiose di Santa Scolastica. La peculiarit\u00e0 della facciata sta nelle sei grandi nicchie in pietra, sormontate da timpani alternativamente interi e spezzati, che sostituiscono le finestre, vietate dalla clausura. Tuttavia, il maggior simbolo del fiorente passato di Pescocostanzo \u00e8 la Basilica di Santa Maria del Colle. L&#8217;interno, diviso in cinque navate, \u00e8 ricco di decorazioni in marmo, pietra e ferro e di pregevoli manufatti lignei. Spiccano soprattutto i soffitti a cassettoni, anch&#8217;essi in legno, in cui sono incastonate alcune pregevoli tele. Tra di esse, spicca la&nbsp;<\/span> <em>Sacra Famiglia<\/em><span>&nbsp;di Francesco Peresi, datata 1708 e per questo da ritenersi come prima opera a noi pervenuta dell&#8217;artista napoletano. La&nbsp;<\/span> <em>Madonna dell&#8217;incendio sedato<\/em><span>&nbsp;\u00e8 invece il frutto del genio artistico di&nbsp;<\/span> <a href=\"#\" class=\"tooltip yellow-tooltip\">Tanzio da Varallo<span>Antonio d&#8217;Enrico, detto Tanzio da Varallo (1575 ca. &#8211; 1633) \u00e8 stato un pittore tra i pi\u00f9 rappresentativi dell&#8217;arte controriformistica. Durante l&#8217;apprendistato romano ebbe modo di conoscere ed apprezzare l&#8217;arte di Caravaggio. Prima di rientrare in Valsesia, pass\u00f2 quindici anni lontano dalla terra natale: a Roma, poi a Napoli e anche in Abruzzo. A questo periodo risalgono la pala con la&nbsp;<em>Circoncisione<\/em>&nbsp;che si trova a Fara San Martino, la&nbsp;<em>Madonna dell&#8217;incendio sedato<\/em>&nbsp;a Pescocostanzo e la&nbsp;<em>Madonna con Bambino<\/em>&nbsp;nella sacrestia della Parrocchiale di Colledimezzo.<\/span><\/a><span>, pittore attivo nella prima met\u00e0 del Seicento e che certamente soggiorn\u00f2, per un periodo abbastanza lungo, in Abruzzo. La sua presenza \u00e8 rimasta, attraverso le sue tele, in altri luoghi di culto della regione, come nelle parrocchiali di&nbsp;<\/span> <a href=\"#\" class=\"tooltip yellow-tooltip\">Fara San Martino<span>Fara San Martino \u00e8 un comune di circa 1.500 abitanti situato nell&#8217;attuale provincia di Chieti. Il territorio fu colonizzato dai monaci benedettini nel IX-X secolo, diventando poi feudo della famiglia Valignani in et\u00e0 moderna. Le principali testimonianze del suo passato sono rappresentate dai frammenti architettonici e scultorei del portale duecentesco, dagli affreschi trecenteschi dell&#8217;abbazia di San Martino e da una tela di Tanzio da Varallo, conservata nella chiesa parrocchiale.<\/span><\/a>&nbsp;e di <a href=\"#\" class=\"tooltip yellow-tooltip\">Colledimezzo<span>Centro abitato di piccole dimensioni situato nell&#8217;attuale provincia di Chieti, Colledimezzo venne fondata attorno al X secolo. In et\u00e0 moderna era parte della contea di Monteodorisio, feudo della famiglia d&#8217;Avalos. La chiesa di San Giovanni Evangelista e Apostolo \u00e8 la principale del paese. Dotata di una struttura ad unica navata, essa \u00e8 decorata da affreschi e dipinti, tra cui spicca la&nbsp;<em>Madonna con Bambino<\/em>&nbsp;di Tanzio da Varallo.<\/span><\/a><\/p>\n<p><a href=\"\/temi\/chiese\/la-chiesa-della-madonna-del-rosario-a-bugnara\/\" title=\"La chiesa della Madonna del Rosario a Bugnara\">&lt;&lt;&lt;&#8212;chiesa precedente<\/a> &nbsp; <a href=\"\/temi\/chiese\/la-chiesa-di-san-giorgio-dei-genovesi-a-palermo\/\" title=\"La chiesa di San Giorgio dei Genovesi a Palermo\">chiesa seguente&#8212;&gt;&gt;&gt;<\/a><\/p>\n<\/div>\n<p><\/p>\n","protected":false},"excerpt":{"rendered":"<p>Le chiese barocche di Pescocostanzo Pescocostanzo, altro membro del club dei&nbsp; borghi pi\u00f9 belli d&#8217;Italia, pu\u00f2 essere considerato come il principale centro del barocco in Abruzzo. Infatti, al suo interno \u00e8 perfettamente conservato un ricco patrimonio di monumenti di epoca rinascimentale e barocca, inseriti in&hellip;<\/p>\n","protected":false},"author":1,"featured_media":0,"parent":5816,"menu_order":0,"comment_status":"closed","ping_status":"closed","template":"","meta":{"footnotes":""},"class_list":["post-6112","page","type-page","status-publish","hentry"],"_links":{"self":[{"href":"https:\/\/digitalhistory.unite.it\/es\/wp-json\/wp\/v2\/pages\/6112","targetHints":{"allow":["GET"]}}],"collection":[{"href":"https:\/\/digitalhistory.unite.it\/es\/wp-json\/wp\/v2\/pages"}],"about":[{"href":"https:\/\/digitalhistory.unite.it\/es\/wp-json\/wp\/v2\/types\/page"}],"author":[{"embeddable":true,"href":"https:\/\/digitalhistory.unite.it\/es\/wp-json\/wp\/v2\/users\/1"}],"replies":[{"embeddable":true,"href":"https:\/\/digitalhistory.unite.it\/es\/wp-json\/wp\/v2\/comments?post=6112"}],"version-history":[{"count":2,"href":"https:\/\/digitalhistory.unite.it\/es\/wp-json\/wp\/v2\/pages\/6112\/revisions"}],"predecessor-version":[{"id":10391,"href":"https:\/\/digitalhistory.unite.it\/es\/wp-json\/wp\/v2\/pages\/6112\/revisions\/10391"}],"up":[{"embeddable":true,"href":"https:\/\/digitalhistory.unite.it\/es\/wp-json\/wp\/v2\/pages\/5816"}],"wp:attachment":[{"href":"https:\/\/digitalhistory.unite.it\/es\/wp-json\/wp\/v2\/media?parent=6112"}],"curies":[{"name":"wp","href":"https:\/\/api.w.org\/{rel}","templated":true}]}}