{"id":6122,"date":"2021-08-19T22:03:00","date_gmt":"2021-08-19T20:03:00","guid":{"rendered":"https:\/\/digitalhistory.unite.it\/chiese-di-valladolid\/"},"modified":"2021-11-23T15:26:29","modified_gmt":"2021-11-23T14:26:29","slug":"chiese-di-valladolid","status":"publish","type":"page","link":"https:\/\/digitalhistory.unite.it\/es\/temi\/chiese\/chiese-di-valladolid\/","title":{"rendered":"Valladolid: iglesia de la Pasi\u00f3n, iglesia de San Juan de Letr\u00e1n, convento de los Agustinos Filipinos"},"content":{"rendered":"<h1>Valladolid: iglesia de la Pasi\u00f3n, iglesia de San Juan de Letr\u00e1n, convento de los Agustinos Filipinos <\/h1>\n<div class=\"testo\">\n<p style=\"text-align: justify\"><a rel=\"lightbox\" href=\"https:\/\/digitalhistory.unite.it\/wp-content\/uploads\/attachments\/img_0882.jpg\" title=\"Didascalia che voglio\"><img loading=\"lazy\" decoding=\"async\" src=\"https:\/\/digitalhistory.unite.it\/wp-content\/uploads\/2021\/08\/img_0882_92x138.jpg\" width=\"92\" height=\"138\" alt=\"Iglesia de la Pasion\" align=\"left\"><\/a>Tracce del gusto e dell&#8217;arte barocca sono identificabili anche nelle facciate di alcuni importanti edifici religiosi della citt\u00e0. Situata a pochi metri dalla&nbsp;<a href=\"\/territori\/percorsi-regionali\/le-plazas-mayores-spagnole-e-il-barocco\/la-ricostruzione-della-plaza-mayor-di-valladolid\/\" title=\"La ricostruzione della Plaza Mayor di Valladolid\">Plaza Mayor<\/a>, la iglesia de la&nbsp;<em>Cofrad\u00eda Penitencial de la Sagrada Pasi\u00f3n de Cristo<\/em>, pi\u00f9 semplicemente nota come Iglesia de la Pasi\u00f3n, venne costruita sul finire del XVI secolo. La&nbsp;<a href=\"\/temi\/feste-e-rituali\/le-confraternite-della-settimana-santa\/\" title=\"Le Confraternite della Settimana Santa\"><em>Cofrad\u00eda<\/em><\/a>, composta in larga parte da artisti, scultori e pittori, decise per\u00f2 di arricchire l&#8217;aspetto della chiesa nel corso del Seicento, affidando a Felipe Berrojo de la Isla la decorazione dell&#8217;interno e ordinando la realizzazione di una nuova facciata in pietra, in pieno stile barocco, conclusa nel 1672.<\/p>\n<p style=\"text-align: justify\">&nbsp;<\/p>\n<p style=\"text-align: justify\"><a rel=\"lightbox\" href=\"https:\/\/digitalhistory.unite.it\/wp-content\/uploads\/attachments\/img_0941.jpg\" title=\"Didascalia che voglio\"><img loading=\"lazy\" decoding=\"async\" src=\"https:\/\/digitalhistory.unite.it\/wp-content\/uploads\/2021\/08\/img_0941_116x174.jpg\" width=\"116\" height=\"174\" alt=\"San Juan de Letran\" align=\"left\"><\/a>Anche la iglesia de San Juan de Letr\u00e1n \u00e8 celebre per la sua facciata barocca. La costruzione della chiesa inizi\u00f2 nel 1675, ma si protrasse per i decenni successivi. La facciata principale, rivolta verso il Parque del Campo Grande, venne eretta infatti verso il 1730, secondo il progetto di Mat\u00edas Machuca, uno dei principali esponenti del Barocco vallisoletano. L&#8217;alternanza di superfici convesse e concave dona grande mobilit\u00e0 all&#8217;insieme, che risulta diviso in due corpi laterali, cilindrici, e un corpo centrale. Quest&#8217;ultimo si sviluppa su due piani, al centro dei quali dominano il portale, nel piano inferiore, e lo scudo reale di Spagna (omaggio al patronato reale sulla chiesa) in quello superiore. Sulla sommit\u00e0, un tempietto ospita la statua di San Giovanni Battista, affiancata dalle rappresentazioni della Fede e della Carit\u00e0 in vesti femminili.<\/p>\n<p style=\"text-align: justify\"><img loading=\"lazy\" decoding=\"async\" src=\"https:\/\/digitalhistory.unite.it\/wp-content\/uploads\/2021\/08\/img_0947_225x150.jpg\" width=\"225\" height=\"150\" alt=\"Agustinos Filipinos\" align=\"left\">Accanto alla iglesia de San Juan de Letr\u00e1n si pu\u00f2 infine ammirare il convento de los Agustinos Filipinos, costruito a partire dal 1759 su disegno del celebre architetto&nbsp;<a href=\"#\" class=\"tooltip yellow-tooltip\">Ventura Rodr\u00edguez<span>Buenaventura Rodr\u00edguez Tiz\u00f3n, meglio noto come Ventura Rodr\u00edguez (1717-1785) viene considerato come l&#8217;ultimo architetto barocco spagnolo, anche se la sua produzione presenta gi\u00e0 elementi tipici del neoclassicismo. Tra le sue opere, ricordiamo l&#8217;interno del Monastero de la Encarnaci\u00f3n, l&#8217;esterno del Palazzo de Liria e il disegno della fontana di Cibeles a Madrid, la facciata del convento de los Agustinos Filipinos a Valladolid e la&nbsp;<em>Santa Capilla<\/em>&nbsp;della Basilica di Nuestra Se\u00f1ora del Pilar a Saragozza.<\/span><\/a>. La struttura nacque come seminario nel quale formare padri&nbsp;<a href=\"\/territori\/percorsi-urbani\/valladolid-e-i-resti-del-suo-passato-barocco\/chiese\/agostiniani\/\" title=\"Agostiniani\">agostiniani<\/a>&nbsp;da inviare come missionari nelle Filippine, secondo un progetto autorizzato da&nbsp;<a href=\"\/territori\/percorsi-urbani\/valladolid-e-i-resti-del-suo-passato-barocco\/chiese\/clemente-xii\/\" title=\"Clemente XII\">Clemente XII<\/a>&nbsp;e posto sotto il patronato del re&nbsp;<a href=\"\/territori\/percorsi-urbani\/valladolid-e-i-resti-del-suo-passato-barocco\/chiese\/filippo-v-di-borbone\/\" title=\"Filippo V di Borbone\">Filippo V<\/a>. La struttura e l&#8217;aspetto dell&#8217;edificio sono tipici dell&#8217;arte di Ventura Rodr\u00edguez, a met\u00e0 tra Barocco e Neoclassicismo, anche se la costruzione del convento fu ultimata ben 171 anni dopo l&#8217;inizio dei lavori, nel 1930. All&#8217;interno, sono conservate opere pittoriche e scultoree realizzate tra il XVI e il XX secolo. Nell&#8217;edificio ha inoltre sede il Museo Oriental, il pi\u00f9 importante dell&#8217;intera Spagna nella sua categoria.<\/p>\n<p><a href=\"\/temi\/chiese\/la-cattedrale-di-valladolid\/\" title=\"La Cattedrale di Valladolid\">&lt;&lt;&lt;&#8212;chiesa precedente<\/a> &nbsp; <a href=\"\/temi\/chiese\/parrocchia-di-santa-cruz-a-cadice\/\" title=\"Parrocchia di Santa Cruz a Cadice\">chiesa seguente&#8212;&gt;&gt;&gt;<\/a><\/p>\n<\/div>\n<p><\/p>\n","protected":false},"excerpt":{"rendered":"<p>Valladolid: iglesia de la Pasi\u00f3n, iglesia de San Juan de Letr\u00e1n, convento de los Agustinos Filipinos Tracce del gusto e dell&#8217;arte barocca sono identificabili anche nelle facciate di alcuni importanti edifici religiosi della citt\u00e0. Situata a pochi metri dalla&nbsp;Plaza Mayor, la iglesia de la&nbsp;Cofrad\u00eda Penitencial&hellip;<\/p>\n","protected":false},"author":1,"featured_media":0,"parent":5816,"menu_order":0,"comment_status":"closed","ping_status":"closed","template":"","meta":{"footnotes":""},"class_list":["post-6122","page","type-page","status-publish","hentry"],"_links":{"self":[{"href":"https:\/\/digitalhistory.unite.it\/es\/wp-json\/wp\/v2\/pages\/6122","targetHints":{"allow":["GET"]}}],"collection":[{"href":"https:\/\/digitalhistory.unite.it\/es\/wp-json\/wp\/v2\/pages"}],"about":[{"href":"https:\/\/digitalhistory.unite.it\/es\/wp-json\/wp\/v2\/types\/page"}],"author":[{"embeddable":true,"href":"https:\/\/digitalhistory.unite.it\/es\/wp-json\/wp\/v2\/users\/1"}],"replies":[{"embeddable":true,"href":"https:\/\/digitalhistory.unite.it\/es\/wp-json\/wp\/v2\/comments?post=6122"}],"version-history":[{"count":2,"href":"https:\/\/digitalhistory.unite.it\/es\/wp-json\/wp\/v2\/pages\/6122\/revisions"}],"predecessor-version":[{"id":10396,"href":"https:\/\/digitalhistory.unite.it\/es\/wp-json\/wp\/v2\/pages\/6122\/revisions\/10396"}],"up":[{"embeddable":true,"href":"https:\/\/digitalhistory.unite.it\/es\/wp-json\/wp\/v2\/pages\/5816"}],"wp:attachment":[{"href":"https:\/\/digitalhistory.unite.it\/es\/wp-json\/wp\/v2\/media?parent=6122"}],"curies":[{"name":"wp","href":"https:\/\/api.w.org\/{rel}","templated":true}]}}