{"id":6178,"date":"2021-08-19T22:03:07","date_gmt":"2021-08-19T20:03:07","guid":{"rendered":"https:\/\/digitalhistory.unite.it\/i-giganti-processionali-e-da-corteo\/"},"modified":"2021-11-23T15:26:40","modified_gmt":"2021-11-23T14:26:40","slug":"i-giganti-processionali-e-da-corteo","status":"publish","type":"page","link":"https:\/\/digitalhistory.unite.it\/es\/temi\/feste-e-rituali\/i-giganti-processionali-e-da-corteo\/","title":{"rendered":"I Giganti processionali e da corteo"},"content":{"rendered":"<h1>I Giganti processionali e da corteo <\/h1>\n<div class=\"testo\">\n<p style=\"text-align: justify\"><img loading=\"lazy\" decoding=\"async\" src=\"https:\/\/digitalhistory.unite.it\/wp-content\/uploads\/2021\/08\/giganti_di_aidone.0060-0-__fileminimizer__226x338.jpg\" width=\"226\" height=\"338\" alt=\"Giganti di Aidone3\" align=\"left\">I giganti \u00abprocessionali\u00bb e da \u00abcorteo\u00bb, in origine,&nbsp;erano dei manichini di dimensioni sovrumane che &#8220;camminavano&#8221; su trampoli. Costituiti da un&#8217;ossatura di vimini e legno rivestita con abiti in tessuto, essi sfilavano e danzavano, &#8220;portati&#8221; o &#8220;indossati&#8221; da uno o pi\u00f9 persone, durante le processioni religiose, gli eventi ludici ed i cortei civili (come le grandiose cerimonie allestite per accogliere l&#8217;entrata di sovrani e principi nelle pi\u00f9 importanti citt\u00e0 europee). Dalla fine del Medioevo, i giganti assunsero progressivamente una fisionomia pi\u00f9 solida e ricercata, e quindi una postura pi\u00f9 stabile. Al punto che oggi, in alcuni casi, li vediamo collocati su carri e piattaforme mobili, ideate per sostenere l&#8217;aumento di peso dovuto all&#8217;impiego di materiali diversi e pi\u00f9 pesanti (ferro, alluminio, gesso e cartapesta).<\/p>\n<p style=\"text-align: justify\">I primi giganti rituali di cui si hanno notizie certe risalgono agli <a href=\"\/temi\/feste-e-rituali\/i-giganti-processionali-e-da-corteo\/i-giganti-nel-medioevo\/\"> ultimi secoli del Medioevo<\/a>. Nel Rinascimento prese avvio la <a href=\"\/temi\/feste-e-rituali\/i-giganti-processionali-e-da-corteo\/i-giganti-in-eta-rinascimentale-e-barocca\/\"> prima grande trasformazione<\/a> del panorama &#8216;gigantesco&#8217; europeo, che arriv\u00f2 a pieno compimento durante l&#8217;et\u00e0 barocca.&nbsp;I tratti e i profili dei giganti processionali e da corteo&nbsp;sono cambiati&nbsp;continuamente: dalla scenografia religiosa in cui sono stati pensati sono transitati nell&#8217;universo simbolico civico e, col passare del tempo, in contesti sempre meno carichi di storia e di grammatiche simboliche, fino a raggiungere ambiti folkloristici pi\u00f9 ristretti. Questo percorso, tuttavia, non \u00e8 sempre stato&nbsp;a senso unico: a volte, infatti, si \u00e8&nbsp;tornato indietro, per recuperare (spesso reinventandole) la fisionomia e l&#8217;identit\u00e0 originaria dei giganti. Tutte queste metamorfosi hanno assicurato ai colossi festivi una <a href=\"\/temi\/feste-e-rituali\/i-giganti-processionali-e-da-corteo\/i-giganti-dal-xviii-al-xxi-secolo\/\"> longevit\u00e0 sorprendente<\/a>, dovuta alla vaghezza del loro profilo simbolico e alla loro precariet\u00e0 materiale. A volte, il gigante inteso come oggetto \u00e8 sopravvissuto tenacemente alla scomparsa del significato (che spesso \u00e8 arduo rintracciare) attribuitogli dai suoi primi costruttori e spettatori; altre volte, al contrario, \u00e8 stato&nbsp;il significato a sopravvivere alla morte fisica del gigante, incarnandosi in un&#8217;altra figura colossale. Conseguenza di ci\u00f2 \u00e8 l&#8217;attuale esistenza di Giganti, <a href=\"\/temi\/feste-e-rituali\/i-giganti-processionali-e-da-corteo\/la-diffusione-dei-giganti-in-europa\/\"> in varie regioni d&#8217;Europa<\/a>, provvisti di identit\u00e0 molteplici, tutte suffragate da racconti leggendari, solo raramente dotati di una certa autorevolezza. Anzi, nella maggior parte dei casi, risultano incredibili e grossolanamente assemblati. Il lavoro di eruditi e intellettuali, nel tempo, ha accumulato un repertorio di spiegazioni possibili, che sono transitate non senza alterazioni nel senso comune.<\/p>\n<p style=\"text-align: justify\"><a href=\"\/temi\/feste-e-rituali\/\">&lt;&lt;&lt;&#8212;torna all&#8217;indice<\/a> &nbsp; <a href=\"\/temi\/feste-e-rituali\/i-giganti-tra-sicilia-e-calabria\/\"> pagina seguente&#8212;&gt;&gt;&gt;<\/a><\/p>\n<\/div>\n<p><\/p>\n","protected":false},"excerpt":{"rendered":"<p>I Giganti processionali e da corteo I giganti \u00abprocessionali\u00bb e da \u00abcorteo\u00bb, in origine,&nbsp;erano dei manichini di dimensioni sovrumane che &#8220;camminavano&#8221; su trampoli. Costituiti da un&#8217;ossatura di vimini e legno rivestita con abiti in tessuto, essi sfilavano e danzavano, &#8220;portati&#8221; o &#8220;indossati&#8221; da uno o&hellip;<\/p>\n","protected":false},"author":1,"featured_media":0,"parent":5819,"menu_order":0,"comment_status":"closed","ping_status":"closed","template":"","meta":{"footnotes":""},"class_list":["post-6178","page","type-page","status-publish","hentry"],"_links":{"self":[{"href":"https:\/\/digitalhistory.unite.it\/es\/wp-json\/wp\/v2\/pages\/6178","targetHints":{"allow":["GET"]}}],"collection":[{"href":"https:\/\/digitalhistory.unite.it\/es\/wp-json\/wp\/v2\/pages"}],"about":[{"href":"https:\/\/digitalhistory.unite.it\/es\/wp-json\/wp\/v2\/types\/page"}],"author":[{"embeddable":true,"href":"https:\/\/digitalhistory.unite.it\/es\/wp-json\/wp\/v2\/users\/1"}],"replies":[{"embeddable":true,"href":"https:\/\/digitalhistory.unite.it\/es\/wp-json\/wp\/v2\/comments?post=6178"}],"version-history":[{"count":2,"href":"https:\/\/digitalhistory.unite.it\/es\/wp-json\/wp\/v2\/pages\/6178\/revisions"}],"predecessor-version":[{"id":10510,"href":"https:\/\/digitalhistory.unite.it\/es\/wp-json\/wp\/v2\/pages\/6178\/revisions\/10510"}],"up":[{"embeddable":true,"href":"https:\/\/digitalhistory.unite.it\/es\/wp-json\/wp\/v2\/pages\/5819"}],"wp:attachment":[{"href":"https:\/\/digitalhistory.unite.it\/es\/wp-json\/wp\/v2\/media?parent=6178"}],"curies":[{"name":"wp","href":"https:\/\/api.w.org\/{rel}","templated":true}]}}