{"id":6183,"date":"2021-08-19T22:03:08","date_gmt":"2021-08-19T20:03:08","guid":{"rendered":"https:\/\/digitalhistory.unite.it\/i-giganti-del-corpus-christi-di-toledo\/"},"modified":"2021-11-23T15:26:37","modified_gmt":"2021-11-23T14:26:37","slug":"i-giganti-del-corpus-christi-di-toledo","status":"publish","type":"page","link":"https:\/\/digitalhistory.unite.it\/es\/temi\/feste-e-rituali\/i-giganti-del-corpus-christi-di-toledo\/","title":{"rendered":"I Giganti del Corpus Christi di Toledo"},"content":{"rendered":"<h1>I Giganti del Corpus Christi di Toledo <\/h1>\n<div class=\"testo\">\n<p style=\"text-align: justify\"><img loading=\"lazy\" decoding=\"async\" src=\"https:\/\/digitalhistory.unite.it\/wp-content\/uploads\/2021\/08\/gigantes_toledo_342x187.jpg\" width=\"342\" height=\"187\" alt=\"Giganti Toledo\" align=\"left\">Nel 1980 il <em>Corpus Christi<\/em> di <a href=\"\/temi\/feste-e-rituali\/i-giganti-in-spagna\/toledo\/\" title=\"Toledo\">Toledo<\/a> \u00e8 stato dichiarato dal governo spagnolo festa di Interesse Turistico Internazionale. La sua storia, tuttavia, \u00e8 molto pi\u00f9 antica. Le prime attestazioni, infatti, risalgono alla fine del Medioevo. Il <em>Corpus Christi<\/em>&nbsp;\u00e8 una cerimonia liturgica che celebra la presenza reale del Cristo nell&#8217;Eucarestia. Essa si tiene il gioved\u00ec successivo alla Pentecoste (una festivit\u00e0 mobile che cade il cinquantesimo giorno dopo la Domenica di Pasqua). Per l&#8217;occasione, le strade ed i balconi della citt\u00e0 di Toledo sono addobbate con fiori e tappeti e la splendida Cattedrale gotica di Santa Maria, al cui interno si trova una delle meraviglie del tardo barocco spagnolo (<em>El Transparente<\/em>), \u00e8 abbellita con 48 arazzi seicenteschi di scuola fiamminga.<\/p>\n<p style=\"text-align: justify\">Alla vigilia del <em>Corpus<\/em>, per le strade di Toledo si tiene la sfilata dei giganti, dei nani (<em>gigantillas<\/em>) e della <em><a href=\"\/temi\/feste-e-rituali\/i-giganti-del-corpus-christi-di-toledo\/la-tarasca-di-toledo\/\" title=\"La Tarasca di Toledo\">Tarasca<\/a><\/em>. I colossi odierni, che risalgono alla met\u00e0 del Settecento, impersonano i quattro continenti. Insieme a quest&#8217;ultimi, sfila anche il fantoccio di Rodrigo D\u00edaz de Bivar (1026-1099), detto <em>El Cid<\/em>: il leggendario cavaliere castigliano eroe della <em>Reconquista<\/em>. La partecipazione dei giganti alla processione del Santissimo Sacramento di Toledo risale alla fine del Medioevo. Le fonti, infatti, attestano la presenza di un&#8217;Aquila nell&#8217;ultimo scorcio del Trecento. La comparsa dei giganti continentali, accompagnati dalla <em>Tarasca<\/em> sormonanta dal fantoccio di <a href=\"\/temi\/feste-e-rituali\/i-giganti-in-spagna\/anna-bolena\/\" title=\"Anna Bolena\">Anna Bolena<\/a> (la <em>tarasquilla<\/em>), risale invece al 1493.&nbsp;<\/p>\n<p style=\"text-align: justify\"><a href=\"\/temi\/feste-e-rituali\/i-giganti-di-segovia\/\" title=\"I Giganti di Segovia\">&lt;&lt;&lt;&#8212;pagina precedente<\/a> &nbsp; <a href=\"\/temi\/feste-e-rituali\/i-giganti-di-redondela-galizia\/\" title=\"I Giganti di Redondela (Galizia)\">pagina seguente&#8212;&gt;&gt;&gt;<\/a><\/p>\n<\/div>\n<p><\/p>\n","protected":false},"excerpt":{"rendered":"<p>I Giganti del Corpus Christi di Toledo Nel 1980 il Corpus Christi di Toledo \u00e8 stato dichiarato dal governo spagnolo festa di Interesse Turistico Internazionale. La sua storia, tuttavia, \u00e8 molto pi\u00f9 antica. Le prime attestazioni, infatti, risalgono alla fine del Medioevo. Il Corpus Christi&nbsp;\u00e8&hellip;<\/p>\n","protected":false},"author":1,"featured_media":0,"parent":5819,"menu_order":0,"comment_status":"closed","ping_status":"closed","template":"","meta":{"footnotes":""},"class_list":["post-6183","page","type-page","status-publish","hentry"],"_links":{"self":[{"href":"https:\/\/digitalhistory.unite.it\/es\/wp-json\/wp\/v2\/pages\/6183","targetHints":{"allow":["GET"]}}],"collection":[{"href":"https:\/\/digitalhistory.unite.it\/es\/wp-json\/wp\/v2\/pages"}],"about":[{"href":"https:\/\/digitalhistory.unite.it\/es\/wp-json\/wp\/v2\/types\/page"}],"author":[{"embeddable":true,"href":"https:\/\/digitalhistory.unite.it\/es\/wp-json\/wp\/v2\/users\/1"}],"replies":[{"embeddable":true,"href":"https:\/\/digitalhistory.unite.it\/es\/wp-json\/wp\/v2\/comments?post=6183"}],"version-history":[{"count":3,"href":"https:\/\/digitalhistory.unite.it\/es\/wp-json\/wp\/v2\/pages\/6183\/revisions"}],"predecessor-version":[{"id":10477,"href":"https:\/\/digitalhistory.unite.it\/es\/wp-json\/wp\/v2\/pages\/6183\/revisions\/10477"}],"up":[{"embeddable":true,"href":"https:\/\/digitalhistory.unite.it\/es\/wp-json\/wp\/v2\/pages\/5819"}],"wp:attachment":[{"href":"https:\/\/digitalhistory.unite.it\/es\/wp-json\/wp\/v2\/media?parent=6183"}],"curies":[{"name":"wp","href":"https:\/\/api.w.org\/{rel}","templated":true}]}}