{"id":6184,"date":"2021-08-19T22:03:08","date_gmt":"2021-08-19T20:03:08","guid":{"rendered":"https:\/\/digitalhistory.unite.it\/i-giganti-di-redondela-galizia\/"},"modified":"2021-11-23T15:26:38","modified_gmt":"2021-11-23T14:26:38","slug":"i-giganti-di-redondela-galizia","status":"publish","type":"page","link":"https:\/\/digitalhistory.unite.it\/es\/temi\/feste-e-rituali\/i-giganti-di-redondela-galizia\/","title":{"rendered":"I Giganti di Redondela (Galizia)"},"content":{"rendered":"<h1>I Giganti di Redondela (Galizia) <\/h1>\n<div class=\"testo\">\n<p style=\"text-align: justify\"><img loading=\"lazy\" decoding=\"async\" src=\"https:\/\/digitalhistory.unite.it\/wp-content\/uploads\/2021\/08\/giganti_redondela_227x257.jpg\" width=\"227\" height=\"257\" alt=\"Giganti Redondela\" align=\"left\">Durante la processione del <em>Corpus Christi<\/em> di Redondela, in Galizia,&nbsp;sfila un fantoccio gigante raffigurante San Cristoforo. La sua partecipazione al sacro corteo, attestata solo a partire dal XIX secolo, potrebbe risalire addirittura al Cinquecento. Tale ipotesi, suffragata da qualche testimonianza, \u00e8 certamente plausibile. San Cristoforo, infatti, insieme al filisteo Golia, \u00e8 tra i primi <a href=\"\/temi\/feste-e-rituali\/i-giganti-processionali-e-da-corteo\/\" title=\"I Giganti processionali e da corteo\">giganti processionali<\/a> fabbricati in Europa. La sua comparsa nei cortei del <em>Corpus Christi<\/em>, del resto, \u00e8 situata proprio a cavallo tra la fine del Medioevo e l&#8217;inizio dell&#8217;et\u00e0 moderna. Il colosso ottocentesco, alto quattro metri per ottanta chili di peso, era costituito da un&#8217;impalcatura in legno rivestita con tela. A portarlo in processione &nbsp;con l&#8217;ausilio di una portantina erano deputate quattro persone. Il San Cristoforo di Redondela, come da tradizione, recava sulla spalla l&#8217;effige del Cristo Bambino. Come \u00e8 accaduto ai suoi <a href=\"\/temi\/feste-e-rituali\/i-giganti-tra-sicilia-e-calabria\/\" title=\"I Giganti tra Sicilia e Calabria\">equivalenti italiani<\/a>, anche l&#8217;enorme manichino gallego ha subito numerose trasformazioni, che ne hanno stravolto tanto la forma esteriore quanto l&#8217;identit\u00e0. Cos\u00ec come \u00e8 accaduto agli altri giganti europei, infatti, ad un certo punto anche il San Cristoforo di Redondela \u00e8 stato affiancato da una figura femminile altrettanto imponente. Negli anni &#8217;60 del Novecento \u00e8 addirittura sparito dalla sfilata del <em>Corpus Christi<\/em>. Ricostruito con materiali pi\u00f9 leggeri, negli anni successivi il Santone \u00e8 tornato a partecipare alla processione di Redondela, affiancato da numerosi giganti, dai caratteristici <em>cabezudos<\/em> (enormi teste indossate da portatori) e, soprattutto, dalla mitica <a href=\"#\" class=\"tooltip yellow-tooltip\"><em>Coca<\/em><span>La tradizione vuole che la <em>Tarasca<\/em> sia originaria della Galizia, e ancora oggi durante la processione del <em>Corpus Christi<\/em> di Redondela, cittadina dell&#8217;omonima comunit\u00e0 autonoma spagnola, sfila in processione uno strano coccodrillo di nome <em>Coca<\/em>. Si narra che l&#8217;enorme creatura uscisse dalla sua tana per rapire le giovani donne del paese finch\u00e9 alcuni marinai non la uccisero. La leggenda vuole che da allora in poi la bestia sia stata portata in processione per simboleggiare la sconfitta del demonio. Oggi questo episodio viene celebrato con la caratteristica <em>Danza de las Espadas y el Baile de las Penlas<\/em>.<\/span><\/a>: un ibrido mostruoso dalle sembianze di coccodrillo (<em>cocatrix<\/em>, in latino), simile nell&#8217;aspetto alla <a href=\"\/temi\/feste-e-rituali\/i-giganti-in-spagna\/la-tarasca-o-tarasque\/\" title=\"La Tarasca (o Tarasque)\"><em>Tarasca<\/em><\/a> di <a href=\"\/temi\/feste-e-rituali\/i-giganti-in-spagna\/barcellona\/\" title=\"Barcellona\">Barcellona<\/a>.<\/p>\n<p style=\"text-align: justify\"><a href=\"\/temi\/feste-e-rituali\/i-giganti-del-corpus-christi-di-toledo\/\" title=\"I Giganti del Corpus Christi di Toledo\">&lt;&lt;&lt;&#8212;pagina precedente<\/a>&nbsp;&nbsp; <a href=\"\/temi\/feste-e-rituali\/\" title=\"Feste e rituali\">torna all&#8217;indice&#8212;&gt;&gt;&gt;<\/a><\/p>\n<\/div>\n<p><\/p>\n","protected":false},"excerpt":{"rendered":"<p>I Giganti di Redondela (Galizia) Durante la processione del Corpus Christi di Redondela, in Galizia,&nbsp;sfila un fantoccio gigante raffigurante San Cristoforo. La sua partecipazione al sacro corteo, attestata solo a partire dal XIX secolo, potrebbe risalire addirittura al Cinquecento. Tale ipotesi, suffragata da qualche testimonianza,&hellip;<\/p>\n","protected":false},"author":1,"featured_media":0,"parent":5819,"menu_order":0,"comment_status":"closed","ping_status":"closed","template":"","meta":{"footnotes":""},"class_list":["post-6184","page","type-page","status-publish","hentry"],"_links":{"self":[{"href":"https:\/\/digitalhistory.unite.it\/es\/wp-json\/wp\/v2\/pages\/6184","targetHints":{"allow":["GET"]}}],"collection":[{"href":"https:\/\/digitalhistory.unite.it\/es\/wp-json\/wp\/v2\/pages"}],"about":[{"href":"https:\/\/digitalhistory.unite.it\/es\/wp-json\/wp\/v2\/types\/page"}],"author":[{"embeddable":true,"href":"https:\/\/digitalhistory.unite.it\/es\/wp-json\/wp\/v2\/users\/1"}],"replies":[{"embeddable":true,"href":"https:\/\/digitalhistory.unite.it\/es\/wp-json\/wp\/v2\/comments?post=6184"}],"version-history":[{"count":3,"href":"https:\/\/digitalhistory.unite.it\/es\/wp-json\/wp\/v2\/pages\/6184\/revisions"}],"predecessor-version":[{"id":10489,"href":"https:\/\/digitalhistory.unite.it\/es\/wp-json\/wp\/v2\/pages\/6184\/revisions\/10489"}],"up":[{"embeddable":true,"href":"https:\/\/digitalhistory.unite.it\/es\/wp-json\/wp\/v2\/pages\/5819"}],"wp:attachment":[{"href":"https:\/\/digitalhistory.unite.it\/es\/wp-json\/wp\/v2\/media?parent=6184"}],"curies":[{"name":"wp","href":"https:\/\/api.w.org\/{rel}","templated":true}]}}