{"id":6185,"date":"2021-08-19T22:03:08","date_gmt":"2021-08-19T20:03:08","guid":{"rendered":"https:\/\/digitalhistory.unite.it\/la-settimana-santa-in-spagna\/"},"modified":"2021-11-23T15:26:50","modified_gmt":"2021-11-23T14:26:50","slug":"la-settimana-santa-in-spagna","status":"publish","type":"page","link":"https:\/\/digitalhistory.unite.it\/es\/temi\/feste-e-rituali\/la-settimana-santa-in-spagna\/","title":{"rendered":"La Settimana Santa in Spagna"},"content":{"rendered":"<h1>La Settimana Santa in Spagna <\/h1>\n<div class=\"testo\">\n<p><img loading=\"lazy\" decoding=\"async\" src=\"https:\/\/digitalhistory.unite.it\/wp-content\/uploads\/2021\/08\/the_holy_week_in_spain_map_557x398.jpg\" width=\"557\" height=\"398\" alt=\"Settimana Santa Spagna\"><\/p>\n<p style=\"text-align: justify\">La Settimana Santa in Spagna \u00e8 un condensato di immagini, suoni e rappresentazioni teatrali riguardanti la Passione, Morte e Resurrezione di Cristo, che ha pochi eguali al mondo. Solo i riti pasquali che si tengono <a href=\"\/temi\/feste-e-rituali\/la-settimana-santa-in-italia-meridionale\/\" title=\"La Settimana Santa in Italia meridionale\">in Italia meridionale<\/a>&nbsp;e in America latina, infatti, sono comparabili, in quanto ad antichit\u00e0, complessit\u00e0 e magnificenza, alle cerimonie spagnole. Le rappresentazioni della Settimana Santa spagnola affondano le radici nella tradizione dei <em><a href=\"\/temi\/feste-e-rituali\/i-misteri\/\" title=\"I Misteri\">Misteri<\/a><\/em> medievali, che prevedevano la messa in scena di soggetti sacri interpretati da personaggi viventi. Ancora oggi, ad esempio, in Spagna come in Italia, si chiamano <em>misteri<\/em> i fercoli che sfilano durante le processioni del <em>Corpus Christi<\/em>. In et\u00e0 moderna, soprattutto a seguito della <a href=\"\/temi\/feste-e-rituali\/la-settimana-santa-di-siviglia\/la-storia-antica-della-settimana-santa-di-siviglia\/controriforma\/\" title=\"Controriforma\">Controriforma<\/a>, tali rappresentazioni hanno lasciato spazio alle pi\u00f9 composte processioni in cui la Passione di Cristo veniva rievocata con l&#8217;ausilio di statue e gruppi statuari in legno. Noti in Italia come <em>vare<\/em> o <em>misteri<\/em>, in Spagna i fercoli della Passione prendono il nome di <em>pasos<\/em> (<a href=\"\/temi\/feste-e-rituali\/la-settimana-santa-di-siviglia\/\" title=\"La Settimana Santa di Siviglia\">Siviglia<\/a>, <a href=\"\/temi\/feste-e-rituali\/la-settimana-santa-di-saragozza\/\" title=\"La Settimana Santa di Saragozza\">Saragozza<\/a>, <a href=\"\/temi\/feste-e-rituali\/la-settimana-santa-di-valladolid\/\" title=\"La Settimana Santa di Valladolid\">Valladolid<\/a>, <a href=\"\/temi\/feste-e-rituali\/la-settimana-santa-nella-comunita-di-murcia\/\" title=\"La Settimana Santa nella Comunit\u00e0 di Murcia\">Murcia<\/a>), con l&#8217;eccezione di <a href=\"\/temi\/feste-e-rituali\/la-settimana-santa-di-malaga\/\" title=\"La Settimana Santa di Malaga\">Malaga<\/a>, dove si chiamano <em>tronos<\/em>. \u00c8 interessante sapere che i venti <em>pasos<\/em> portati in corteo durante la <a href=\"\/temi\/feste-e-rituali\/la-processione-del-santo-entierro-di-tarragona\/\" title=\"La Processione del Santo Entierro di Tarragona\">processione del <em>Santo Entierro<\/em> di Tarragona<\/a> sono detti anche <em>Misteri<\/em>.<\/p>\n<p style=\"text-align: justify\">La Settimana Santa spagnola si distingue per il numero impressionante di <a href=\"\/temi\/feste-e-rituali\/le-confraternite-della-settimana-santa\/\" title=\"Le Confraternite della Settimana Santa\">Confraternite<\/a>&nbsp;e di <em>pasos<\/em> che vi prendono parte. Si tratta di sodalizi e gruppi statuari che generalmente hanno un&#8217;origine antichissima, spesso risalente all&#8217;et\u00e0 barocca. Il cerimoniale spagnolo \u00e8 estremamente rigido, al punto che in alcune citt\u00e0 sono stati istituiti organismi appositi per controllare e regolare lo svolgimento delle processioni. I confratelli che sfilano durante la Settimana Santa si distinguno tra loro attraverso il multiforme vestiario ed in ragione del ruolo che rivestono durante la sfilata. Oltre a coloro che portano a spalla i <em>pasos<\/em>, segnaliamo, ad esempio, i confratelli cui sono affidati i tradizionali strumenti a percussione che scandiscono il ritmo delle processioni. Ogni Confraternita esibisce con orgoglio le proprie insegne e simboli. A differenza dell&#8217;Italia, dove i fercoli rievocano tutte le scene principali della Passione, i sacri cortei spagnoli sono incentrati soprattutto sul confronto ripetitivo ed estenuante tra il Cristo e la Madonna, tra l&#8217;immagine del Martirio e quella del Dolore.<\/p>\n<p style=\"text-align: justify\">Fa eccezione, ad esempio, la <a href=\"\/temi\/feste-e-rituali\/la-settimana-santa-di-saragozza\/la-processione-del-santo-entierro-di-saragozza\/\" title=\"La Processione del Santo Entierro di Saragozza\">Processione del <em>Santo Entierro<\/em> di Saragozza<\/a>, durante la quale si pu\u00f2 assistere ad una rappresentazione completa della Passione di Cristo. Cosa che, come abbiamo appena ricordato, di rado accade in Spagna, dove \u00e8 pi\u00f9 frequente assistere a singole processioni distribuite in tutto l&#8217;arco della Settimana Santa o all&#8217;interno di una stessa giornata. Nella maggior parte dei casi, quindi, si assiste ad una rappresentazione parziale (poich\u00e9 non sono evocate tutte le scene della <em>Via Crucis<\/em>), ripetitiva (perch\u00e9 ogni Confraternita porta in corteo la stessa coppia di <em>pasos<\/em>: quello di Ges\u00f9 Cristo e quello della Madonna) ed interminabile (poich\u00e9 si assiste ad un confronto ossessivo e reiterato tra la Madre ed il Figlio).<\/p>\n<p style=\"text-align: justify\">Nelle pi\u00f9 importanti processioni spagnole, pur essendo prevista la presenza di figuranti in costume (come accade nel caso degli <em>Armats<\/em> protagonisti del Venerd\u00ec Santo di Tarragona), la Passione di Cristo viene raccontata essenzialmente attraverso l&#8217;utilizzo dei gruppi statuari. In Italia, invece, non solo esistono ancora diversi esempi di processione con personaggi viventi, ma \u00e8 anche assai diffusa la tradizione di rappresentare gli ultimi giorni di Ges\u00f9 attraverso l&#8217;esibizione dei simboli del suo martirio.<\/p>\n<p style=\"text-align: justify\"><a href=\"\/temi\/feste-e-rituali\/\" title=\"Feste e rituali\">&lt;&lt;&lt;&#8212;torna all&#8217;indice<\/a> &nbsp; <a href=\"\/temi\/feste-e-rituali\/le-origini-della-settimana-santa-cattolica\/\" title=\"Le origini della Settimana Santa Cattolica\">pagina seguente&#8212;&gt;&gt;&gt;<\/a><\/p>\n<\/div>\n<p><\/p>\n","protected":false},"excerpt":{"rendered":"<p>La Settimana Santa in Spagna La Settimana Santa in Spagna \u00e8 un condensato di immagini, suoni e rappresentazioni teatrali riguardanti la Passione, Morte e Resurrezione di Cristo, che ha pochi eguali al mondo. Solo i riti pasquali che si tengono in Italia meridionale&nbsp;e in America&hellip;<\/p>\n","protected":false},"author":1,"featured_media":0,"parent":5819,"menu_order":0,"comment_status":"closed","ping_status":"closed","template":"","meta":{"footnotes":""},"class_list":["post-6185","page","type-page","status-publish","hentry"],"_links":{"self":[{"href":"https:\/\/digitalhistory.unite.it\/es\/wp-json\/wp\/v2\/pages\/6185","targetHints":{"allow":["GET"]}}],"collection":[{"href":"https:\/\/digitalhistory.unite.it\/es\/wp-json\/wp\/v2\/pages"}],"about":[{"href":"https:\/\/digitalhistory.unite.it\/es\/wp-json\/wp\/v2\/types\/page"}],"author":[{"embeddable":true,"href":"https:\/\/digitalhistory.unite.it\/es\/wp-json\/wp\/v2\/users\/1"}],"replies":[{"embeddable":true,"href":"https:\/\/digitalhistory.unite.it\/es\/wp-json\/wp\/v2\/comments?post=6185"}],"version-history":[{"count":2,"href":"https:\/\/digitalhistory.unite.it\/es\/wp-json\/wp\/v2\/pages\/6185\/revisions"}],"predecessor-version":[{"id":10622,"href":"https:\/\/digitalhistory.unite.it\/es\/wp-json\/wp\/v2\/pages\/6185\/revisions\/10622"}],"up":[{"embeddable":true,"href":"https:\/\/digitalhistory.unite.it\/es\/wp-json\/wp\/v2\/pages\/5819"}],"wp:attachment":[{"href":"https:\/\/digitalhistory.unite.it\/es\/wp-json\/wp\/v2\/media?parent=6185"}],"curies":[{"name":"wp","href":"https:\/\/api.w.org\/{rel}","templated":true}]}}