{"id":6186,"date":"2021-08-19T22:03:08","date_gmt":"2021-08-19T20:03:08","guid":{"rendered":"https:\/\/digitalhistory.unite.it\/le-origini-della-settimana-santa-cattolica\/"},"modified":"2021-11-23T15:26:53","modified_gmt":"2021-11-23T14:26:53","slug":"le-origini-della-settimana-santa-cattolica","status":"publish","type":"page","link":"https:\/\/digitalhistory.unite.it\/es\/temi\/feste-e-rituali\/le-origini-della-settimana-santa-cattolica\/","title":{"rendered":"Le origini della Settimana Santa Cattolica"},"content":{"rendered":"<h1>Le origini della Settimana Santa Cattolica <\/h1>\n<div class=\"testo\">\n<p style=\"text-align: justify\">La storia della Settimana Santa inizia prima della nascita di Ges\u00f9. E non solo perch\u00e9 l&#8217;arrivo del Messia \u00e8 considerato come il compimento profetico delle Scritture. Essa, infatti, si innesta sul <a href=\"\/temi\/feste-e-rituali\/le-origini-della-settimana-santa-cattolica\/la-pasqua-ebraica\/\"> rituale religioso ebraico<\/a>, che a sua volta \u00e8 debitore di risalenti usanze semitiche e di culti arcaici legati alla fine dell&#8217;inverno. Questo materiale simbolico e cerimoniale \u00e8 stato poi ripensato in una prospettiva salvifica da Mos\u00e8 e da Ges\u00f9, rispettivamente in occasione <a href=\"\/temi\/feste-e-rituali\/le-origini-della-settimana-santa-cattolica\/lesodo-dallegitto-e-la-settimana-di-passione\/\"> dell&#8217;Esodo dall&#8217;Egitto e della Settimana di Passione<\/a>. \u00c8 da questo intreccio rituale e simbolico che trae origine la Settimana Santa cattolica: la Pasqua cristiana, infatti, reinterpreta il tema del sacrificio (Ges\u00f9 come Agnello di Dio) e quello della rigenerazione e del passaggio (la Resurrezione dalla morte) in una prospettiva che trascende i limiti simbolici dell&#8217;Esodo (la liberazione materiale dalla schiavit\u00f9) e afferma l&#8217;idea della rinascita spirituale (la liberazione dal peccato originale).<\/p>\n<p style=\"text-align: justify\">La Settimana Santa si svolge la domenica successiva al primo plenilunio dopo l&#8217;equinozio di primavera (21 marzo), giorno in cui alla luce del sole segue la luna piena. La Pasqua, di conseguenza, \u00e8 una festa mobile, che viene fissata di anno in anno tra il 22 marzo e il 25 aprile. Nel rito della Chiesa cattolica romana, con la Settimana Santa terminano i quarantaquattro giorni di Quaresima (iniziati il Mercoled\u00ec delle Ceneri), ovvero il tempo liturgico che rievoca le penitenze di Ges\u00f9 nel deserto. La Quaresima \u00e8 preceduta dal Carnevale, che inizia il Gioved\u00ec grasso e finisce prima del Mercoled\u00ec delle Ceneri, giorno in cui \u00e8 proibito mangiare la carne (da qui l&#8217;etimologia della parola carnevale, <em>carnem levare<\/em>: eliminare la carne, fare astinenza dalle carni). La fine della Quaresima, il Gioved\u00ec Santo, segna l&#8217;inizio del Triduo, ovvero delle 72 ore che separano l&#8217;Ultima Cena dalla Domenica di Pasqua: il tempo liturgico in cui la Chiesa e i fedeli celebrano e rivivono la Passione, la Morte e la Resurrezione di Cristo.<\/p>\n<p style=\"text-align: justify\"><a href=\"\/temi\/feste-e-rituali\/la-settimana-santa-in-spagna\/\" title=\"La Settimana Santa in Spagna\">&lt;&lt;&lt;&#8212;pagina precedente<\/a>&nbsp;&nbsp; <a href=\"\/temi\/feste-e-rituali\/le-confraternite-della-settimana-santa\/\"> pagina seguente&#8212;&gt;&gt;&gt;<\/a><\/p>\n<\/div>\n<p><\/p>\n","protected":false},"excerpt":{"rendered":"<p>Le origini della Settimana Santa Cattolica La storia della Settimana Santa inizia prima della nascita di Ges\u00f9. E non solo perch\u00e9 l&#8217;arrivo del Messia \u00e8 considerato come il compimento profetico delle Scritture. Essa, infatti, si innesta sul rituale religioso ebraico, che a sua volta \u00e8&hellip;<\/p>\n","protected":false},"author":1,"featured_media":0,"parent":5819,"menu_order":0,"comment_status":"closed","ping_status":"closed","template":"","meta":{"footnotes":""},"class_list":["post-6186","page","type-page","status-publish","hentry"],"_links":{"self":[{"href":"https:\/\/digitalhistory.unite.it\/es\/wp-json\/wp\/v2\/pages\/6186","targetHints":{"allow":["GET"]}}],"collection":[{"href":"https:\/\/digitalhistory.unite.it\/es\/wp-json\/wp\/v2\/pages"}],"about":[{"href":"https:\/\/digitalhistory.unite.it\/es\/wp-json\/wp\/v2\/types\/page"}],"author":[{"embeddable":true,"href":"https:\/\/digitalhistory.unite.it\/es\/wp-json\/wp\/v2\/users\/1"}],"replies":[{"embeddable":true,"href":"https:\/\/digitalhistory.unite.it\/es\/wp-json\/wp\/v2\/comments?post=6186"}],"version-history":[{"count":2,"href":"https:\/\/digitalhistory.unite.it\/es\/wp-json\/wp\/v2\/pages\/6186\/revisions"}],"predecessor-version":[{"id":10655,"href":"https:\/\/digitalhistory.unite.it\/es\/wp-json\/wp\/v2\/pages\/6186\/revisions\/10655"}],"up":[{"embeddable":true,"href":"https:\/\/digitalhistory.unite.it\/es\/wp-json\/wp\/v2\/pages\/5819"}],"wp:attachment":[{"href":"https:\/\/digitalhistory.unite.it\/es\/wp-json\/wp\/v2\/media?parent=6186"}],"curies":[{"name":"wp","href":"https:\/\/api.w.org\/{rel}","templated":true}]}}