{"id":6188,"date":"2021-08-19T22:03:08","date_gmt":"2021-08-19T20:03:08","guid":{"rendered":"https:\/\/digitalhistory.unite.it\/la-settimana-santa-di-siviglia\/"},"modified":"2021-11-23T15:26:46","modified_gmt":"2021-11-23T14:26:46","slug":"la-settimana-santa-di-siviglia","status":"publish","type":"page","link":"https:\/\/digitalhistory.unite.it\/es\/temi\/feste-e-rituali\/la-settimana-santa-di-siviglia\/","title":{"rendered":"La Settimana Santa di Siviglia"},"content":{"rendered":"<h1>La Settimana Santa di Siviglia <\/h1>\n<div class=\"testo\">\n<p style=\"text-align: justify\">La Settimana Santa di <a href=\"\/temi\/feste-e-rituali\/i-giganti-in-spagna\/siviglia\/\">Siviglia<\/a> \u00e8 una delle cerimonie religiose pi\u00f9 importanti al mondo. Ogni anno la citt\u00e0 andalusa \u00e8 invasa da centinaia di migliaia di fedeli e turisti. Le processioni sivigliane hanno alle spalle una storia antica, che affonda le radici nel XIV secolo. Il momento di massimo splendore della Settimana Santa di Siviglia coincise con l&#8217;et\u00e0 barocca. Un&#8217;epoca in cui Siviglia, grazie al monopolio degli scambi commerciali con il Nuovo Mondo,&nbsp;era diventata il centro pi\u00f9 popoloso della Spagna e una delle capitali economico-finanziare pi\u00f9 importanti del Vecchio Continente.<\/p>\n<p style=\"text-align: justify\">Durante tutta la Settimana Santa di Siviglia vanno in scena una miriade di rappresentazioni statuarie della Passione, che coinvolgono pi\u00f9 di sessanta Confraternite. I sacri cortei sono incentrati su un confronto ripetitivo ed estenuante tra il Cristo e la Madonna, tra l&#8217;immagine del Martirio e quella del Dolore. Un&#8217;esperienza unica nel panorama festivo europeo, che negli ultimi decenni si \u00e8 definitivamente imposta come una tappa obbligata per i fedeli e gli appassionati dei riti religiosi barocchi. Al punto che tra la fine del XX e l&#8217;inizio del XXI secolo, la Settimana Santa di Siviglia ha vissuto e sta ancora vivendo la sua seconda et\u00e0 dell&#8217;oro.<\/p>\n<ul>\n<li><a href=\"\/temi\/feste-e-rituali\/la-settimana-santa-di-siviglia\/la-storia-antica-della-settimana-santa-di-siviglia\/\"> La storia antica della Settimana Santa di Siviglia<\/a><\/li>\n<li><a href=\"\/temi\/feste-e-rituali\/la-settimana-santa-di-siviglia\/la-storia-recente-della-settimana-santa-di-siviglia\/\"> La storia recente della Settimana Santa di Siviglia<\/a><\/li>\n<li><a href=\"\/temi\/feste-e-rituali\/la-settimana-santa-di-siviglia\/le-processioni-della-settimana-santa-di-siviglia\/\"> Le processioni della Settimana Santa di Siviglia<\/a><\/li>\n<li><a href=\"\/temi\/feste-e-rituali\/la-settimana-santa-di-siviglia\/i-pasos-della-settimana-santa-di-siviglia\/\"> I <em>pasos<\/em> della Settimana Santa di Siviglia<\/a><\/li>\n<li><a href=\"\/temi\/feste-e-rituali\/la-settimana-santa-di-siviglia\/le-confraternite-della-settimana-santa-di-siviglia\/\"> Le Confraternite della Settimana Santa di Siviglia<\/a><\/li>\n<\/ul>\n<p style=\"text-align: justify\"><a href=\"\/temi\/feste-e-rituali\/le-confraternite-della-settimana-santa\/\" title=\"Le Confraternite della Settimana Santa\">&lt;&lt;&lt;&#8212;pagina precedente<\/a>&nbsp;&nbsp; <a href=\"\/temi\/feste-e-rituali\/la-settimana-santa-di-malaga\/\">pagina seguente&#8212;&gt;&gt;&gt;<\/a><\/p>\n<\/div>\n<p><\/p>\n","protected":false},"excerpt":{"rendered":"<p>La Settimana Santa di Siviglia La Settimana Santa di Siviglia \u00e8 una delle cerimonie religiose pi\u00f9 importanti al mondo. Ogni anno la citt\u00e0 andalusa \u00e8 invasa da centinaia di migliaia di fedeli e turisti. Le processioni sivigliane hanno alle spalle una storia antica, che affonda&hellip;<\/p>\n","protected":false},"author":1,"featured_media":0,"parent":5819,"menu_order":0,"comment_status":"closed","ping_status":"closed","template":"","meta":{"footnotes":""},"class_list":["post-6188","page","type-page","status-publish","hentry"],"_links":{"self":[{"href":"https:\/\/digitalhistory.unite.it\/es\/wp-json\/wp\/v2\/pages\/6188","targetHints":{"allow":["GET"]}}],"collection":[{"href":"https:\/\/digitalhistory.unite.it\/es\/wp-json\/wp\/v2\/pages"}],"about":[{"href":"https:\/\/digitalhistory.unite.it\/es\/wp-json\/wp\/v2\/types\/page"}],"author":[{"embeddable":true,"href":"https:\/\/digitalhistory.unite.it\/es\/wp-json\/wp\/v2\/users\/1"}],"replies":[{"embeddable":true,"href":"https:\/\/digitalhistory.unite.it\/es\/wp-json\/wp\/v2\/comments?post=6188"}],"version-history":[{"count":2,"href":"https:\/\/digitalhistory.unite.it\/es\/wp-json\/wp\/v2\/pages\/6188\/revisions"}],"predecessor-version":[{"id":10574,"href":"https:\/\/digitalhistory.unite.it\/es\/wp-json\/wp\/v2\/pages\/6188\/revisions\/10574"}],"up":[{"embeddable":true,"href":"https:\/\/digitalhistory.unite.it\/es\/wp-json\/wp\/v2\/pages\/5819"}],"wp:attachment":[{"href":"https:\/\/digitalhistory.unite.it\/es\/wp-json\/wp\/v2\/media?parent=6188"}],"curies":[{"name":"wp","href":"https:\/\/api.w.org\/{rel}","templated":true}]}}