{"id":6189,"date":"2021-08-20T00:03:08","date_gmt":"2021-08-19T22:03:08","guid":{"rendered":"https:\/\/digitalhistory.unite.it\/la-settimana-santa-di-valladolid\/"},"modified":"2021-11-23T15:26:47","modified_gmt":"2021-11-23T14:26:47","slug":"la-settimana-santa-di-valladolid","status":"publish","type":"page","link":"https:\/\/digitalhistory.unite.it\/es\/temi\/feste-e-rituali\/la-settimana-santa-di-valladolid\/","title":{"rendered":"La Settimana Santa di Valladolid"},"content":{"rendered":"<h1>La Settimana Santa di Valladolid <\/h1>\n<div class=\"testo\">\n<p style=\"text-align: justify\"><img loading=\"lazy\" decoding=\"async\" src=\"https:\/\/digitalhistory.unite.it\/wp-content\/uploads\/2021\/08\/img_1365_251x167.jpg\" width=\"251\" height=\"167\" alt=\"SemanaValladolid7\" align=\"left\">La Settimana Santa di&nbsp;<a href=\"\/territori\/percorsi-regionali\/le-plazas-mayores-spagnole-e-il-barocco\/la-ricostruzione-della-plaza-mayor-di-valladolid\/valladolid\/\" title=\"Valladolid\">Valladolid<\/a>&nbsp;affonda le sue radici nel XV secolo, quando cominciarono a sfilare le prime processioni. Agli anni finali del secolo risale infatti la fondazione delle due pi\u00f9 antiche&nbsp;<a href=\"\/temi\/feste-e-rituali\/le-confraternite-della-settimana-santa\/\" title=\"Le Confraternite della Settimana Santa\">confraternite<\/a>&nbsp;( <em>cofrad\u00edas<\/em>) che ancora oggi sfilano per le vie della citt\u00e0 nei giorni che precedono la Pasqua: la&nbsp;<em>Cofrad\u00eda de la Venerable Orden Tercera de San Francisco<\/em>&nbsp;e la&nbsp;<em>Cofrad\u00eda Penitencial de la Santa Vera-Cruz<\/em>, nata nel 1498. Al secolo successivo risalgono invece la<em>Cofrad\u00eda Penitencial de la Sagrada Pasi\u00f3n de Cristo<\/em>&nbsp;(1531), la&nbsp;<em>Ilustre Cofrad\u00eda Penitencial de Ntra. Sra. de las Angustias<\/em>&nbsp;(1536), la<em>Muy Ilustre Cofrad\u00eda de Nuestra Se\u00f1ora de la Piedad<\/em>&nbsp;(1578) e la&nbsp;<em>Cofrad\u00eda Penitencial de Ntro. Padre Jes\u00fas Nazareno<\/em>&nbsp;(1596).<\/p>\n<p style=\"text-align: justify\">Tra il 1601 e il 1606, Valladolid fu sede della&nbsp;<a href=\"\/territori\/percorsi-regionali\/le-plazas-mayores-spagnole-e-il-barocco\/la-plaza-mayor-di-madrid\/corte\/\" title=\"Corte\">corte<\/a>&nbsp;del re di Spagna e in quanto tale divenne centro di numerose feste, cerimonie e rituali di natura politica e religiosa. Come testimoniato dal cronista portoghese Tom\u00e9 Pinheiro da Veiga nella sua opera&nbsp;<em>Fastiginia<\/em>, il Venerd\u00ec Santo del 1605, lo stesso giorno della nascita dell&#8217;erede al trono, il futuro&nbsp;<a href=\"\/territori\/percorsi-regionali\/le-plazas-mayores-spagnole-e-il-barocco\/altri-esempi-burgos-e-plasencia\/filippo-iv-dasburgo\/\" title=\"Filippo IV d'Asburgo\">Filippo IV<\/a>, sfilarono per le vie della citt\u00e0 cinque processioni, ognuna delle quali trasportava vari&nbsp;<em>pasos<\/em>, spesso di pregevole fattura artistica. Il XVII secolo fu il periodo d&#8217;oro della scultura barocca vallisoletana, in cui furono creati molti dei&nbsp;<em>pasos<\/em>&nbsp;pi\u00f9 belli e famosi che tuttora sfilano nelle processioni.<\/p>\n<p style=\"text-align: justify\"><img loading=\"lazy\" decoding=\"async\" src=\"https:\/\/digitalhistory.unite.it\/wp-content\/uploads\/2021\/08\/img_1289_250x166.jpg\" width=\"250\" height=\"166\" alt=\"SemanaValladolid2\" align=\"left\">La Settimana Santa di Valladolid conobbe un lungo periodo di crisi nel XIX secolo. Nel 1810, il generale francese Kellerman impose l&#8217;attuazione di una disposizione promulgata gi\u00e0 quattro anni prima: l&#8217;unificazione di tutte le processioni in un&#8217;unica&nbsp;<em>Procesi\u00f3n de la Sagrada Pasi\u00f3n del Redentor<\/em>, al fine di ridurre le spese e i problemi di ordine pubblico generati dal proliferare delle cerimonie. Sebbene tale situazione dur\u00f2 solo per pochi anni, e cio\u00e8 sino alla fine della dominazione napoleonica, nel corso del secolo la Settimana Santa fatic\u00f2 a recuperare l&#8217;antico splendore. Fu infatti solo nel XX secolo che essa torn\u00f2 a rappresentare un evento fondamentale della vita e dell&#8217;identit\u00e0 stessa della citt\u00e0, come dimostra il fatto che moltissime nuove&nbsp;<em>cofrad\u00edas<\/em>&nbsp;vennero fondate nel corso del Novecento. Nel 1920 venne introdotta la&nbsp;<em>Procesi\u00f3n General del Viernes Santo<\/em>, che ancora oggi riunisce tutte le confraternite e la maggioranza dei&nbsp;<em>pasos<\/em>.<\/p>\n<p style=\"text-align: justify\"><img loading=\"lazy\" decoding=\"async\" src=\"https:\/\/digitalhistory.unite.it\/wp-content\/uploads\/2021\/08\/img_1408_251x167.jpg\" width=\"251\" height=\"167\" alt=\"SemanaValladolid11\" align=\"left\">Attualmente, le celebrazioni della Settimana Santa di Valladolid cominciano dal&nbsp;<em>Viernes de Dolores<\/em>&nbsp;e proseguono nei giorni successivi fino al giorno di Pasqua. Il Venerd\u00ec Santo \u00e8 caratterizzato non solo dalla<em>Procesi\u00f3n General<\/em>, ma anche dal<em>Serm\u00f3n de las Siete Palabras<\/em>, che viene pronunciato da un predicatore a mezzogiorno, in una&nbsp;<a href=\"\/territori\/percorsi-regionali\/le-plazas-mayores-spagnole-e-il-barocco\/la-ricostruzione-della-plaza-mayor-di-valladolid\/\" title=\"La ricostruzione della Plaza Mayor di Valladolid\">Plaza Mayor<\/a>&nbsp;addobbata per l&#8217;occasione con grandi teloni neri. Il Sabato Santo viene invece portata in processione una delle versioni del&nbsp;<em>Cristo Yacente<\/em>&nbsp;di&nbsp;<a href=\"\/territori\/percorsi-urbani\/valladolid-e-i-resti-del-suo-passato-barocco\/iglesia-de-san-pablo\/gregorio-fernandez\/\" title=\"Gregorio Fernandez\">Gregorio Fern\u00e1ndez<\/a>, il maggior scultore spagnolo dell&#8217;epoca barocca. Di Fern\u00e1ndez e di altri grandi artisti barocchi sono ulteriori&nbsp;<em>pasos<\/em>&nbsp;e immagini che tuttavia oggi non sfilano pi\u00f9 durante la Settimana Santa, per preservarne il grande valore artistico: \u00e8 il caso, ad esempio, della&nbsp;<em>Piedad<\/em>&nbsp;dello stesso Gregorio Fern\u00e1ndez (1619), conservata nel&nbsp;<a href=\"\/territori\/percorsi-urbani\/valladolid-e-i-resti-del-suo-passato-barocco\/museo-nacional-de-escultura\/\" title=\"Museo Nacional de Escultura\">Museo Nacional de Escultura<\/a>. Le celebrazioni della Settimana Santa si concludono nel giorno di Pasqua, con la solenne Messa celebrata dall&#8217;arcivescovo di Valladolid nella&nbsp;<a href=\"\/territori\/percorsi-urbani\/valladolid-e-i-resti-del-suo-passato-barocco\/cattedrale\/\" title=\"Cattedrale\">cattedrale<\/a>.<\/p>\n<p style=\"text-align: justify\"><a href=\"\/temi\/feste-e-rituali\/la-settimana-santa-di-malaga\/\" title=\"La Settimana Santa di Malaga\">&lt;&lt;&lt;&#8212;pagina precedente<\/a> &nbsp; <a href=\"\/temi\/feste-e-rituali\/la-processione-del-santo-entierro-di-tarragona\/\" title=\"La Processione del Santo Entierro di Tarragona\">pagina seguente&#8212;&gt;&gt;&gt;<\/a><\/p>\n<\/div>\n<p><\/p>\n","protected":false},"excerpt":{"rendered":"<p>La Settimana Santa di Valladolid La Settimana Santa di&nbsp;Valladolid&nbsp;affonda le sue radici nel XV secolo, quando cominciarono a sfilare le prime processioni. Agli anni finali del secolo risale infatti la fondazione delle due pi\u00f9 antiche&nbsp;confraternite&nbsp;( cofrad\u00edas) che ancora oggi sfilano per le vie della citt\u00e0&hellip;<\/p>\n","protected":false},"author":1,"featured_media":0,"parent":5819,"menu_order":0,"comment_status":"closed","ping_status":"closed","template":"","meta":{"footnotes":""},"class_list":["post-6189","page","type-page","status-publish","hentry"],"_links":{"self":[{"href":"https:\/\/digitalhistory.unite.it\/es\/wp-json\/wp\/v2\/pages\/6189","targetHints":{"allow":["GET"]}}],"collection":[{"href":"https:\/\/digitalhistory.unite.it\/es\/wp-json\/wp\/v2\/pages"}],"about":[{"href":"https:\/\/digitalhistory.unite.it\/es\/wp-json\/wp\/v2\/types\/page"}],"author":[{"embeddable":true,"href":"https:\/\/digitalhistory.unite.it\/es\/wp-json\/wp\/v2\/users\/1"}],"replies":[{"embeddable":true,"href":"https:\/\/digitalhistory.unite.it\/es\/wp-json\/wp\/v2\/comments?post=6189"}],"version-history":[{"count":2,"href":"https:\/\/digitalhistory.unite.it\/es\/wp-json\/wp\/v2\/pages\/6189\/revisions"}],"predecessor-version":[{"id":10585,"href":"https:\/\/digitalhistory.unite.it\/es\/wp-json\/wp\/v2\/pages\/6189\/revisions\/10585"}],"up":[{"embeddable":true,"href":"https:\/\/digitalhistory.unite.it\/es\/wp-json\/wp\/v2\/pages\/5819"}],"wp:attachment":[{"href":"https:\/\/digitalhistory.unite.it\/es\/wp-json\/wp\/v2\/media?parent=6189"}],"curies":[{"name":"wp","href":"https:\/\/api.w.org\/{rel}","templated":true}]}}