{"id":6190,"date":"2021-08-20T00:03:09","date_gmt":"2021-08-19T22:03:09","guid":{"rendered":"https:\/\/digitalhistory.unite.it\/la-processione-del-santo-entierro-di-tarragona\/"},"modified":"2021-11-23T15:26:44","modified_gmt":"2021-11-23T14:26:44","slug":"la-processione-del-santo-entierro-di-tarragona","status":"publish","type":"page","link":"https:\/\/digitalhistory.unite.it\/es\/temi\/feste-e-rituali\/la-processione-del-santo-entierro-di-tarragona\/","title":{"rendered":"La Processione del Santo Entierro di Tarragona"},"content":{"rendered":"<h1>La Processione del Santo Entierro di Tarragona <\/h1>\n<div class=\"testo\">\n<p style=\"text-align: justify\">Nel 1928 \u00e8 nata l&#8217;<em>Agrupac\u00edon<\/em> <em>de Asociaciones de la Semana Santa<\/em>: l&#8217;organismo che riunisce e coordina le <a href=\"\/temi\/feste-e-rituali\/le-confraternite-della-settimana-santa\/\" title=\"Le Confraternite della Settimana Santa\">Confraternite<\/a>, le Maestranze&nbsp;e le Associazioni della Settimana Santa di <a href=\"#\" class=\"tooltip yellow-tooltip\">Tarragona<span>La citt\u00e0 di Tarragona \u00e8 parte della comunit\u00e0 autonoma della Catalogna e capoluogo della provincia omonima. \u00c8 celebre soprattutto per il suo straordinario complesso archeologico risalente al periodo romano, inserito nell&#8217;elenco dei Patrimoni mondiali dell&#8217;umanit\u00e0 dell&#8217;UNESCO.<\/span><\/a>. Oggi, tale istituzione gioca un ruolo centrale nell&#8217;organizzazione delle pi\u00f9 importanti manifestazioni religiose tarraconensi. Per chi fosse interessato a scoprire i segreti di uno tra i pi\u00f9 suggestivi cortei religiosi spagnoli, la Processione del <em>Santo Entierro<\/em>, pu\u00f2 rivolgersi all&#8217;<em>Agrupac\u00edon<\/em>, che organizza visite guidate alla scoperta dei protagonisti assoluti dell&#8217;evento: i venti <em>pasos<\/em>&nbsp;che sfilano in occasione del Venerd\u00ec Santo. Una cerimonia, quest&#8217;ultima, che risale al XVI secolo. Un tempo, la famosa <em>Via Crucis<\/em> di Tarragona (dichiarata recentemente dalla autorit\u00e0 spagnole evento di Interesse turistico nazionale), si celebrava il giorno del Gioved\u00ec Santo. La particolarit\u00e0 di questa processione, per altri versi simile alle sfilate che si tengono nello stesso giorno in altre citt\u00e0 spagnole, \u00e8 dovuta alla spettacolare assonanza tra l&#8217;ambientazione originaria in cui si \u00e8 svolta la Passione e la Morte di Cristo (la Giudea occupata dai romani) e la storia (politica e architettonica) del luogo in cui avviene la sua rievocazione: la location del <em>Santo Entierro<\/em> ed i figuranti in costume militare (detti <em>Armats<\/em>, in catalano) che vi prendono parte, infatti, rinviano entrambe alla <a href=\"\/temi\/feste-e-rituali\/la-processione-del-santo-entierro-di-tarragona\/il-venerdi-santo-a-tarragona-oggi\/\" title=\"Il Venerd\u00ec Santo a Tarragona oggi\">storia di Roma<\/a>. Tarragona \u00e8 stata tra le pi\u00f9 importanti citt\u00e0 della Spagna romana. Fondata proprio dai Romani nel III secolo a.C. in corrispondenza di un pre-esistente centro fortificato iberico, la citt\u00e0 catalana conserva a tutt&#8217;oggi molteplici resti dell&#8217;inconfondibile stile architettonico di Roma (le Mura, il Circo, l&#8217;Anfiteatro): un complesso archeologico che nel 2000 \u00e8 stato dichiarato &#8220;Patrimonio mondiale dell&#8217;umanit\u00e0&#8221; dall&#8217;UNESCO.<\/p>\n<p style=\"text-align: justify\"><a href=\"\/temi\/feste-e-rituali\/la-settimana-santa-di-valladolid\/\" title=\"La Settimana Santa di Valladolid\">&lt;&lt;&lt;&#8212;pagina precedente<\/a> &nbsp; <a href=\"\/temi\/feste-e-rituali\/la-settimana-santa-nella-comunita-di-murcia\/\" title=\"La Settimana Santa nella Comunit\u00e0 di Murcia\">pagina seguente&#8212;&gt;&gt;&gt;<\/a><\/p>\n<\/div>\n<p><\/p>\n","protected":false},"excerpt":{"rendered":"<p>La Processione del Santo Entierro di Tarragona Nel 1928 \u00e8 nata l&#8217;Agrupac\u00edon de Asociaciones de la Semana Santa: l&#8217;organismo che riunisce e coordina le Confraternite, le Maestranze&nbsp;e le Associazioni della Settimana Santa di TarragonaLa citt\u00e0 di Tarragona \u00e8 parte della comunit\u00e0 autonoma della Catalogna e&hellip;<\/p>\n","protected":false},"author":1,"featured_media":0,"parent":5819,"menu_order":0,"comment_status":"closed","ping_status":"closed","template":"","meta":{"footnotes":""},"class_list":["post-6190","page","type-page","status-publish","hentry"],"_links":{"self":[{"href":"https:\/\/digitalhistory.unite.it\/es\/wp-json\/wp\/v2\/pages\/6190","targetHints":{"allow":["GET"]}}],"collection":[{"href":"https:\/\/digitalhistory.unite.it\/es\/wp-json\/wp\/v2\/pages"}],"about":[{"href":"https:\/\/digitalhistory.unite.it\/es\/wp-json\/wp\/v2\/types\/page"}],"author":[{"embeddable":true,"href":"https:\/\/digitalhistory.unite.it\/es\/wp-json\/wp\/v2\/users\/1"}],"replies":[{"embeddable":true,"href":"https:\/\/digitalhistory.unite.it\/es\/wp-json\/wp\/v2\/comments?post=6190"}],"version-history":[{"count":2,"href":"https:\/\/digitalhistory.unite.it\/es\/wp-json\/wp\/v2\/pages\/6190\/revisions"}],"predecessor-version":[{"id":10552,"href":"https:\/\/digitalhistory.unite.it\/es\/wp-json\/wp\/v2\/pages\/6190\/revisions\/10552"}],"up":[{"embeddable":true,"href":"https:\/\/digitalhistory.unite.it\/es\/wp-json\/wp\/v2\/pages\/5819"}],"wp:attachment":[{"href":"https:\/\/digitalhistory.unite.it\/es\/wp-json\/wp\/v2\/media?parent=6190"}],"curies":[{"name":"wp","href":"https:\/\/api.w.org\/{rel}","templated":true}]}}