{"id":6191,"date":"2021-08-19T22:03:09","date_gmt":"2021-08-19T20:03:09","guid":{"rendered":"https:\/\/digitalhistory.unite.it\/la-settimana-santa-nella-comunita-di-murcia\/"},"modified":"2021-11-23T15:26:45","modified_gmt":"2021-11-23T14:26:45","slug":"la-settimana-santa-nella-comunita-di-murcia","status":"publish","type":"page","link":"https:\/\/digitalhistory.unite.it\/es\/temi\/feste-e-rituali\/la-settimana-santa-nella-comunita-di-murcia\/","title":{"rendered":"La Settimana Santa di Murcia"},"content":{"rendered":"<h1>La Settimana Santa di Murcia <\/h1>\n<div class=\"testo\">\n<p style=\"text-align: justify\"><img loading=\"lazy\" decoding=\"async\" src=\"https:\/\/digitalhistory.unite.it\/wp-content\/uploads\/2021\/08\/cristodelamisericordiademurcia_253x380.jpg\" width=\"253\" height=\"380\" alt=\"Murcia\" align=\"left\">La Settimana Santa di <a href=\"\/territori\/percorsi-regionali\/storia-araba-e-gusto-barocco\/murcia\/murcia\/\" title=\"Murcia\">Murcia<\/a> \u00e8 un vero spettacolo barocco. Tra il Venerd\u00ec di Passione (<em>Viernes de Dolores<\/em>) antecedente la Domenica delle Palme ed il giorno di Pasqua (<em>Domingo de Resurrecci\u00f3n<\/em>), le <a href=\"#\" class=\"tooltip yellow-tooltip\">quindici Confraternite cittadine<span>Dal momento che la quasi totalit\u00e0 delle <em>Cofrad\u00edas<\/em> murciane reca in processione pi\u00f9 di un simulacro, i confratelli sono ripartiti in pi\u00f9 <em>Hermandades<\/em> (Fratellanze), tante quante sono i <em>pasos<\/em> di appartenenza. La <em>Real, Muy Ilustre, Venerable y Antiqu\u00edsima Archicofrad\u00eda de la Precios\u00edsima Sangre de Nuestro Se\u00f1or Jesucristo<\/em>, ad esempio, meglio nota come la Confraternita de <em>Los Coloaros<\/em>, istituita nel 1411, ne possiede ben 14 ed \u00e8 suddivisa in altrettante <em>Hermandades<\/em> (a cui aderiscono 3500 confrati).<\/span><\/a> (<em>Cofrad\u00edas<\/em>) organizzano ben sedici processioni. In quei giorni, migliaia di confratelli scortano in penitenza (i <em>Nazarenos<\/em>) e portano a spalla (gli <em>Estantes<\/em>) gli splendidi fercoli della Settimana Santa. Stiamo parlando di quasi cento simulacri lignei finemente decorati, molti dei quali opera del celebre scultore barocco di origini italiane Francisco Salzillo (1707-1783). Tali effigi si chiamano <em>pasos<\/em>, il nome con cui gli spagnoli indicano i gruppi statuari che raffigurano le scene salienti della Passione di Ges\u00f9 e le singole statue che ritraggono le figure del Cristo e della Madonna. La Processione del Venerd\u00ec Santo \u00e8 detta anche <a href=\"#\" class=\"tooltip yellow-tooltip\"><em>de los Salzillos<\/em><span>Il Venerd\u00ec Santo a Murcia si tengono quattro processioni. La pi\u00f9 famosa \u00e8 quella organizzata dalla <em>Real y Muy Ilustre Cofrad\u00eda de Nuestro Padre Jes\u00fas Nazareno<\/em>. Pi\u00f9 nota come la sfilata <em>de los Salzillos<\/em>, dal nome dello scultore murciano di origini italiane Francisco Salzillo (1707-1783). Francisco Salzillo \u00e8 l&#8217;autore di ben otto dei nove <em>pasos<\/em> portati in corteo dai confrati del <em>Ges\u00f9 Nazzareno<\/em>, escluso l&#8217;omonimo simulacro seicentesco.<\/span><\/a>, poich\u00e9 la quasi totalit\u00e0 dei fercoli che sfilano sono stati realizzati dall&#8217;omonimo scultore (capolavori oggi custoditi in un apposito Museo a lui dedicato). Sul sito web <a href=\"http:\/\/www.regmurcia.com\/\">http:\/\/www.regmurcia.com<\/a> si trovano le foto ed i video dell&#8217;intera Settimana Santa murciana, l&#8217;elenco completo delle <a href=\"\/temi\/feste-e-rituali\/le-confraternite-della-settimana-santa\/\" title=\"Le Confraternite della Settimana Santa\">Confraternite<\/a>, la descrizione dei <em>pasos<\/em> e delle processioni. La durata dei cortei, il numero esorbitante dei confratelli coinvolti e l&#8217;antichit\u00e0 dei <em>pasos<\/em> di Murcia ne fanno una delle pi\u00f9 belle e intense Settimane Sante al mondo, al pari di quelle che si svolgono in altre localit\u00e0 spagnole come <a href=\"\/temi\/feste-e-rituali\/la-settimana-santa-di-siviglia\/\" title=\"La Settimana Santa di Siviglia\">Siviglia<\/a> e <a href=\"\/temi\/feste-e-rituali\/la-settimana-santa-di-malaga\/\" title=\"La Settimana Santa di Malaga\">Malaga<\/a>. Nel 2011 la Settimana Santa murciana \u00e8 stata dichiarata dal governo spagnolo di Interesse Turistico Internazionale.<\/p>\n<p style=\"text-align: justify\"><a href=\"\/temi\/feste-e-rituali\/la-processione-del-santo-entierro-di-tarragona\/\" title=\"La Processione del Santo Entierro di Tarragona\">&lt;&lt;&lt;&#8212;pagina precedente<\/a> &nbsp; <a href=\"\/temi\/feste-e-rituali\/la-settimana-santa-di-saragozza\/\" title=\"La Settimana Santa di Saragozza\">pagina seguente&#8212;&gt;&gt;&gt;<\/a><\/p>\n<\/div>\n<p><\/p>\n","protected":false},"excerpt":{"rendered":"<p>La Settimana Santa di Murcia La Settimana Santa di Murcia \u00e8 un vero spettacolo barocco. Tra il Venerd\u00ec di Passione (Viernes de Dolores) antecedente la Domenica delle Palme ed il giorno di Pasqua (Domingo de Resurrecci\u00f3n), le quindici Confraternite cittadineDal momento che la quasi totalit\u00e0&hellip;<\/p>\n","protected":false},"author":1,"featured_media":0,"parent":5819,"menu_order":0,"comment_status":"closed","ping_status":"closed","template":"","meta":{"footnotes":""},"class_list":["post-6191","page","type-page","status-publish","hentry"],"_links":{"self":[{"href":"https:\/\/digitalhistory.unite.it\/es\/wp-json\/wp\/v2\/pages\/6191","targetHints":{"allow":["GET"]}}],"collection":[{"href":"https:\/\/digitalhistory.unite.it\/es\/wp-json\/wp\/v2\/pages"}],"about":[{"href":"https:\/\/digitalhistory.unite.it\/es\/wp-json\/wp\/v2\/types\/page"}],"author":[{"embeddable":true,"href":"https:\/\/digitalhistory.unite.it\/es\/wp-json\/wp\/v2\/users\/1"}],"replies":[{"embeddable":true,"href":"https:\/\/digitalhistory.unite.it\/es\/wp-json\/wp\/v2\/comments?post=6191"}],"version-history":[{"count":2,"href":"https:\/\/digitalhistory.unite.it\/es\/wp-json\/wp\/v2\/pages\/6191\/revisions"}],"predecessor-version":[{"id":10571,"href":"https:\/\/digitalhistory.unite.it\/es\/wp-json\/wp\/v2\/pages\/6191\/revisions\/10571"}],"up":[{"embeddable":true,"href":"https:\/\/digitalhistory.unite.it\/es\/wp-json\/wp\/v2\/pages\/5819"}],"wp:attachment":[{"href":"https:\/\/digitalhistory.unite.it\/es\/wp-json\/wp\/v2\/media?parent=6191"}],"curies":[{"name":"wp","href":"https:\/\/api.w.org\/{rel}","templated":true}]}}