{"id":6192,"date":"2021-08-20T00:03:09","date_gmt":"2021-08-19T22:03:09","guid":{"rendered":"https:\/\/digitalhistory.unite.it\/la-settimana-santa-di-saragozza\/"},"modified":"2021-11-23T15:26:45","modified_gmt":"2021-11-23T14:26:45","slug":"la-settimana-santa-di-saragozza","status":"publish","type":"page","link":"https:\/\/digitalhistory.unite.it\/es\/temi\/feste-e-rituali\/la-settimana-santa-di-saragozza\/","title":{"rendered":"La Settimana Santa di Saragozza"},"content":{"rendered":"<h1>La Settimana Santa di Saragozza <\/h1>\n<div class=\"testo\">\n<p style=\"text-align: justify\">Alla <a href=\"#\" class=\"tooltip yellow-tooltip\">Settimana Santa di Saragozza<span>Sul sito http:\/\/www.zaragoza.es\/ciudad\/turismo\/es\/semanasanta sono descritte nel dettaglio le processioni, le Confraternite ed i <em>pasos<\/em> della Settimana Santa di Saragozza. Ogni sodalizio ha una propria pagina web, con informazioni storiche e d&#8217;attualit\u00e0<\/span><\/a> partecipano 24 <a href=\"\/temi\/feste-e-rituali\/le-confraternite-della-settimana-santa\/\" title=\"Le Confraternite della Settimana Santa\">Confraternite<\/a>. Il coordinamento delle sfilate \u00e8 affidato alla <em>Junta Coordinadora de<\/em> <em>Cofrad\u00edas&nbsp;de la Semana Santa de Zaragoza<\/em> (fondata nel 1948). Ciascuna <em>Cofrad\u00eda<\/em> porta in processione almeno un <em>paso<\/em>: termine che in spagnolo sta ad indicare il fercolo ligneo che ritrae una scena della Passione di Ges\u00f9. Alcuni sodalizi posseggono due gruppi statuari dedicati al Cristo ed un fercolo intitolato alla Vergine Addolorata. \u00c8 questo il caso della <em>Real Cofrad\u00eda del Prendimiento del Se\u00f1or y el Dolor de la Madre de Dios<\/em>, che possiede due <em>pasos<\/em> dedicati alla Cattura di Cristo nell&#8217;Orto degli Ulivi e uno raffigurante la Madonna.<\/p>\n<p style=\"text-align: justify\">La pi\u00f9 antica Confraternita di <a href=\"\/temi\/chiese\/basilica-di-nuestra-senora-del-pilar\/saragozza\/\" title=\"Saragozza\">Saragozza<\/a> \u00e8 la <em>Muy Ilustre, Antiqu\u00edsima y Real Hermandad de la Precios\u00edsima Sangre de Nuestro Se\u00f1or Jesucristo y Madre de Dios de Misericordia<\/em>, che durante la processione del Venerd\u00ec Santo porta in scena il <em>paso<\/em> della Sepoltura di Ges\u00f9. \u00c8 questo l&#8217;ultimo atto della <em>Via Crucis<\/em> del Venerd\u00ec Santo (detta per l&#8217;appunto del <em>Santo Entierro<\/em>), nella quale si rievocano passo dopo passo, con l&#8217;ausilio dei gruppi statuari, i <em><a href=\"\/temi\/feste-e-rituali\/i-misteri\/\" title=\"I Misteri\">Misteri<\/a><\/em>&nbsp;della Passione, Morte e Resurrezione di Cristo. La <em>Hermandad de la Sangre de Cristo<\/em> ha svolto questa processione sin dai prime secoli dell&#8217;et\u00e0 moderna. I <em>pasos<\/em> di tale Confraternita risalgono alla fine del XVIII secolo. L&#8217;organizzazione del <em><a href=\"\/temi\/feste-e-rituali\/la-settimana-santa-di-saragozza\/la-processione-del-santo-entierro-di-saragozza\/\" title=\"La Processione del Santo Entierro di Saragozza\">Santo Entierro<\/a><\/em>&nbsp;fu motivo di litigio tra la Confraternita e la <em>Venerable Orden Tercera de San Francisco de As\u00eds<\/em>, che pure vantava una tradizione risalente nei riti processionali di Pasqua. Tale disputa, per quanto concerne il Venerd\u00ec Santo, fu risolta a favore della <em>Hermandad<\/em> nel 1827. Nel corso del XIX secolo, il sodalizio commission\u00f2 la realizzazione di altri gruppi statuari. All&#8217;inizio del XX secolo, invece, ci fu il rinnovamento dei vecchi <em>pasos<\/em> e la costruzione di nuovi. Durante gli anni della Seconda Repubblica e della Guerra Civile (1936-1939), la processione fu interrotta per alcuni anni ed i <em>pasos<\/em> rischiarono di finire distrutti in un incendio. A partire dal 1935, tuttavia, la Settimana Santa di Saragozza sub\u00ec due profonde trasformazioni: i <em>pasos<\/em> furono dotati di ruote per facilitarne il trasporto; si costituirono pi\u00f9 di venti Confraternite, che presero in cura uno dei tanti <em>pasos<\/em> dell&#8217;antica <em>Hermandad<\/em> oppure ne adottarono di nuovi. La <em>Semana Santa<\/em> di Saragozza \u00e8 stata dichiarata evento di Interesse turistico nazionale.<\/p>\n<p style=\"text-align: justify\"><a href=\"\/temi\/feste-e-rituali\/la-settimana-santa-nella-comunita-di-murcia\/\" title=\"La Settimana Santa nella Comunit\u00e0 di Murcia\">&lt;&lt;&lt;&#8212;pagina precedente<\/a> &nbsp; <a href=\"\/temi\/feste-e-rituali\/\" title=\"Feste e rituali\">torna all&#8217;indice&#8212;&gt;&gt;&gt;<\/a><\/p>\n<\/div>\n<p><\/p>\n","protected":false},"excerpt":{"rendered":"<p>La Settimana Santa di Saragozza Alla Settimana Santa di SaragozzaSul sito http:\/\/www.zaragoza.es\/ciudad\/turismo\/es\/semanasanta sono descritte nel dettaglio le processioni, le Confraternite ed i pasos della Settimana Santa di Saragozza. Ogni sodalizio ha una propria pagina web, con informazioni storiche e d&#8217;attualit\u00e0 partecipano 24 Confraternite. Il coordinamento&hellip;<\/p>\n","protected":false},"author":1,"featured_media":0,"parent":5819,"menu_order":0,"comment_status":"closed","ping_status":"closed","template":"","meta":{"footnotes":""},"class_list":["post-6192","page","type-page","status-publish","hentry"],"_links":{"self":[{"href":"https:\/\/digitalhistory.unite.it\/es\/wp-json\/wp\/v2\/pages\/6192","targetHints":{"allow":["GET"]}}],"collection":[{"href":"https:\/\/digitalhistory.unite.it\/es\/wp-json\/wp\/v2\/pages"}],"about":[{"href":"https:\/\/digitalhistory.unite.it\/es\/wp-json\/wp\/v2\/types\/page"}],"author":[{"embeddable":true,"href":"https:\/\/digitalhistory.unite.it\/es\/wp-json\/wp\/v2\/users\/1"}],"replies":[{"embeddable":true,"href":"https:\/\/digitalhistory.unite.it\/es\/wp-json\/wp\/v2\/comments?post=6192"}],"version-history":[{"count":2,"href":"https:\/\/digitalhistory.unite.it\/es\/wp-json\/wp\/v2\/pages\/6192\/revisions"}],"predecessor-version":[{"id":10572,"href":"https:\/\/digitalhistory.unite.it\/es\/wp-json\/wp\/v2\/pages\/6192\/revisions\/10572"}],"up":[{"embeddable":true,"href":"https:\/\/digitalhistory.unite.it\/es\/wp-json\/wp\/v2\/pages\/5819"}],"wp:attachment":[{"href":"https:\/\/digitalhistory.unite.it\/es\/wp-json\/wp\/v2\/media?parent=6192"}],"curies":[{"name":"wp","href":"https:\/\/api.w.org\/{rel}","templated":true}]}}