{"id":6194,"date":"2021-08-19T22:03:09","date_gmt":"2021-08-19T20:03:09","guid":{"rendered":"https:\/\/digitalhistory.unite.it\/le-sacre-rappresentazioni-in-italia-meridionale\/"},"modified":"2021-11-23T15:26:53","modified_gmt":"2021-11-23T14:26:53","slug":"le-sacre-rappresentazioni-in-italia-meridionale","status":"publish","type":"page","link":"https:\/\/digitalhistory.unite.it\/es\/temi\/feste-e-rituali\/le-sacre-rappresentazioni-in-italia-meridionale\/","title":{"rendered":"Le sacre rappresentazioni in Italia meridionale"},"content":{"rendered":"<h1>Le sacre rappresentazioni in Italia meridionale <\/h1>\n<div class=\"testo\">\n<p style=\"text-align: justify\"><img loading=\"lazy\" decoding=\"async\" src=\"https:\/\/digitalhistory.unite.it\/wp-content\/uploads\/2021\/08\/giovedi__santo_di_marsala.0040-0-__fileminimizer__251x181.jpg\" width=\"251\" height=\"181\" alt=\"Gioved\u00ec Santo Marsala2\" align=\"left\">La Chiesa di Roma ha celebrato la Passione di Cristo con piglio drammatico e teatrale sin dalle prime liturgie pasquali e dalle pi\u00f9 antiche forme devozionali. Non a caso, il nome con cui vengono indicati tuttora la gran parte dei cortei religiosi che si svolgono durante la Settimana Santa in Italia meridionale (le famose processioni dei <a href=\"\/temi\/feste-e-rituali\/i-misteri\/\"><em>Misteri<\/em><\/a>), \u00e8 lo stesso usato anticamente per denominare le sacre rappresentazioni medievali (azioni sceniche a tema religioso eseguite a margine della messa, in corrispondenza delle principali solennit\u00e0 ecclesiastiche). In Molise, ancora oggi, le &#8220;macchine&#8221; che sfilano durante <a href=\"\/temi\/feste-e-rituali\/il-corpus-domini-e-i-misteri-di-campobasso\/\"> il <em>Corpus Domini<\/em> di Campobasso<\/a> sono chiamate <em>Misteri<\/em>. \u00c8 interessante notare come anche i cortei dei <a href=\"\/temi\/feste-e-rituali\/i-giganti-processionali-e-da-corteo\/\"> Giganti processionali<\/a> nascano in Europa nell&#8217;ambito della festa del Santissimo Sacramento di Cristo. Si tratta di colossali fantocci di cartapesta e legno, che in Sicilia ritroviamo anche sottoforma di enormi statue raffiguranti gli Apostoli. Quest&#8217;ultime si esibiscono nel giorno di Pasqua, quando in diverse localit\u00e0 viene messo in scena l&#8217;annuncio della Resurrezione di Cristo. La parola <em>Misteri<\/em>, quindi, impiegata in origine per indicare le sacre rappresentazioni teatrali, \u00e8 poi diventata un sinonimo dei riti pasquali extraliturgici che rievocano la Passione di Cristo. Il termine <em>Misteri<\/em>, infatti, \u00e8 associato tanto alle processioni con personaggi viventi (anticamente note in Sicilia come <a href=\"\/temi\/feste-e-rituali\/la-settimana-santa-in-sicilia\/le-casazze\/\"> <em>Casazze<\/em><\/a>), quanto a quelle che prevedono la sfilata dei simboli (calice, gallo, chiodi, scale, sudario, flagelli, spine, velo della Veronica, S. Croce, etc.) e dei gruppi statuari che raffigurano plasticamente le scene della Passione (detti in Sicilia <a href=\"\/temi\/feste-e-rituali\/le-vare-nelle-feste-siciliane\/\" title=\"Le Vare nelle feste siciliane\">v<em>are<\/em><\/a>, in Spagna <a href=\"\/temi\/feste-e-rituali\/la-settimana-santa-di-siviglia\/i-pasos-della-settimana-santa-di-siviglia\/\"> <em>pasos<\/em><\/a> o <a href=\"\/temi\/feste-e-rituali\/la-settimana-santa-di-malaga\/i-tronos-della-settimana-santa-di-malaga\/\"> <em>tronos<\/em><\/a>, in Abruzzo <a href=\"\/temi\/feste-e-rituali\/la-settimana-santa-in-abruzzo\/\"><em> talami<\/em><\/a>). In molti casi, le attuali processioni dei <em>Misteri<\/em> (che si svolgono perlopi\u00f9 il Gioved\u00ec e il Venerd\u00ec Santo, ma a volte anche nei primi giorni della Settimana) combinano queste tre tipologie cerimoniali (in <a href=\"\/temi\/feste-e-rituali\/la-settimana-santa-in-sardegna\/\" title=\"La Settimana Santa in Sardegna\">Sardegna<\/a>, ad esempio, nella provincia di <a href=\"\/temi\/feste-e-rituali\/la-settimana-santa-in-sardegna\/il-lunedi-santo-a-castelsardo-sassari\/sassari\/\" title=\"Sassari\">Sassari<\/a>, i gruppi statuari e gli oggetti della Passione sfilano insieme il Luned\u00ec e il Marted\u00ec Santo).<\/p>\n<p style=\"text-align: justify\"><a href=\"\/temi\/feste-e-rituali\/la-settimana-santa-in-italia-meridionale\/\"> &lt;&lt;&lt;&#8212;pagina precedente<\/a>&nbsp;&nbsp; <a href=\"\/temi\/feste-e-rituali\/i-misteri\/\">pagina seguente&#8212;&gt;&gt;&gt;<\/a><\/p>\n<\/div>\n<p><\/p>\n","protected":false},"excerpt":{"rendered":"<p>Le sacre rappresentazioni in Italia meridionale La Chiesa di Roma ha celebrato la Passione di Cristo con piglio drammatico e teatrale sin dalle prime liturgie pasquali e dalle pi\u00f9 antiche forme devozionali. Non a caso, il nome con cui vengono indicati tuttora la gran parte&hellip;<\/p>\n","protected":false},"author":1,"featured_media":0,"parent":5819,"menu_order":0,"comment_status":"closed","ping_status":"closed","template":"","meta":{"footnotes":""},"class_list":["post-6194","page","type-page","status-publish","hentry"],"_links":{"self":[{"href":"https:\/\/digitalhistory.unite.it\/es\/wp-json\/wp\/v2\/pages\/6194","targetHints":{"allow":["GET"]}}],"collection":[{"href":"https:\/\/digitalhistory.unite.it\/es\/wp-json\/wp\/v2\/pages"}],"about":[{"href":"https:\/\/digitalhistory.unite.it\/es\/wp-json\/wp\/v2\/types\/page"}],"author":[{"embeddable":true,"href":"https:\/\/digitalhistory.unite.it\/es\/wp-json\/wp\/v2\/users\/1"}],"replies":[{"embeddable":true,"href":"https:\/\/digitalhistory.unite.it\/es\/wp-json\/wp\/v2\/comments?post=6194"}],"version-history":[{"count":3,"href":"https:\/\/digitalhistory.unite.it\/es\/wp-json\/wp\/v2\/pages\/6194\/revisions"}],"predecessor-version":[{"id":10658,"href":"https:\/\/digitalhistory.unite.it\/es\/wp-json\/wp\/v2\/pages\/6194\/revisions\/10658"}],"up":[{"embeddable":true,"href":"https:\/\/digitalhistory.unite.it\/es\/wp-json\/wp\/v2\/pages\/5819"}],"wp:attachment":[{"href":"https:\/\/digitalhistory.unite.it\/es\/wp-json\/wp\/v2\/media?parent=6194"}],"curies":[{"name":"wp","href":"https:\/\/api.w.org\/{rel}","templated":true}]}}