{"id":6206,"date":"2021-08-19T22:03:09","date_gmt":"2021-08-19T20:03:09","guid":{"rendered":"https:\/\/digitalhistory.unite.it\/le-feste-patronali-fercoli-vare-candelore-e-corpus-domini-in-italia-meridionale\/"},"modified":"2021-11-23T15:26:53","modified_gmt":"2021-11-23T14:26:53","slug":"le-feste-patronali-fercoli-vare-candelore-e-corpus-domini-in-italia-meridionale","status":"publish","type":"page","link":"https:\/\/digitalhistory.unite.it\/es\/temi\/feste-e-rituali\/le-feste-patronali-fercoli-vare-candelore-e-corpus-domini-in-italia-meridionale\/","title":{"rendered":"Le Feste Patronali in Italia meridionale"},"content":{"rendered":"<h1>Le Feste Patronali in Italia meridionale <\/h1>\n<div class=\"testo\">\n<p><img loading=\"lazy\" decoding=\"async\" src=\"https:\/\/digitalhistory.unite.it\/wp-content\/uploads\/2021\/08\/mappa_feste_patronali_italia_meridionale_549x432.jpg\" width=\"549\" height=\"432\" alt=\"Feste patronali Italia meridionale\"><\/p>\n<p style=\"text-align: justify\" class=\"ListParagraph\">In ogni comune italiano si svolge almeno una festa patronale, a cui spesso si aggiungono altre importanti ricorrenze religiose. In tali occasioni, per le strade d&#8217;Italia sfilano statue, gruppi statuari o apparati scenici (le &#8220;macchine&#8221;) portati in processione per mettere in scena episodi ispirati alle Sacre Scritture, alle vite dei Santi ed ai pi\u00f9 noti <em><a href=\"\/temi\/feste-e-rituali\/i-misteri\/\" title=\"I Misteri\">Misteri<\/a><\/em> della religione cristiana. Si tratta, nella maggior parte dei casi, di meravigliosi fercoli processionali di enormi dimensioni, variamente denominati <em>Vare<\/em> (come accade nelle <a href=\"\/temi\/feste-e-rituali\/le-vare-nelle-feste-siciliane\/la-vara-dellassunta-di-messina\/\" title=\"La Vara dell'Assunta di Messina\">feste dell&#8217;Assunta di Messina<\/a> e di <a href=\"\/temi\/feste-e-rituali\/le-vare-nelle-feste-siciliane\/la-festa-di-santa-rosalia-a-palermo\/\" title=\"La Festa di Santa Rosalia a Palermo\">Santa Rosalia a Palermo<\/a>), <em>Ceri<\/em> (\u00e8 questo il caso delle <a href=\"\/temi\/feste-e-rituali\/le-vare-nelle-feste-siciliane\/la-festa-di-santagata-a-catania\/\" title=\"La Festa di Sant'Agata a Catania\">Cannelore di Sant&#8217;Agata<\/a>, dei <a href=\"\/temi\/feste-e-rituali\/le-feste-patronali-fercoli-vare-e-candelore-in-campania\/la-festa-di-spaolino-e-i-gigli-di-nola-napoli\/\" title=\"La Festa di S.Paolino e i Gigli di Nola (Napoli)\">Gigli di Nola<\/a> e dei <a href=\"\/temi\/feste-e-rituali\/le-feste-patronali-fercoli-vare-e-candelore-in-sardegna\/la-festa-dellassunta-e-i-candelieri-di-sassari\/\" title=\"La Festa dell'Assunta e i Candelieri di Sassari\">Candelieri di Sassari<\/a>), <em>Carri<\/em> (come quello di <a href=\"\/temi\/feste-e-rituali\/le-feste-patronali-fercoli-vare-e-candelore-in-sardegna\/la-festa-di-santefisio-a-cagliari\/\" title=\"La Festa di Sant'Efisio a Cagliari\">Sant&#8217;Efisio a Cagliari<\/a>) o <em>Misteri<\/em> (\u00e8 il caso di quelli che sfilano al <a href=\"\/temi\/feste-e-rituali\/il-corpus-domini-e-i-misteri-di-campobasso\/\" title=\"Il Corpus Domini e i Misteri di Campobasso\"><em>Corpus Domini<\/em> di Campobasso<\/a>). I termini <em>vara<\/em> e <em>mistero<\/em> sono usati anche per indicare i gruppi statuari che a tutt&#8217;oggi vediamo sfilare durante la <a href=\"\/temi\/feste-e-rituali\/la-settimana-santa-in-italia-meridionale\/\" title=\"La Settimana Santa in Italia meridionale\">Settimana Santa<\/a>. Una tipologia particolare di feste patronali o di ricorrenze religiose in cui sfilano le <em>vare<\/em> dei Santi sono le cosiddette <a href=\"\/temi\/feste-e-rituali\/le-feste-dei-mori-e-dei-cristiani-in-italia-meridionale\/\" title=\"Le Feste dei Mori e dei Cristiani in Italia meridionale\">Feste dei Mori e dei Cristiani<\/a>.<\/p>\n<p style=\"text-align: justify\">A volte accade che le feste patronali attuali, pur essendo altrettanto ricche di elementi simbolici, conservino solo alcuni degli apparati scenici in auge durante l&#8217;et\u00e0 barocca (\u00e8 questo il caso delle cerimonie in onore di <a href=\"\/temi\/feste-e-rituali\/le-feste-patronali-fercoli-vare-e-candelore-in-campania\/la-festa-di-san-gennaro-a-napoli\/\" title=\"La Festa di San Gennaro a Napoli\">San Gennaro<\/a>). Apparati scenici che, invece, si ritrovano ancora nelle festivit\u00e0 di cui sono protagonisti i <a href=\"\/temi\/feste-e-rituali\/i-giganti-processionali-e-da-corteo\/\" title=\"I Giganti processionali e da corteo\">Giganti processionali e da corteo<\/a>. Partecipare oggi alle pi\u00f9 importanti Feste patronali dell&#8217;Italia meridionale \u00e8 un&#8217;esperienza avvicente, poich\u00e9 consente di rivivere atmosfere solo apparentemente desuete, in cui ogni oggetto, gesto e rituale ha una forte connotazione simbolica. La persistenza o la reinvenzione di elementi barocchi nelle Feste patronali italiane ha infatti qualcosa in comune con il nostro tempo: un&#8217;epoca dominata dalla cultura visiva e da nuovi e sempre pi\u00f9 complessi apparati simbolici e pervasa da una sensibilit\u00e0 che, non a caso, \u00e8 stata definita neo-barocca.<\/p>\n<p style=\"text-align: justify\"><a href=\"\/temi\/feste-e-rituali\/le-feste-patronali-fercoli-vare-candelore-e-corpus-domini\/\" title=\"Le Feste Patronali (fercoli, vare, candelore e corpus domini)\"> &lt;&lt;&lt;&#8212;pagina precedente<\/a> &nbsp; <a href=\"\/temi\/feste-e-rituali\/le-vare-nelle-feste-siciliane\/\" title=\"Le Vare nelle feste siciliane\">pagina seguente&#8212;&gt;&gt;&gt;<\/a><\/p>\n<\/div>\n<p><\/p>\n","protected":false},"excerpt":{"rendered":"<p>Le Feste Patronali in Italia meridionale In ogni comune italiano si svolge almeno una festa patronale, a cui spesso si aggiungono altre importanti ricorrenze religiose. In tali occasioni, per le strade d&#8217;Italia sfilano statue, gruppi statuari o apparati scenici (le &#8220;macchine&#8221;) portati in processione per&hellip;<\/p>\n","protected":false},"author":1,"featured_media":0,"parent":5819,"menu_order":0,"comment_status":"closed","ping_status":"closed","template":"","meta":{"footnotes":""},"class_list":["post-6206","page","type-page","status-publish","hentry"],"_links":{"self":[{"href":"https:\/\/digitalhistory.unite.it\/es\/wp-json\/wp\/v2\/pages\/6206","targetHints":{"allow":["GET"]}}],"collection":[{"href":"https:\/\/digitalhistory.unite.it\/es\/wp-json\/wp\/v2\/pages"}],"about":[{"href":"https:\/\/digitalhistory.unite.it\/es\/wp-json\/wp\/v2\/types\/page"}],"author":[{"embeddable":true,"href":"https:\/\/digitalhistory.unite.it\/es\/wp-json\/wp\/v2\/users\/1"}],"replies":[{"embeddable":true,"href":"https:\/\/digitalhistory.unite.it\/es\/wp-json\/wp\/v2\/comments?post=6206"}],"version-history":[{"count":4,"href":"https:\/\/digitalhistory.unite.it\/es\/wp-json\/wp\/v2\/pages\/6206\/revisions"}],"predecessor-version":[{"id":10653,"href":"https:\/\/digitalhistory.unite.it\/es\/wp-json\/wp\/v2\/pages\/6206\/revisions\/10653"}],"up":[{"embeddable":true,"href":"https:\/\/digitalhistory.unite.it\/es\/wp-json\/wp\/v2\/pages\/5819"}],"wp:attachment":[{"href":"https:\/\/digitalhistory.unite.it\/es\/wp-json\/wp\/v2\/media?parent=6206"}],"curies":[{"name":"wp","href":"https:\/\/api.w.org\/{rel}","templated":true}]}}