{"id":6211,"date":"2021-08-20T00:03:09","date_gmt":"2021-08-19T22:03:09","guid":{"rendered":"https:\/\/digitalhistory.unite.it\/le-feste-patronali-fercoli-vare-candelore-e-corpus-domini-in-spagna\/"},"modified":"2021-11-23T15:26:53","modified_gmt":"2021-11-23T14:26:53","slug":"le-feste-patronali-fercoli-vare-candelore-e-corpus-domini-in-spagna","status":"publish","type":"page","link":"https:\/\/digitalhistory.unite.it\/es\/temi\/feste-e-rituali\/le-feste-patronali-fercoli-vare-candelore-e-corpus-domini-in-spagna\/","title":{"rendered":"Le Feste Patronali in Spagna"},"content":{"rendered":"<h1>Le Feste Patronali in Spagna <\/h1>\n<div class=\"testo\">\n<p><img loading=\"lazy\" decoding=\"async\" src=\"https:\/\/digitalhistory.unite.it\/wp-content\/uploads\/2021\/08\/patron_saints__feasts_in_spain_map_551x394.jpg\" width=\"551\" height=\"394\" alt=\"Feste patronali Spagna\"><\/p>\n<p style=\"text-align: justify\">In ogni comune spagnolo si svolge almeno una festa patronale, a cui spesso si aggiungono altre importanti ricorrenze religiose in cui sfilano statue, gruppi statuari o apparati scenici (le &#8220;macchine&#8221;) portati in processione per mettere in scena episodi ispirati alle Sacre Scritture, alle vite dei Santi ed ai pi\u00f9 noti <a href=\"\/temi\/feste-e-rituali\/i-misteri\/\" title=\"I Misteri\"><em>Misteri<\/em><\/a> della religione cristiana. C&#8217;\u00e8 una tipologia particolare di feste patronali che prevedono anche la messa in scena simbolica di battaglie e scontri armati: sono le famose <a href=\"\/temi\/feste-e-rituali\/le-feste-dei-mori-e-dei-cristiani-in-spagna\/\" title=\"Le Feste dei Mori e dei Cristiani in Spagna\">Feste dei Mori e dei Cristiani<\/a>. Durante le feste patronali in Spagna, le effigi dei Santi Patroni o le scene bibliche sono portate in processione su splendidi fercoli lignei che gli spagnoli chiamano <em>pasos<\/em>: lo stesso termine usato per indicare i gruppi statuari che sfilano durante la <a href=\"\/temi\/feste-e-rituali\/la-settimana-santa-in-spagna\/\" title=\"La Settimana Santa in Spagna\">Settimana Santa<\/a>. Dallo sterminato repertorio di feste spagnole, abbiamo deciso di selezionare alcuni esempi che possano rendere l&#8217;idea di quanto il nostro tempo sia ancora intriso di rituali nati o sviluppatisi durante l&#8217;et\u00e0 barocca. Alla famosa <a href=\"\/temi\/feste-e-rituali\/la-festa-di-san-isidro-a-madrid\/\" title=\"La Festa di San Isidro a Madrid\">Festa di Sant&#8217;Isidro<\/a> che si celebra nella capitale <a href=\"\/territori\/percorsi-regionali\/le-plazas-mayores-spagnole-e-il-barocco\/la-plaza-mayor-di-madrid\/madrid\/\" title=\"Madrid\">Madrid<\/a>, abbiamo pensato di accostare l&#8217;altrettanto suggestiva <a href=\"\/temi\/feste-e-rituali\/la-festa-de-la-virgen-de-la-salud-di-algemesi-valencia\/\" title=\"La Festa de la Virgen de la Salud di Algemesi (Valencia)\">Festa de la Virgen de la Salud<\/a> che si tiene in una citt\u00e0 della provincia di <a href=\"\/territori\/percorsi-regionali\/storia-araba-e-gusto-barocco\/valencia\/valencia\/\" title=\"Valencia\">Valencia<\/a> (Algemes\u00ed). La nostra ricerca, poi, si \u00e8 concentrata sulle processioni del <em>Corpus Christi<\/em>. In passato, soprattutto in et\u00e0 barocca, le celebrazioni prevedevano l&#8217;allestimento di straordinari apparati scenici, di cui oggi in molte localit\u00e0 resta solo qualche traccia. Non \u00e8 questo, per\u00f2, il caso di alcune citt\u00e0 spagnole come <a href=\"\/temi\/feste-e-rituali\/il-corpus-christi-di-valencia\/\" title=\"Il Corpus Christi di Valencia\">Valencia<\/a>, <a href=\"\/temi\/feste-e-rituali\/i-giganti-del-corpus-christi-di-toledo\/\" title=\"I Giganti del Corpus Christi di Toledo\">Toledo<\/a> e&nbsp;<a href=\"\/temi\/feste-e-rituali\/il-corpus-christi-di-siviglia\/\" title=\"Il Corpus Christi di Siviglia\">Siviglia<\/a>, in cui i riti antichi rivivono tuttora, seppur adattati al nostro tempo, in tutto il loro splendore. In occasione di tali manifestazioni, spesso, si svolgono antiche danze, tra cui quelle dei <a href=\"\/temi\/feste-e-rituali\/i-giganti-in-spagna\/\" title=\"I Giganti in Spagna\">Giganti<\/a> e dei Nani.<\/p>\n<p style=\"text-align: justify\"><a href=\"\/temi\/feste-e-rituali\/\" title=\"Feste e rituali\">&lt;&lt;&lt;&#8212;torna all&#8217;indice<\/a> &nbsp; <a href=\"\/temi\/feste-e-rituali\/la-festa-di-san-isidro-a-madrid\/\" title=\"La Festa di San Isidro a Madrid\">pagina seguente&#8212;&gt;&gt;&gt;<\/a><\/p>\n<\/div>\n<p><\/p>\n","protected":false},"excerpt":{"rendered":"<p>Le Feste Patronali in Spagna In ogni comune spagnolo si svolge almeno una festa patronale, a cui spesso si aggiungono altre importanti ricorrenze religiose in cui sfilano statue, gruppi statuari o apparati scenici (le &#8220;macchine&#8221;) portati in processione per mettere in scena episodi ispirati alle&hellip;<\/p>\n","protected":false},"author":1,"featured_media":0,"parent":5819,"menu_order":0,"comment_status":"closed","ping_status":"closed","template":"","meta":{"footnotes":""},"class_list":["post-6211","page","type-page","status-publish","hentry"],"_links":{"self":[{"href":"https:\/\/digitalhistory.unite.it\/es\/wp-json\/wp\/v2\/pages\/6211","targetHints":{"allow":["GET"]}}],"collection":[{"href":"https:\/\/digitalhistory.unite.it\/es\/wp-json\/wp\/v2\/pages"}],"about":[{"href":"https:\/\/digitalhistory.unite.it\/es\/wp-json\/wp\/v2\/types\/page"}],"author":[{"embeddable":true,"href":"https:\/\/digitalhistory.unite.it\/es\/wp-json\/wp\/v2\/users\/1"}],"replies":[{"embeddable":true,"href":"https:\/\/digitalhistory.unite.it\/es\/wp-json\/wp\/v2\/comments?post=6211"}],"version-history":[{"count":3,"href":"https:\/\/digitalhistory.unite.it\/es\/wp-json\/wp\/v2\/pages\/6211\/revisions"}],"predecessor-version":[{"id":10654,"href":"https:\/\/digitalhistory.unite.it\/es\/wp-json\/wp\/v2\/pages\/6211\/revisions\/10654"}],"up":[{"embeddable":true,"href":"https:\/\/digitalhistory.unite.it\/es\/wp-json\/wp\/v2\/pages\/5819"}],"wp:attachment":[{"href":"https:\/\/digitalhistory.unite.it\/es\/wp-json\/wp\/v2\/media?parent=6211"}],"curies":[{"name":"wp","href":"https:\/\/api.w.org\/{rel}","templated":true}]}}