{"id":6212,"date":"2021-08-20T00:03:10","date_gmt":"2021-08-19T22:03:10","guid":{"rendered":"https:\/\/digitalhistory.unite.it\/il-corpus-christi-di-valencia\/"},"modified":"2021-11-23T15:26:42","modified_gmt":"2021-11-23T14:26:42","slug":"il-corpus-christi-di-valencia","status":"publish","type":"page","link":"https:\/\/digitalhistory.unite.it\/es\/temi\/feste-e-rituali\/il-corpus-christi-di-valencia\/","title":{"rendered":"Il Corpus Christi di Valencia"},"content":{"rendered":"<h1>Il Corpus Christi di Valencia <\/h1>\n<div class=\"testo\">\n<p style=\"text-align: justify\">Il <em>Corpus Christi<\/em>&nbsp;\u00e8 una cerimonia liturgica di origine medievale (XIII secolo) in cui si celebra la presenza reale del Cristo nell&#8217;Eucarestia. Essa si tiene il gioved\u00ec successivo alla Pentecoste (una festivit\u00e0 mobile che cade il cinquantesimo giorno dopo la Domenica di Pasqua). Sin dagli inizi, la festa del <em>Corpus Christi<\/em> \u00e8 stata interpretata dalla Chiesa come un&#8217;occasione per mettere in scena episodi ispirate alle Sacre Scritture o alle vite dei Santi, <em>in primis<\/em> con l&#8217;ausilio di attori e poi con fantocci, statue o gruppi statuari e apparati scenografici.<\/p>\n<p style=\"text-align: justify\">Il <em>Corpus Christi<\/em>, oltre ad essere uno straordinario teatro religioso, era l&#8217;occasione in cui le citt\u00e0 europee rappresentavano e mettevano alla prova il delicato equilibro tra le diverse componenti sociali ed istituzionali. In passato, soprattutto in et\u00e0 barocca, le celebrazioni prevedevano l&#8217;allestimento di straordinari apparati scenici, di cui oggi in molte localit\u00e0 resta solo qualche traccia. Non \u00e8 questo, per\u00f2, il caso di <a href=\"\/territori\/percorsi-regionali\/storia-araba-e-gusto-barocco\/valencia\/valencia\/\" title=\"Valencia\">Valencia<\/a>. L&#8217;origine della processione valenciana risale alla fine del Medioevo. Nei primi secoli dell&#8217;et\u00e0 moderna, il <em>Corpus<\/em> \u00e8 divenuto una delle ricorrenze religiose pi\u00f9 importanti per la citt\u00e0. Dopo un periodo di ridimensionamento, occorso a partire dal XIX secolo e acuitosi negli anni della Seconda Repubblica e della Guerra Civile (1936-39), nella seconda met\u00e0 del Novecento la processione di Valencia \u00e8 tornata al suo splendore iniziale (soprattutto grazie all&#8217;impegno dell&#8217;<em>Asociaci\u00f3n de amigos del Corpus de la ciudad de Valencia<\/em>). Cosicch\u00e9, ancora oggi, al <em>Corpus<\/em> di Valencia partecipano un numero impressionante di figuranti in costume che impersonano personaggi ed episodi del Vecchio e del Nuovo Testamento. Questo fa s\u00ec che il sacro corteo di Valencia sia ad oggi il <em>Corpus<\/em> pi\u00f9 autentico tra quelli che si celebrano in Europa, quello che ricorda pi\u00f9 da vicino i <em><a href=\"\/temi\/feste-e-rituali\/i-misteri\/\" title=\"I Misteri\">Misteri<\/a><\/em>: le antiche rappresentazioni medievali a tema religioso inscenate da personaggi viventi. Si tratta di uno spettacolo senza pari, in cui alle rappresentazioni zoomorfe del demonio (le stesse che parteciperanno alla sfilata che si tiene alla <a href=\"\/temi\/feste-e-rituali\/il-corpus-christi-di-valencia\/la-vigilia-del-corpus-christi-di-valencia\/\" title=\"La vigilia del Corpus Christi di Valencia\">vigilia del <em>Corpus<\/em><\/a>) vengono contrapposte le effigi dei Santi che, secondo la tradizione, li avrebbero sconfitti. Partecipare al <em>Corpus<\/em> di Valencia \u00e8 un&#8217;esperienza unica, in cui si possono rivivere insieme le atmosfere del lontano Medioevo e le meraviglie del Barocco. In tale sfilata, un posto centrale \u00e8 occupato anche dagli enigmatici <em><a href=\"\/temi\/feste-e-rituali\/il-corpus-christi-di-valencia\/i-cirialots\/\" title=\"I Cirialots\">Cirialots<\/a><\/em>. Alla vigilia della processione del <em>Corpus Christi<\/em>&nbsp;di Valencia, invece, va in scena una sfilata altrettanto suggestiva, a cui partecipano anche i <a href=\"\/temi\/feste-e-rituali\/il-corpus-christi-di-valencia\/i-giganti-del-corpus-di-valencia\/\" title=\"I Giganti del Corpus di Valencia\">Giganti<\/a> ed i Nani.<\/p>\n<ul>\n<li><a href=\"\/temi\/feste-e-rituali\/il-corpus-christi-di-valencia\/le-rocas\/\" title=\"Le Rocas\">Le <em>Rocas<\/em><\/a><\/li>\n<li><a href=\"\/temi\/feste-e-rituali\/il-corpus-christi-di-valencia\/la-moma\/\" title=\"La Moma\">La<\/a> <em><a href=\"\/temi\/feste-e-rituali\/il-corpus-christi-di-valencia\/la-moma\/\" title=\"La Moma\">Moma<\/a><\/em><\/li>\n<\/ul>\n<p style=\"text-align: justify\"><a href=\"\/temi\/feste-e-rituali\/la-festa-di-san-isidro-a-madrid\/celebrazione-della-festa-di-san-isidro\/\" title=\"Celebrazione della festa di San Isidro\">&lt;&lt;&lt;&#8212;pagina precedente<\/a> &nbsp; <a href=\"\/temi\/feste-e-rituali\/la-festa-de-la-virgen-de-la-salud-di-algemesi-valencia\/\" title=\"La Festa de la Virgen de la Salud di Algemesi (Valencia)\">pagina seguente&#8212;&gt;&gt;&gt;<\/a><\/p>\n<\/div>\n<p><\/p>\n","protected":false},"excerpt":{"rendered":"<p>Il Corpus Christi di Valencia Il Corpus Christi&nbsp;\u00e8 una cerimonia liturgica di origine medievale (XIII secolo) in cui si celebra la presenza reale del Cristo nell&#8217;Eucarestia. Essa si tiene il gioved\u00ec successivo alla Pentecoste (una festivit\u00e0 mobile che cade il cinquantesimo giorno dopo la Domenica&hellip;<\/p>\n","protected":false},"author":1,"featured_media":0,"parent":5819,"menu_order":0,"comment_status":"closed","ping_status":"closed","template":"","meta":{"footnotes":""},"class_list":["post-6212","page","type-page","status-publish","hentry"],"_links":{"self":[{"href":"https:\/\/digitalhistory.unite.it\/es\/wp-json\/wp\/v2\/pages\/6212","targetHints":{"allow":["GET"]}}],"collection":[{"href":"https:\/\/digitalhistory.unite.it\/es\/wp-json\/wp\/v2\/pages"}],"about":[{"href":"https:\/\/digitalhistory.unite.it\/es\/wp-json\/wp\/v2\/types\/page"}],"author":[{"embeddable":true,"href":"https:\/\/digitalhistory.unite.it\/es\/wp-json\/wp\/v2\/users\/1"}],"replies":[{"embeddable":true,"href":"https:\/\/digitalhistory.unite.it\/es\/wp-json\/wp\/v2\/comments?post=6212"}],"version-history":[{"count":3,"href":"https:\/\/digitalhistory.unite.it\/es\/wp-json\/wp\/v2\/pages\/6212\/revisions"}],"predecessor-version":[{"id":10534,"href":"https:\/\/digitalhistory.unite.it\/es\/wp-json\/wp\/v2\/pages\/6212\/revisions\/10534"}],"up":[{"embeddable":true,"href":"https:\/\/digitalhistory.unite.it\/es\/wp-json\/wp\/v2\/pages\/5819"}],"wp:attachment":[{"href":"https:\/\/digitalhistory.unite.it\/es\/wp-json\/wp\/v2\/media?parent=6212"}],"curies":[{"name":"wp","href":"https:\/\/api.w.org\/{rel}","templated":true}]}}