{"id":6213,"date":"2021-08-20T00:03:10","date_gmt":"2021-08-19T22:03:10","guid":{"rendered":"https:\/\/digitalhistory.unite.it\/la-festa-de-la-virgen-de-la-salud-di-algemesi-valencia\/"},"modified":"2021-11-23T15:26:43","modified_gmt":"2021-11-23T14:26:43","slug":"la-festa-de-la-virgen-de-la-salud-di-algemesi-valencia","status":"publish","type":"page","link":"https:\/\/digitalhistory.unite.it\/es\/temi\/feste-e-rituali\/la-festa-de-la-virgen-de-la-salud-di-algemesi-valencia\/","title":{"rendered":"La Festa de la Virgen de la Salud di Algemes\u00ed (Valencia)"},"content":{"rendered":"<h1>La Festa de la Virgen de la Salud di Algemes\u00ed (Valencia) <\/h1>\n<div class=\"testo\">\n<p style=\"text-align: justify\">La Festa della Virgen de la Salud (&#8220;Mare de D\u00e9u de la Salut&#8221;, in valenciano) si celebre ad Algemes\u00ed, una cittadina in provincia di <a href=\"\/territori\/percorsi-regionali\/storia-araba-e-gusto-barocco\/valencia\/valencia\/\" title=\"Valencia\">Valencia<\/a>, il 7 e l&#8217;8 settembre di ogni anno. La cerimonia si svolge nei quartieri storici della citt\u00e0 (Valencia, La Muntanya, Santa B\u00e1rbara e La Capella). Nel 2011 \u00e8 stata dichiarata dall&#8217;UNESCO Patrimonio Culturale Immateriale dell&#8217;Umanit\u00e0. La leggenda vuole che un&#8217;immagine della Madonna sia stata rinvenuta nel XIII secolo. L&#8217;attuale simulacro, che sfila nei due giorni di festa attorniato dai danzatori tradizionali, \u00e8 stato realizzato dopo la Guerra Civile (1936-39). La Festa di Algemesi \u00e8 una straordinaria messa in scena collettiva, fatta di rappresentazioni teatrali, concerti e danze, che coinvolge quasi 1500 attori.<\/p>\n<p style=\"text-align: justify\"><img loading=\"lazy\" decoding=\"async\" src=\"https:\/\/digitalhistory.unite.it\/wp-content\/uploads\/2021\/08\/algemes__220x293.jpg\" width=\"220\" height=\"293\" alt=\"Algemesi\" align=\"left\">Durante la Processione che si tiene il primo giorno di festa si rievocano episodi biblici ed alcuni tra i pi\u00f9 celebri mart\u00ecri della cristinit\u00e0 (Santa Barbara e San Bernardo): una performance che fa tornare alla mente le sacre rappresentazioni medievali. Questa processione, detta <em>de las Promesas<\/em>, prevede anche la presenza di una Croce e dello stendardo della Madonna, entrambi in stile barocco. In quest&#8217;occasione, si possono ammirare anche i balli tradizionali, tra cui la spettacolare <em>Muixeranga<\/em>: una danza che culmina con formazione di enormi piramidi umane, dette in catalano <em>castels<\/em> (castelli), formate da attori che si tengono l&#8217;un l&#8217;altro sulle spalle fino a raggiungere altezze vertiginose (foto).&nbsp;<\/p>\n<p style=\"text-align: justify\">L&#8217;otto settembre si svolge invece&nbsp;la Processione del Mattino. A questo evento partecipano i fantocci giganteschi che impersonano il re <a href=\"\/temi\/feste-e-rituali\/i-giganti-in-catalogna\/i-giganti-di-barcellona\/jaume-i-daragona\/\"> Jaume I d&#8217;Aragona<\/a> e la moglie <a href=\"#\" class=\"tooltip yellow-tooltip\">Iolanda d&#8217;Ungheria <span>Iolanda o Violante d&#8217;Ungheria (1215-1251) era figlia del re di Ungheria Andrea II e della principessa di Costantinopoli Iolanda de Courtenay. Nel 1235 spos\u00f2 il re d&#8217;Aragona Jaume I (1208-1276), diventando cos\u00ec regina consorte dei suoi vasti possedimenti: regni di Aragona, Valencia e Mallorca, contea di Barcellona, signoria di Montpellier e di altri feudi in Occitania. Tra i figli della coppia, ricordiamo Pietro III il Grande (1239-1285) re d&#8217;Aragona e di Valencia, e Jaume II di Mallorca (1243-1311) re di Mallorca e signore dei feudi occitani ereditati dal padre.<\/span><\/a>: due enormi simulacri che ritroviamo anche nella <a href=\"\/temi\/feste-e-rituali\/i-giganti-in-catalogna\/i-giganti-di-barcellona\/\" title=\"I Giganti di Barcellona\">Festa della Madonna della Misericordia di Barcellona<\/a>. La Processione del Mattino \u00e8 il&nbsp;momento pi\u00f9 spettacolare della Festa di Algemesi: in attesa che il fercolo della Madonna varchi il portone della chiesa, un nuvolo di danzatori si esibisce sul sagrato della basilica di San Giacomo. In serata, invece, prende avvio l&#8217;ultimo corteo, detto <em>Volta Gran<\/em> in valenciano. A tale sfilata, che si protrae per ben sette ore per le strade della citt\u00e0 vecchia, partecipano numerosi personaggi dell&#8217;Antico e del Nuovo Testamento, accompagnati dai Santi Patroni della comunit\u00e0 valenciana.<\/p>\n<p style=\"text-align: justify\"><a href=\"\/temi\/feste-e-rituali\/il-corpus-christi-di-valencia\/\" title=\"Il Corpus Christi di Valencia\">&lt;&lt;&lt;&#8212;pagina precedente<\/a>&nbsp;&nbsp; <a href=\"\/temi\/feste-e-rituali\/il-corpus-christi-di-siviglia\/\" title=\"Il Corpus Christi di Siviglia\">pagina seguente&#8212;&gt;&gt;&gt;<\/a><\/p>\n<\/div>\n<p><\/p>\n","protected":false},"excerpt":{"rendered":"<p>La Festa de la Virgen de la Salud di Algemes\u00ed (Valencia) La Festa della Virgen de la Salud (&#8220;Mare de D\u00e9u de la Salut&#8221;, in valenciano) si celebre ad Algemes\u00ed, una cittadina in provincia di Valencia, il 7 e l&#8217;8 settembre di ogni anno. La&hellip;<\/p>\n","protected":false},"author":1,"featured_media":0,"parent":5819,"menu_order":0,"comment_status":"closed","ping_status":"closed","template":"","meta":{"footnotes":""},"class_list":["post-6213","page","type-page","status-publish","hentry"],"_links":{"self":[{"href":"https:\/\/digitalhistory.unite.it\/es\/wp-json\/wp\/v2\/pages\/6213","targetHints":{"allow":["GET"]}}],"collection":[{"href":"https:\/\/digitalhistory.unite.it\/es\/wp-json\/wp\/v2\/pages"}],"about":[{"href":"https:\/\/digitalhistory.unite.it\/es\/wp-json\/wp\/v2\/types\/page"}],"author":[{"embeddable":true,"href":"https:\/\/digitalhistory.unite.it\/es\/wp-json\/wp\/v2\/users\/1"}],"replies":[{"embeddable":true,"href":"https:\/\/digitalhistory.unite.it\/es\/wp-json\/wp\/v2\/comments?post=6213"}],"version-history":[{"count":2,"href":"https:\/\/digitalhistory.unite.it\/es\/wp-json\/wp\/v2\/pages\/6213\/revisions"}],"predecessor-version":[{"id":10543,"href":"https:\/\/digitalhistory.unite.it\/es\/wp-json\/wp\/v2\/pages\/6213\/revisions\/10543"}],"up":[{"embeddable":true,"href":"https:\/\/digitalhistory.unite.it\/es\/wp-json\/wp\/v2\/pages\/5819"}],"wp:attachment":[{"href":"https:\/\/digitalhistory.unite.it\/es\/wp-json\/wp\/v2\/media?parent=6213"}],"curies":[{"name":"wp","href":"https:\/\/api.w.org\/{rel}","templated":true}]}}