{"id":6214,"date":"2021-08-20T00:03:10","date_gmt":"2021-08-19T22:03:10","guid":{"rendered":"https:\/\/digitalhistory.unite.it\/il-corpus-christi-di-siviglia\/"},"modified":"2021-11-23T15:26:41","modified_gmt":"2021-11-23T14:26:41","slug":"il-corpus-christi-di-siviglia","status":"publish","type":"page","link":"https:\/\/digitalhistory.unite.it\/es\/temi\/feste-e-rituali\/il-corpus-christi-di-siviglia\/","title":{"rendered":"Il Corpus Christi di Siviglia"},"content":{"rendered":"<h1>Il Corpus Christi di Siviglia <\/h1>\n<div class=\"testo\">\n<p style=\"text-align: justify\">Il <em>Corpus Christi<\/em>&nbsp;\u00e8 una cerimonia liturgica di origine medievale (XIII secolo) in cui si celebra la presenza reale del Cristo nell&#8217;Eucarestia. Essa si tiene il gioved\u00ec successivo alla Pentecoste (una festivit\u00e0 mobile che cade il cinquantesimo giorno dopo la Domenica di Pasqua). Sin dagli inizi, la festa del <em>Corpus Christi<\/em> \u00e8 stata interpretata dalla Chiesa come un&#8217;occasione per mettere in scena episodi ispirati alle Sacre Scritture o alle vite dei Santi, <em>in primis<\/em> con l&#8217;ausilio di attori e poi con fantocci, statue o gruppi statuari e apparati scenografici. A <a href=\"\/temi\/feste-e-rituali\/i-giganti-in-spagna\/siviglia\/\" title=\"Siviglia\">Siviglia<\/a>, tali manifestazioni erano denominate variamente <em>juegos<\/em>, <em>autos sacramentales<\/em>, <em>carros<\/em> o <em>danzas<\/em>.<\/p>\n<p style=\"text-align: justify\">L&#8217;origine della processione di Siviglia risale alla prima et\u00e0 moderna. In breve tempo, il <em>Corpus<\/em> divent\u00f2 una delle pi\u00f9 importanti ricorrenze religiose cittadine. Esso \u00e8 stato ed \u00e8 ancora l&#8217;occasione in cui la citt\u00e0 andalusa rappresenta e mette alla prova il delicato equilibro tra le sue componenti sociali ed istituzionali. In passato, le celebrazioni prevedevano l&#8217;allestimento di straordinari apparati (i famosi Carri, detti anche <em>castillos<\/em> o <em>rocas<\/em>, portati a spalla tramite portantine o trascinati con l&#8217;ausilio di ruote) su cui si mettevano in scena rappresentazioni a tema biblico o agiografico e balli rituali. Di tutto questo, <a href=\"\/temi\/feste-e-rituali\/il-corpus-christi-di-siviglia\/la-sfilata-del-corpus-christi-di-siviglia-oggi\/\" title=\"La sfilata del Corpus Christi di Siviglia oggi\">oggi<\/a>, resta solo qualche traccia. \u00c8 probabile che tali rappresentazioni, che prevedevano la partecipazione di personaggi viventi, come \u00e8 accaduto un po&#8217; dovunque in Europa a seguito della <a href=\"\/temi\/feste-e-rituali\/la-settimana-santa-di-siviglia\/la-storia-antica-della-settimana-santa-di-siviglia\/controriforma\/\" title=\"Controriforma\">Controriforma<\/a>, anche a Siviglia abbiano lasciato spazio alle pi\u00f9 composte cerimonie con i gruppi statuari. Cosa che, ad esempio, non \u00e8 accaduta a <a href=\"\/temi\/feste-e-rituali\/il-corpus-christi-di-valencia\/\" title=\"Il Corpus Christi di Valencia\">Valencia<\/a>, dove ancora oggi si pu\u00f2 assistere a simili messe in scena con personaggi viventi. Sul finire del Settecento anche i <a href=\"\/temi\/feste-e-rituali\/il-corpus-christi-di-siviglia\/i-giganti-del-corpus-christi-di-siviglia\/\" title=\"I Giganti del Corpus Christi di Siviglia\">giganti processionali<\/a>&nbsp;e la <em><a href=\"\/temi\/feste-e-rituali\/il-corpus-christi-di-siviglia\/la-tarasca-di-siviglia\/\" title=\"La Tarasca di Siviglia\">Tarasca<\/a><\/em> furono estromessi dalle sfilate del <em>Corpus<\/em>. Tuttora invece, insieme al Santissimo Sacramento (il simbolo dell&#8217;Eucarestia racchiuso nella splendida <em><a href=\"\/temi\/feste-e-rituali\/il-corpus-christi-di-siviglia\/la-custodia-grande-del-corpus-di-siviglia\/\" title=\"La Custodia Grande del Corpus di Siviglia\">Custodia<\/a><\/em> d&#8217;argento risalente alla fine del XVI secolo), a Siviglia sfilano alcuni gruppi statuari (i <em><a href=\"\/temi\/feste-e-rituali\/il-corpus-christi-di-siviglia\/i-pasos-del-corpus-christi-di-siviglia\/\" title=\"I pasos del Corpus Christi di Siviglia\">pasos<\/a><\/em>).<\/p>\n<p style=\"text-align: justify\"><a href=\"\/temi\/feste-e-rituali\/la-festa-de-la-virgen-de-la-salud-di-algemesi-valencia\/\" title=\"La Festa de la Virgen de la Salud di Algemesi (Valencia)\">&lt;&lt;&lt;&#8212;pagina precedente<\/a> &nbsp; <a href=\"\/temi\/feste-e-rituali\/\" title=\"Feste e rituali\">torna all&#8217;indice&#8212;&gt;&gt;&gt;<\/a><\/p>\n<\/div>\n<p><\/p>\n","protected":false},"excerpt":{"rendered":"<p>Il Corpus Christi di Siviglia Il Corpus Christi&nbsp;\u00e8 una cerimonia liturgica di origine medievale (XIII secolo) in cui si celebra la presenza reale del Cristo nell&#8217;Eucarestia. Essa si tiene il gioved\u00ec successivo alla Pentecoste (una festivit\u00e0 mobile che cade il cinquantesimo giorno dopo la Domenica&hellip;<\/p>\n","protected":false},"author":1,"featured_media":0,"parent":5819,"menu_order":0,"comment_status":"closed","ping_status":"closed","template":"","meta":{"footnotes":""},"class_list":["post-6214","page","type-page","status-publish","hentry"],"_links":{"self":[{"href":"https:\/\/digitalhistory.unite.it\/es\/wp-json\/wp\/v2\/pages\/6214","targetHints":{"allow":["GET"]}}],"collection":[{"href":"https:\/\/digitalhistory.unite.it\/es\/wp-json\/wp\/v2\/pages"}],"about":[{"href":"https:\/\/digitalhistory.unite.it\/es\/wp-json\/wp\/v2\/types\/page"}],"author":[{"embeddable":true,"href":"https:\/\/digitalhistory.unite.it\/es\/wp-json\/wp\/v2\/users\/1"}],"replies":[{"embeddable":true,"href":"https:\/\/digitalhistory.unite.it\/es\/wp-json\/wp\/v2\/comments?post=6214"}],"version-history":[{"count":3,"href":"https:\/\/digitalhistory.unite.it\/es\/wp-json\/wp\/v2\/pages\/6214\/revisions"}],"predecessor-version":[{"id":10528,"href":"https:\/\/digitalhistory.unite.it\/es\/wp-json\/wp\/v2\/pages\/6214\/revisions\/10528"}],"up":[{"embeddable":true,"href":"https:\/\/digitalhistory.unite.it\/es\/wp-json\/wp\/v2\/pages\/5819"}],"wp:attachment":[{"href":"https:\/\/digitalhistory.unite.it\/es\/wp-json\/wp\/v2\/media?parent=6214"}],"curies":[{"name":"wp","href":"https:\/\/api.w.org\/{rel}","templated":true}]}}