{"id":6215,"date":"2021-08-20T00:03:10","date_gmt":"2021-08-19T22:03:10","guid":{"rendered":"https:\/\/digitalhistory.unite.it\/le-feste-dei-mori-e-dei-cristiani\/"},"modified":"2021-11-23T15:26:51","modified_gmt":"2021-11-23T14:26:51","slug":"le-feste-dei-mori-e-dei-cristiani","status":"publish","type":"page","link":"https:\/\/digitalhistory.unite.it\/es\/temi\/feste-e-rituali\/le-feste-dei-mori-e-dei-cristiani\/","title":{"rendered":"Le Feste dei Mori e dei Cristiani"},"content":{"rendered":"<h1>Le Feste dei Mori e dei Cristiani <\/h1>\n<div class=\"testo\">\n<p style=\"text-align: justify\"><img loading=\"lazy\" decoding=\"async\" src=\"https:\/\/digitalhistory.unite.it\/wp-content\/uploads\/2021\/08\/madonna_delle_milizie_a_scicli.0050-0-__fileminimizer__279x186.jpg\" width=\"279\" height=\"186\" alt=\"Scicli, Madonna delle Milizie2\" align=\"left\">La Festa dei Mori e dei Cristiani \u00e8 un rituale che accumuna le regioni meridionali dell&#8217;Italia e della Spagna, soggette durante la prima et\u00e0 moderna alle scorribande dei navigli barbareschi provenienti dalle vicine coste africane. A differenza delle festivit\u00e0 che si tengono <a href=\"\/temi\/feste-e-rituali\/le-feste-dei-mori-e-dei-cristiani-in-italia-meridionale\/\" title=\"Le Feste dei Mori e dei Cristiani in Italia meridionale\">nel Mezzogiorno italiano<\/a>, generalmente ispirate alla celeberrima <a href=\"#\" class=\"tooltip yellow-tooltip\">battaglia di Lepanto<span>Fu una battaglia navale che ebbe luogo il 7 ottobre 1571 e che contrappose la Lega Santa (Monarchia spagnola, Ducato di Savoia, Papato e le Repubbliche di Venezia e Genova) contro l&#8217;impero Ottomano. La vittoria cristiana pose un freno all&#8217;espansione ottomana in Occidente.<\/span><\/a> (1571) o a qualche incursione &#8220;turca&#8221; o piratesca, le cerimonie organizzate <a href=\"\/temi\/feste-e-rituali\/le-feste-dei-mori-e-dei-cristiani-in-spagna\/\" title=\"Le Feste dei Mori e dei Cristiani in Spagna\">nelle regioni sud-orientali della Spagna<\/a> (Murcia, Castilla-La Mancha, Comunit\u00e0 Valenzana) commemorano soprattutto la <em>Reconquista<\/em>, il lungo processo di &#8220;liberazione&#8221; della penisola iberica dalla secolare dominazione araba (culminata nel 1492 con la presa di Granada e agli inizi del XVII secolo con l&#8217;espulsione dei <a href=\"#\" class=\"tooltip yellow-tooltip\"><em>Moriscos<\/em><span>Con il termine <em>Moriscos<\/em> si designavano i discendenti dei Mori che, dopo la <em>Reconquista<\/em> cristiana, avevano formalmente accettato di convertirsi e di abbandonare l&#8217;Islam. In realt\u00e0, la popolazione <em>morisca<\/em> continu\u00f2 a mantenere i propri usi e costumi tradizionali e a praticare in segreto la religione mussulmana. Dal 1609 fino al 1614, su ordine di Filippo III vennero espulsi dalla penisola iberica tutti i <em>Moriscos<\/em>, all&#8217;incirca 300.000 persone.<\/span><\/a>). Si tratta di vere e proprie rappresentazioni teatrali, che coinvolgono un numero considerevole di comparse in costume, a cui \u00e8 demandato il compito di impersonare i Mori e i Cristiani e di simulare antiche e mitiche battaglie (che a volte consistono in una danza, un modo di rappresentare l&#8217;incontro\/scontro con le popolazioni musulmane che ritroviamo anche nelle suggestive sfilate dei <a href=\"\/temi\/feste-e-rituali\/i-giganti-processionali-e-da-corteo\/\" title=\"I Giganti processionali e da corteo\">Giganti<\/a>). Durante tali manifestazioni, oltre all&#8217;uso di indumenti e armi pi\u00f9 o meno consoni alle epoche storiche cui si fa riferimento, spesso \u00e8 previsto anche l&#8217;impiego di macchine sceniche di legno (castelli e navi). Non di rado si assiste alla messa in scena di eventi e personaggi appartenenti ad epoche differenti (le Crociate e i Templari, ad esempio), confusi tra loro all&#8217;insegna di un&#8217;allegra mescolanza festiva. (foto: la Madonna delle Milizie di Scicli, protagonista di una delle pi\u00f9 famose feste dei Mori e dei Cristiani dell&#8217;Italia meridionale).<\/p>\n<p style=\"text-align: justify\"><a href=\"\/temi\/feste-e-rituali\/\" title=\"Feste e rituali\">&lt;&lt;&lt;&#8212;torna all&#8217;indice<\/a>&nbsp;&nbsp; <a href=\"\/temi\/feste-e-rituali\/le-feste-dei-mori-e-dei-cristiani-in-italia-meridionale\/\" title=\"Le Feste dei Mori e dei Cristiani in Italia meridionale\">pagina seguente&#8212;&gt;&gt;&gt;<\/a><\/p>\n<\/div>\n<p><\/p>\n","protected":false},"excerpt":{"rendered":"<p>Le Feste dei Mori e dei Cristiani La Festa dei Mori e dei Cristiani \u00e8 un rituale che accumuna le regioni meridionali dell&#8217;Italia e della Spagna, soggette durante la prima et\u00e0 moderna alle scorribande dei navigli barbareschi provenienti dalle vicine coste africane. A differenza delle&hellip;<\/p>\n","protected":false},"author":1,"featured_media":0,"parent":5819,"menu_order":0,"comment_status":"closed","ping_status":"closed","template":"","meta":{"footnotes":""},"class_list":["post-6215","page","type-page","status-publish","hentry"],"_links":{"self":[{"href":"https:\/\/digitalhistory.unite.it\/es\/wp-json\/wp\/v2\/pages\/6215","targetHints":{"allow":["GET"]}}],"collection":[{"href":"https:\/\/digitalhistory.unite.it\/es\/wp-json\/wp\/v2\/pages"}],"about":[{"href":"https:\/\/digitalhistory.unite.it\/es\/wp-json\/wp\/v2\/types\/page"}],"author":[{"embeddable":true,"href":"https:\/\/digitalhistory.unite.it\/es\/wp-json\/wp\/v2\/users\/1"}],"replies":[{"embeddable":true,"href":"https:\/\/digitalhistory.unite.it\/es\/wp-json\/wp\/v2\/comments?post=6215"}],"version-history":[{"count":2,"href":"https:\/\/digitalhistory.unite.it\/es\/wp-json\/wp\/v2\/pages\/6215\/revisions"}],"predecessor-version":[{"id":10627,"href":"https:\/\/digitalhistory.unite.it\/es\/wp-json\/wp\/v2\/pages\/6215\/revisions\/10627"}],"up":[{"embeddable":true,"href":"https:\/\/digitalhistory.unite.it\/es\/wp-json\/wp\/v2\/pages\/5819"}],"wp:attachment":[{"href":"https:\/\/digitalhistory.unite.it\/es\/wp-json\/wp\/v2\/media?parent=6215"}],"curies":[{"name":"wp","href":"https:\/\/api.w.org\/{rel}","templated":true}]}}