{"id":6217,"date":"2021-08-20T00:03:10","date_gmt":"2021-08-19T22:03:10","guid":{"rendered":"https:\/\/digitalhistory.unite.it\/la-festa-della-madonna-delle-milizie-di-scicli-ragusa\/"},"modified":"2021-11-23T15:26:43","modified_gmt":"2021-11-23T14:26:43","slug":"la-festa-della-madonna-delle-milizie-di-scicli-ragusa","status":"publish","type":"page","link":"https:\/\/digitalhistory.unite.it\/es\/temi\/feste-e-rituali\/la-festa-della-madonna-delle-milizie-di-scicli-ragusa\/","title":{"rendered":"La Festa della Madonna delle Milizie di Scicli (Ragusa)"},"content":{"rendered":"<h1>La Festa della Madonna delle Milizie di Scicli (Ragusa) <\/h1>\n<div class=\"testo\">\n<p style=\"text-align: justify\"><img loading=\"lazy\" decoding=\"async\" src=\"https:\/\/digitalhistory.unite.it\/wp-content\/uploads\/2021\/08\/madonna_delle_milizie_a_scicli.0040-0-__fileminimizer__219x328.jpg\" width=\"219\" height=\"328\" alt=\"Scicli, Madonna delle Milizie\" align=\"left\">Durante la Festa della Madonna di Scicli si rievoca una mitica battaglia che sarebbe avvenuta nei pressi della cittadina ragusana all&#8217;epoca della conquista normanna della Sicilia operata dal <a href=\"#\" class=\"tooltip yellow-tooltip\">Gran Conte Ruggero d&#8217;Altavilla<span>Ruggero I di Sicilia, noto anche come il Gran Conte Ruggero (1031-1101) apparteneva alla dinastia degli Altavilla. Figlio di Tancredi d&#8217;Altavilla, Ruggero ultim\u00f2, assieme al fratello Roberto il Guiscardo, la conquista di Puglia e Calabria, e guid\u00f2 in prima persona l&#8217;esercito che strapp\u00f2 la Sicilia al dominio arabo. Abile diplomatico, ottenne l&#8217;appoggio del papato e la nomina a Gran Conte di Sicilia.<\/span><\/a> ai danni degli arabi (XI secolo). Diversamente da quanto accade nelle rappresentazioni abruzzesi e nella <em>Scamiciata<\/em> di Fasano di Puglia, che invece si ispirano a fatti verosimilmente accaduti a ridosso della celeberrima battaglia di Lepanto (7 ottobre 1571). Cosicch\u00e9 a Scicli il tempo delle scorribande barbaresche e dell&#8217;Impero ottomano si fonde con il mito della liberazione cristiana dell&#8217;Isola. Oggi la rievocazione della vittoria decisiva inflitta da Ruggero ai Saraceni va in scena nell&#8217;ultimo sabato del mese di maggio, a ricordo dell&#8217;intervento provvidenziale della Madonna detta delle Milizie: la leggenda vuole infatti che sia stata la Vergine, giunta dal cielo a cavallo di un bianco destriero, spada alla mano, a liberare la citt\u00e0 dall&#8217;assedio saraceno poco prima che Scicli e il Gran Conte capitolassero. La Festa consiste in una suggestiva rappresentazione teatrale in lingua, in cui rivivono le scene e i protagonisti dello scontro. Vale la pena parteciparvi per ammirare la sfilata dell&#8217;eccezionale statua a grandezza naturale della Madonna: raffigurata su un cavallo bardato, con la corona, la spada e la corazza.<\/p>\n<p style=\"text-align: justify\"><a href=\"\/temi\/feste-e-rituali\/le-feste-dei-mori-e-dei-cristiani-in-italia-meridionale\/\" title=\"Le Feste dei Mori e dei Cristiani in Italia meridionale\">&lt;&lt;&lt;&#8212;pagina precedente<\/a> &nbsp;&nbsp;<a href=\"\/temi\/feste-e-rituali\/la-scamiciata-di-fasano-brindisi\/\" title=\"La Scamiciata di Fasano (Brindisi)\">pagina seguente&#8212;&gt;&gt;&gt;<\/a><\/p>\n<\/div>\n<p><\/p>\n","protected":false},"excerpt":{"rendered":"<p>La Festa della Madonna delle Milizie di Scicli (Ragusa) Durante la Festa della Madonna di Scicli si rievoca una mitica battaglia che sarebbe avvenuta nei pressi della cittadina ragusana all&#8217;epoca della conquista normanna della Sicilia operata dal Gran Conte Ruggero d&#8217;AltavillaRuggero I di Sicilia, noto&hellip;<\/p>\n","protected":false},"author":1,"featured_media":0,"parent":5819,"menu_order":0,"comment_status":"closed","ping_status":"closed","template":"","meta":{"footnotes":""},"class_list":["post-6217","page","type-page","status-publish","hentry"],"_links":{"self":[{"href":"https:\/\/digitalhistory.unite.it\/es\/wp-json\/wp\/v2\/pages\/6217","targetHints":{"allow":["GET"]}}],"collection":[{"href":"https:\/\/digitalhistory.unite.it\/es\/wp-json\/wp\/v2\/pages"}],"about":[{"href":"https:\/\/digitalhistory.unite.it\/es\/wp-json\/wp\/v2\/types\/page"}],"author":[{"embeddable":true,"href":"https:\/\/digitalhistory.unite.it\/es\/wp-json\/wp\/v2\/users\/1"}],"replies":[{"embeddable":true,"href":"https:\/\/digitalhistory.unite.it\/es\/wp-json\/wp\/v2\/comments?post=6217"}],"version-history":[{"count":3,"href":"https:\/\/digitalhistory.unite.it\/es\/wp-json\/wp\/v2\/pages\/6217\/revisions"}],"predecessor-version":[{"id":10548,"href":"https:\/\/digitalhistory.unite.it\/es\/wp-json\/wp\/v2\/pages\/6217\/revisions\/10548"}],"up":[{"embeddable":true,"href":"https:\/\/digitalhistory.unite.it\/es\/wp-json\/wp\/v2\/pages\/5819"}],"wp:attachment":[{"href":"https:\/\/digitalhistory.unite.it\/es\/wp-json\/wp\/v2\/media?parent=6217"}],"curies":[{"name":"wp","href":"https:\/\/api.w.org\/{rel}","templated":true}]}}