{"id":6218,"date":"2021-08-20T00:03:10","date_gmt":"2021-08-19T22:03:10","guid":{"rendered":"https:\/\/digitalhistory.unite.it\/la-scamiciata-di-fasano-brindisi\/"},"modified":"2021-11-23T15:26:44","modified_gmt":"2021-11-23T14:26:44","slug":"la-scamiciata-di-fasano-brindisi","status":"publish","type":"page","link":"https:\/\/digitalhistory.unite.it\/es\/temi\/feste-e-rituali\/la-scamiciata-di-fasano-brindisi\/","title":{"rendered":"La Scamiciata di Fasano (Brindisi)"},"content":{"rendered":"<h1>La Scamiciata di Fasano (Brindisi) <\/h1>\n<div class=\"testo\">\n<p style=\"text-align: justify\">La memoria di una mitica vittoria inflitta ad un manipolo di Turchi dai Fasanesi il 2 giugno 1678 costituisce il retroterra storico di una rappresentazione nota come la <em>Scamiciata<\/em>. Similmente a quanto accade nelle cittadine abruzzesi di Tollo (la cui rappresentazione \u00e8 gemellata con quella pugliese) e Villamagna ( <a href=\"\/temi\/feste-e-rituali\/la-festa-dei-mori-e-dei-cristiani-nella-provincia-di-chieti-tollo-e-villamagna\/\" title=\"La Festa dei Mori e dei Cristiani nella provincia di Chieti: Tollo e Villamagna\"> Le Feste dei Mori e dei Cristiani in Provincia di Chieti<\/a>), anche a Fasano di Puglia \u00e8 la sconfitta degli Ottomani nella <a href=\"#\" class=\"tooltip yellow-tooltip\">Battaglia di Lepanto<span>Fu una battaglia navale che ebbe luogo il 7 ottobre 1571 e che contrappose la Lega Santa (Monarchia spagnola, Ducato di Savoia, Papato e le Repubbliche di Venezia e Genova) contro l&#8217;impero Ottomano. La vittoria cristiana pose un freno all&#8217;espansione ottomana in Occidente.<\/span><\/a> (7 ottobre 1571) a fare da sfondo alla commemorazione. Solo che, in questo caso, il successo della Lega Santa non segue ma precede la sua ripetizione in scala ridotta. La manifestazione \u00e8 stata ripresa solo da alcuni decenni e oggi si svolge a met\u00e0 giugno (il sabato che precede la ricorrenza patronale di San Giovanni Battista e della Madonna del Pozzo), arricchita da un calendario di eventi che rievocano le atmosfere culturali del barocco pugliese. Nel corteo rivive la Fasano seicentesca, che sfila mimando con gesti teatrali l&#8217;antico conflitto attorno ad un&#8217;imponente macchina scenica: la barca simbolo dell&#8217;antico trionfo sui Turchi (ma che oggi nelle intenzioni degli organizzatori rappresenta una metafora di pace). In passato, la <em>Scamiciata<\/em>, cos\u00ec detta poich\u00e9 durante la messa in scena i figuranti si scamiciavano, si svolgeva in occasione della festa della Madonna di Pozzo Faceto: la patrona della citt\u00e0 a cui i Fasanesi attribuiscono un aiuto miracoloso nella risoluzione della battaglia. Perduta a met\u00e0 Ottocento, la tradizione \u00e8 ormai saldamente ancorata al futuro della citt\u00e0.<\/p>\n<p style=\"text-align: justify\"><a href=\"\/temi\/feste-e-rituali\/la-festa-della-madonna-delle-milizie-di-scicli-ragusa\/\" title=\"La Festa della Madonna delle Milizie di Scicli (Ragusa)\">&lt;&lt;&lt;&#8212;pagina precedente<\/a>&nbsp;&nbsp; <a href=\"\/temi\/feste-e-rituali\/la-festa-della-madonna-della-bruna-di-matera\/\" title=\"La Festa della Madonna della Bruna di Matera\">pagina seguente&#8212;&gt;&gt;&gt;<\/a><\/p>\n<\/div>\n<p><\/p>\n","protected":false},"excerpt":{"rendered":"<p>La Scamiciata di Fasano (Brindisi) La memoria di una mitica vittoria inflitta ad un manipolo di Turchi dai Fasanesi il 2 giugno 1678 costituisce il retroterra storico di una rappresentazione nota come la Scamiciata. Similmente a quanto accade nelle cittadine abruzzesi di Tollo (la cui&hellip;<\/p>\n","protected":false},"author":1,"featured_media":0,"parent":5819,"menu_order":0,"comment_status":"closed","ping_status":"closed","template":"","meta":{"footnotes":""},"class_list":["post-6218","page","type-page","status-publish","hentry"],"_links":{"self":[{"href":"https:\/\/digitalhistory.unite.it\/es\/wp-json\/wp\/v2\/pages\/6218","targetHints":{"allow":["GET"]}}],"collection":[{"href":"https:\/\/digitalhistory.unite.it\/es\/wp-json\/wp\/v2\/pages"}],"about":[{"href":"https:\/\/digitalhistory.unite.it\/es\/wp-json\/wp\/v2\/types\/page"}],"author":[{"embeddable":true,"href":"https:\/\/digitalhistory.unite.it\/es\/wp-json\/wp\/v2\/users\/1"}],"replies":[{"embeddable":true,"href":"https:\/\/digitalhistory.unite.it\/es\/wp-json\/wp\/v2\/comments?post=6218"}],"version-history":[{"count":3,"href":"https:\/\/digitalhistory.unite.it\/es\/wp-json\/wp\/v2\/pages\/6218\/revisions"}],"predecessor-version":[{"id":10554,"href":"https:\/\/digitalhistory.unite.it\/es\/wp-json\/wp\/v2\/pages\/6218\/revisions\/10554"}],"up":[{"embeddable":true,"href":"https:\/\/digitalhistory.unite.it\/es\/wp-json\/wp\/v2\/pages\/5819"}],"wp:attachment":[{"href":"https:\/\/digitalhistory.unite.it\/es\/wp-json\/wp\/v2\/media?parent=6218"}],"curies":[{"name":"wp","href":"https:\/\/api.w.org\/{rel}","templated":true}]}}