{"id":6222,"date":"2021-08-20T00:03:10","date_gmt":"2021-08-19T22:03:10","guid":{"rendered":"https:\/\/digitalhistory.unite.it\/le-feste-dei-mori-e-dei-cristiani-in-spagna\/"},"modified":"2021-11-23T15:26:51","modified_gmt":"2021-11-23T14:26:51","slug":"le-feste-dei-mori-e-dei-cristiani-in-spagna","status":"publish","type":"page","link":"https:\/\/digitalhistory.unite.it\/es\/temi\/feste-e-rituali\/le-feste-dei-mori-e-dei-cristiani-in-spagna\/","title":{"rendered":"Le Feste dei Mori e dei Cristiani in Spagna"},"content":{"rendered":"<h1>Le Feste dei Mori e dei Cristiani in Spagna <\/h1>\n<div class=\"testo\">\n<p><img loading=\"lazy\" decoding=\"async\" src=\"https:\/\/digitalhistory.unite.it\/wp-content\/uploads\/2021\/08\/moors_and_christians__festivals_in_spain_map_554x396.jpg\" width=\"554\" height=\"396\" alt=\"Mori Cristiani Spagna\"><\/p>\n<p style=\"text-align: justify\">In Spagna, le Feste dei Mori e dei Cristiani generalmente rievocano la <em>Reconquista<\/em> militare della penisola iberica conclusasi alle soglie dell&#8217;et\u00e0 moderna. In alcuni casi, per\u00f2, come accade <a href=\"\/temi\/feste-e-rituali\/le-feste-dei-mori-e-dei-cristiani-in-italia-meridionale\/\" title=\"Le Feste dei Mori e dei Cristiani in Italia meridionale\">in Italia<\/a>, anche le comunit\u00e0 spagnole mescolano il ricordo della liberazione dal &#8220;dominio&#8221; arabo alle incursioni barbaresche risalenti ad epoche successive. L&#8217;Andalusia, ad esempio, conserva la memoria della ribellione dei <a href=\"#\" class=\"tooltip yellow-tooltip\"><em>moriscos<\/em><span>Con il termine <em>Moriscos<\/em> si designavano i discendenti dei Mori che, dopo la <em>Reconquista<\/em> cristiana, avevano formalmente accettato di convertirsi e di abbandonare l&#8217;Islam. In realt\u00e0, la popolazione <em>morisca<\/em> continu\u00f2 a mantenere i propri usi e costumi tradizionali e a praticare in segreto la religione mussulmana. Dal 1609 fino al 1614, su ordine di Filippo III vennero espulsi dalla penisola iberica tutti i <em>Moriscos<\/em>, all&#8217;incirca 300.000 persone.<\/span><\/a> di <a href=\"\/temi\/feste-e-rituali\/i-giganti-in-spagna\/granada\/\" title=\"Granada\">Granada<\/a> repressa da <a href=\"\/territori\/percorsi-regionali\/le-plazas-mayores-spagnole-e-il-barocco\/lorigine-e-le-funzioni-delle-plazas-mayores\/filippo-ii-dasburgo\/\" title=\"Filippo II d'Asburgo\">Filippo II<\/a> nel XVI secolo. La Spagna, oltre ad annoverare un numero di feste superiore all&#8217;Italia, vanta anche una <a href=\"\/temi\/feste-e-rituali\/le-feste-dei-mori-e-dei-cristiani-in-spagna\/la-storia-della-festa-dei-mori-e-dei-cristiani-in-spagna\/\" title=\"La storia della Festa dei Mori e dei Cristiani in Spagna\">tradizione storica pi\u00f9 antica<\/a>, risalente agli anni che precedono la fine della <em><a href=\"\/territori\/percorsi-regionali\/il-quijote-e-la-mancha\/el-toboso-di-dulcinea\/reconquista\/\" title=\"Reconquista\">Reconquista<\/a><\/em>. Di norma, le feste spagnole si dividono in tre fasi: la sfilata degli &#8220;invasori&#8221; musulmani (<em>entrada<\/em>), la conquista della citt\u00e0 anticipata da una trattativa (<em>embajada<\/em>) e la processione in onore della Madonna o del Santo Patrono (preceduta dalla riscossa delle milizie cristiane). Lo scontro, che spesso ruota attorno alla perdita e alla riconquista di una fortezza o di una reliquia (e, a volte, anche alla cattura e alla liberazione di un personaggio di rilievo), si conclude con la sconfitta definitiva degli &#8220;invasori&#8221; (ottenuta grazie al sostegno divino), a cui fa seguito l&#8217;eliminazione, l&#8217;espulsione o la conversione dei Mori. La maggior parte delle rappresentazioni prevedono anche dialoghi e dispute sui dogmi religiosi. Tra le pi\u00f9 significative, segnialiamo quelle di <a href=\"\/temi\/feste-e-rituali\/la-festa-di-almansa-castilla-la-mancha\/\" title=\"La Festa di Almansa (Castilla-La Mancha)\">Almansa<\/a> (Castilla-La Mancha), <a href=\"\/temi\/feste-e-rituali\/la-festa-di-caravaca-de-la-cruz-murcia\/\" title=\"La Festa di Caravaca de la Cruz (Murcia)\">Caravaca de la Cruz<\/a> (Murcia) e <a href=\"\/temi\/feste-e-rituali\/le-feste-dei-mori-e-dei-cristiani-nella-comunita-valenzana-alcoy-orihuela-villajoyosa\/\" title=\"Le Feste dei Mori e dei Cristiani nella Comunit\u00e0 Valenzana: Alcoy, Orihuela, Villajoyosa\"> Alcoy, Orihuela e Villajoyosa<\/a> (Comunit\u00e0 Valenzana). Si tratta di cittadine che fanno parte di territori &#8220;riconquistati&#8221; in et\u00e0 medievale.<\/p>\n<p style=\"text-align: justify\"><a href=\"\/temi\/feste-e-rituali\/\" title=\"Feste e rituali\">&lt;&lt;&lt;&#8212;torna all&#8217;indice<\/a>&nbsp;&nbsp; <a href=\"\/temi\/feste-e-rituali\/la-festa-di-almansa-castilla-la-mancha\/\" title=\"La Festa di Almansa (Castilla-La Mancha)\">pagina seguente&#8212;&gt;&gt;&gt;<\/a><\/p>\n<\/div>\n<p><\/p>\n","protected":false},"excerpt":{"rendered":"<p>Le Feste dei Mori e dei Cristiani in Spagna In Spagna, le Feste dei Mori e dei Cristiani generalmente rievocano la Reconquista militare della penisola iberica conclusasi alle soglie dell&#8217;et\u00e0 moderna. In alcuni casi, per\u00f2, come accade in Italia, anche le comunit\u00e0 spagnole mescolano il&hellip;<\/p>\n","protected":false},"author":1,"featured_media":0,"parent":5819,"menu_order":0,"comment_status":"closed","ping_status":"closed","template":"","meta":{"footnotes":""},"class_list":["post-6222","page","type-page","status-publish","hentry"],"_links":{"self":[{"href":"https:\/\/digitalhistory.unite.it\/es\/wp-json\/wp\/v2\/pages\/6222","targetHints":{"allow":["GET"]}}],"collection":[{"href":"https:\/\/digitalhistory.unite.it\/es\/wp-json\/wp\/v2\/pages"}],"about":[{"href":"https:\/\/digitalhistory.unite.it\/es\/wp-json\/wp\/v2\/types\/page"}],"author":[{"embeddable":true,"href":"https:\/\/digitalhistory.unite.it\/es\/wp-json\/wp\/v2\/users\/1"}],"replies":[{"embeddable":true,"href":"https:\/\/digitalhistory.unite.it\/es\/wp-json\/wp\/v2\/comments?post=6222"}],"version-history":[{"count":4,"href":"https:\/\/digitalhistory.unite.it\/es\/wp-json\/wp\/v2\/pages\/6222\/revisions"}],"predecessor-version":[{"id":10629,"href":"https:\/\/digitalhistory.unite.it\/es\/wp-json\/wp\/v2\/pages\/6222\/revisions\/10629"}],"up":[{"embeddable":true,"href":"https:\/\/digitalhistory.unite.it\/es\/wp-json\/wp\/v2\/pages\/5819"}],"wp:attachment":[{"href":"https:\/\/digitalhistory.unite.it\/es\/wp-json\/wp\/v2\/media?parent=6222"}],"curies":[{"name":"wp","href":"https:\/\/api.w.org\/{rel}","templated":true}]}}